{"id":4557,"date":"2025-01-03T03:21:06","date_gmt":"2025-01-03T03:21:06","guid":{"rendered":"https:\/\/www.chancescook.com\/?post_type=product&#038;p=4557"},"modified":"2025-01-18T09:59:30","modified_gmt":"2025-01-18T09:59:30","slug":"camping-stainless-steel-cooking-utensils","status":"publish","type":"product","link":"https:\/\/www.chancescook.com\/ar\/product\/camping-stainless-steel-cooking-utensils\/","title":{"rendered":"\u0623\u062f\u0648\u0627\u062a \u0637\u0647\u064a \u0645\u0646 \u0627\u0644\u0641\u0648\u0644\u0627\u0630 \u0627\u0644\u0645\u0642\u0627\u0648\u0645 \u0644\u0644\u0635\u062f\u0623 \u0644\u0644\u062a\u062e\u064a\u064a\u0645 \u0641\u064a \u0627\u0644\u0647\u0648\u0627\u0621 \u0627\u0644\u0637\u0644\u0642 \u0628\u0627\u0644\u062c\u0645\u0644\u0629"},"content":{"rendered":"<div class=\"wp-block-columns is-layout-flex wp-container-core-columns-is-layout-9d6595d7 wp-block-columns-is-layout-flex\">\n<div class=\"wp-block-column is-layout-flow wp-block-column-is-layout-flow\">\n<div class=\"wp-block-columns is-layout-flex wp-container-core-columns-is-layout-9d6595d7 wp-block-columns-is-layout-flex\">\n<div class=\"wp-block-column is-layout-flow wp-block-column-is-layout-flow\">\n<h2 class=\"wp-block-heading\">\u0645\u0639\u0644\u0645\u0627\u062a \u0623\u0648\u0627\u0646\u064a \u0627\u0644\u0637\u0647\u064a \u0627\u0644\u0645\u0635\u0646\u0648\u0639\u0629 \u0645\u0646 \u0627\u0644\u0641\u0648\u0644\u0627\u0630 \u0627\u0644\u0645\u0642\u0627\u0648\u0645 \u0644\u0644\u0635\u062f\u0623<\/h2>\n\n\n\n<p>\u0627\u0644\u0646\u0648\u0639: \u0637\u0642\u0645 \u0623\u0648\u0627\u0646\u064a \u0627\u0644\u0637\u0647\u064a<br>\u0639\u062f\u062f \u0627\u0644\u0642\u0637\u0639: \u0637\u0642\u0645 7 \u0642\u0637\u0639<br>\u0627\u0644\u0645\u0627\u062f\u0629: 201\/304 \u0641\u0648\u0644\u0627\u0630 \u0645\u0642\u0627\u0648\u0645 \u0644\u0644\u0635\u062f\u0623<br>\u0627\u0644\u0643\u0645\u064a\u0629: 1 \u0637\u0642\u0645\/\u0639\u0644\u0628\u0629 (14 \u0633\u0645\/16 \u0633\u0645\/20 \u0633\u0645)<br>\u0627\u0644\u0648\u0632\u0646:2.8 \u0643\u062c\u0645<br>\u062d\u062c\u0645 \u0627\u0644\u0643\u0631\u062a\u0648\u0646\u0629: 24.5 \u00d7 24.5 \u00d7 24.5 \u00d7 19 \u0633\u0645<br>\u0627\u0644\u062a\u0637\u0628\u064a\u0642: \u0637\u0647\u064a \u0627\u0644\u0637\u0639\u0627\u0645 \u0641\u064a \u0627\u0644\u062a\u062e\u064a\u064a\u0645<\/p>\n<\/div>\n\n\n\n<div class=\"wp-block-column is-layout-flow wp-block-column-is-layout-flow\">\n<h2 class=\"wp-block-heading\">\u0623\u0648\u0627\u0646\u064a \u0637\u0647\u064a \u0645\u0635\u0646\u0648\u0639\u0629 \u0645\u0646 \u0627\u0644\u0641\u0648\u0644\u0627\u0630 \u0627\u0644\u0645\u0642\u0627\u0648\u0645 \u0644\u0644\u0635\u062f\u0623 \u062d\u0633\u0628 \u0627\u0644\u0637\u0644\u0628<\/h2>\n\n\n\n<p>\u0627\u0644\u062a\u0639\u0628\u0626\u0629: \u0635\u0646\u062f\u0648\u0642 \u0623\u0644\u0648\u0627\u0646\/\u0643\u0631\u062a\u0648\u0646 \u0645\u0644\u0648\u0646 \u0625\u0644\u062e.<br><strong><a href=\"https:\/\/www.chancescook.com\/ar\/custom-cookware\/\">\u062d\u0644\u0648\u0644 \u0645\u062e\u0635\u0635\u0629 \u0644\u0645\u0635\u0646\u0639\u064a \u0627\u0644\u0645\u0639\u062f\u0627\u062a \u0627\u0644\u0623\u0635\u0644\u064a\u0629 \u0648\u0623\u0648\u062f\u064a\u0625\u0645 \u062d\u0633\u0628 \u0627\u0644\u0637\u0644\u0628<\/a><\/strong><\/p>\n<\/div>\n<\/div>\n<\/div>\n<\/div>\n\n\n\n<div class=\"wp-block-columns is-layout-flex wp-container-core-columns-is-layout-9d6595d7 wp-block-columns-is-layout-flex\">\n<div class=\"wp-block-column is-layout-flow wp-block-column-is-layout-flow\">\n<figure class=\"wp-block-image size-full\"><img decoding=\"async\" src=\"https:\/\/www.chancescook.com\/wp-content\/uploads\/2025\/01\/Wholesale-Stainless-Steel-Cooking-Utensils-3.webp\" alt=\"\" class=\"wp-image-4586\"\/><\/figure>\n<\/div>\n\n\n\n<div class=\"wp-block-column is-layout-flow wp-block-column-is-layout-flow\">\n<figure class=\"wp-block-image size-full\"><img decoding=\"async\" width=\"750\" height=\"1146\" src=\"https:\/\/www.chancescook.com\/wp-content\/uploads\/2025\/01\/Wholesale-Stainless-Steel-Cooking-Utensils-2.webp\" alt=\"\" class=\"wp-image-4585\" srcset=\"https:\/\/www.chancescook.com\/wp-content\/uploads\/2025\/01\/Wholesale-Stainless-Steel-Cooking-Utensils-2.webp 750w, https:\/\/www.chancescook.com\/wp-content\/uploads\/2025\/01\/Wholesale-Stainless-Steel-Cooking-Utensils-2-196x300.webp 196w, https:\/\/www.chancescook.com\/wp-content\/uploads\/2025\/01\/Wholesale-Stainless-Steel-Cooking-Utensils-2-8x12.webp 8w, https:\/\/www.chancescook.com\/wp-content\/uploads\/2025\/01\/Wholesale-Stainless-Steel-Cooking-Utensils-2-285x435.webp 285w, https:\/\/www.chancescook.com\/wp-content\/uploads\/2025\/01\/Wholesale-Stainless-Steel-Cooking-Utensils-2-432x660.webp 432w, https:\/\/www.chancescook.com\/wp-content\/uploads\/2025\/01\/Wholesale-Stainless-Steel-Cooking-Utensils-2-98x150.webp 98w\" sizes=\"(max-width: 750px) 100vw, 750px\" \/><\/figure>\n<\/div>\n<\/div>\n\n\n\n<div class=\"wp-block-columns is-layout-flex wp-container-core-columns-is-layout-9d6595d7 wp-block-columns-is-layout-flex\">\n<div class=\"wp-block-column is-layout-flow wp-block-column-is-layout-flow\">\n<figure class=\"wp-block-image size-full\"><img decoding=\"async\" width=\"750\" height=\"1178\" src=\"https:\/\/www.chancescook.com\/wp-content\/uploads\/2025\/01\/Wholesale-Stainless-Steel-Cooking-Utensils-1.webp\" alt=\"\" class=\"wp-image-4584\" srcset=\"https:\/\/www.chancescook.com\/wp-content\/uploads\/2025\/01\/Wholesale-Stainless-Steel-Cooking-Utensils-1.webp 750w, https:\/\/www.chancescook.com\/wp-content\/uploads\/2025\/01\/Wholesale-Stainless-Steel-Cooking-Utensils-1-191x300.webp 191w, https:\/\/www.chancescook.com\/wp-content\/uploads\/2025\/01\/Wholesale-Stainless-Steel-Cooking-Utensils-1-8x12.webp 8w, https:\/\/www.chancescook.com\/wp-content\/uploads\/2025\/01\/Wholesale-Stainless-Steel-Cooking-Utensils-1-285x448.webp 285w, https:\/\/www.chancescook.com\/wp-content\/uploads\/2025\/01\/Wholesale-Stainless-Steel-Cooking-Utensils-1-420x660.webp 420w, https:\/\/www.chancescook.com\/wp-content\/uploads\/2025\/01\/Wholesale-Stainless-Steel-Cooking-Utensils-1-96x150.webp 96w\" sizes=\"(max-width: 750px) 100vw, 750px\" \/><\/figure>\n<\/div>\n\n\n\n<div class=\"wp-block-column is-layout-flow wp-block-column-is-layout-flow\">\n<figure class=\"wp-block-image size-full\"><img decoding=\"async\" src=\"https:\/\/www.chancescook.com\/wp-content\/uploads\/2025\/01\/Stainless-Steel-Cooking-Utensils-Wholesaler-3.webp\" alt=\"\" class=\"wp-image-4583\"\/><\/figure>\n<\/div>\n<\/div>\n\n\n\n<div class=\"wp-block-columns is-layout-flex wp-container-core-columns-is-layout-9d6595d7 wp-block-columns-is-layout-flex\">\n<div class=\"wp-block-column is-layout-flow wp-block-column-is-layout-flow\">\n<figure class=\"wp-block-image size-full\"><img decoding=\"async\" width=\"750\" height=\"1218\" src=\"https:\/\/www.chancescook.com\/wp-content\/uploads\/2025\/01\/Stainless-Steel-Cooking-Utensils-Wholesaler-2.webp\" alt=\"\" class=\"wp-image-4582\" srcset=\"https:\/\/www.chancescook.com\/wp-content\/uploads\/2025\/01\/Stainless-Steel-Cooking-Utensils-Wholesaler-2.webp 750w, https:\/\/www.chancescook.com\/wp-content\/uploads\/2025\/01\/Stainless-Steel-Cooking-Utensils-Wholesaler-2-185x300.webp 185w, https:\/\/www.chancescook.com\/wp-content\/uploads\/2025\/01\/Stainless-Steel-Cooking-Utensils-Wholesaler-2-7x12.webp 7w, https:\/\/www.chancescook.com\/wp-content\/uploads\/2025\/01\/Stainless-Steel-Cooking-Utensils-Wholesaler-2-285x463.webp 285w, https:\/\/www.chancescook.com\/wp-content\/uploads\/2025\/01\/Stainless-Steel-Cooking-Utensils-Wholesaler-2-406x660.webp 406w, https:\/\/www.chancescook.com\/wp-content\/uploads\/2025\/01\/Stainless-Steel-Cooking-Utensils-Wholesaler-2-92x150.webp 92w\" sizes=\"(max-width: 750px) 100vw, 750px\" \/><\/figure>\n<\/div>\n\n\n\n<div class=\"wp-block-column is-layout-flow wp-block-column-is-layout-flow\">\n<figure class=\"wp-block-image size-full\"><img decoding=\"async\" width=\"750\" height=\"1175\" src=\"https:\/\/www.chancescook.com\/wp-content\/uploads\/2025\/01\/Stainless-Steel-Cooking-Utensils-Wholesaler-1.webp\" alt=\"\" class=\"wp-image-4581\" srcset=\"https:\/\/www.chancescook.com\/wp-content\/uploads\/2025\/01\/Stainless-Steel-Cooking-Utensils-Wholesaler-1.webp 750w, https:\/\/www.chancescook.com\/wp-content\/uploads\/2025\/01\/Stainless-Steel-Cooking-Utensils-Wholesaler-1-191x300.webp 191w, https:\/\/www.chancescook.com\/wp-content\/uploads\/2025\/01\/Stainless-Steel-Cooking-Utensils-Wholesaler-1-8x12.webp 8w, https:\/\/www.chancescook.com\/wp-content\/uploads\/2025\/01\/Stainless-Steel-Cooking-Utensils-Wholesaler-1-285x447.webp 285w, https:\/\/www.chancescook.com\/wp-content\/uploads\/2025\/01\/Stainless-Steel-Cooking-Utensils-Wholesaler-1-421x660.webp 421w, https:\/\/www.chancescook.com\/wp-content\/uploads\/2025\/01\/Stainless-Steel-Cooking-Utensils-Wholesaler-1-96x150.webp 96w\" sizes=\"(max-width: 750px) 100vw, 750px\" \/><\/figure>\n<\/div>\n<\/div>\n\n\n\n<div class=\"wp-block-columns is-layout-flex wp-container-core-columns-is-layout-9d6595d7 wp-block-columns-is-layout-flex\">\n<div class=\"wp-block-column is-layout-flow wp-block-column-is-layout-flow\">\n<figure class=\"wp-block-image size-full\"><img decoding=\"async\" width=\"750\" height=\"706\" src=\"https:\/\/www.chancescook.com\/wp-content\/uploads\/2025\/01\/Factory-Stainless-Steel-Cooking-Utensils-Supplier-1.jpg\" alt=\"\" class=\"wp-image-4578\" srcset=\"https:\/\/www.chancescook.com\/wp-content\/uploads\/2025\/01\/Factory-Stainless-Steel-Cooking-Utensils-Supplier-1.jpg 750w, https:\/\/www.chancescook.com\/wp-content\/uploads\/2025\/01\/Factory-Stainless-Steel-Cooking-Utensils-Supplier-1-300x282.jpg 300w, https:\/\/www.chancescook.com\/wp-content\/uploads\/2025\/01\/Factory-Stainless-Steel-Cooking-Utensils-Supplier-1-13x12.jpg 13w, https:\/\/www.chancescook.com\/wp-content\/uploads\/2025\/01\/Factory-Stainless-Steel-Cooking-Utensils-Supplier-1-285x268.jpg 285w, https:\/\/www.chancescook.com\/wp-content\/uploads\/2025\/01\/Factory-Stainless-Steel-Cooking-Utensils-Supplier-1-660x621.jpg 660w, https:\/\/www.chancescook.com\/wp-content\/uploads\/2025\/01\/Factory-Stainless-Steel-Cooking-Utensils-Supplier-1-150x141.jpg 150w\" sizes=\"(max-width: 750px) 100vw, 750px\" \/><\/figure>\n<\/div>\n\n\n\n<div class=\"wp-block-column is-layout-flow wp-block-column-is-layout-flow\">\n<figure class=\"wp-block-image size-full\"><img decoding=\"async\" width=\"750\" height=\"950\" src=\"https:\/\/www.chancescook.com\/wp-content\/uploads\/2025\/01\/Factory-Stainless-Steel-Cooking-Utensils-Supplier-1.webp\" alt=\"\" class=\"wp-image-4579\" srcset=\"https:\/\/www.chancescook.com\/wp-content\/uploads\/2025\/01\/Factory-Stainless-Steel-Cooking-Utensils-Supplier-1.webp 750w, https:\/\/www.chancescook.com\/wp-content\/uploads\/2025\/01\/Factory-Stainless-Steel-Cooking-Utensils-Supplier-1-237x300.webp 237w, https:\/\/www.chancescook.com\/wp-content\/uploads\/2025\/01\/Factory-Stainless-Steel-Cooking-Utensils-Supplier-1-9x12.webp 9w, https:\/\/www.chancescook.com\/wp-content\/uploads\/2025\/01\/Factory-Stainless-Steel-Cooking-Utensils-Supplier-1-285x361.webp 285w, https:\/\/www.chancescook.com\/wp-content\/uploads\/2025\/01\/Factory-Stainless-Steel-Cooking-Utensils-Supplier-1-521x660.webp 521w, https:\/\/www.chancescook.com\/wp-content\/uploads\/2025\/01\/Factory-Stainless-Steel-Cooking-Utensils-Supplier-1-118x150.webp 118w\" sizes=\"(max-width: 750px) 100vw, 750px\" \/><\/figure>\n<\/div>\n<\/div>","protected":false},"excerpt":{"rendered":"<p>\u0623\u0648\u0627\u0646\u064a \u0627\u0644\u0637\u0628\u062e \u0627\u0644\u0645\u0635\u0646\u0648\u0639\u0629 \u0645\u0646 \u0627\u0644\u0641\u0648\u0644\u0627\u0630 \u0627\u0644\u0645\u0642\u0627\u0648\u0645 \u0644\u0644\u0635\u062f\u0623 \u0644\u0644\u062a\u062e\u064a\u064a\u0645 \u0628\u0627\u0644\u062c\u0645\u0644\u0629.\u0645\u0635\u0646\u0648\u0639\u0629 \u0645\u0646 \u0627\u0644\u0641\u0648\u0644\u0627\u0630 \u0627\u0644\u0645\u0642\u0627\u0648\u0645 \u0644\u0644\u0635\u062f\u0623 \u0639\u0627\u0644\u064a \u0627\u0644\u062c\u0648\u062f\u0629\u060c \u0645\u0646\u0627\u0633\u0628\u0629 \u0644\u0645\u062c\u0645\u0648\u0639\u0629 \u0645\u062a\u0646\u0648\u0639\u0629 \u0645\u0646 \u0627\u0644\u0633\u064a\u0646\u0627\u0631\u064a\u0648\u0647\u0627\u062a. \u062a\u0635\u0645\u064a\u0645 \u0633\u0637\u062d \u0623\u0645\u0644\u0633 \u0644\u0645\u0646\u0639 \u0628\u0642\u0627\u064a\u0627 \u0627\u0644\u0637\u0639\u0627\u0645\u060c \u0633\u0647\u0644 \u0627\u0644\u062a\u0646\u0638\u064a\u0641\u060c \u0642\u0627\u0628\u0644 \u0644\u0644\u063a\u0633\u0644 \u0627\u0644\u064a\u062f\u0648\u064a \u0623\u0648 \u0627\u0644\u063a\u0633\u0644 \u0641\u064a \u063a\u0633\u0627\u0644\u0629 \u0627\u0644\u0623\u0637\u0628\u0627\u0642\u060c \u064a\u0648\u0641\u0631 \u0627\u0644\u0648\u0642\u062a \u0648\u0627\u0644\u0639\u0645\u0644. \u0645\u0631\u062d\u0628\u064b\u0627 \u0628\u0643\u0645 \u0641\u064a \u0627\u0644\u0627\u062a\u0635\u0627\u0644 \u0628\u0646\u0627 \u0644\u0644\u0637\u0644\u0628. \u00a0<\/p>\n<h2>\u0645\u064a\u0632\u0627\u062a \u0648\u0641\u0648\u0627\u0626\u062f \u0623\u0648\u0627\u0646\u064a \u0627\u0644\u0637\u0647\u064a \u0627\u0644\u0645\u0635\u0646\u0648\u0639\u0629 \u0645\u0646 \u0627\u0644\u0641\u0648\u0644\u0627\u0630 \u0627\u0644\u0645\u0642\u0627\u0648\u0645 \u0644\u0644\u0635\u062f\u0623<\/h2>\n<p>&nbsp;<\/p>\n<ul>\n<li><strong>\u0641\u0648\u0644\u0627\u0630 \u0645\u0642\u0627\u0648\u0645 \u0644\u0644\u0635\u062f\u0623 304 \u0639\u0627\u0644\u064a \u0627\u0644\u062c\u0648\u062f\u0629<\/strong>: \u0645\u0635\u0646\u0648\u0639\u0629 \u0645\u0646 \u0645\u0627\u062f\u0629 \u0627\u0644\u0641\u0648\u0644\u0627\u0630 \u0627\u0644\u0645\u0642\u0627\u0648\u0645 \u0644\u0644\u0635\u062f\u0623 304 \u0627\u0644\u0645\u0635\u0646\u0648\u0639\u0629 \u0645\u0646 \u0627\u0644\u0641\u0648\u0644\u0627\u0630 \u0627\u0644\u0645\u0642\u0627\u0648\u0645 \u0644\u0644\u0635\u062f\u0623 \u0645\u0646 \u0627\u0644\u062f\u0631\u062c\u0629 \u0627\u0644\u063a\u0630\u0627\u0626\u064a\u0629\u060c \u0642\u0648\u064a\u0629 \u0648\u0645\u062a\u064a\u0646\u0629 \u0648\u0645\u0642\u0627\u0648\u0645\u0629 \u0644\u0644\u0635\u062f\u0623 \u0648\u0627\u0644\u062a\u0622\u0643\u0644 \u0644\u0636\u0645\u0627\u0646 \u0627\u0644\u0627\u0633\u062a\u062e\u062f\u0627\u0645 \u0637\u0648\u064a\u0644 \u0627\u0644\u0623\u0645\u062f\u060c \u0648\u0645\u0646\u0627\u0633\u0628\u0629 \u0644\u0645\u062c\u0645\u0648\u0639\u0629 \u0645\u062a\u0646\u0648\u0639\u0629 \u0645\u0646 \u0627\u0644\u0628\u064a\u0626\u0627\u062a \u0627\u0644\u062e\u0627\u0631\u062c\u064a\u0629.<\/li>\n<li><strong>\u0637\u0642\u0645 \u0637\u0647\u064a \u0643\u0627\u0645\u0644<\/strong>:: 7 \u0642\u0637\u0639 \u0645\u0646 \u0627\u0644\u0623\u062f\u0648\u0627\u062a \u0627\u0644\u0639\u0645\u0644\u064a\u0629\u060c \u0644\u062a\u0644\u0628\u064a\u0629 \u0627\u062d\u062a\u064a\u0627\u062c\u0627\u062a\u0643 \u0627\u0644\u0645\u062e\u062a\u0644\u0641\u0629 \u0644\u0644\u0637\u0647\u064a \u0641\u064a \u0627\u0644\u0647\u0648\u0627\u0621 \u0627\u0644\u0637\u0644\u0642\u060c \u0645\u0645\u0627 \u064a\u062c\u0639\u0644 \u0627\u0644\u0637\u0647\u064a \u0627\u0644\u0645\u064a\u062f\u0627\u0646\u064a \u0623\u0643\u062b\u0631 \u0631\u0627\u062d\u0629.<\/li>\n<li><strong>\u062a\u0635\u0645\u064a\u0645 \u0645\u062d\u0645\u0648\u0644<\/strong>: \u0643\u0644 \u0623\u062f\u0627\u0629 \u0645\u0635\u0645\u0645\u0629 \u0644\u062a\u0643\u0648\u0646 \u062e\u0641\u064a\u0641\u0629 \u0627\u0644\u0648\u0632\u0646 \u0648\u0633\u0647\u0644\u0629 \u0627\u0644\u062d\u0645\u0644 \u0645\u0639 \u062d\u0642\u064a\u0628\u0629 \u062a\u062e\u0632\u064a\u0646 \u0645\u062d\u0645\u0648\u0644\u0629 \u0644\u0633\u0647\u0648\u0644\u0629 \u0627\u0644\u062a\u0646\u0638\u064a\u0645 \u0648\u0627\u0644\u062a\u062e\u0632\u064a\u0646\u060c \u0648\u0645\u0646\u0627\u0633\u0628\u0629 \u0644\u0644\u062a\u062e\u064a\u064a\u0645 \u0648\u0627\u0644\u0646\u0632\u0647\u0627\u062a \u0648\u0627\u0644\u0645\u0634\u064a \u0644\u0645\u0633\u0627\u0641\u0627\u062a \u0637\u0648\u064a\u0644\u0629 \u0648\u063a\u064a\u0631\u0647\u0627 \u0645\u0646 \u0627\u0644\u0623\u0646\u0634\u0637\u0629 \u0627\u0644\u062e\u0627\u0631\u062c\u064a\u0629 \u0627\u0644\u0645\u062e\u062a\u0644\u0641\u0629.<\/li>\n<li><strong>\u0635\u062d\u064a\u0629 \u0648\u0622\u0645\u0646\u0629<\/strong>: \u0645\u0635\u0646\u0648\u0639\u0629 \u0645\u0646 \u0645\u0648\u0627\u062f \u0635\u0627\u0644\u062d\u0629 \u0644\u0644\u0627\u0633\u062a\u062e\u062f\u0627\u0645 \u0641\u064a \u0627\u0644\u0623\u063a\u0630\u064a\u0629\u060c \u0644\u0627 \u062a\u062d\u062a\u0648\u064a \u0639\u0644\u0649 \u0645\u0648\u0627\u062f \u0636\u0627\u0631\u0629\u060c \u062a\u0636\u0645\u0646 \u0633\u0644\u0627\u0645\u0629 \u0627\u0644\u063a\u0630\u0627\u0621\u060c \u0627\u0633\u062a\u062e\u062f\u0645\u0647\u0627 \u0628\u062b\u0642\u0629.<\/li>\n<li><strong>\u0633\u0647\u0644\u0629 \u0627\u0644\u062a\u0646\u0638\u064a\u0641<\/strong>: \u062a\u0635\u0645\u064a\u0645 \u0633\u0637\u062d \u0623\u0645\u0644\u0633 \u0644\u0645\u0646\u0639 \u0628\u0642\u0627\u064a\u0627 \u0627\u0644\u0637\u0639\u0627\u0645\u060c \u0633\u0647\u0644 \u0627\u0644\u062a\u0646\u0638\u064a\u0641\u060c \u0642\u0627\u0628\u0644 \u0644\u0644\u063a\u0633\u0644 \u0627\u0644\u064a\u062f\u0648\u064a \u0623\u0648 \u0627\u0644\u063a\u0633\u0644 \u0641\u064a \u063a\u0633\u0627\u0644\u0629 \u0627\u0644\u0623\u0637\u0628\u0627\u0642\u060c \u064a\u0648\u0641\u0631 \u0627\u0644\u0648\u0642\u062a \u0648\u0627\u0644\u064a\u062f \u0627\u0644\u0639\u0627\u0645\u0644\u0629.<\/li>\n<li><strong>\u0627\u0633\u062a\u062e\u062f\u0627\u0645 \u0645\u062a\u0639\u062f\u062f \u0627\u0644\u0648\u0638\u0627\u0626\u0641<\/strong>: \u0644\u064a\u0633 \u0641\u0642\u0637 \u0644\u0644\u0637\u0647\u064a \u0627\u0644\u0645\u064a\u062f\u0627\u0646\u064a \u0648\u0644\u0643\u0646 \u0623\u064a\u0636\u064b\u0627 \u0641\u064a \u0627\u0644\u0645\u0637\u0628\u062e \u0627\u0644\u0639\u0627\u0626\u0644\u064a\u060c \u0648\u0645\u062c\u0645\u0648\u0639\u0629 \u0648\u0627\u0633\u0639\u0629 \u0645\u0646 \u0627\u0644\u062a\u0637\u0628\u064a\u0642\u0627\u062a\u060c \u0648\u0627\u0644\u062a\u0637\u0628\u064a\u0642 \u0627\u0644\u0639\u0645\u0644\u064a.<\/li>\n<li><strong>\u0645\u0642\u0627\u0648\u0645\u0629 \u062f\u0631\u062c\u0627\u062a \u0627\u0644\u062d\u0631\u0627\u0631\u0629 \u0627\u0644\u0639\u0627\u0644\u064a\u0629<\/strong>: \u0645\u0627\u062f\u0629 \u0627\u0644\u0641\u0648\u0644\u0627\u0630 \u0627\u0644\u0645\u0642\u0627\u0648\u0645 \u0644\u0644\u0635\u062f\u0623 304 \u0645\u0642\u0627\u0648\u0645\u0629 \u0644\u062f\u0631\u062c\u0627\u062a \u0627\u0644\u062d\u0631\u0627\u0631\u0629 \u0627\u0644\u0639\u0627\u0644\u064a\u0629 \u0648\u0644\u064a\u0633 \u0645\u0646 \u0627\u0644\u0633\u0647\u0644 \u062a\u0634\u0648\u064a\u0647\u0647\u0627\u060c \u0645\u0645\u0627 \u064a\u0636\u0645\u0646 \u062b\u0628\u0627\u062a\u0647\u0627 \u0648\u0645\u0648\u062b\u0648\u0642\u064a\u062a\u0647\u0627 \u0641\u064a \u0627\u0644\u0628\u064a\u0626\u0627\u062a \u0630\u0627\u062a \u062f\u0631\u062c\u0627\u062a \u0627\u0644\u062d\u0631\u0627\u0631\u0629 \u0627\u0644\u0639\u0627\u0644\u064a\u0629.<\/li>\n<li><strong>\u062a\u062e\u0632\u064a\u0646 \u0645\u062f\u0645\u062c<\/strong>: \u064a\u0645\u0643\u0646 \u062a\u062e\u0632\u064a\u0646 \u062c\u0645\u064a\u0639 \u0627\u0644\u0623\u062f\u0648\u0627\u062a \u0645\u0639\u064b\u0627 \u0628\u0634\u0643\u0644 \u0645\u062f\u0645\u062c \u0648\u0645\u0648\u0641\u0631 \u0644\u0644\u0645\u0633\u0627\u062d\u0629 \u0648\u0633\u0647\u0644 \u0627\u0644\u062d\u0645\u0644 \u0648\u0645\u062b\u0627\u0644\u064a \u0644\u0644\u0623\u0646\u0634\u0637\u0629 \u0627\u0644\u062e\u0627\u0631\u062c\u064a\u0629.<\/li>\n<li><strong>\u0644\u0627 \u063a\u0646\u0649 \u0639\u0646\u0647 \u0641\u064a \u0627\u0644\u0647\u0648\u0627\u0621 \u0627\u0644\u0637\u0644\u0642<\/strong>: \u0633\u0648\u0627\u0621 \u0643\u0646\u062a \u062a\u0642\u0648\u0645 \u0628\u0627\u0644\u062a\u062e\u064a\u064a\u0645 \u0623\u0648 \u0627\u0644\u062a\u0646\u0632\u0647 \u0623\u0648 \u0627\u0644\u0645\u0634\u064a \u0644\u0645\u0633\u0627\u0641\u0627\u062a \u0637\u0648\u064a\u0644\u0629\u060c \u0641\u0625\u0646 \u0645\u062c\u0645\u0648\u0639\u0629 \u0623\u062f\u0648\u0627\u062a \u0627\u0644\u0637\u0647\u064a \u0647\u0630\u0647 \u0627\u0644\u0645\u0643\u0648\u0646\u0629 \u0645\u0646 8 \u0642\u0637\u0639 \u0645\u0646 \u0627\u0644\u0641\u0648\u0644\u0627\u0630 \u0627\u0644\u0645\u0642\u0627\u0648\u0645 \u0644\u0644\u0635\u062f\u0623 \u0636\u0631\u0648\u0631\u064a\u0629 \u0644\u0623\u0646\u0634\u0637\u062a\u0643 \u0627\u0644\u062e\u0627\u0631\u062c\u064a\u0629.<\/li>\n<\/ul>\n<p><strong>\u062a\u0642\u062f\u064a\u0645 \u062d\u0644\u0648\u0644 \u0645\u062e\u0635\u0635\u0629 \u0644\u0623\u0648\u0627\u0646\u064a \u0627\u0644\u0637\u0647\u064a \u0627\u0644\u0645\u0635\u0646\u0648\u0639\u0629 \u0645\u0646 \u0627\u0644\u0641\u0648\u0644\u0627\u0630 \u0627\u0644\u0645\u0642\u0627\u0648\u0645 \u0644\u0644\u0635\u062f\u0623.<\/strong> <strong>\u062f\u0639\u0645 \u0623\u0648\u0627\u0646\u064a \u0627\u0644\u0637\u0647\u064a \u0627\u0644\u0645\u0635\u0646\u0648\u0639\u0629 \u0645\u0646 \u0627\u0644\u0641\u0648\u0644\u0627\u0630 \u0627\u0644\u0645\u0642\u0627\u0648\u0645 \u0644\u0644\u0635\u062f\u0623 \u0627\u0644\u0645\u0635\u0646\u0648\u0639\u0629 \u0645\u0646 \u0627\u0644\u0641\u0648\u0644\u0627\u0630 \u0627\u0644\u0645\u0642\u0627\u0648\u0645 \u0644\u0644\u0635\u062f\u0623 OEM&amp;ODM \u062d\u0633\u0628 \u0627\u0644\u0637\u0644\u0628.<\/strong> \u00a0<\/p>","protected":false},"featured_media":4559,"comment_status":"closed","ping_status":"closed","template":"","meta":{"_acf_changed":false},"product_brand":[],"product_cat":[54],"product_tag":[],"class_list":{"0":"post-4557","1":"product","2":"type-product","3":"status-publish","4":"has-post-thumbnail","6":"product_cat-camping-cookware-wholesale","8":"first","9":"instock","10":"shipping-taxable","11":"product-type-simple"},"acf":[],"_links":{"self":[{"href":"https:\/\/www.chancescook.com\/ar\/wp-json\/wp\/v2\/product\/4557","targetHints":{"allow":["GET"]}}],"collection":[{"href":"https:\/\/www.chancescook.com\/ar\/wp-json\/wp\/v2\/product"}],"about":[{"href":"https:\/\/www.chancescook.com\/ar\/wp-json\/wp\/v2\/types\/product"}],"replies":[{"embeddable":true,"href":"https:\/\/www.chancescook.com\/ar\/wp-json\/wp\/v2\/comments?post=4557"}],"wp:featuredmedia":[{"embeddable":true,"href":"https:\/\/www.chancescook.com\/ar\/wp-json\/wp\/v2\/media\/4559"}],"wp:attachment":[{"href":"https:\/\/www.chancescook.com\/ar\/wp-json\/wp\/v2\/media?parent=4557"}],"wp:term":[{"taxonomy":"product_brand","embeddable":true,"href":"https:\/\/www.chancescook.com\/ar\/wp-json\/wp\/v2\/product_brand?post=4557"},{"taxonomy":"product_cat","embeddable":true,"href":"https:\/\/www.chancescook.com\/ar\/wp-json\/wp\/v2\/product_cat?post=4557"},{"taxonomy":"product_tag","embeddable":true,"href":"https:\/\/www.chancescook.com\/ar\/wp-json\/wp\/v2\/product_tag?post=4557"}],"curies":[{"name":"\u062f\u0628\u0644\u064a\u0648 \u0628\u064a","href":"https:\/\/api.w.org\/{rel}","templated":true}]}}