{"id":4601,"date":"2025-01-20T08:15:50","date_gmt":"2025-01-20T08:15:50","guid":{"rendered":"https:\/\/www.chancescook.com\/?post_type=product&#038;p=4601"},"modified":"2025-12-20T08:10:51","modified_gmt":"2025-12-20T08:10:51","slug":"wholesale-camping-cooking-utensils-set","status":"publish","type":"product","link":"https:\/\/www.chancescook.com\/ar\/product\/wholesale-camping-cooking-utensils-set\/","title":{"rendered":"\u0637\u0642\u0645 \u0623\u0648\u0627\u0646\u064a \u0637\u0647\u064a \u0645\u062e\u0635\u0635\u0629 \u0644\u0644\u062a\u062e\u064a\u064a\u0645 \u0628\u0627\u0644\u062c\u0645\u0644\u0629 \u0645\u0646 \u0627\u0644\u0641\u0648\u0644\u0627\u0630 \u0627\u0644\u0645\u0642\u0627\u0648\u0645 \u0644\u0644\u0635\u062f\u0623 \u0641\u064a \u0627\u0644\u0647\u0648\u0627\u0621 \u0627\u0644\u0637\u0644\u0642"},"content":{"rendered":"<div class=\"wp-block-columns is-layout-flex wp-container-core-columns-is-layout-9d6595d7 wp-block-columns-is-layout-flex\">\n<div class=\"wp-block-column is-layout-flow wp-block-column-is-layout-flow\">\n<h3 class=\"wp-block-heading\">\u0645\u0639\u0644\u0645\u0627\u062a \u0623\u0641\u0636\u0644 \u0645\u062c\u0645\u0648\u0639\u0629 \u0623\u062f\u0648\u0627\u062a \u0637\u0647\u064a \u0644\u0644\u062a\u062e\u064a\u064a\u0645<\/h3>\n\n\n\n<ul class=\"wp-block-list\">\n<li>\u0627\u0644\u0646\u0648\u0639: <strong><a href=\"https:\/\/www.chancescook.com\/ar\/product-category\/wholesale-cookware-sets\/\">\u0637\u0642\u0645 \u0623\u0648\u0627\u0646\u064a \u0627\u0644\u0637\u0647\u064a<\/a><\/strong><\/li>\n\n\n\n<li>\u0639\u062f\u062f \u0627\u0644\u0642\u0637\u0639: \u0637\u0642\u0645 7 \u0642\u0637\u0639<\/li>\n\n\n\n<li>\u0627\u0644\u0645\u0627\u062f\u0629: 201\/304 \u0641\u0648\u0644\u0627\u0630 \u0645\u0642\u0627\u0648\u0645 \u0644\u0644\u0635\u062f\u0623<\/li>\n\n\n\n<li>\u0627\u0644\u0643\u0645\u064a\u0629: 1 \u0637\u0642\u0645\/\u0639\u0644\u0628\u0629 1 (16 \u0633\u0645\/20 \u0633\u0645\/24 \u0633\u0645)<\/li>\n\n\n\n<li>\u0627\u0644\u0648\u0632\u0646: 3.4 \u0643\u062c\u0645<\/li>\n\n\n\n<li>\u062d\u062c\u0645 \u0627\u0644\u0643\u0631\u062a\u0648\u0646\u0629: 29 \u00d7 29 \u00d7 29 \u00d7 22 \u0633\u0645<\/li>\n\n\n\n<li>\u0627\u0644\u062a\u0637\u0628\u064a\u0642: \u0637\u0647\u064a \u0627\u0644\u0637\u0639\u0627\u0645 \u0641\u064a \u0627\u0644\u062a\u062e\u064a\u064a\u0645<\/li>\n<\/ul>\n<\/div>\n\n\n\n<div class=\"wp-block-column is-layout-flow wp-block-column-is-layout-flow\">\n<h3 class=\"wp-block-heading\">\u0623\u0648\u0627\u0646\u064a \u0637\u0647\u064a \u0645\u062e\u0635\u0635\u0629 \u0645\u0646 \u0627\u0644\u0641\u0648\u0644\u0627\u0630 \u0627\u0644\u0645\u0642\u0627\u0648\u0645 \u0644\u0644\u0635\u062f\u0623 \u0644\u0644\u062a\u062e\u064a\u064a\u0645<\/h3>\n\n\n\n<ul class=\"wp-block-list\">\n<li>\u0627\u0644\u062a\u0639\u0628\u0626\u0629: \u0635\u0646\u062f\u0648\u0642 \u0623\u0644\u0648\u0627\u0646\/\u0643\u0631\u062a\u0648\u0646 \u0645\u0644\u0648\u0646 \u0625\u0644\u062e. <\/li>\n\n\n\n<li>\u0627\u0644\u0645\u0642\u0628\u0636 <strong> <\/strong>\u0627\u0644\u062e\u0627\u0645\u0629: \u062a\u062e\u0635\u064a\u0635 \u0646\u0645\u0637 \u0627\u0644\u0645\u0642\u0628\u0636 \u0623\u0648 \u0627\u0644\u0645\u0627\u062f\u0629<\/li>\n\n\n\n<li>\u0645\u0639\u0627\u0644\u062c\u0629 \u0627\u0644\u0633\u0637\u062d: \u0637\u0644\u0627\u0621 \u063a\u064a\u0631 \u0645\u0637\u0644\u064a\/\u063a\u064a\u0631 \u0644\u0627\u0635\u0642 <\/li>\n\n\n\n<li>OEM &amp; ODM: \u062d\u0644\u0648\u0644 \u0645\u062e\u0635\u0635\u0629 \u062d\u0633\u0628 \u0627\u0644\u0637\u0644\u0628<\/li>\n<\/ul>\n<\/div>\n<\/div>\n\n\n\n<div class=\"wp-block-columns is-layout-flex wp-container-core-columns-is-layout-9d6595d7 wp-block-columns-is-layout-flex\">\n<div class=\"wp-block-column is-layout-flow wp-block-column-is-layout-flow\">\n<figure class=\"wp-block-image size-full\"><img decoding=\"async\" width=\"960\" height=\"720\" src=\"https:\/\/www.chancescook.com\/wp-content\/uploads\/2025\/01\/Custom-Camping-Cooking-Utensils-Set-Wholesale-2.webp\" alt=\"\u0637\u0642\u0645 \u0623\u0648\u0627\u0646\u064a \u0637\u0647\u064a \u0645\u062e\u0635\u0635\u0629 \u0644\u0644\u062a\u062e\u064a\u064a\u0645 \u0628\u0627\u0644\u062c\u0645\u0644\u0629 (2)\" class=\"wp-image-4609\" srcset=\"https:\/\/www.chancescook.com\/wp-content\/uploads\/2025\/01\/Custom-Camping-Cooking-Utensils-Set-Wholesale-2.webp 960w, https:\/\/www.chancescook.com\/wp-content\/uploads\/2025\/01\/Custom-Camping-Cooking-Utensils-Set-Wholesale-2-300x225.webp 300w, https:\/\/www.chancescook.com\/wp-content\/uploads\/2025\/01\/Custom-Camping-Cooking-Utensils-Set-Wholesale-2-768x576.webp 768w, https:\/\/www.chancescook.com\/wp-content\/uploads\/2025\/01\/Custom-Camping-Cooking-Utensils-Set-Wholesale-2-16x12.webp 16w, https:\/\/www.chancescook.com\/wp-content\/uploads\/2025\/01\/Custom-Camping-Cooking-Utensils-Set-Wholesale-2-285x214.webp 285w, https:\/\/www.chancescook.com\/wp-content\/uploads\/2025\/01\/Custom-Camping-Cooking-Utensils-Set-Wholesale-2-800x600.webp 800w, https:\/\/www.chancescook.com\/wp-content\/uploads\/2025\/01\/Custom-Camping-Cooking-Utensils-Set-Wholesale-2-660x495.webp 660w, https:\/\/www.chancescook.com\/wp-content\/uploads\/2025\/01\/Custom-Camping-Cooking-Utensils-Set-Wholesale-2-150x113.webp 150w\" sizes=\"(max-width: 960px) 100vw, 960px\" \/><\/figure>\n<\/div>\n\n\n\n<div class=\"wp-block-column is-layout-flow wp-block-column-is-layout-flow\">\n<figure class=\"wp-block-image size-full\"><img decoding=\"async\" width=\"1000\" height=\"750\" src=\"https:\/\/www.chancescook.com\/wp-content\/uploads\/2025\/01\/Custom-Camping-Cooking-Utensils-Set-Wholesale-1.webp\" alt=\"\u0637\u0642\u0645 \u0623\u0648\u0627\u0646\u064a \u0637\u0647\u064a \u0645\u062e\u0635\u0635\u0629 \u0644\u0644\u062a\u062e\u064a\u064a\u0645 \u0628\u0627\u0644\u062c\u0645\u0644\u0629 (1)\" class=\"wp-image-4608\" srcset=\"https:\/\/www.chancescook.com\/wp-content\/uploads\/2025\/01\/Custom-Camping-Cooking-Utensils-Set-Wholesale-1.webp 1000w, https:\/\/www.chancescook.com\/wp-content\/uploads\/2025\/01\/Custom-Camping-Cooking-Utensils-Set-Wholesale-1-300x225.webp 300w, https:\/\/www.chancescook.com\/wp-content\/uploads\/2025\/01\/Custom-Camping-Cooking-Utensils-Set-Wholesale-1-768x576.webp 768w, https:\/\/www.chancescook.com\/wp-content\/uploads\/2025\/01\/Custom-Camping-Cooking-Utensils-Set-Wholesale-1-16x12.webp 16w, https:\/\/www.chancescook.com\/wp-content\/uploads\/2025\/01\/Custom-Camping-Cooking-Utensils-Set-Wholesale-1-285x214.webp 285w, https:\/\/www.chancescook.com\/wp-content\/uploads\/2025\/01\/Custom-Camping-Cooking-Utensils-Set-Wholesale-1-800x600.webp 800w, https:\/\/www.chancescook.com\/wp-content\/uploads\/2025\/01\/Custom-Camping-Cooking-Utensils-Set-Wholesale-1-660x495.webp 660w, https:\/\/www.chancescook.com\/wp-content\/uploads\/2025\/01\/Custom-Camping-Cooking-Utensils-Set-Wholesale-1-150x113.webp 150w\" sizes=\"(max-width: 1000px) 100vw, 1000px\" \/><\/figure>\n<\/div>\n<\/div>\n\n\n\n<div class=\"wp-block-columns is-layout-flex wp-container-core-columns-is-layout-9d6595d7 wp-block-columns-is-layout-flex\">\n<div class=\"wp-block-column is-layout-flow wp-block-column-is-layout-flow\" style=\"flex-basis:15%\"><\/div>\n\n\n\n<div class=\"wp-block-column is-layout-flow wp-block-column-is-layout-flow\" style=\"flex-basis:70%\">\n<figure class=\"wp-block-embed is-type-video is-provider-youtube wp-block-embed-youtube wp-embed-aspect-16-9 wp-has-aspect-ratio\"><div class=\"wp-block-embed__wrapper\">\n<iframe title=\"\u0623\u062f\u0648\u0627\u062a \u0637\u0647\u064a \u0635\u062f\u064a\u0642\u0629 \u0644\u0644\u0628\u064a\u0626\u0629 \u0644\u0645\u062c\u0645\u0648\u0639\u0629 \u0627\u0644\u0637\u0647\u064a \u0641\u064a \u0627\u0644\u0647\u0648\u0627\u0621 \u0627\u0644\u0637\u0644\u0642 \u0623\u0648\u0627\u0646\u064a \u0648\u0645\u0642\u0627\u0644\u064a \u0645\u062d\u0645\u0648\u0644\u0629\" width=\"940\" height=\"529\" src=\"https:\/\/www.youtube.com\/embed\/m_juxhien8k?feature=oembed\" frameborder=\"0\" allow=\"accelerometer; autoplay; clipboard-write; encrypted-media; gyroscope; picture-in-picture; web-share\" referrerpolicy=\"strict-origin-when-cross-origin\" allowfullscreen><\/iframe>\n<\/div><figcaption class=\"wp-element-caption\">\u0645\u062c\u0645\u0648\u0639\u0629 \u0623\u062f\u0648\u0627\u062a \u0627\u0644\u0637\u0647\u064a \u0644\u0644\u062a\u062e\u064a\u064a\u0645<\/figcaption><\/figure>\n<\/div>\n\n\n\n<div class=\"wp-block-column is-vertically-aligned-top is-layout-flow wp-block-column-is-layout-flow\" style=\"flex-basis:15%\"><\/div>\n<\/div>","protected":false},"excerpt":{"rendered":"<p>\u0637\u0642\u0645 \u0623\u0648\u0627\u0646\u064a \u0637\u0628\u062e \u0627\u0644\u062a\u062e\u064a\u064a\u0645 \u0627\u0644\u0642\u0627\u0628\u0644 \u0644\u0644\u062a\u062e\u0635\u064a\u0635 \u0628\u0627\u0644\u062c\u0645\u0644\u0629. \u0647\u0630\u0627 \u0627\u0644\u0637\u0642\u0645 \u0645\u0635\u0646\u0648\u0639 \u0645\u0646 \u0627\u0644\u0641\u0648\u0644\u0627\u0630 \u0627\u0644\u0645\u0642\u0627\u0648\u0645 \u0644\u0644\u0635\u062f\u0623 \u0639\u0627\u0644\u064a \u0627\u0644\u062c\u0648\u062f\u0629\u060c \u0648\u0647\u0648 \u0645\u062b\u0627\u0644\u064a \u0644\u0645\u062e\u062a\u0644\u0641 \u0633\u064a\u0646\u0627\u0631\u064a\u0648\u0647\u0627\u062a \u0627\u0644\u062a\u062e\u064a\u064a\u0645. \u064a\u0645\u0646\u0639 \u062a\u0635\u0645\u064a\u0645 \u0627\u0644\u0633\u0637\u062d \u0627\u0644\u0623\u0645\u0644\u0633 \u0628\u0642\u0627\u064a\u0627 \u0627\u0644\u0637\u0639\u0627\u0645\u060c \u0645\u0645\u0627 \u064a\u062c\u0639\u0644\u0647\u0627 \u0633\u0647\u0644\u0629 \u0627\u0644\u062a\u0646\u0638\u064a\u0641 - \u0645\u062b\u0627\u0644\u064a\u0629 \u0644\u0644\u063a\u0633\u0644 \u0627\u0644\u064a\u062f\u0648\u064a \u0623\u0648 \u0644\u0644\u0627\u0633\u062a\u062e\u062f\u0627\u0645 \u0641\u064a \u063a\u0633\u0627\u0644\u0629 \u0627\u0644\u0635\u062d\u0648\u0646\u060c \u0645\u0645\u0627 \u064a\u0648\u0641\u0631 \u0644\u0643 \u0627\u0644\u0648\u0642\u062a \u0648\u0627\u0644\u062c\u0647\u062f. \u0645\u0631\u062d\u0628\u064b\u0627 \u0628\u0643\u0645 \u0641\u064a \u0627\u0644\u0627\u062a\u0635\u0627\u0644 \u0628\u0646\u0627 \u0644\u0644\u0637\u0644\u0628.<\/p>\n<h2>\u0645\u064a\u0632\u0627\u062a \u0648\u0641\u0648\u0627\u0626\u062f \u0645\u062c\u0645\u0648\u0639\u0629 \u0623\u062f\u0648\u0627\u062a \u0627\u0644\u0637\u0647\u064a \u0644\u0644\u062a\u062e\u064a\u064a\u0645<\/h2>\n<p>&nbsp;<\/p>\n<ul>\n<li><strong>\u0641\u0648\u0644\u0627\u0630 \u0645\u0642\u0627\u0648\u0645 \u0644\u0644\u0635\u062f\u0623 304 \u0639\u0627\u0644\u064a \u0627\u0644\u062c\u0648\u062f\u0629 304<\/strong>:: \u0645\u0627\u062f\u0629 \u0645\u0646 \u0627\u0644\u062f\u0631\u062c\u0629 \u0627\u0644\u063a\u0630\u0627\u0626\u064a\u0629\u060c \u0642\u0648\u064a\u0629 \u0648\u0645\u062a\u064a\u0646\u0629\u060c \u0648\u0645\u0642\u0627\u0648\u0645\u0629 \u0644\u0644\u0635\u062f\u0623\u060c \u0648\u0645\u0642\u0627\u0648\u0645\u0629 \u0644\u0644\u062a\u0622\u0643\u0644\u060c \u0648\u062a\u062f\u0648\u0645 \u0637\u0648\u064a\u0644\u0627\u064b\u060c \u0648\u0645\u0646\u0627\u0633\u0628\u0629 \u0644\u0645\u062c\u0645\u0648\u0639\u0629 \u0645\u062a\u0646\u0648\u0639\u0629 \u0645\u0646 \u0627\u0644\u0628\u064a\u0626\u0627\u062a \u0627\u0644\u062e\u0627\u0631\u062c\u064a\u0629.<\/li>\n<li><strong>\u0645\u062c\u0645\u0648\u0639\u0629 \u0645\u0646 \u0627\u0644\u0623\u0648\u0627\u0646\u064a \u0627\u0644\u0643\u0627\u0645\u0644\u0629<\/strong>:: \u062a\u0644\u0628\u064a \u0627\u0644\u0642\u0637\u0639 \u0627\u0644\u0633\u0628\u0639 \u0627\u0644\u0645\u062e\u062a\u0644\u0641\u0629 \u0648\u0627\u0644\u0648\u0638\u064a\u0641\u064a\u0629 \u0641\u064a \u0647\u0630\u0647 \u0627\u0644\u0642\u0637\u0639\u0629 \u0639\u062f\u062f \u0644\u0627 \u064a\u062d\u0635\u0649 \u0645\u0646 \u0627\u062d\u062a\u064a\u0627\u062c\u0627\u062a\u0643 \u0639\u0646\u062f\u0645\u0627 \u062a\u0642\u0648\u0645 \u0628\u0627\u0644\u0637\u0647\u064a \u0641\u064a \u0627\u0644\u0647\u0648\u0627\u0621 \u0627\u0644\u0637\u0644\u0642.<\/li>\n<li><strong>\u062a\u0635\u0645\u064a\u0645 \u0645\u062d\u0645\u0648\u0644<\/strong>: \u062a\u062a\u0645\u064a\u0632 \u0643\u0644 \u0623\u0648\u0627\u0646\u064a \u0627\u0644\u0637\u0647\u064a \u0627\u0644\u062e\u0627\u0635\u0629 \u0628\u0627\u0644\u062a\u062e\u064a\u064a\u0645 \u0628\u062a\u0635\u0645\u064a\u0645 \u0633\u0647\u0644 \u0627\u0644\u062d\u0645\u0644 \u0645\u0639 \u062d\u0642\u064a\u0628\u0629 \u062a\u062e\u0632\u064a\u0646 \u0645\u062d\u0645\u0648\u0644\u0629 \u0644\u062a\u0646\u0638\u064a\u0645 \u0627\u0644\u0642\u0641\u0635 \u0648\u062a\u062e\u0632\u064a\u0646\u0647. \u0645\u062b\u0627\u0644\u064a\u0629 \u0644\u062c\u0645\u064a\u0639 \u0627\u0644\u0623\u0646\u0634\u0637\u0629 \u0627\u0644\u062e\u0627\u0631\u062c\u064a\u0629\u060c \u0628\u0645\u0627 \u0641\u064a \u0630\u0644\u0643 \u0631\u062d\u0644\u0627\u062a \u0627\u0644\u062a\u062e\u064a\u064a\u0645 \u0648\u0627\u0644\u0646\u0632\u0647\u0627\u062a \u0648\u0627\u0644\u0645\u0634\u064a \u0644\u0645\u0633\u0627\u0641\u0627\u062a \u0637\u0648\u064a\u0644\u0629 \u0648\u063a\u064a\u0631\u0647\u0627.<\/li>\n<li><strong>\u0635\u062d\u064a\u0629 \u0648\u0622\u0645\u0646\u0629<\/strong>:: \u0627\u0644\u0645\u0648\u0627\u062f \u0627\u0644\u063a\u0630\u0627\u0626\u064a\u0629 \u0644\u0627 \u062a\u062d\u062a\u0648\u064a \u0639\u0644\u0649 \u0645\u0648\u0627\u062f \u0636\u0627\u0631\u0629 \u0628\u062f\u0627\u062e\u0644\u0647\u0627 \u062a\u0624\u062b\u0631 \u0639\u0644\u0649 \u0641\u0627\u0626\u062f\u0629 \u0635\u062d\u0629 \u0627\u0644\u0625\u0646\u0633\u0627\u0646. \u064a\u0645\u0643\u0646\u0643 \u0627\u0633\u062a\u062e\u062f\u0627\u0645\u0647 \u0628\u062b\u0642\u0629.<\/li>\n<li><strong>\u0633\u0647\u0644\u0629 \u0627\u0644\u062a\u0646\u0638\u064a\u0641<\/strong>: \u062a\u0635\u0645\u064a\u0645 \u0627\u0644\u0625\u0646\u0627\u0621 \u0630\u0648 \u0627\u0644\u0633\u0637\u062d \u0627\u0644\u0623\u0645\u0644\u0633 \u064a\u0645\u0646\u0639 \u062a\u0631\u0627\u0643\u0645 \u0628\u0642\u0627\u064a\u0627 \u0627\u0644\u0637\u0639\u0627\u0645 \u0627\u0644\u062d\u0627\u0644\u064a\u0629 \u0645\u0646 \u0627\u0644\u062a\u0631\u0627\u0643\u0645. \u0645\u0646 \u0627\u0644\u0633\u0647\u0644 \u062a\u0646\u0638\u064a\u0641\u0647\u0627 \u0648\u063a\u0633\u0644\u0647\u0627 \u064a\u062f\u0648\u064a\u0627\u064b \u0623\u0648 \u0641\u064a \u063a\u0633\u0627\u0644\u0629 \u0627\u0644\u0635\u062d\u0648\u0646. \u062a\u0648\u0641\u0631 \u0627\u0644\u0648\u0642\u062a \u0648\u0627\u0644\u0639\u0645\u0644.<\/li>\n<li><strong>\u0627\u0633\u062a\u062e\u062f\u0627\u0645 \u0645\u062a\u0639\u062f\u062f \u0627\u0644\u0648\u0638\u0627\u0626\u0641<\/strong>: \u0644\u0627 \u064a\u064f\u0633\u062a\u062e\u062f\u0645 \u0644\u0644\u0637\u0647\u064a \u0641\u064a \u0627\u0644\u0645\u064a\u062f\u0627\u0646 \u0641\u062d\u0633\u0628\u060c \u0628\u0644 \u0642\u062f \u064a\u064f\u0633\u062a\u062e\u062f\u0645 \u0623\u064a\u0636\u064b\u0627 \u0645\u0646 \u0648\u0642\u062a \u0644\u0622\u062e\u0631 \u0641\u064a \u0627\u0644\u0645\u0637\u0628\u062e \u0627\u0644\u0639\u0627\u0626\u0644\u064a. \u0644\u0647\u0627 \u062a\u0637\u0628\u064a\u0642\u0627\u062a \u0648\u0627\u0633\u0639\u0629 \u0627\u0644\u0646\u0637\u0627\u0642 \u0644\u062f\u0631\u062c\u0629 \u0623\u0646\u0647\u0627 \u062a\u0634\u0643\u0644 \u0639\u0645\u0644\u064a\u0629 \u0639\u0627\u0644\u064a\u0629.<\/li>\n<li><strong>\u0645\u0642\u0627\u0648\u0645\u0629 \u062f\u0631\u062c\u0627\u062a \u0627\u0644\u062d\u0631\u0627\u0631\u0629 \u0627\u0644\u0639\u0627\u0644\u064a\u0629<\/strong>:: \u0644\u0627 \u062a\u062a\u0634\u0648\u0647 \u0645\u0627\u062f\u0629 \u0627\u0644\u0641\u0648\u0644\u0627\u0630 \u0627\u0644\u0645\u0642\u0627\u0648\u0645 \u0644\u0644\u0635\u062f\u0623 304 \u0628\u0633\u0647\u0648\u0644\u0629\u060c \u0645\u0645\u0627 \u064a\u0636\u0645\u0646 \u0627\u0644\u062b\u0628\u0627\u062a \u0648\u0627\u0644\u0645\u0648\u062b\u0648\u0642\u064a\u0629 \u0641\u064a \u0638\u0631\u0648\u0641 \u0627\u0644\u0627\u0633\u062a\u062e\u062f\u0627\u0645 \u0641\u064a \u062f\u0631\u062c\u0627\u062a \u0627\u0644\u062d\u0631\u0627\u0631\u0629 \u0627\u0644\u0639\u0627\u0644\u064a\u0629.<\/li>\n<li><strong>\u0623\u0633\u0627\u0633\u064a\u0627\u062a \u0627\u0644\u0647\u0648\u0627\u0621 \u0627\u0644\u0637\u0644\u0642<\/strong>: \u0633\u0648\u0627\u0621 \u0643\u0627\u0646 \u0627\u0644\u062a\u062e\u064a\u064a\u0645 \u0623\u0648 \u0627\u0644\u062a\u0646\u0632\u0647 \u0623\u0648 \u0645\u062c\u0631\u062f \u0627\u0644\u062a\u0646\u0632\u0647\u060c \u0641\u0625\u0646 \u0623\u062f\u0648\u0627\u062a \u0627\u0644\u0637\u0647\u064a \u0647\u0630\u0647 \u0627\u0644\u0645\u0643\u0648\u0646\u0629 \u0645\u0646 7 \u0642\u0637\u0639 \u0645\u0646 \u0627\u0644\u0641\u0648\u0644\u0627\u0630 \u0627\u0644\u0645\u0642\u0627\u0648\u0645 \u0644\u0644\u0635\u062f\u0623 \u0636\u0631\u0648\u0631\u064a\u0629 \u0644\u0643\u0644 \u0627\u0644\u0645\u0633\u0627\u0639\u064a \u0641\u064a \u0627\u0644\u0647\u0648\u0627\u0621 \u0627\u0644\u0637\u0644\u0642.<\/li>\n<\/ul>\n<p>\u062a\u0642\u062f\u064a\u0645 \u0623\u0648\u0627\u0646\u064a \u0637\u0647\u064a \u0645\u0635\u0645\u0645\u0629 \u062e\u0635\u064a\u0635\u0627\u064b \u0644\u0644\u0645\u0646\u0632\u0644. <span style=\"color: #ff0000;\"><a style=\"color: #ff0000;\" href=\"https:\/\/www.chancescook.com\/ar\/cookware\/\"><em><strong>\u062f\u0639\u0645 \u0623\u0648\u0627\u0646\u064a \u0627\u0644\u0637\u0647\u064a \u0627\u0644\u0645\u0635\u0646\u0648\u0639\u0629 \u0645\u0646 \u0627\u0644\u0641\u0648\u0644\u0627\u0630 \u0627\u0644\u0645\u0642\u0627\u0648\u0645 \u0644\u0644\u0635\u062f\u0623 \u0627\u0644\u0645\u0635\u0646\u0648\u0639\u0629 \u0645\u0646 \u0627\u0644\u0641\u0648\u0644\u0627\u0630 \u0627\u0644\u0645\u0642\u0627\u0648\u0645 \u0644\u0644\u0635\u062f\u0623 \u062d\u0633\u0628 \u0627\u0644\u0637\u0644\u0628<\/strong><\/em><\/a><\/span>.<\/p>\n<p>&nbsp;<\/p>","protected":false},"featured_media":5728,"comment_status":"closed","ping_status":"closed","template":"","meta":{"_acf_changed":false},"product_brand":[],"product_cat":[54,53],"product_tag":[],"class_list":{"0":"post-4601","1":"product","2":"type-product","3":"status-publish","4":"has-post-thumbnail","6":"product_cat-camping-cookware-wholesale","7":"product_cat-wholesale-cookware-sets","9":"first","10":"instock","11":"shipping-taxable","12":"product-type-simple"},"acf":[],"_links":{"self":[{"href":"https:\/\/www.chancescook.com\/ar\/wp-json\/wp\/v2\/product\/4601","targetHints":{"allow":["GET"]}}],"collection":[{"href":"https:\/\/www.chancescook.com\/ar\/wp-json\/wp\/v2\/product"}],"about":[{"href":"https:\/\/www.chancescook.com\/ar\/wp-json\/wp\/v2\/types\/product"}],"replies":[{"embeddable":true,"href":"https:\/\/www.chancescook.com\/ar\/wp-json\/wp\/v2\/comments?post=4601"}],"wp:featuredmedia":[{"embeddable":true,"href":"https:\/\/www.chancescook.com\/ar\/wp-json\/wp\/v2\/media\/5728"}],"wp:attachment":[{"href":"https:\/\/www.chancescook.com\/ar\/wp-json\/wp\/v2\/media?parent=4601"}],"wp:term":[{"taxonomy":"product_brand","embeddable":true,"href":"https:\/\/www.chancescook.com\/ar\/wp-json\/wp\/v2\/product_brand?post=4601"},{"taxonomy":"product_cat","embeddable":true,"href":"https:\/\/www.chancescook.com\/ar\/wp-json\/wp\/v2\/product_cat?post=4601"},{"taxonomy":"product_tag","embeddable":true,"href":"https:\/\/www.chancescook.com\/ar\/wp-json\/wp\/v2\/product_tag?post=4601"}],"curies":[{"name":"\u062f\u0628\u0644\u064a\u0648 \u0628\u064a","href":"https:\/\/api.w.org\/{rel}","templated":true}]}}