{"id":5572,"date":"2025-11-15T08:34:01","date_gmt":"2025-11-15T08:07:58","guid":{"rendered":"https:\/\/www.chancescook.com\/?post_type=product&#038;p=5572"},"modified":"2025-12-22T09:33:59","modified_gmt":"2025-12-22T09:33:59","slug":"custom-food-storage-containers-bulk","status":"publish","type":"product","link":"https:\/\/www.chancescook.com\/ar\/product\/custom-food-storage-containers-bulk\/","title":{"rendered":"\u0623\u0648\u0639\u064a\u0629 \u062a\u062e\u0632\u064a\u0646 \u0627\u0644\u0637\u0639\u0627\u0645 \u0627\u0644\u0645\u062e\u0635\u0635\u0629 \u0644\u062a\u062e\u0632\u064a\u0646 \u0627\u0644\u0637\u0639\u0627\u0645 \u0628\u0627\u0644\u062c\u0645\u0644\u0629 \u0635\u0646\u0627\u062f\u064a\u0642 \u0627\u0644\u063a\u062f\u0627\u0621 \u0630\u0627\u062a \u0627\u0644\u063a\u0637\u0627\u0621 \u0627\u0644\u0632\u062c\u0627\u062c\u064a"},"content":{"rendered":"<div class=\"wp-block-columns is-layout-flex wp-container-core-columns-is-layout-9d6595d7 wp-block-columns-is-layout-flex\">\n<div class=\"wp-block-column is-layout-flow wp-block-column-is-layout-flow\">\n<h3 class=\"wp-block-heading\">\u0645\u0639\u0644\u0645\u0627\u062a \u062d\u0627\u0648\u064a\u0627\u062a \u062a\u062e\u0632\u064a\u0646 \u0627\u0644\u0637\u0639\u0627\u0645 \u0627\u0644\u0645\u062e\u0635\u0635\u0629:<\/h3>\n\n\n\n<ul class=\"wp-block-list\">\n<li><strong>\u0627\u0644\u0645\u0648\u0627\u062f:<\/strong> ss304\/ss201<\/li>\n\n\n\n<li><strong>\u0627\u0644\u0633\u064f\u0645\u0643: <\/strong>0.6 \u0645\u0645 \uff1b<\/li>\n\n\n\n<li><strong>\u0627\u0644\u063a\u0637\u0627\u0621: <\/strong>\u063a\u0637\u0627\u0621 \u0632\u062c\u0627\u062c\u064a \u0645\u0646 \u0627\u0644\u0633\u064a\u0644\u064a\u0643\u0648\u0646 \uff1b<\/li>\n\n\n\n<li><strong>\u0627\u0644\u062d\u0631\u0641\u064a\u0629 \u0627\u0644\u062e\u0627\u0631\u062c\u064a\u0629:<\/strong> \u0627\u0644\u062a\u062d\u0644\u064a\u0644 \u0627\u0644\u0643\u0647\u0631\u0628\u0627\u0626\u064a \u0627\u0644\u062f\u0627\u062e\u0644\u064a \u0648\u0627\u0644\u062e\u0627\u0631\u062c\u064a<\/li>\n\n\n\n<li><strong>SKU:<\/strong> 700\/1200\/1900\/1000\/1800\/3000ml<br>700 \u0645\u0644\u0644\u064a\u062a\u0631: 15.9 \u00d7 12 \u00d7 4.6 \u0633\u0645<br>1200ML:19.5\u00d714.8\u00d75.1cm<br>1900ML:23.6\u00d718.2\u00d75.5cm<br>1000 \u0645\u0644\u0644\u064a\u062a\u0631: 15.9 \u00d7 12 \u00d7 12 \u00d7 7 \u0633\u0645<br>1800 \u0645\u0644\u0644\u064a\u062a\u0631: 19.5 \u00d7 14.8 \u00d7 8 \u0633\u0645<br>3000ML:23.61\u00d78.4x90cm<\/li>\n<\/ul>\n<\/div>\n\n\n\n<div class=\"wp-block-column is-layout-flow wp-block-column-is-layout-flow\">\n<h3 class=\"wp-block-heading\">\u062e\u064a\u0627\u0631\u0627\u062a \u062d\u0627\u0648\u064a\u0627\u062a \u0627\u0644\u0637\u0639\u0627\u0645 \u0627\u0644\u0645\u062e\u0635\u0635\u0629 \uff1a \u062e\u064a\u0627\u0631\u0627\u062a \u062d\u0627\u0648\u064a\u0627\u062a \u0627\u0644\u0637\u0639\u0627\u0645 \u0627\u0644\u0645\u062e\u0635\u0635\u0629 \uff1a<\/h3>\n\n\n\n<p>\u0627\u0631\u062a\u0642\u0650 \u0628\u0623\u0639\u0645\u0627\u0644 \u062a\u0642\u062f\u064a\u0645 \u0627\u0644\u0637\u0639\u0627\u0645 \u0627\u0644\u062e\u0627\u0635\u0629 \u0628\u0643 \u0645\u0639 \u062e\u064a\u0627\u0631\u0627\u062a \u0627\u0644\u062a\u062e\u0635\u064a\u0635 \u063a\u064a\u0631 \u0627\u0644\u0645\u062d\u062f\u0648\u062f\u0629 \u0648\u0627\u0644\u062a\u0635\u0645\u064a\u0645\u0627\u062a \u0627\u0644\u0645\u0628\u062a\u0643\u0631\u0629.<\/p>\n\n\n\n<p><strong>\u0627\u0644\u0645\u0648\u0627\u062f: <\/strong>ss304\/ss201<br><strong>\u0627\u0644\u062d\u0632\u0645\u0629:<\/strong> \u0639\u0644\u0628\u0629 \u0643\u0631\u062a\u0648\u0646\/\u0639\u0644\u0628\u0629 \u0623\u0644\u0648\u0627\u0646<br><strong>\u0627\u0644\u062d\u062c\u0645: <\/strong>700ML\/1200ML\/1900ML\/1000ML\/1800ML\/3000ML<br><strong><a href=\"https:\/\/www.chancescook.com\/ar\/custom-cookware\/\" target=\"_blank\" rel=\"noreferrer noopener\">\u062d\u0644\u0648\u0644 \u0645\u062e\u0635\u0635\u0629 \u0644\u0645\u0635\u0646\u0639\u064a \u0627\u0644\u0645\u0639\u062f\u0627\u062a \u0627\u0644\u0623\u0635\u0644\u064a\u0629 \u0648\u0623\u0648\u062f\u064a\u0625\u0645 \u062d\u0633\u0628 \u0627\u0644\u0637\u0644\u0628<\/a><\/strong><\/p>\n<\/div>\n<\/div>\n\n\n\n<figure class=\"wp-block-image size-full\"><img decoding=\"async\" width=\"1135\" height=\"382\" src=\"https:\/\/www.chancescook.com\/wp-content\/uploads\/2025\/11\/Custom-Food-Storage-Containers-Size.webp\" alt=\"\u062d\u062c\u0645 \u062d\u0627\u0648\u064a\u0627\u062a \u062a\u062e\u0632\u064a\u0646 \u0627\u0644\u0637\u0639\u0627\u0645 \u0627\u0644\u0645\u062e\u0635\u0635\u0629\" class=\"wp-image-5573\" srcset=\"https:\/\/www.chancescook.com\/wp-content\/uploads\/2025\/11\/Custom-Food-Storage-Containers-Size.webp 1135w, https:\/\/www.chancescook.com\/wp-content\/uploads\/2025\/11\/Custom-Food-Storage-Containers-Size-300x101.webp 300w, https:\/\/www.chancescook.com\/wp-content\/uploads\/2025\/11\/Custom-Food-Storage-Containers-Size-768x258.webp 768w, https:\/\/www.chancescook.com\/wp-content\/uploads\/2025\/11\/Custom-Food-Storage-Containers-Size-18x6.webp 18w, https:\/\/www.chancescook.com\/wp-content\/uploads\/2025\/11\/Custom-Food-Storage-Containers-Size-285x96.webp 285w, https:\/\/www.chancescook.com\/wp-content\/uploads\/2025\/11\/Custom-Food-Storage-Containers-Size-660x222.webp 660w, https:\/\/www.chancescook.com\/wp-content\/uploads\/2025\/11\/Custom-Food-Storage-Containers-Size-150x50.webp 150w\" sizes=\"(max-width: 1135px) 100vw, 1135px\" \/><\/figure>\n\n\n\n<div class=\"wp-block-columns is-layout-flex wp-container-core-columns-is-layout-9d6595d7 wp-block-columns-is-layout-flex\">\n<div class=\"wp-block-column is-layout-flow wp-block-column-is-layout-flow\">\n<figure class=\"wp-block-image size-full\"><img decoding=\"async\" width=\"2364\" height=\"1665\" src=\"https:\/\/www.chancescook.com\/wp-content\/uploads\/2025\/11\/Custom-Food-Storage-Containers-Wholesaler-chancescook-1.webp\" alt=\"\" class=\"wp-image-5574\" srcset=\"https:\/\/www.chancescook.com\/wp-content\/uploads\/2025\/11\/Custom-Food-Storage-Containers-Wholesaler-chancescook-1.webp 2364w, https:\/\/www.chancescook.com\/wp-content\/uploads\/2025\/11\/Custom-Food-Storage-Containers-Wholesaler-chancescook-1-300x211.webp 300w, https:\/\/www.chancescook.com\/wp-content\/uploads\/2025\/11\/Custom-Food-Storage-Containers-Wholesaler-chancescook-1-768x541.webp 768w, https:\/\/www.chancescook.com\/wp-content\/uploads\/2025\/11\/Custom-Food-Storage-Containers-Wholesaler-chancescook-1-18x12.webp 18w, https:\/\/www.chancescook.com\/wp-content\/uploads\/2025\/11\/Custom-Food-Storage-Containers-Wholesaler-chancescook-1-285x201.webp 285w, https:\/\/www.chancescook.com\/wp-content\/uploads\/2025\/11\/Custom-Food-Storage-Containers-Wholesaler-chancescook-1-1600x1127.webp 1600w, https:\/\/www.chancescook.com\/wp-content\/uploads\/2025\/11\/Custom-Food-Storage-Containers-Wholesaler-chancescook-1-660x465.webp 660w, https:\/\/www.chancescook.com\/wp-content\/uploads\/2025\/11\/Custom-Food-Storage-Containers-Wholesaler-chancescook-1-150x106.webp 150w\" sizes=\"(max-width: 2364px) 100vw, 2364px\" \/><\/figure>\n<\/div>\n\n\n\n<div class=\"wp-block-column is-layout-flow wp-block-column-is-layout-flow\">\n<figure class=\"wp-block-image size-full\"><img decoding=\"async\" width=\"2048\" height=\"1463\" src=\"https:\/\/www.chancescook.com\/wp-content\/uploads\/2025\/11\/Custom-Food-Storage-Containers-Wholesaler-chancescook-2.webp\" alt=\"\u062d\u0627\u0648\u064a\u0627\u062a \u062a\u062e\u0632\u064a\u0646 \u0627\u0644\u0637\u0639\u0627\u0645 \u0627\u0644\u0645\u062e\u0635\u0635\u0629 \u0628\u0627\u0644\u062c\u0645\u0644\u0629 - opportunitiescook (2)\" class=\"wp-image-5575\" srcset=\"https:\/\/www.chancescook.com\/wp-content\/uploads\/2025\/11\/Custom-Food-Storage-Containers-Wholesaler-chancescook-2.webp 2048w, https:\/\/www.chancescook.com\/wp-content\/uploads\/2025\/11\/Custom-Food-Storage-Containers-Wholesaler-chancescook-2-300x214.webp 300w, https:\/\/www.chancescook.com\/wp-content\/uploads\/2025\/11\/Custom-Food-Storage-Containers-Wholesaler-chancescook-2-768x549.webp 768w, https:\/\/www.chancescook.com\/wp-content\/uploads\/2025\/11\/Custom-Food-Storage-Containers-Wholesaler-chancescook-2-18x12.webp 18w, https:\/\/www.chancescook.com\/wp-content\/uploads\/2025\/11\/Custom-Food-Storage-Containers-Wholesaler-chancescook-2-285x204.webp 285w, https:\/\/www.chancescook.com\/wp-content\/uploads\/2025\/11\/Custom-Food-Storage-Containers-Wholesaler-chancescook-2-1600x1143.webp 1600w, https:\/\/www.chancescook.com\/wp-content\/uploads\/2025\/11\/Custom-Food-Storage-Containers-Wholesaler-chancescook-2-660x471.webp 660w, https:\/\/www.chancescook.com\/wp-content\/uploads\/2025\/11\/Custom-Food-Storage-Containers-Wholesaler-chancescook-2-150x107.webp 150w\" sizes=\"(max-width: 2048px) 100vw, 2048px\" \/><\/figure>\n<\/div>\n<\/div>","protected":false},"excerpt":{"rendered":"<p>\u062a\u0648\u0641\u0631 \u062d\u0627\u0648\u064a\u0627\u062a \u062a\u062e\u0632\u064a\u0646 \u0627\u0644\u0637\u0639\u0627\u0645 \u0627\u0644\u0645\u062e\u0635\u0635\u0629 \u0645\u0646 Chance \u0628\u0627\u0644\u062c\u0645\u0644\u0629 \u062a\u062e\u0632\u064a\u0646\u064b\u0627 \u0645\u062a\u0639\u062f\u062f \u0627\u0644\u0627\u0633\u062a\u062e\u062f\u0627\u0645\u0627\u062a \u0645\u0646 \u0627\u0644\u0641\u0648\u0644\u0627\u0630 \u0627\u0644\u0645\u0642\u0627\u0648\u0645 \u0644\u0644\u0635\u062f\u0623 \u0645\u0639 \u062e\u062a\u0645 \u0645\u062a\u0637\u0648\u0631 \u0648\u0622\u0645\u0646 \u0644\u0644\u0627\u0633\u062a\u062e\u062f\u0627\u0645 \u0641\u064a \u0627\u0644\u0645\u064a\u0643\u0631\u0648\u0648\u064a\u0641. \u0645\u062b\u0627\u0644\u064a\u0629 \u0644\u0644\u0648\u062c\u0628\u0627\u062a \u0648\u0628\u0642\u0627\u064a\u0627 \u0627\u0644\u0637\u0639\u0627\u0645\u060c \u0648\u0646\u0648\u0641\u0631 \u0623\u0633\u0639\u0627\u0631 \u0627\u0644\u0645\u0635\u0646\u0639 \u0628\u0627\u0644\u062c\u0645\u0644\u0629 \u0648\u0639\u064a\u0646\u0627\u062a \u0645\u062c\u0627\u0646\u064a\u0629 \u0648\u062a\u062e\u0635\u064a\u0635 \u0643\u0627\u0645\u0644 \u0644\u0644\u0645\u0634\u062a\u0631\u064a\u0646 \u0627\u0644\u0639\u0627\u0644\u0645\u064a\u064a\u0646.<\/p>\n<h3>\u0645\u064a\u0632\u0627\u062a \u0648\u0641\u0648\u0627\u0626\u062f \u062d\u0627\u0648\u064a\u0627\u062a \u062a\u062e\u0632\u064a\u0646 \u0627\u0644\u0637\u0639\u0627\u0645<\/h3>\n<ul>\n<li><strong>\u062a\u0642\u0646\u064a\u0629 \u0627\u0644\u062e\u062a\u0645 \u0627\u0644\u0645\u062a\u0642\u062f\u0645\u0629:<\/strong> \u062a\u0634\u062a\u0645\u0644 \u0639\u0644\u0649 \u062d\u0644\u0642\u0629 \u0625\u063a\u0644\u0627\u0642 \u0645\u062e\u0635\u0635\u0629 \u0645\u0646 \u0627\u0644\u0633\u064a\u0644\u064a\u0643\u0648\u0646 \u0644\u062a\u0648\u0641\u064a\u0631 \u063a\u0644\u0642 \u0645\u062d\u0643\u0645 \u0627\u0644\u0625\u063a\u0644\u0627\u0642 \u0644\u0644\u062d\u0641\u0627\u0638 \u0639\u0644\u0649 \u0646\u0636\u0627\u0631\u0629 \u0627\u0644\u0637\u0639\u0627\u0645 \u0648\u0646\u0643\u0647\u062a\u0647 \u0648\u0645\u063a\u0630\u064a\u0627\u062a\u0647 \u0628\u0634\u0643\u0644 \u0645\u062b\u0627\u0644\u064a. \u0648\u0647\u064a \u0645\u0637\u0644\u0648\u0628\u0629 \u0628\u0634\u062f\u0629 \u0645\u0646 \u0642\u0628\u0644 \u0627\u0644\u0645\u0634\u062a\u0631\u064a\u0646 \u0644\u062d\u0627\u0648\u064a\u0627\u062a \u062a\u062e\u0632\u064a\u0646 \u0627\u0644\u0637\u0639\u0627\u0645 \u0627\u0644\u0645\u062e\u0635\u0635\u0629 \u0628\u0627\u0644\u062c\u0645\u0644\u0629.<\/li>\n<li><strong>\u062a\u0635\u0645\u064a\u0645 \u0622\u0645\u0646 \u0641\u064a \u0627\u0644\u0645\u064a\u0643\u0631\u0648\u0648\u064a\u0641:<\/strong> \u0642\u0645 \u0628\u0625\u0639\u0627\u062f\u0629 \u062a\u0633\u062e\u064a\u0646 \u0627\u0644\u0637\u0639\u0627\u0645 \u0628\u0623\u0645\u0627\u0646 \u0641\u064a \u0627\u0644\u0645\u064a\u0643\u0631\u0648\u0648\u064a\u0641 (\u0645\u0639 \u0625\u0632\u0627\u0644\u0629 \u0627\u0644\u063a\u0637\u0627\u0621)\u060c \u0645\u0645\u0627 \u064a\u0636\u0641\u064a \u0645\u0632\u064a\u062f\u064b\u0627 \u0645\u0646 \u0627\u0644\u0645\u0631\u0648\u0646\u0629 \u062d\u0648\u0644 \u0645\u0647\u0627\u0645 \u0627\u0644\u0637\u0639\u0627\u0645 \u0627\u0644\u064a\u0648\u0645\u064a\u0629 \u0648\u064a\u062c\u0639\u0644 \u0647\u0630\u0627 \u0627\u0644\u0645\u0646\u062a\u062c \u0645\u062b\u0627\u0644\u064a\u064b\u0627 \u0644\u062d\u0627\u0648\u064a\u0627\u062a \u062a\u062e\u0632\u064a\u0646 \u0627\u0644\u0637\u0639\u0627\u0645 \u0627\u0644\u0645\u062e\u0635\u0635\u0629 \u0628\u0627\u0644\u062c\u0645\u0644\u0629.<\/li>\n<li><strong><b>\u062a\u0637\u0628\u064a\u0642\u0627\u062a \u0645\u062a\u0639\u062f\u062f\u0629 \u0627\u0644\u0627\u0633\u062a\u062e\u062f\u0627\u0645\u0627\u062a: <\/b><\/strong>\u0645\u0646 \u0628\u0642\u0627\u064a\u0627 \u0627\u0644\u0637\u0639\u0627\u0645 \u0648\u0627\u0644\u062a\u062a\u0628\u064a\u0644 \u0625\u0644\u0649 \u062a\u062d\u0636\u064a\u0631 \u0627\u0644\u0648\u062c\u0628\u0627\u062a \u0623\u0648 \u062d\u062a\u0649 \u062a\u0646\u0627\u0648\u0644 \u0648\u062c\u0628\u0627\u062a\u0643 \u0645\u0639 \u0647\u0630\u0647 \u0627\u0644\u0648\u062c\u0628\u0627\u062a \u0641\u0625\u0645\u0643\u0627\u0646\u064a\u0627\u062a\u0643 \u0644\u0627 \u062d\u0635\u0631 \u0644\u0647\u0627.<\/li>\n<li><strong>\u0645\u0631\u0648\u0646\u0629 \u062f\u0631\u062c\u0629 \u0627\u0644\u062d\u0631\u0627\u0631\u0629 \u0627\u0644\u0648\u0627\u0633\u0639\u0629:<\/strong> \u0645\u0635\u0645\u0645\u0629 \u0644\u062a\u062d\u0645\u0644 \u0645\u062c\u0645\u0648\u0639\u0629 \u0648\u0627\u0633\u0639\u0629 \u0645\u0646 \u062f\u0631\u062c\u0627\u062a \u0627\u0644\u062d\u0631\u0627\u0631\u0629\u060c \u0648\u0645\u0646\u0627\u0633\u0628\u0629 \u0644\u0644\u062b\u0644\u0627\u062c\u0627\u062a \u0648\u0627\u0644\u0645\u062c\u0645\u062f\u0627\u062a \u0648\u0627\u0644\u0623\u0641\u0631\u0627\u0646 - \u0645\u0639 \u0625\u0632\u0627\u0644\u0629 \u0627\u0644\u063a\u0637\u0627\u0621.<\/li>\n<li><strong>\u0633\u0647\u0644\u0629 \u0627\u0644\u062a\u0646\u0638\u064a\u0641:<\/strong> \u0643\u0644 \u0645\u0646 \u0627\u0644\u0642\u0627\u0639\u062f\u0629 \u0627\u0644\u0645\u0635\u0646\u0648\u0639\u0629 \u0645\u0646 \u0627\u0644\u0641\u0648\u0644\u0627\u0630 \u0627\u0644\u0645\u0642\u0627\u0648\u0645 \u0644\u0644\u0635\u062f\u0623 \u0648\u0627\u0644\u063a\u0637\u0627\u0621 \u0627\u0644\u0632\u062c\u0627\u062c\u064a \u0622\u0645\u0646\u0627\u0646 \u0644\u0644\u063a\u0633\u0644 \u0641\u064a \u063a\u0633\u0627\u0644\u0629 \u0627\u0644\u0623\u0637\u0628\u0627\u0642\u060c \u0645\u0645\u0627 \u064a\u0636\u0645\u0646 \u062a\u0646\u0638\u064a\u0641\u064b\u0627 \u0633\u0647\u0644\u064b\u0627 \u0648\u0646\u0638\u0627\u0641\u0629 \u062f\u0627\u0626\u0645\u0629.<\/li>\n<li><strong>\u062a\u0635\u0645\u064a\u0645 \u0623\u0646\u064a\u0642 \u0648\u0639\u0645\u0644\u064a:<\/strong> \u064a\u062a\u0645\u064a\u0632 \u0628\u0645\u0638\u0647\u0631 \u0639\u0635\u0631\u064a \u0623\u0646\u064a\u0642 \u0645\u0639 \u063a\u0637\u0627\u0621 \u0634\u0641\u0627\u0641\u060c \u0645\u0645\u0627 \u064a\u0633\u0645\u062d \u0628\u0631\u0624\u064a\u0629 \u0627\u0644\u0645\u062d\u062a\u0648\u0649 \u0628\u0633\u0647\u0648\u0644\u0629 \u0648\u064a\u0632\u064a\u062f \u0645\u0646 \u062c\u0645\u0627\u0644\u064a\u0629 \u0645\u0637\u0628\u062e\u0643.<\/li>\n<\/ul>\n<p><strong>\u0647\u0644 \u0623\u0646\u062a \u0645\u0633\u062a\u0639\u062f \u0644\u0644\u0637\u0644\u0628\u061f<\/strong> \u0628\u0627\u0644\u0646\u0633\u0628\u0629 \u0644\u062d\u0627\u0648\u064a\u0627\u062a \u062a\u062e\u0632\u064a\u0646 \u0627\u0644\u0637\u0639\u0627\u0645 \u0627\u0644\u0645\u0645\u062a\u0627\u0632\u0629 \u0647\u0630\u0647\u060c \u0644\u062f\u064a\u0646\u0627 \u062e\u064a\u0627\u0631\u0627\u062a \u0645\u062a\u0627\u062d\u0629 \u0644\u0644\u0628\u064a\u0639 \u0628\u0627\u0644\u062c\u0645\u0644\u0629. \u0627\u062a\u0635\u0644 \u0628\u0646\u0627 \u0627\u0644\u064a\u0648\u0645 \u0644\u062a\u062e\u0635\u064a\u0635 \u0637\u0644\u0628\u0643 \u0648\u0627\u0644\u0627\u0646\u062a\u0642\u0627\u0644 \u0628\u062e\u064a\u0627\u0631\u0627\u062a \u062a\u062e\u0632\u064a\u0646 \u0627\u0644\u0637\u0639\u0627\u0645 \u0625\u0644\u0649 \u0627\u0644\u0645\u0633\u062a\u0648\u0649 \u0627\u0644\u062a\u0627\u0644\u064a.<\/p>","protected":false},"featured_media":5803,"comment_status":"closed","ping_status":"closed","template":"","meta":{"_acf_changed":false},"product_brand":[],"product_cat":[56],"product_tag":[],"class_list":{"0":"post-5572","1":"product","2":"type-product","3":"status-publish","4":"has-post-thumbnail","6":"product_cat-wholesale-kitchen-utensils","8":"first","9":"instock","10":"shipping-taxable","11":"product-type-simple"},"acf":[],"_links":{"self":[{"href":"https:\/\/www.chancescook.com\/ar\/wp-json\/wp\/v2\/product\/5572","targetHints":{"allow":["GET"]}}],"collection":[{"href":"https:\/\/www.chancescook.com\/ar\/wp-json\/wp\/v2\/product"}],"about":[{"href":"https:\/\/www.chancescook.com\/ar\/wp-json\/wp\/v2\/types\/product"}],"replies":[{"embeddable":true,"href":"https:\/\/www.chancescook.com\/ar\/wp-json\/wp\/v2\/comments?post=5572"}],"wp:featuredmedia":[{"embeddable":true,"href":"https:\/\/www.chancescook.com\/ar\/wp-json\/wp\/v2\/media\/5803"}],"wp:attachment":[{"href":"https:\/\/www.chancescook.com\/ar\/wp-json\/wp\/v2\/media?parent=5572"}],"wp:term":[{"taxonomy":"product_brand","embeddable":true,"href":"https:\/\/www.chancescook.com\/ar\/wp-json\/wp\/v2\/product_brand?post=5572"},{"taxonomy":"product_cat","embeddable":true,"href":"https:\/\/www.chancescook.com\/ar\/wp-json\/wp\/v2\/product_cat?post=5572"},{"taxonomy":"product_tag","embeddable":true,"href":"https:\/\/www.chancescook.com\/ar\/wp-json\/wp\/v2\/product_tag?post=5572"}],"curies":[{"name":"\u062f\u0628\u0644\u064a\u0648 \u0628\u064a","href":"https:\/\/api.w.org\/{rel}","templated":true}]}}