{"id":3568,"date":"2024-08-28T09:03:33","date_gmt":"2024-08-28T09:03:33","guid":{"rendered":"https:\/\/www.chancescook.com\/?post_type=product&#038;p=3568"},"modified":"2024-09-23T06:25:30","modified_gmt":"2024-09-23T06:25:30","slug":"stainless-steel-pots-and-pans-set","status":"publish","type":"product","link":"https:\/\/www.chancescook.com\/de\/produkt\/stainless-steel-pots-and-pans-set\/","title":{"rendered":"Benutzerdefinierte Edelstahl T\u00f6pfe und Pfannen Set 27 St\u00fcck Sockel Handle Wide Rimmed Pfannen"},"content":{"rendered":"<div class=\"wp-block-columns is-layout-flex wp-container-core-columns-is-layout-9d6595d7 wp-block-columns-is-layout-flex\">\n<div class=\"wp-block-column is-layout-flow wp-block-column-is-layout-flow\">\n<h3 class=\"wp-block-heading\">Eigenschaften und Vorteile des Sets T\u00f6pfe und Pfannen aus Edelstahl<\/h3>\n\n\n\n<ul class=\"wp-block-list\">\n<li><strong>Premium-Edelstahlkonstruktion<\/strong>: Dieses Set mit 27 T\u00f6pfen und Pfannen besteht aus hochwertigem Edelstahl, der f\u00fcr Langlebigkeit, Korrosionsbest\u00e4ndigkeit und einen eleganten, modernen Look sorgt, der in jede K\u00fcche passt.<\/li>\n\n\n\n<li><strong>Steckdosengriffe f\u00fcr einen sicheren Halt<\/strong>: Jedes Topf- und Pfannenset ist mit Steckgriffen ausgestattet, die einen sicheren und bequemen Griff erm\u00f6glichen, auch wenn die T\u00f6pfe und Pfannen dampfend hei\u00df sind.<\/li>\n\n\n\n<li><strong>Breitrandiges Design<\/strong>: Pfannen mit breitem Rand sind nicht nur stilvoll, sondern auch praktisch, denn sie erleichtern das Ausgie\u00dfen und Umf\u00fcllen von Lebensmitteln, ohne dass eine Sauerei entsteht.<\/li>\n\n\n\n<li><strong>Gleichm\u00e4\u00dfige W\u00e4rmeverteilung<\/strong>: Der mehrschichtige Boden sorgt f\u00fcr eine gleichm\u00e4\u00dfige W\u00e4rmeverteilung \u00fcber die gesamte Kochfl\u00e4che, verhindert so hei\u00dfe Stellen und garantiert jedes Mal perfekte Speisen.<\/li>\n\n\n\n<li><strong>Kompatibilit\u00e4t<\/strong>: Geeignet f\u00fcr alle W\u00e4rmequellen, einschlie\u00dflich Induktions-, Gas-, Elektro- und Glaskeramikkochfelder, was Ihnen eine breite Palette von Kochm\u00f6glichkeiten bietet.<\/li>\n\n\n\n<li><strong>Umfassender Satz<\/strong>: Dieses Topf- und Pfannenset aus rostfreiem Stahl besteht aus 27 Teilen, darunter eine Vielzahl von T\u00f6pfen, Pfannen und Deckeln, und bietet alles, was Sie zum Kochen einer breiten Palette von Gerichten ben\u00f6tigen, so dass es sowohl f\u00fcr Hobbyk\u00f6che als auch f\u00fcr Profik\u00f6che ideal ist.<\/li>\n<\/ul>\n<\/div>\n\n\n\n<div class=\"wp-block-column is-layout-flow wp-block-column-is-layout-flow\">\n<h3 class=\"wp-block-heading\">Spezifikationen f\u00fcr das Topf- und Pfannenset aus Edelstahl<\/h3>\n\n\n\n<ul class=\"wp-block-list\">\n<li>Hersteller: CHANCES<\/li>\n\n\n\n<li>Modell-Nr.:CY-KB2705C<\/li>\n\n\n\n<li>Material: SS410<\/li>\n\n\n\n<li>St\u00fcckzahl:27 St\u00fcck<\/li>\n\n\n\n<li>Dicke:0,5 mm<\/li>\n\n\n\n<li>Unterseite:3,0 mm<\/li>\n\n\n\n<li>OEM&amp;ODM: Kundenspezifisch, willkommen OEM&amp;ODM<\/li>\n\n\n\n<li>MOQ:1 x 40'HQ<\/li>\n\n\n\n<li>Verpackung: Farbkarton\/Kartonverpackung<\/li>\n\n\n\n<li>Muster: Kostenlos<\/li>\n<\/ul>\n<\/div>\n<\/div>\n\n\n\n<figure class=\"wp-block-image size-full\"><img decoding=\"async\" width=\"4134\" height=\"2362\" src=\"https:\/\/www.chancescook.com\/wp-content\/uploads\/2024\/08\/Wholesale-Stainless-Steel-Cookware-Set-2.webp\" alt=\"Benutzerdefinierte Edelstahl T\u00f6pfe und Pfannen Set-27pcs(1)\" class=\"wp-image-3066\" srcset=\"https:\/\/www.chancescook.com\/wp-content\/uploads\/2024\/08\/Wholesale-Stainless-Steel-Cookware-Set-2.webp 4134w, https:\/\/www.chancescook.com\/wp-content\/uploads\/2024\/08\/Wholesale-Stainless-Steel-Cookware-Set-2-300x171.webp 300w, https:\/\/www.chancescook.com\/wp-content\/uploads\/2024\/08\/Wholesale-Stainless-Steel-Cookware-Set-2-768x439.webp 768w, https:\/\/www.chancescook.com\/wp-content\/uploads\/2024\/08\/Wholesale-Stainless-Steel-Cookware-Set-2-18x10.webp 18w, https:\/\/www.chancescook.com\/wp-content\/uploads\/2024\/08\/Wholesale-Stainless-Steel-Cookware-Set-2-285x163.webp 285w, https:\/\/www.chancescook.com\/wp-content\/uploads\/2024\/08\/Wholesale-Stainless-Steel-Cookware-Set-2-1600x914.webp 1600w, https:\/\/www.chancescook.com\/wp-content\/uploads\/2024\/08\/Wholesale-Stainless-Steel-Cookware-Set-2-660x377.webp 660w, https:\/\/www.chancescook.com\/wp-content\/uploads\/2024\/08\/Wholesale-Stainless-Steel-Cookware-Set-2-150x86.webp 150w\" sizes=\"(max-width: 4134px) 100vw, 4134px\" \/><\/figure>","protected":false},"excerpt":{"rendered":"<p>Unser 27-teiliges, individuelles Edelstahl-Topf- und Pfannenset ist vielseitig einsetzbar und kann mit allen W\u00e4rmequellen verwendet werden, um ein gleichm\u00e4\u00dfiges, konsistentes Kochen zu gew\u00e4hrleisten. Es ist ideal f\u00fcr Hobbyk\u00f6che und Profis gleicherma\u00dfen und kann mit individuellen Optionen f\u00fcr Ihr Branding versehen werden. Fordern Sie ein kostenloses Angebot an!<\/p>\n<h3>Edelstahl T\u00f6pfe und Pfannen Set enth\u00e4lt\uff1a<\/h3>\n<ul>\n<li>16cm x 8,5cm Kochtopf mit Deckel<\/li>\n<li>16cm x 8,5cm Kasserolle mit Deckel<\/li>\n<li>20cm x 11cm Kasserolle mit Deckel<\/li>\n<li>24cm x 13,9cm Kasserolle mit Deckel<\/li>\n<li>24cm x 7,2cm Bratpfanne mit Deckel<\/li>\n<li>20cm x 9,4cm Dampfgarer<\/li>\n<li>20cm R\u00fchrsch\u00fcssel x 2St.<\/li>\n<li>PVC-Deckel x 2 St\u00fcck<\/li>\n<li>Reibe und Adapterring<\/li>\n<li>Schneebesen, Stahlwerkzeug<\/li>\n<li>Nylon K\u00fcchenwerkzeug X 3 St\u00fcck<\/li>\n<li>Mattenhalter x 2 Stk.<\/li>\n<li>18cm Frittierkorb mit Griff<\/li>\n<li>Absaugknopf<\/li>\n<li>Werkzeug f\u00fcr die Fischwaage<\/li>\n<\/ul>","protected":false},"featured_media":4101,"comment_status":"closed","ping_status":"closed","template":"","meta":{"_acf_changed":false},"product_brand":[],"product_cat":[53],"product_tag":[],"class_list":{"0":"post-3568","1":"product","2":"type-product","3":"status-publish","4":"has-post-thumbnail","6":"product_cat-wholesale-cookware-sets","8":"first","9":"instock","10":"shipping-taxable","11":"product-type-simple"},"acf":[],"_links":{"self":[{"href":"https:\/\/www.chancescook.com\/de\/wp-json\/wp\/v2\/product\/3568","targetHints":{"allow":["GET"]}}],"collection":[{"href":"https:\/\/www.chancescook.com\/de\/wp-json\/wp\/v2\/product"}],"about":[{"href":"https:\/\/www.chancescook.com\/de\/wp-json\/wp\/v2\/types\/product"}],"replies":[{"embeddable":true,"href":"https:\/\/www.chancescook.com\/de\/wp-json\/wp\/v2\/comments?post=3568"}],"wp:featuredmedia":[{"embeddable":true,"href":"https:\/\/www.chancescook.com\/de\/wp-json\/wp\/v2\/media\/4101"}],"wp:attachment":[{"href":"https:\/\/www.chancescook.com\/de\/wp-json\/wp\/v2\/media?parent=3568"}],"wp:term":[{"taxonomy":"product_brand","embeddable":true,"href":"https:\/\/www.chancescook.com\/de\/wp-json\/wp\/v2\/product_brand?post=3568"},{"taxonomy":"product_cat","embeddable":true,"href":"https:\/\/www.chancescook.com\/de\/wp-json\/wp\/v2\/product_cat?post=3568"},{"taxonomy":"product_tag","embeddable":true,"href":"https:\/\/www.chancescook.com\/de\/wp-json\/wp\/v2\/product_tag?post=3568"}],"curies":[{"name":"wp","href":"https:\/\/api.w.org\/{rel}","templated":true}]}}