{"id":3661,"date":"2024-08-28T18:33:54","date_gmt":"2024-08-28T18:33:54","guid":{"rendered":"https:\/\/www.chancescook.com\/?post_type=product&#038;p=3661"},"modified":"2024-09-23T06:54:43","modified_gmt":"2024-09-23T06:54:43","slug":"china-supply-cookware-set","status":"publish","type":"product","link":"https:\/\/www.chancescook.com\/de\/produkt\/china-supply-cookware-set\/","title":{"rendered":"China Versorgung Kochgeschirr Set 27 St\u00fcck breite Felge Fischschwanz Griff Stahl Deckel Sets"},"content":{"rendered":"<div class=\"wp-block-columns is-layout-flex wp-container-core-columns-is-layout-9d6595d7 wp-block-columns-is-layout-flex\">\n<div class=\"wp-block-column is-layout-flow wp-block-column-is-layout-flow\">\n<h3 class=\"wp-block-heading\">Merkmale und Vorteile des China-Kochgeschirrsets<\/h3>\n\n\n\n<p><strong>Komplettes 27-teiliges Set<\/strong>: Enth\u00e4lt ein Sortiment an Kochgeschirr und Zubeh\u00f6r f\u00fcr eine Vielzahl von Kochbed\u00fcrfnissen.<\/p>\n\n\n\n<p><\/p>\n\n\n\n<p><strong>Breites Felgendesign<\/strong>: Dieses Kochgeschirr ist so konzipiert, dass es sich leicht ausgie\u00dfen l\u00e4sst und m\u00f6glichst wenig versch\u00fcttet wird.<\/p>\n\n\n\n<p><\/p>\n\n\n\n<p><strong>Fischschwanz-Griff<\/strong>: Ergonomisches Design f\u00fcr einen bequemen und sicheren Griff.<\/p>\n\n\n\n<p><\/p>\n\n\n\n<p><strong>Langlebiger Stahldeckel<\/strong>: Aus hochwertigem Material gefertigt, ist es langlebig und schlie\u00dft gut ab, um Feuchtigkeit und Aromen einzuschlie\u00dfen.<\/p>\n\n\n\n<p><\/p>\n\n\n\n<p><strong>Qualit\u00e4t der Konstruktion<\/strong>: Garantiert dauerhafte Leistung und einfache Wartung.<\/p>\n\n\n\n<p><\/p>\n\n\n\n<p><strong>Kompatibel mit verschiedenen W\u00e4rmequellen<\/strong>: Geeignet f\u00fcr Gas-, Elektro- und Induktionskochfelder.<\/p>\n<\/div>\n\n\n\n<div class=\"wp-block-column is-layout-flow wp-block-column-is-layout-flow\">\n<h3 class=\"wp-block-heading\">Spezifikationen f\u00fcr China-Kochgeschirr-Set<\/h3>\n\n\n\n<p>Hersteller: CHANCES<\/p>\n\n\n\n<p>Modell-Nr.:CY-KB2705C<\/p>\n\n\n\n<p>Material: SS410<\/p>\n\n\n\n<p>St\u00fcckzahl:27 St\u00fcck<\/p>\n\n\n\n<p>Dicke:0,5 mm<\/p>\n\n\n\n<p>Unterseite:3,0 mm<\/p>\n\n\n\n<p>OEM&amp;ODM: Kundenspezifisch, willkommen OEM&amp;ODM<\/p>\n\n\n\n<p>MOQ:1 x 40'HQ<\/p>\n\n\n\n<p>Verpackung: Farbkarton\/Kartonverpackung<\/p>\n\n\n\n<p>Muster: Kostenlos<\/p>\n<\/div>\n<\/div>\n\n\n\n<figure class=\"wp-block-image size-full\"><img decoding=\"async\" width=\"4134\" height=\"2362\" src=\"https:\/\/www.chancescook.com\/wp-content\/uploads\/2024\/08\/Wholesale-Stainless-Steel-Cookware-Set-2.webp\" alt=\"Versorgung China Kochgeschirr Set 27 St\u00fcck-\" class=\"wp-image-3066\" srcset=\"https:\/\/www.chancescook.com\/wp-content\/uploads\/2024\/08\/Wholesale-Stainless-Steel-Cookware-Set-2.webp 4134w, https:\/\/www.chancescook.com\/wp-content\/uploads\/2024\/08\/Wholesale-Stainless-Steel-Cookware-Set-2-300x171.webp 300w, https:\/\/www.chancescook.com\/wp-content\/uploads\/2024\/08\/Wholesale-Stainless-Steel-Cookware-Set-2-768x439.webp 768w, https:\/\/www.chancescook.com\/wp-content\/uploads\/2024\/08\/Wholesale-Stainless-Steel-Cookware-Set-2-18x10.webp 18w, https:\/\/www.chancescook.com\/wp-content\/uploads\/2024\/08\/Wholesale-Stainless-Steel-Cookware-Set-2-285x163.webp 285w, https:\/\/www.chancescook.com\/wp-content\/uploads\/2024\/08\/Wholesale-Stainless-Steel-Cookware-Set-2-1600x914.webp 1600w, https:\/\/www.chancescook.com\/wp-content\/uploads\/2024\/08\/Wholesale-Stainless-Steel-Cookware-Set-2-660x377.webp 660w, https:\/\/www.chancescook.com\/wp-content\/uploads\/2024\/08\/Wholesale-Stainless-Steel-Cookware-Set-2-150x86.webp 150w\" sizes=\"(max-width: 4134px) 100vw, 4134px\" \/><\/figure>","protected":false},"excerpt":{"rendered":"<p>Entdecken Sie unser 27-teiliges China-Kochgeschirrset mit breiten R\u00e4ndern, um ein Versch\u00fctten beim Ausgie\u00dfen zu vermeiden, ergonomischen Fischschwanzgriffen und haltbaren Stahldeckeln, was es zu einer gro\u00dfartigen Wahl f\u00fcr Effizienz und Stil in jeder K\u00fcche macht.<\/p>\n<h3>Edelstahl-Kochgeschirr-Set enth\u00e4lt\uff1a<\/h3>\n<ul>\n<li>16cm x 8,5cm Kochtopf mit Deckel<\/li>\n<li>16cm x 8,5cm Kasserolle mit Deckel<\/li>\n<li>20cm x 11cm Kasserolle mit Deckel<\/li>\n<li>24cm x 13,9cm Kasserolle mit Deckel<\/li>\n<li>24cm x 7,2cm Bratpfanne mit Deckel<\/li>\n<li>20cm x 9,4cm Dampfgarer<\/li>\n<li>20cm R\u00fchrsch\u00fcssel x 2St.<\/li>\n<li>PVC-Deckel x 2 St\u00fcck<\/li>\n<li>Reibe und Adapterring<\/li>\n<li>Schneebesen, Stahlwerkzeug<\/li>\n<li>Nylon K\u00fcchenwerkzeug X 3 St\u00fcck<\/li>\n<li>Mattenhalter x 2 Stk.<\/li>\n<li>18cm Frittierkorb mit Griff<\/li>\n<li>Absaugknopf<\/li>\n<li>Werkzeug f\u00fcr die Fischwaage<\/li>\n<\/ul>","protected":false},"featured_media":4104,"comment_status":"closed","ping_status":"closed","template":"","meta":{"_acf_changed":false},"product_brand":[],"product_cat":[53],"product_tag":[],"class_list":{"0":"post-3661","1":"product","2":"type-product","3":"status-publish","4":"has-post-thumbnail","6":"product_cat-wholesale-cookware-sets","8":"first","9":"instock","10":"shipping-taxable","11":"product-type-simple"},"acf":[],"_links":{"self":[{"href":"https:\/\/www.chancescook.com\/de\/wp-json\/wp\/v2\/product\/3661","targetHints":{"allow":["GET"]}}],"collection":[{"href":"https:\/\/www.chancescook.com\/de\/wp-json\/wp\/v2\/product"}],"about":[{"href":"https:\/\/www.chancescook.com\/de\/wp-json\/wp\/v2\/types\/product"}],"replies":[{"embeddable":true,"href":"https:\/\/www.chancescook.com\/de\/wp-json\/wp\/v2\/comments?post=3661"}],"wp:featuredmedia":[{"embeddable":true,"href":"https:\/\/www.chancescook.com\/de\/wp-json\/wp\/v2\/media\/4104"}],"wp:attachment":[{"href":"https:\/\/www.chancescook.com\/de\/wp-json\/wp\/v2\/media?parent=3661"}],"wp:term":[{"taxonomy":"product_brand","embeddable":true,"href":"https:\/\/www.chancescook.com\/de\/wp-json\/wp\/v2\/product_brand?post=3661"},{"taxonomy":"product_cat","embeddable":true,"href":"https:\/\/www.chancescook.com\/de\/wp-json\/wp\/v2\/product_cat?post=3661"},{"taxonomy":"product_tag","embeddable":true,"href":"https:\/\/www.chancescook.com\/de\/wp-json\/wp\/v2\/product_tag?post=3661"}],"curies":[{"name":"wp","href":"https:\/\/api.w.org\/{rel}","templated":true}]}}