{"id":3701,"date":"2024-08-29T10:45:52","date_gmt":"2024-08-29T10:45:52","guid":{"rendered":"https:\/\/www.chancescook.com\/?post_type=product&#038;p=3701"},"modified":"2025-12-21T13:03:42","modified_gmt":"2025-12-21T13:03:42","slug":"wholesale-chinese-frying-pan","status":"publish","type":"product","link":"https:\/\/www.chancescook.com\/de\/produkt\/wholesale-chinese-frying-pan\/","title":{"rendered":"Fabrik Chinesisch Bratpfanne mit Composite Boden Edelstahl stehend Deckel"},"content":{"rendered":"<div class=\"wp-block-columns is-layout-flex wp-container-core-columns-is-layout-9d6595d7 wp-block-columns-is-layout-flex\">\n<div class=\"wp-block-column is-layout-flow wp-block-column-is-layout-flow\" style=\"flex-basis:50%\">\n<h3 class=\"wp-block-heading\">Eigenschaften und Vorteile der chinesischen Bratpfanne<\/h3>\n\n\n\n<ul class=\"wp-block-list\">\n<li><strong>Effiziente W\u00e4rmeableitung<\/strong>Kompositboden, schnelle und gleichm\u00e4\u00dfige W\u00e4rmeleitung, geeignet zum Braten, Frittieren, D\u00fcnsten und f\u00fcr andere Kochmethoden, um die Kocheffizienz zu erh\u00f6hen.<\/li>\n\n\n\n<li><strong>Qualit\u00e4ts-Edelstahl<\/strong>: Diese chinesische Bratpfanne ist aus hochwertigem Edelstahl gefertigt, korrosionsbest\u00e4ndig, langlebig und leicht zu reinigen.<\/li>\n\n\n\n<li><strong>Ergonomischer Handgriff<\/strong>: Das Design mit nur einem Griff liegt gut in der Hand, ist einfach zu bedienen und eignet sich f\u00fcr verschiedene Kochmethoden.<\/li>\n\n\n\n<li><strong>Hochkant-Deckel<\/strong>: Mit einem aufrechten Deckel, der den Platz auf der Arbeitsplatte minimiert und den Kochvorgang sauber h\u00e4lt.<\/li>\n\n\n\n<li><strong>Gro\u00dfeinkauf bevorzugt<\/strong>: Unsere chinesische Bratpfanne wurde f\u00fcr den Gro\u00dfhandel entwickelt und eignet sich f\u00fcr gro\u00dfe Restaurants und Einzelh\u00e4ndler, die Gro\u00dfmengen abnehmen m\u00fcssen.<\/li>\n\n\n\n<li><strong><a href=\"https:\/\/www.chancescook.com\/de\/custom-cookware\/\" data-type=\"page\" data-id=\"2987\">Kundenspezifischer Service<\/a><\/strong>: Wir k\u00f6nnen die Gr\u00f6\u00dfe, das Design und das Markenlogo an die verschiedenen Marktanforderungen anpassen.<\/li>\n<\/ul>\n<\/div>\n\n\n\n<div class=\"wp-block-column is-layout-flow wp-block-column-is-layout-flow\">\n<figure class=\"wp-block-image size-full\"><img decoding=\"async\" width=\"720\" height=\"720\" src=\"https:\/\/www.chancescook.com\/wp-content\/uploads\/2024\/08\/Wholesale-Chinese-Frying-Pan-stainless-steel-4.webp\" alt=\"Gro\u00dfhandel Chinesisch Bratpfanne aus Edelstahl (4)\" class=\"wp-image-4307\" srcset=\"https:\/\/www.chancescook.com\/wp-content\/uploads\/2024\/08\/Wholesale-Chinese-Frying-Pan-stainless-steel-4.webp 720w, https:\/\/www.chancescook.com\/wp-content\/uploads\/2024\/08\/Wholesale-Chinese-Frying-Pan-stainless-steel-4-300x300.webp 300w, https:\/\/www.chancescook.com\/wp-content\/uploads\/2024\/08\/Wholesale-Chinese-Frying-Pan-stainless-steel-4-150x150.webp 150w, https:\/\/www.chancescook.com\/wp-content\/uploads\/2024\/08\/Wholesale-Chinese-Frying-Pan-stainless-steel-4-12x12.webp 12w, https:\/\/www.chancescook.com\/wp-content\/uploads\/2024\/08\/Wholesale-Chinese-Frying-Pan-stainless-steel-4-285x285.webp 285w, https:\/\/www.chancescook.com\/wp-content\/uploads\/2024\/08\/Wholesale-Chinese-Frying-Pan-stainless-steel-4-270x270.webp 270w, https:\/\/www.chancescook.com\/wp-content\/uploads\/2024\/08\/Wholesale-Chinese-Frying-Pan-stainless-steel-4-540x540.webp 540w, https:\/\/www.chancescook.com\/wp-content\/uploads\/2024\/08\/Wholesale-Chinese-Frying-Pan-stainless-steel-4-660x660.webp 660w\" sizes=\"(max-width: 720px) 100vw, 720px\" \/><\/figure>\n<\/div>\n<\/div>","protected":false},"excerpt":{"rendered":"<p>Unsere chinesische Bratpfanne f\u00fcr den Gro\u00dfhandel verf\u00fcgt \u00fcber einen Verbundboden und ist aus dreilagigem Edelstahl mit einem stabilen Einzelgriff und einem vertikalen Deckel, perfekt f\u00fcr Gro\u00dfeink\u00e4ufe und eine breite Palette von Kochanwendungen. Bitte fragen Sie uns nach einem Angebot!<\/p>\n<h3 class=\"wp-block-heading\">Spezifikationen der chinesischen Bratpfanne<\/h3>\n<ul>\n<li>Hersteller: CHANCES<\/li>\n<li>Material: Dreilagig Edelstahl<\/li>\n<li>Gr\u00f6\u00dfe:8-Zoll, 9-Zoll, 10-Zoll, 11-Zoll und 12-Zoll<\/li>\n<li>Dicke:2,0mm<\/li>\n<li>OEM&amp;ODM: Kundenspezifisch, willkommen OEM&amp;ODM<\/li>\n<li>MOQ:1000PCS<\/li>\n<li>Verpackung: Farbkarton\/Kartonverpackung<\/li>\n<li>Muster: Kostenlos<\/li>\n<\/ul>\n<p><a href=\"https:\/\/www.chancescook.com\/de\"><strong>Chancescook<\/strong><\/a> freut sich, professionelle kundenspezifische Dienstleistungen anbieten zu k\u00f6nnen, um die Bratpfanne aus rostfreiem Stahl kompetent genug zu machen, um Sie bei allem zu unterst\u00fctzen, was Sie w\u00fcnschen. All dies mit Hilfe unserer exklusiven Form Entwicklung, starke Produktionskapazit\u00e4t, und extreme Qualit\u00e4tskontrolle Prozess.<\/p>\n<p>&nbsp;<\/p>","protected":false},"featured_media":5760,"comment_status":"closed","ping_status":"closed","template":"","meta":{"_acf_changed":false},"product_brand":[],"product_cat":[52,66],"product_tag":[],"class_list":{"0":"post-3701","1":"product","2":"type-product","3":"status-publish","4":"has-post-thumbnail","6":"product_cat-cookware-wholesale","7":"product_cat-frying-pan-wholesale","9":"first","10":"instock","11":"shipping-taxable","12":"product-type-simple"},"acf":[],"_links":{"self":[{"href":"https:\/\/www.chancescook.com\/de\/wp-json\/wp\/v2\/product\/3701","targetHints":{"allow":["GET"]}}],"collection":[{"href":"https:\/\/www.chancescook.com\/de\/wp-json\/wp\/v2\/product"}],"about":[{"href":"https:\/\/www.chancescook.com\/de\/wp-json\/wp\/v2\/types\/product"}],"replies":[{"embeddable":true,"href":"https:\/\/www.chancescook.com\/de\/wp-json\/wp\/v2\/comments?post=3701"}],"wp:featuredmedia":[{"embeddable":true,"href":"https:\/\/www.chancescook.com\/de\/wp-json\/wp\/v2\/media\/5760"}],"wp:attachment":[{"href":"https:\/\/www.chancescook.com\/de\/wp-json\/wp\/v2\/media?parent=3701"}],"wp:term":[{"taxonomy":"product_brand","embeddable":true,"href":"https:\/\/www.chancescook.com\/de\/wp-json\/wp\/v2\/product_brand?post=3701"},{"taxonomy":"product_cat","embeddable":true,"href":"https:\/\/www.chancescook.com\/de\/wp-json\/wp\/v2\/product_cat?post=3701"},{"taxonomy":"product_tag","embeddable":true,"href":"https:\/\/www.chancescook.com\/de\/wp-json\/wp\/v2\/product_tag?post=3701"}],"curies":[{"name":"wp","href":"https:\/\/api.w.org\/{rel}","templated":true}]}}