{"id":3755,"date":"2024-09-04T17:33:28","date_gmt":"2024-09-04T17:33:28","guid":{"rendered":"https:\/\/www.chancescook.com\/?post_type=product&#038;p=3755"},"modified":"2024-09-04T17:33:29","modified_gmt":"2024-09-04T17:33:29","slug":"wholesale-cookware-set","status":"publish","type":"product","link":"https:\/\/www.chancescook.com\/de\/produkt\/wholesale-cookware-set\/","title":{"rendered":"Gro\u00dfhandel Kochgeschirr Set 21 Pcs Edelstahl breiten Rand Schmetterling Griff Glasdeckel Set von Pfannen"},"content":{"rendered":"<div class=\"wp-block-columns is-layout-flex wp-container-core-columns-is-layout-9d6595d7 wp-block-columns-is-layout-flex\">\n<div class=\"wp-block-column is-layout-flow wp-block-column-is-layout-flow\">\n<h3 class=\"wp-block-heading\">Merkmale und Vorteile des Gro\u00dfhandels-Kochgeschirrsets<\/h3>\n\n\n\n<ul class=\"wp-block-list\">\n<li><strong>Umfassender Satz<\/strong>: 21 Kochgeschirrteile f\u00fcr alle Kochbed\u00fcrfnisse, ein Set f\u00fcr alle K\u00fcchenprobleme.<\/li>\n\n\n\n<li><strong>Hochwertiger rostfreier Stahl<\/strong>: Dieses Kochgeschirrset besteht aus hochwertigem Edelstahl, der langlebig und korrosionsbest\u00e4ndig ist und eine lange Nutzungsdauer gew\u00e4hrleistet.<\/li>\n\n\n\n<li><strong>Geeignet f\u00fcr mehrere Herdplatten<\/strong>: Egal, ob Sie ein Induktionskochfeld, einen Gasherd oder eine Induktionskochplatte verwenden, unsere T\u00f6pfe und Pfannen sind perfekt daf\u00fcr geeignet.<\/li>\n\n\n\n<li><strong>Breitrandiges Design<\/strong>: T\u00f6pfe und Pfannen mit breitem Rand und auslaufsicherem Design zum leichten Ausgie\u00dfen und Reinigen.<\/li>\n\n\n\n<li><strong>Schmetterlingsgriff<\/strong>Dieses Gro\u00dfhandels-Kochgeschirrset hat einen ergonomischen Schmetterlingsgriff, der bequem in der Hand liegt und sicher in der Anwendung ist.<\/li>\n\n\n\n<li><strong>Glas-Deckel<\/strong>: Mit einem transparenten Glasdeckel ausgestattet, ist es einfach, das Garen der Zutaten zu beobachten und gleichzeitig die Temperatur und Feuchtigkeit zu erhalten.<\/li>\n<\/ul>\n<\/div>\n\n\n\n<div class=\"wp-block-column is-layout-flow wp-block-column-is-layout-flow\">\n<h3 class=\"wp-block-heading\">Spezifikationen des Kochgeschirr-Sets<\/h3>\n\n\n\n<ul class=\"wp-block-list\">\n<li>Hersteller: CHANCES<\/li>\n\n\n\n<li>Modell-Nr.:CY-KB2705C<\/li>\n\n\n\n<li>Material: SS410<\/li>\n\n\n\n<li>St\u00fcckzahl:21 St\u00fcck<\/li>\n\n\n\n<li>Dicke:0,5 mm<\/li>\n\n\n\n<li>Unterseite:3,0 mm1<\/li>\n\n\n\n<li>OEM&amp;ODM: Kundenspezifisch, willkommen OEM&amp;ODM<\/li>\n\n\n\n<li>MOQ:1 x 40'HQ<\/li>\n\n\n\n<li>Verpackung: Farbkarton\/Kartonverpackung<\/li>\n\n\n\n<li>Muster: Kostenlos<\/li>\n<\/ul>\n<\/div>\n<\/div>\n\n\n\n<p><\/p>","protected":false},"excerpt":{"rendered":"<p>Entdecken Sie unser 21-teiliges Kochgeschirrset aus Edelstahl mit breiten R\u00e4ndern, Schmetterlingsgriffen und Glasdeckeln, das sich ideal f\u00fcr Gro\u00dfeink\u00e4ufe und eine effiziente K\u00fcche eignet. Kontaktieren Sie uns f\u00fcr ein kostenloses Angebot!<\/p>\n<h3>Kochgeschirr-Set enth\u00e4lt\uff1a<\/h3>\n<ul>\n<li>16cm x 8,5cm Kochtopf mit Deckel<\/li>\n<li>16cm x 8,5cm Kasserolle mit Deckel<\/li>\n<li>20cm x 11cm Kasserolle mit Deckel<\/li>\n<li>24cm x 13,9cm Kasserolle mit Deckel<\/li>\n<li>24cm x 7,2cm Bratpfanne mit Deckel<\/li>\n<li>20cm x 9,4cm Dampfgarer<\/li>\n<li>20cm R\u00fchrsch\u00fcssel mit PVC-Deckel<\/li>\n<li>30cm K\u00fcchenwerkzeug x 3Pcs<\/li>\n<li>Reibe und Adapterring<\/li>\n<li>Mattenhalter x 2 Stk.<\/li>\n<li>Frittierkorb<\/li>\n<\/ul>","protected":false},"featured_media":3804,"comment_status":"closed","ping_status":"closed","template":"","meta":{"_acf_changed":false},"product_brand":[],"product_cat":[53],"product_tag":[],"class_list":{"0":"post-3755","1":"product","2":"type-product","3":"status-publish","4":"has-post-thumbnail","6":"product_cat-wholesale-cookware-sets","8":"first","9":"instock","10":"shipping-taxable","11":"product-type-simple"},"acf":[],"_links":{"self":[{"href":"https:\/\/www.chancescook.com\/de\/wp-json\/wp\/v2\/product\/3755","targetHints":{"allow":["GET"]}}],"collection":[{"href":"https:\/\/www.chancescook.com\/de\/wp-json\/wp\/v2\/product"}],"about":[{"href":"https:\/\/www.chancescook.com\/de\/wp-json\/wp\/v2\/types\/product"}],"replies":[{"embeddable":true,"href":"https:\/\/www.chancescook.com\/de\/wp-json\/wp\/v2\/comments?post=3755"}],"wp:featuredmedia":[{"embeddable":true,"href":"https:\/\/www.chancescook.com\/de\/wp-json\/wp\/v2\/media\/3804"}],"wp:attachment":[{"href":"https:\/\/www.chancescook.com\/de\/wp-json\/wp\/v2\/media?parent=3755"}],"wp:term":[{"taxonomy":"product_brand","embeddable":true,"href":"https:\/\/www.chancescook.com\/de\/wp-json\/wp\/v2\/product_brand?post=3755"},{"taxonomy":"product_cat","embeddable":true,"href":"https:\/\/www.chancescook.com\/de\/wp-json\/wp\/v2\/product_cat?post=3755"},{"taxonomy":"product_tag","embeddable":true,"href":"https:\/\/www.chancescook.com\/de\/wp-json\/wp\/v2\/product_tag?post=3755"}],"curies":[{"name":"wp","href":"https:\/\/api.w.org\/{rel}","templated":true}]}}