{"id":3758,"date":"2024-09-05T09:23:40","date_gmt":"2024-09-05T09:23:40","guid":{"rendered":"https:\/\/www.chancescook.com\/?post_type=product&#038;p=3758"},"modified":"2024-09-23T08:16:23","modified_gmt":"2024-09-23T08:16:23","slug":"chinese-cookware-set","status":"publish","type":"product","link":"https:\/\/www.chancescook.com\/de\/produkt\/chinese-cookware-set\/","title":{"rendered":"Chinesisches Kochgeschirr Set Herstellung Edelstahl Trommel Kochgeschirr 7-teiliges Set mit Glasdeckel"},"content":{"rendered":"<div class=\"wp-block-columns is-layout-flex wp-container-core-columns-is-layout-9d6595d7 wp-block-columns-is-layout-flex\">\n<div class=\"wp-block-column is-layout-flow wp-block-column-is-layout-flow\">\n<h3 class=\"wp-block-heading\">Eigenschaften und Vorteile des chinesischen Kochgeschirrsets<\/h3>\n\n\n\n<ul class=\"wp-block-list\">\n<li><strong>Hochwertiges Material<\/strong>: Das 7-teilige Kochgeschirrset ist aus hochwertigem, lebensmittelechtem Edelstahl gefertigt, langlebig und gesund.<\/li>\n\n\n\n<li><strong>Kompatibilit\u00e4t<\/strong>Das chinesische Kochgeschirrset ist f\u00fcr alle Herdarten geeignet, einschlie\u00dflich Induktion und Gasherde. Das gesamte Set ist hitzebest\u00e4ndig, sicher und zuverl\u00e4ssig.<\/li>\n\n\n\n<li><strong>Ergonomisches Griffdesign<\/strong>: Ein chinesisches Kochgeschirr mit verschiedenen Griffformen ist ergonomisch geformt, damit es beim Kochen bequem und sicher in der Hand liegt.<\/li>\n\n\n\n<li><strong>Gleichm\u00e4\u00dfige Erw\u00e4rmung<\/strong>: Das Design und die Materialien der Trommel beg\u00fcnstigen eine gleichm\u00e4\u00dfige Erw\u00e4rmung, und das Design des Glasdeckels verringert den W\u00e4rmeverlust und verbessert die Kocheffizienz.<\/li>\n\n\n\n<li><strong>Glas-Deckel-Design<\/strong>: Modern und minimalistisch, erm\u00f6glicht es einen einfachen Blick auf das Essen im Topf und wertet die \u00c4sthetik der K\u00fcchenutensilien auf.<\/li>\n\n\n\n<li><strong>Vielseitigkeit<\/strong>: Das 7-teilige Kochgeschirrset umfasst eine Vielzahl von T\u00f6pfen und Pfannen, die f\u00fcr verschiedene Kochmethoden verwendet werden k\u00f6nnen, vom Schmoren bis zum Anbraten.<\/li>\n<\/ul>\n<\/div>\n\n\n\n<div class=\"wp-block-column is-layout-flow wp-block-column-is-layout-flow\">\n<h3 class=\"wp-block-heading\">Spezifikationen des Kochgeschirr-Sets<\/h3>\n\n\n\n<ul class=\"wp-block-list\">\n<li>Hersteller: CHANCES<\/li>\n\n\n\n<li>Model No.:CY-GXBG0705\/CY-GXBG0705A\/CY-GXBG0705B<\/li>\n\n\n\n<li>Material: SS201<\/li>\n\n\n\n<li>St\u00fcckzahl:7 St\u00fcck<\/li>\n\n\n\n<li>Dicke:0,5 mm<\/li>\n\n\n\n<li>Unterseite:3,0 mm<\/li>\n\n\n\n<li><strong><a href=\"https:\/\/www.chancescook.com\/de\/custom-cookware\/\" data-type=\"page\" data-id=\"2987\">OEM&amp;ODM<\/a><\/strong>: Kundenspezifisch, Willkommen OEM&amp;ODM<\/li>\n\n\n\n<li>MOQ:1 x 40'HQ<\/li>\n\n\n\n<li>Verpackung: Farbkarton\/Kartonverpackung<\/li>\n\n\n\n<li>Muster: Kostenlos<\/li>\n<\/ul>\n<\/div>\n<\/div>","protected":false},"excerpt":{"rendered":"<p>Chinese cookware set stellt ein Kochgeschirr mit 7 verschiedenen T\u00f6pfen und Pfannen her. Es ist aus hochwertigem Edelstahl gefertigt und wird mit langlebigen Glasdeckeln geliefert, die eine trommelf\u00f6rmige Topfstruktur mit einem modernen Design kombinieren, um die Funktionalit\u00e4t Ihrer K\u00fcche zu verbessern. Dieses Kochgeschirrset ist eines der am besten bewerteten Kochgeschirrsets, das verschiedene Kochanforderungen erf\u00fcllt und die Kochleistung verbessert!<\/p>\n<h3>Chinesisches Kochgeschirr-Set enth\u00e4lt:<\/h3>\n<table width=\"781\">\n<tbody>\n<tr>\n<td width=\"136\">Modell Nr.<\/td>\n<td width=\"230\">Produkt-Varianten<\/td>\n<td width=\"413\">Konfiguration<\/td>\n<\/tr>\n<tr>\n<td>CY-GXBG0705<\/td>\n<td width=\"230\">Schmetterlingsgriff f\u00fcr Trommeldeckel Topf mit Deckel<\/td>\n<td rowspan=\"3\" width=\"413\">16cm x 10,5cm Kochtopf mit Deckel<br \/>18cm x 11,5cm Kasserolle mit Deckel<br \/>24cm x 14,5cm Kasserolle mit Deckel<br \/>24cm x 7,5cm Bratpfanne<\/td>\n<\/tr>\n<tr>\n<td>CY-GXBG0705A<\/td>\n<td width=\"230\">Hohlgriff f\u00fcr Fa\u00dfdeckelmuffen-T\u00f6pfe<\/td>\n<\/tr>\n<tr>\n<td>CY-GXBG0705B<\/td>\n<td width=\"230\">Trommelf\u00f6rmiger Topf mit Glasdeckel<\/td>\n<\/tr>\n<\/tbody>\n<\/table>","protected":false},"featured_media":4112,"comment_status":"closed","ping_status":"closed","template":"","meta":{"_acf_changed":false},"product_brand":[],"product_cat":[53],"product_tag":[],"class_list":{"0":"post-3758","1":"product","2":"type-product","3":"status-publish","4":"has-post-thumbnail","6":"product_cat-wholesale-cookware-sets","8":"first","9":"instock","10":"shipping-taxable","11":"product-type-simple"},"acf":[],"_links":{"self":[{"href":"https:\/\/www.chancescook.com\/de\/wp-json\/wp\/v2\/product\/3758","targetHints":{"allow":["GET"]}}],"collection":[{"href":"https:\/\/www.chancescook.com\/de\/wp-json\/wp\/v2\/product"}],"about":[{"href":"https:\/\/www.chancescook.com\/de\/wp-json\/wp\/v2\/types\/product"}],"replies":[{"embeddable":true,"href":"https:\/\/www.chancescook.com\/de\/wp-json\/wp\/v2\/comments?post=3758"}],"wp:featuredmedia":[{"embeddable":true,"href":"https:\/\/www.chancescook.com\/de\/wp-json\/wp\/v2\/media\/4112"}],"wp:attachment":[{"href":"https:\/\/www.chancescook.com\/de\/wp-json\/wp\/v2\/media?parent=3758"}],"wp:term":[{"taxonomy":"product_brand","embeddable":true,"href":"https:\/\/www.chancescook.com\/de\/wp-json\/wp\/v2\/product_brand?post=3758"},{"taxonomy":"product_cat","embeddable":true,"href":"https:\/\/www.chancescook.com\/de\/wp-json\/wp\/v2\/product_cat?post=3758"},{"taxonomy":"product_tag","embeddable":true,"href":"https:\/\/www.chancescook.com\/de\/wp-json\/wp\/v2\/product_tag?post=3758"}],"curies":[{"name":"wp","href":"https:\/\/api.w.org\/{rel}","templated":true}]}}