{"id":3764,"date":"2024-09-05T06:48:40","date_gmt":"2024-09-05T06:48:40","guid":{"rendered":"https:\/\/www.chancescook.com\/?post_type=product&#038;p=3764"},"modified":"2024-09-23T08:26:19","modified_gmt":"2024-09-23T08:26:19","slug":"pots-and-pans-supplier","status":"publish","type":"product","link":"https:\/\/www.chancescook.com\/de\/produkt\/pots-and-pans-supplier\/","title":{"rendered":"T\u00f6pfe und Pfannen Lieferant von Edelstahl Trommel Glasdeckel 12 St\u00fcck Kochgeschirr Set"},"content":{"rendered":"<div class=\"wp-block-columns is-layout-flex wp-container-core-columns-is-layout-9d6595d7 wp-block-columns-is-layout-flex\">\n<div class=\"wp-block-column is-layout-flow wp-block-column-is-layout-flow\">\n<h3 class=\"wp-block-heading\">Merkmale und Vorteile des Lieferanten von T\u00f6pfen und Pfannen <\/h3>\n\n\n\n<ul class=\"wp-block-list\">\n<li><strong>Vielfalt der Materialien<\/strong>: Unser 12-teiliges Topf- und Pfannenset bietet Kochgeschirr aus verschiedenen Materialien, wie Edelstahl und Antihaftbeschichtung, f\u00fcr unterschiedliche Kochbed\u00fcrfnisse und Vorlieben.<\/li>\n\n\n\n<li><strong>Bequemlichkeit<\/strong>: Mit dem One-Stop-Shopping k\u00f6nnen Sie eine Vielzahl von T\u00f6pfen und Pfannen aus einer Hand kaufen, was die Kosten senkt und die Effizienz erh\u00f6ht.<\/li>\n\n\n\n<li><strong>Mehrere Gr\u00f6\u00dfenoptionen<\/strong>: Umfasst eine breite Palette von Kochgeschirr, um die verschiedenen Bed\u00fcrfnisse der privaten und gewerblichen K\u00fcche zu erf\u00fcllen.<\/li>\n\n\n\n<li><strong>Dauerhaft<\/strong>: T\u00f6pfe und Pfannen aus rostfreiem Stahl sind nicht nur langlebig und leicht zu reinigen, sondern sorgen durch ihre hervorragende W\u00e4rmeleitf\u00e4higkeit auch f\u00fcr eine gleichm\u00e4\u00dfige Erw\u00e4rmung der Zutaten.<\/li>\n\n\n\n<li><strong>Trommelf\u00f6rmige Pfanne<\/strong>: Dank des gr\u00f6\u00dferen Fassungsverm\u00f6gens eignet er sich besser zum Garen und Kochen gr\u00f6\u00dferer Mengen als eine Pfanne.<\/li>\n\n\n\n<li><strong>Transparenter Glasdeckel Design<\/strong>: Einfaches \u00dcberpr\u00fcfen des Status der Speisen w\u00e4hrend des Garvorgangs, weniger h\u00e4ufiges \u00d6ffnen des Deckels und effizienteres Garen.<\/li>\n<\/ul>\n<\/div>\n\n\n\n<div class=\"wp-block-column is-layout-flow wp-block-column-is-layout-flow\">\n<h3 class=\"wp-block-heading\">Spezifikationen f\u00fcr T\u00f6pfe und Pfannen<\/h3>\n\n\n\n<ul class=\"wp-block-list\">\n<li>Hersteller: CHANCES<\/li>\n\n\n\n<li>Model No.:CY-GXBG1205\/CY-GXBG1205A<\/li>\n\n\n\n<li>Material: SS201<\/li>\n\n\n\n<li>St\u00fcckzahl:12 St\u00fcck<\/li>\n\n\n\n<li>Dicke:0,5 mm<\/li>\n\n\n\n<li>Unterseite:3,0 mm<\/li>\n\n\n\n<li>GW\/NW: 17,0 kg\/15,4 kg<\/li>\n\n\n\n<li>OEM&amp;ODM: Kundenspezifisch, willkommen OEM&amp;ODM<\/li>\n\n\n\n<li>MOQ:1 x 40'HQ<\/li>\n\n\n\n<li>Verpackung: Farbkarton\/Kartonverpackung<\/li>\n\n\n\n<li>Muster: Kostenlos<\/li>\n<\/ul>\n<\/div>\n<\/div>\n\n\n\n<div class=\"wp-block-columns is-layout-flex wp-container-core-columns-is-layout-9d6595d7 wp-block-columns-is-layout-flex\">\n<div class=\"wp-block-column is-layout-flow wp-block-column-is-layout-flow\" style=\"flex-basis:33.34%\"><\/div>\n\n\n\n<div class=\"wp-block-column is-layout-flow wp-block-column-is-layout-flow\" style=\"flex-basis:33.34%\">\n<figure class=\"wp-block-image size-full\"><img decoding=\"async\" width=\"2126\" height=\"2040\" src=\"https:\/\/www.chancescook.com\/wp-content\/uploads\/2024\/09\/Pots-and-Pans-Supplier-3.webp\" alt=\"T\u00f6pfe und Pfannen Lieferant\" class=\"wp-image-3817\" srcset=\"https:\/\/www.chancescook.com\/wp-content\/uploads\/2024\/09\/Pots-and-Pans-Supplier-3.webp 2126w, https:\/\/www.chancescook.com\/wp-content\/uploads\/2024\/09\/Pots-and-Pans-Supplier-3-300x288.webp 300w, https:\/\/www.chancescook.com\/wp-content\/uploads\/2024\/09\/Pots-and-Pans-Supplier-3-768x737.webp 768w, https:\/\/www.chancescook.com\/wp-content\/uploads\/2024\/09\/Pots-and-Pans-Supplier-3-13x12.webp 13w, https:\/\/www.chancescook.com\/wp-content\/uploads\/2024\/09\/Pots-and-Pans-Supplier-3-285x273.webp 285w, https:\/\/www.chancescook.com\/wp-content\/uploads\/2024\/09\/Pots-and-Pans-Supplier-3-1600x1535.webp 1600w, https:\/\/www.chancescook.com\/wp-content\/uploads\/2024\/09\/Pots-and-Pans-Supplier-3-660x633.webp 660w, https:\/\/www.chancescook.com\/wp-content\/uploads\/2024\/09\/Pots-and-Pans-Supplier-3-150x144.webp 150w\" sizes=\"(max-width: 2126px) 100vw, 2126px\" \/><\/figure>\n<\/div>\n\n\n\n<div class=\"wp-block-column is-layout-flow wp-block-column-is-layout-flow\" style=\"flex-basis:33.33%\"><\/div>\n<\/div>","protected":false},"excerpt":{"rendered":"<p>Entdecken Sie unsere 12-teiligen T\u00f6pfe und Pfannen aus Edelstahl mit Trommeldesign und Klarglasdeckeln. Vielseitiges Kochgeschirr mit industrieller Basis, das Langlebigkeit und stilvolle \u00c4sthetik mit zuverl\u00e4ssiger Qualit\u00e4t und einem guten Preis-Leistungs-Verh\u00e4ltnis f\u00fcr eine breite Palette von Kochaufgaben kombiniert. Anfragen sind willkommen!<\/p>\n<h3>T\u00f6pfe und Pfannen enthalten\uff1a<\/h3>\n<table border=\"0\" width=\"1364\" cellspacing=\"0\" cellpadding=\"0\">\n<tbody>\n<tr>\n<td width=\"285\" height=\"42\">Modell Nr.<\/td>\n<td width=\"385\">Produkt-Varianten<\/td>\n<td width=\"692\">Konfiguration<\/td>\n<\/tr>\n<tr>\n<td height=\"176\">CY-GXBG1205<\/td>\n<td width=\"385\">T\u00f6pfe und Pfannen mit Klarglasdeckeln<\/td>\n<td rowspan=\"2\" width=\"692\">16cm x 10,5cm Kochtopf mit Deckel <br \/>16cm x 10,5cm Kasserolle mit Deckel <br \/>18cm x 11,5cm Kasserolle mit Deckel <br \/>20cm x 12,5cm Kasserolle mit Deckel <br \/>24cm x 14,5cm Kasserolle mit Deckel <br \/>24cm x 7,5cm Bratpfanne mit Deckel<\/td>\n<\/tr>\n<tr>\n<td height=\"176\">CY-GXBG1205A<\/td>\n<td width=\"385\">T\u00f6pfe und Pfannen mit Klarglasdeckeln (Bratpfanne mit Antihaftbeschichtung)<\/td>\n<\/tr>\n<\/tbody>\n<\/table>","protected":false},"featured_media":4099,"comment_status":"closed","ping_status":"closed","template":"","meta":{"_acf_changed":false},"product_brand":[],"product_cat":[53],"product_tag":[],"class_list":{"0":"post-3764","1":"product","2":"type-product","3":"status-publish","4":"has-post-thumbnail","6":"product_cat-wholesale-cookware-sets","8":"first","9":"instock","10":"shipping-taxable","11":"product-type-simple"},"acf":[],"_links":{"self":[{"href":"https:\/\/www.chancescook.com\/de\/wp-json\/wp\/v2\/product\/3764","targetHints":{"allow":["GET"]}}],"collection":[{"href":"https:\/\/www.chancescook.com\/de\/wp-json\/wp\/v2\/product"}],"about":[{"href":"https:\/\/www.chancescook.com\/de\/wp-json\/wp\/v2\/types\/product"}],"replies":[{"embeddable":true,"href":"https:\/\/www.chancescook.com\/de\/wp-json\/wp\/v2\/comments?post=3764"}],"wp:featuredmedia":[{"embeddable":true,"href":"https:\/\/www.chancescook.com\/de\/wp-json\/wp\/v2\/media\/4099"}],"wp:attachment":[{"href":"https:\/\/www.chancescook.com\/de\/wp-json\/wp\/v2\/media?parent=3764"}],"wp:term":[{"taxonomy":"product_brand","embeddable":true,"href":"https:\/\/www.chancescook.com\/de\/wp-json\/wp\/v2\/product_brand?post=3764"},{"taxonomy":"product_cat","embeddable":true,"href":"https:\/\/www.chancescook.com\/de\/wp-json\/wp\/v2\/product_cat?post=3764"},{"taxonomy":"product_tag","embeddable":true,"href":"https:\/\/www.chancescook.com\/de\/wp-json\/wp\/v2\/product_tag?post=3764"}],"curies":[{"name":"wp","href":"https:\/\/api.w.org\/{rel}","templated":true}]}}