{"id":3789,"date":"2024-09-05T07:58:06","date_gmt":"2024-09-05T07:58:06","guid":{"rendered":"https:\/\/www.chancescook.com\/?post_type=product&#038;p=3789"},"modified":"2024-09-23T08:08:37","modified_gmt":"2024-09-23T08:08:37","slug":"12-piece-cookware-set-wholesale","status":"publish","type":"product","link":"https:\/\/www.chancescook.com\/de\/produkt\/12-piece-cookware-set-wholesale\/","title":{"rendered":"12 St\u00fcck Kochgeschirr Set Gro\u00dfhandel Edelstahl Trommel Klarglas Deckeln"},"content":{"rendered":"<div class=\"wp-block-columns is-layout-flex wp-container-core-columns-is-layout-9d6595d7 wp-block-columns-is-layout-flex\">\n<div class=\"wp-block-column is-layout-flow wp-block-column-is-layout-flow\">\n<h3 class=\"wp-block-heading\">Eigenschaften und Vorteile des 12-teiligen Kochgeschirrsets<\/h3>\n\n\n\n<ul class=\"wp-block-list\">\n<li><strong>Premium-Edelstahl<\/strong>: Dieses 12-teilige Kochgeschirr ist aus hochwertigem Edelstahl gefertigt, der langlebig und korrosionsbest\u00e4ndig ist.<\/li>\n\n\n\n<li><strong>Backofenfest<\/strong>: Dieses Kochgeschirrset der Kochgeschirrfirma ist ofenfest von ca. 350\u00b0F bis 450\u00b0F f\u00fcr eine breite Palette von Kochmethoden.<\/li>\n\n\n\n<li><strong>Technologie der W\u00e4rmeverteilung<\/strong>: Die gleichm\u00e4\u00dfige W\u00e4rmeverteilung auf dem Boden sorgt f\u00fcr gleichm\u00e4\u00dfige Kochergebnisse ohne hei\u00dfe Stellen.<\/li>\n\n\n\n<li><strong>Ergonomische Griffe<\/strong>: Ein robustes 12-teiliges Kochgeschirr, das sich k\u00fchl anf\u00fchlt und ergonomisch geformt ist, damit Sie es beim Kochen bequem und sicher halten k\u00f6nnen.<\/li>\n\n\n\n<li><strong>Vielseitig und einfach zu bedienen<\/strong>: Gro\u00dfhandel Kochgeschirr umfasst mehrere Gr\u00f6\u00dfen von T\u00f6pfen, Pfannen, Kocht\u00f6pfe, T\u00f6pfe, und andere Werkzeuge f\u00fcr alle K\u00fcche braucht.<\/li>\n\n\n\n<li><strong>Leicht zu reinigen<\/strong>: Sp\u00fclmaschinenfest, damit das Kochgeschirr wie neu aussieht.<\/li>\n<\/ul>\n<\/div>\n\n\n\n<div class=\"wp-block-column is-layout-flow wp-block-column-is-layout-flow\">\n<h3 class=\"wp-block-heading\">Spezifikationen des 12-teiligen Kochgeschirrsets<\/h3>\n\n\n\n<ul class=\"wp-block-list\">\n<li>Hersteller: CHANCES<\/li>\n\n\n\n<li>Model No.:CY-GXBG1205B\/CY-TGGX1205A<\/li>\n\n\n\n<li>Material: SS201<\/li>\n\n\n\n<li>St\u00fcckzahl:12 St\u00fcck<\/li>\n\n\n\n<li>Dicke:0,5 mm<\/li>\n\n\n\n<li>OEM&amp;ODM: Kundenspezifisch, willkommen OEM&amp;ODM<\/li>\n\n\n\n<li>MOQ:1 x 40'HQ<\/li>\n\n\n\n<li>Verpackung: Farbe Box, Karton Box oder benutzerdefinierte<\/li>\n\n\n\n<li>Muster: Kostenlos<\/li>\n<\/ul>\n<\/div>\n<\/div>\n\n\n\n<p><\/p>","protected":false},"excerpt":{"rendered":"<p>Entdecken Sie das 12-teilige Kochgeschirr-Set von Chances, ein vielseitiges, kosteng\u00fcnstiges Kochgeschirr, das sowohl funktionell als auch sch\u00f6n ist, egal ob es im Gro\u00dfhandel f\u00fcr gewerbliche Zwecke oder in der heimischen K\u00fcche verwendet wird.<\/p>\n<h3>12-teiliges Kochgeschirr-Set enth\u00e4lt:<\/h3>\n<table style=\"border-collapse: collapse; width: 511.52pt;\" border=\"0\" width=\"1364\" cellspacing=\"0\" cellpadding=\"0\">\n<tbody>\n<tr style=\"height: 16.10pt;\">\n<td class=\"et3\" style=\"height: 16.10pt; width: 107.20pt;\" width=\"285\" height=\"42\">Modell Nr.<\/td>\n<td class=\"et3\" style=\"width: 144.55pt;\" width=\"385\">Produkt-Varianten<\/td>\n<td class=\"et3\" style=\"width: 259.85pt;\" width=\"692\">Konfiguration<\/td>\n<\/tr>\n<tr style=\"height: 72.00pt;\">\n<td class=\"et4\" style=\"height: 72.00pt;\" height=\"192\">CY-GXBG1205B<\/td>\n<td class=\"et5\" style=\"width: 144.55pt;\" width=\"385\">Hohlgriff-Trommel-Glasdeckelsets<\/td>\n<td class=\"et5\" style=\"width: 259.85pt;\" width=\"692\">16cm x 9.2cm Kochtopf mit Deckel<br \/>16cm x 9,2cm Kasserolle mit Deckel<br \/>18cm x 9,9cm Kasserolle mit Deckel<br \/>20cm x 10,2cm Kasserolle mit Deckel<br \/>24cm x 11,9cm Kasserolle mit Deckel<br \/>24cm x 6.8cm Bratpfanne mit Deckel<\/td>\n<\/tr>\n<tr style=\"height: 72.00pt;\">\n<td class=\"et4\" style=\"height: 72.00pt;\" height=\"192\">CY-TGGX1205A<\/td>\n<td class=\"et5\" style=\"width: 144.55pt;\" width=\"385\">Trommelf\u00f6rmige Gussgriff-Glasabdeckung<\/td>\n<td class=\"et5\" style=\"width: 259.85pt;\" width=\"692\">16cm x 10,5cm Kochtopf mit Deckel <br \/>16cm x 10,5cm Kasserolle mit Deckel <br \/>18cm x 11,5cm Kasserolle mit Deckel <br \/>20cm x 12,5cm Kasserolle mit Deckel <br \/>24cm x 14,5cm Kasserolle mit Deckel <br \/>24cm x 7,5cm Bratpfanne mit Deckel<\/td>\n<\/tr>\n<\/tbody>\n<\/table>","protected":false},"featured_media":4107,"comment_status":"closed","ping_status":"closed","template":"","meta":{"_acf_changed":false},"product_brand":[],"product_cat":[53],"product_tag":[],"class_list":{"0":"post-3789","1":"product","2":"type-product","3":"status-publish","4":"has-post-thumbnail","6":"product_cat-wholesale-cookware-sets","8":"first","9":"instock","10":"shipping-taxable","11":"product-type-simple"},"acf":[],"_links":{"self":[{"href":"https:\/\/www.chancescook.com\/de\/wp-json\/wp\/v2\/product\/3789","targetHints":{"allow":["GET"]}}],"collection":[{"href":"https:\/\/www.chancescook.com\/de\/wp-json\/wp\/v2\/product"}],"about":[{"href":"https:\/\/www.chancescook.com\/de\/wp-json\/wp\/v2\/types\/product"}],"replies":[{"embeddable":true,"href":"https:\/\/www.chancescook.com\/de\/wp-json\/wp\/v2\/comments?post=3789"}],"wp:featuredmedia":[{"embeddable":true,"href":"https:\/\/www.chancescook.com\/de\/wp-json\/wp\/v2\/media\/4107"}],"wp:attachment":[{"href":"https:\/\/www.chancescook.com\/de\/wp-json\/wp\/v2\/media?parent=3789"}],"wp:term":[{"taxonomy":"product_brand","embeddable":true,"href":"https:\/\/www.chancescook.com\/de\/wp-json\/wp\/v2\/product_brand?post=3789"},{"taxonomy":"product_cat","embeddable":true,"href":"https:\/\/www.chancescook.com\/de\/wp-json\/wp\/v2\/product_cat?post=3789"},{"taxonomy":"product_tag","embeddable":true,"href":"https:\/\/www.chancescook.com\/de\/wp-json\/wp\/v2\/product_tag?post=3789"}],"curies":[{"name":"wp","href":"https:\/\/api.w.org\/{rel}","templated":true}]}}