{"id":3806,"date":"2024-09-05T10:04:25","date_gmt":"2024-09-05T10:04:25","guid":{"rendered":"https:\/\/www.chancescook.com\/?post_type=product&#038;p=3806"},"modified":"2024-09-23T08:51:54","modified_gmt":"2024-09-23T08:51:54","slug":"wholesale-saucepan-set","status":"publish","type":"product","link":"https:\/\/www.chancescook.com\/de\/produkt\/wholesale-saucepan-set\/","title":{"rendered":"Gro\u00dfhandel Kochtopf Set Edelstahl mit koreanischen Stil 6 St\u00fcck Set"},"content":{"rendered":"<div class=\"wp-block-columns is-layout-flex wp-container-core-columns-is-layout-9d6595d7 wp-block-columns-is-layout-flex\">\n<div class=\"wp-block-column is-layout-flow wp-block-column-is-layout-flow\">\n<h3 class=\"wp-block-heading\">Eigenschaften und Vorteile des Kochtopfsets<\/h3>\n\n\n\n<ul class=\"wp-block-list\">\n<li><strong>Premium-Edelstahlkonstruktion<\/strong>: Diese Kochtopfsets sind aus hochwertigem Edelstahl gefertigt, der f\u00fcr Haltbarkeit und Langlebigkeit sorgt. Sie sind w\u00e4rmeleitend sowie rost- und korrosionsbest\u00e4ndig.<\/li>\n\n\n\n<li><strong>Koreanisches Design<\/strong>: Das 6-teilige Set zeichnet sich durch ein elegantes, modernes koreanisches Design aus, das der K\u00fcche einen Hauch von Raffinesse verleiht.<\/li>\n\n\n\n<li><strong>Vielfalt der Gr\u00f6\u00dfen<\/strong>: Das Kochtopfset umfasst verschiedene Gr\u00f6\u00dfen von Kocht\u00f6pfen, um eine Vielzahl von Kochanforderungen zu erf\u00fcllen. Jedes Teil ist f\u00fcr eine optimale Kocheffizienz konzipiert.<\/li>\n\n\n\n<li><strong>Bequeme Griffe<\/strong>: Die ergonomisch geformten Griffe dieser Kochtopfsets bieten einen bequemen und sicheren Halt, auch wenn der Topf voll mit Lebensmitteln ist.<\/li>\n\n\n\n<li><strong>Deckel aus geh\u00e4rtetem Glas<\/strong>: Jede Pfanne wird mit einem Deckel aus geh\u00e4rtetem Glas geliefert, der es Ihnen erm\u00f6glicht, den Kochvorgang zu kontrollieren, ohne den Deckel abnehmen zu m\u00fcssen. Die Deckel sind mit Entl\u00fcftungs\u00f6ffnungen versehen, damit der Dampf nicht entweichen kann.<\/li>\n\n\n\n<li><strong>Leicht zu reinigen<\/strong>: Die glatte Edelstahloberfl\u00e4che ist leicht zu reinigen und zu pflegen. Das Set ist sp\u00fclmaschinengeeignet, was die Reinigung zum Kinderspiel macht.<\/li>\n<\/ul>\n<\/div>\n\n\n\n<div class=\"wp-block-column is-layout-flow wp-block-column-is-layout-flow\">\n<h3 class=\"wp-block-heading\">Spezifikationen des Kochtopfsets<\/h3>\n\n\n\n<ul class=\"wp-block-list\">\n<li>Hersteller: CHANCES<\/li>\n\n\n\n<li>Model No.:CY-HSGX1506\/CY-HSZS1506<\/li>\n\n\n\n<li>Material: SS201<\/li>\n\n\n\n<li>St\u00fcckzahl:6 St\u00fcck<\/li>\n\n\n\n<li>Deckel: Edelstahl-Deckel<\/li>\n\n\n\n<li>Dicke:0,4mm<\/li>\n\n\n\n<li>Unterseite:2,0 mm<\/li>\n\n\n\n<li>OEM&amp;ODM: Kundenspezifisch, willkommen OEM&amp;ODM<\/li>\n\n\n\n<li>Verpackung: Farbkarton\/Kartonverpackung<\/li>\n\n\n\n<li>Muster: Kostenlos<\/li>\n<\/ul>\n<\/div>\n<\/div>","protected":false},"excerpt":{"rendered":"<p>Gro\u00dfhandel Kochtopfset mit koreanischem Trommelset und koreanischem geraden Set, das 8-teilige Set umfasst eine Vielzahl von Gr\u00f6\u00dfen mit einer gro\u00dfen Raumkapazit\u00e4t, perfekt f\u00fcr eine Vielzahl von Kochbed\u00fcrfnissen. Alle T\u00f6pfe und Pfannen sind aus hochwertigen Materialien hergestellt, um eine gute W\u00e4rmeleitf\u00e4higkeit und Haltbarkeit zu gew\u00e4hrleisten. Ob f\u00fcr den privaten oder gewerblichen Gebrauch, dieses koreanische 6-teilige Kochgeschirr-Set bietet Ihnen ein umfassendes Kocherlebnis.<\/p>\n<h3>Kochtopf-Set enth\u00e4lt:<\/h3>\n<table border=\"0\" width=\"1364\" cellspacing=\"0\" cellpadding=\"0\">\n<tbody>\n<tr>\n<td width=\"285\" height=\"42\">Modell Nr.<\/td>\n<td width=\"385\">Produkt-Varianten<\/td>\n<td width=\"692\">Konfiguration<\/td>\n<\/tr>\n<tr>\n<td height=\"192\">CY-HSGX1506<\/td>\n<td width=\"385\">Koreanischer trommelf\u00f6rmiger Kochtopf<\/td>\n<td width=\"692\">14cm x 8,7cm Kochtopf mit Deckel<br \/>16cm x 9.6cm Kochtopf mit Deckel<br \/>18cm x 10.1cm Kochtopf mit Deckel<\/td>\n<\/tr>\n<tr>\n<td height=\"192\">CY-HSZS1506<\/td>\n<td width=\"385\">Gerader Kochtopf nach koreanischer Art<\/td>\n<td width=\"692\">14cm x 9.3cm Kochtopf mit Deckel<br \/>16cm x 10.1cm Kochtopf mit Deckel<br \/>18cm x 10,6cm Kochtopf mit Deckel<\/td>\n<\/tr>\n<\/tbody>\n<\/table>","protected":false},"featured_media":4129,"comment_status":"closed","ping_status":"closed","template":"","meta":{"_acf_changed":false},"product_brand":[],"product_cat":[53],"product_tag":[],"class_list":{"0":"post-3806","1":"product","2":"type-product","3":"status-publish","4":"has-post-thumbnail","6":"product_cat-wholesale-cookware-sets","8":"first","9":"instock","10":"shipping-taxable","11":"product-type-simple"},"acf":[],"_links":{"self":[{"href":"https:\/\/www.chancescook.com\/de\/wp-json\/wp\/v2\/product\/3806","targetHints":{"allow":["GET"]}}],"collection":[{"href":"https:\/\/www.chancescook.com\/de\/wp-json\/wp\/v2\/product"}],"about":[{"href":"https:\/\/www.chancescook.com\/de\/wp-json\/wp\/v2\/types\/product"}],"replies":[{"embeddable":true,"href":"https:\/\/www.chancescook.com\/de\/wp-json\/wp\/v2\/comments?post=3806"}],"wp:featuredmedia":[{"embeddable":true,"href":"https:\/\/www.chancescook.com\/de\/wp-json\/wp\/v2\/media\/4129"}],"wp:attachment":[{"href":"https:\/\/www.chancescook.com\/de\/wp-json\/wp\/v2\/media?parent=3806"}],"wp:term":[{"taxonomy":"product_brand","embeddable":true,"href":"https:\/\/www.chancescook.com\/de\/wp-json\/wp\/v2\/product_brand?post=3806"},{"taxonomy":"product_cat","embeddable":true,"href":"https:\/\/www.chancescook.com\/de\/wp-json\/wp\/v2\/product_cat?post=3806"},{"taxonomy":"product_tag","embeddable":true,"href":"https:\/\/www.chancescook.com\/de\/wp-json\/wp\/v2\/product_tag?post=3806"}],"curies":[{"name":"wp","href":"https:\/\/api.w.org\/{rel}","templated":true}]}}