{"id":3813,"date":"2024-09-21T09:05:16","date_gmt":"2024-09-21T09:05:16","guid":{"rendered":"https:\/\/www.chancescook.com\/?post_type=product&#038;p=3813"},"modified":"2024-09-28T16:27:20","modified_gmt":"2024-09-28T16:27:20","slug":"wholesale-set-of-stainless-steel-pots","status":"publish","type":"product","link":"https:\/\/www.chancescook.com\/de\/produkt\/wholesale-set-of-stainless-steel-pots\/","title":{"rendered":"Gro\u00dfhandel 8 St\u00fcck Set von Edelstahl-T\u00f6pfe mit Glasdeckel im koreanischen Stil 8 St\u00fcck"},"content":{"rendered":"<div class=\"wp-block-columns is-layout-flex wp-container-core-columns-is-layout-9d6595d7 wp-block-columns-is-layout-flex\">\n<div class=\"wp-block-column is-layout-flow wp-block-column-is-layout-flow\">\n<h3 class=\"wp-block-heading\">Eigenschaften und Vorteile des 8-teiligen Edelstahltopfsets<\/h3>\n\n\n\n<ul class=\"wp-block-list\">\n<li><strong>Backofenfest:<\/strong> Diese Edelstahlt\u00f6pfe halten Temperaturen von bis zu 800\u00b0F stand und sind backofen- und grilltauglich, so dass Sie eine Vielzahl von Kochm\u00f6glichkeiten haben. bietet eine Vielzahl von M\u00f6glichkeiten f\u00fcr Kochmethoden.<\/li>\n\n\n\n<li><strong>Kompatibel mit einer breiten Palette von Herdplatten:<\/strong> l\u00e4sst sich an eine Vielzahl von Herdarten anpassen, auch an solche mit Induktionstechnik.<\/li>\n\n\n\n<li><strong>Ungiftig und frei von sch\u00e4dlichen Chemikalien:<\/strong> Die Beschichtung besteht aus hochwertigem Verbundstahl und enth\u00e4lt keine sch\u00e4dlichen Stoffe wie Teflon, PFOA, PFOS, PTFE oder PFAS.<\/li>\n\n\n\n<li><strong>Robuste und sichere Konstruktion:<\/strong> Sie hat einen robusten Stahldeckel, der die Feuchtigkeit aus der Pfanne fernh\u00e4lt, Griffe, um sie k\u00fchl zu halten, und breite R\u00e4nder zum leichteren Ausgie\u00dfen.<\/li>\n\n\n\n<li><strong>Die Reinigung ist einfach:<\/strong> Das Kochgeschirr ist so konzipiert, dass es leicht in der Sp\u00fclmaschine gereinigt werden kann, so dass es wie neu aussieht.<\/li>\n\n\n\n<li><strong>Anpassbare Optionen:<\/strong> Dieses 8-teilige Kochgeschirrset kann mit verschiedenen Oberfl\u00e4chen und Logogravuren individuell gestaltet werden.<\/li>\n<\/ul>\n<\/div>\n\n\n\n<div class=\"wp-block-column is-layout-flow wp-block-column-is-layout-flow\">\n<h3 class=\"wp-block-heading\">Spezifikationen f\u00fcr 8-teiliges Set von T\u00f6pfen aus Edelstahl<\/h3>\n\n\n\n<ul class=\"wp-block-list\">\n<li>Hersteller: CHANCES<\/li>\n\n\n\n<li>Model No.:CY-HSGX0508\/CY-HSZS0508<\/li>\n\n\n\n<li>Material: SS201<\/li>\n\n\n\n<li>St\u00fcckzahl:8 St\u00fcck<\/li>\n\n\n\n<li>Deckel: Edelstahl-Deckel<\/li>\n\n\n\n<li>Dicke:0,4mm<\/li>\n\n\n\n<li>Unterseite:2,0 mm<\/li>\n\n\n\n<li>OEM&amp;ODM: Kundenspezifisch, willkommen OEM&amp;ODM<\/li>\n\n\n\n<li>Verpackung: Farbkarton\/Kartonverpackung<\/li>\n\n\n\n<li>Muster: Kostenlos<\/li>\n<\/ul>\n<\/div>\n<\/div>","protected":false},"excerpt":{"rendered":"<p>Dieses 8-teilige Set aus Edelstahlt\u00f6pfen ist im koreanischen Design gehalten. Jeder Topf ist aus robustem und langlebigem Edelstahl gefertigt und verf\u00fcgt \u00fcber einen transparenten Glasdeckel, der f\u00fcr Komfort und Sicherheit sorgt und f\u00fcr alle Arten des Kochens sehr gut geeignet ist. Dieses 8-teilige Set enth\u00e4lt T\u00f6pfe in verschiedenen Gr\u00f6\u00dfen, die f\u00fcr verschiedene Bed\u00fcrfnisse wie Suppen, Eint\u00f6pfe und t\u00e4gliche Mahlzeiten sehr gut geeignet sind. Dieses einfache und praktische Set erf\u00fcllt verschiedene Verbraucherbed\u00fcrfnisse und ist f\u00fcr den Gro\u00dfhandel geeignet.<\/p>\n<h3>8-teiliges Set mit T\u00f6pfen aus rostfreiem Stahl, einschlie\u00dflich\uff1a<\/h3>\n<table width=\"781\">\n<tbody>\n<tr>\n<td width=\"136\">Modell Nr.<\/td>\n<td width=\"230\">Produkt-Varianten<\/td>\n<td width=\"413\">Konfiguration<\/td>\n<\/tr>\n<tr>\n<td width=\"136\">CY-HSGX0508<\/td>\n<td width=\"230\">Koreanisches trommelf\u00f6rmiges Kochgeschirrset<\/td>\n<td width=\"413\">18cm x 10.1cm Kasserolle mit Deckel<br \/>20cm x 10,8cm Kasserolle mit Deckel<br \/>22cm x 11,8cm Kasserolle mit Deckel<br \/>24cm x 12,5cm Kasserolle mit Deckel<\/td>\n<\/tr>\n<tr>\n<td width=\"136\">CY-HSZS0508<\/td>\n<td width=\"230\">Koreanisches gerades Kochgeschirrset<\/td>\n<td width=\"413\">18cm x 10,3cm Kasserolle mit Deckel<br \/>20cm x 11,2cm Kasserolle mit Deckel<br \/>22cm x 12.1cm Kasserolle mit Deckel<br \/>24cm x 12,8cm Kasserolle mit Deckel<\/td>\n<\/tr>\n<\/tbody>\n<\/table>\n<p>&nbsp;<\/p>","protected":false},"featured_media":4132,"comment_status":"closed","ping_status":"closed","template":"","meta":{"_acf_changed":false},"product_brand":[],"product_cat":[53],"product_tag":[],"class_list":{"0":"post-3813","1":"product","2":"type-product","3":"status-publish","4":"has-post-thumbnail","6":"product_cat-wholesale-cookware-sets","8":"first","9":"instock","10":"shipping-taxable","11":"product-type-simple"},"acf":[],"_links":{"self":[{"href":"https:\/\/www.chancescook.com\/de\/wp-json\/wp\/v2\/product\/3813","targetHints":{"allow":["GET"]}}],"collection":[{"href":"https:\/\/www.chancescook.com\/de\/wp-json\/wp\/v2\/product"}],"about":[{"href":"https:\/\/www.chancescook.com\/de\/wp-json\/wp\/v2\/types\/product"}],"replies":[{"embeddable":true,"href":"https:\/\/www.chancescook.com\/de\/wp-json\/wp\/v2\/comments?post=3813"}],"wp:featuredmedia":[{"embeddable":true,"href":"https:\/\/www.chancescook.com\/de\/wp-json\/wp\/v2\/media\/4132"}],"wp:attachment":[{"href":"https:\/\/www.chancescook.com\/de\/wp-json\/wp\/v2\/media?parent=3813"}],"wp:term":[{"taxonomy":"product_brand","embeddable":true,"href":"https:\/\/www.chancescook.com\/de\/wp-json\/wp\/v2\/product_brand?post=3813"},{"taxonomy":"product_cat","embeddable":true,"href":"https:\/\/www.chancescook.com\/de\/wp-json\/wp\/v2\/product_cat?post=3813"},{"taxonomy":"product_tag","embeddable":true,"href":"https:\/\/www.chancescook.com\/de\/wp-json\/wp\/v2\/product_tag?post=3813"}],"curies":[{"name":"wp","href":"https:\/\/api.w.org\/{rel}","templated":true}]}}