{"id":3823,"date":"2024-09-28T10:30:51","date_gmt":"2024-09-28T10:30:51","guid":{"rendered":"https:\/\/www.chancescook.com\/?post_type=product&#038;p=3823"},"modified":"2024-09-28T10:30:52","modified_gmt":"2024-09-28T10:30:52","slug":"12-piece-set-of-pots-and-pans","status":"publish","type":"product","link":"https:\/\/www.chancescook.com\/de\/produkt\/12-piece-set-of-pots-and-pans\/","title":{"rendered":"12-teiliges Set von T\u00f6pfen und Pfannen mit spitzen F\u00fc\u00dfen Gro\u00dfh\u00e4ndler - Qualit\u00e4tskochgeschirr f\u00fcr jede K\u00fcche"},"content":{"rendered":"<div class=\"wp-block-columns is-layout-flex wp-container-core-columns-is-layout-9d6595d7 wp-block-columns-is-layout-flex\">\n<div class=\"wp-block-column is-layout-flow wp-block-column-is-layout-flow\">\n<h3 class=\"wp-block-heading\">Eigenschaften und Vorteile des 12-teiligen Sets von T\u00f6pfen und Pfannen<\/h3>\n\n\n\n<ul class=\"wp-block-list\">\n<li><strong>Design mit spitzen F\u00fc\u00dfen<\/strong>: Zartes und einzigartiges Design mit spitzen F\u00fc\u00dfen, das die \u00e4sthetische Mode dieses 12-teiligen Topf- und Pfannensets widerspiegelt.<\/li>\n\n\n\n<li><strong>12-teiliges Kochgeschirr-Set<\/strong>: Die 12 Kocht\u00f6pfe, Bratpfannen, Dampfkocht\u00f6pfe usw. sind in verschiedenen Gr\u00f6\u00dfen und Ausf\u00fchrungen erh\u00e4ltlich und erf\u00fcllen sowohl die Bed\u00fcrfnisse der verschiedenen Zutaten als auch die Anforderungen der K\u00fcchenprofis.<\/li>\n\n\n\n<li><strong>Dauerhaftigkeit<\/strong>: Aus hochwertigem 410er-Edelstahl gefertigt, kann das Kochgeschirr lange Zeit ohne Verschlei\u00df verwendet werden.<\/li>\n\n\n\n<li><strong>Isotherme W\u00e4rmeleitung<\/strong>: Kann auf Induktionskochfeldern usw. verwendet werden. Die mehrschichtige Bodenkonstruktion sorgt f\u00fcr eine gleichm\u00e4\u00dfige W\u00e4rmeverteilung und minimiert die Kochzeit.<\/li>\n\n\n\n<li><strong>Transparenter Glasdeckel<\/strong>: Das Kochgeschirr wird mit einem Deckel aus geh\u00e4rtetem Glas geliefert, so dass Sie den Garzustand Ihrer Speisen leicht \u00fcberpr\u00fcfen k\u00f6nnen, w\u00e4hrend Hitze und Feuchtigkeit gespeichert werden.<\/li>\n\n\n\n<li><strong>Gute Stabilit\u00e4t und Anti-Rutsch<\/strong>: Das Design der 12-teiligen T\u00f6pfe und Pfannen mit spitzen F\u00fc\u00dfen erh\u00f6ht die Stabilit\u00e4t des Kochgeschirrs und verringert das Risiko des Umkippens w\u00e4hrend des Gebrauchs.<\/li>\n<\/ul>\n<\/div>\n\n\n\n<div class=\"wp-block-column is-layout-flow wp-block-column-is-layout-flow\">\n<h3 class=\"wp-block-heading\">Spezifikationen f\u00fcr 12-teiliges Set mit T\u00f6pfen und Pfannen<\/h3>\n\n\n\n<ul class=\"wp-block-list\">\n<li>Hersteller: CHANCES<\/li>\n\n\n\n<li>Model No.:CY-JJBG1205A\/CY-TG1203\/CY-JJBG12035\/CY-JJBG12035A<\/li>\n\n\n\n<li>Material: SS410<\/li>\n\n\n\n<li>St\u00fcckzahl:12 St\u00fcck<\/li>\n\n\n\n<li>Dicke:0,5mm\/0,3mm\/0,35mm<\/li>\n\n\n\n<li>Unterseite:3,0mm\/1,2mm\/1,5mm<\/li>\n\n\n\n<li>OEM&amp;ODM: Kundenspezifisch, willkommen OEM&amp;ODM<\/li>\n\n\n\n<li>MOQ:1 x 40'HQ<\/li>\n\n\n\n<li>Verpackung: Farbkarton\/Kartonverpackung<\/li>\n\n\n\n<li>Muster: Kostenlos<\/li>\n<\/ul>\n<\/div>\n<\/div>","protected":false},"excerpt":{"rendered":"<p>Entdecken Sie dieses 12-teilige Topf- und Pfannenset mit einem einzigartigen und luxuri\u00f6sen Kochgeschirr f\u00fcr zus\u00e4tzliche Stabilit\u00e4t und moderne \u00c4sthetik. Komplett mit T\u00f6pfen und Pfannen f\u00fcr gleichbleibende Leistung und vielseitige Kochbed\u00fcrfnisse, ist dieses Set ideal f\u00fcr die private oder professionelle K\u00fcche.<\/p>\n<h3>12-teiliges Set aus T\u00f6pfen und Pfannen enth\u00e4lt\uff1a<\/h3>\n<table style=\"border-collapse: collapse; width: 468.62pt;\" border=\"0\" width=\"781\" cellspacing=\"0\" cellpadding=\"0\">\n<tbody>\n<tr style=\"height: 17.40pt;\">\n<td class=\"et3\" style=\"height: 17.40pt; width: 82.10pt;\" width=\"136\" height=\"29\">Modell Nr.<\/td>\n<td class=\"et3\" style=\"width: 138.15pt;\" width=\"230\">Produkt-Varianten<\/td>\n<td class=\"et3\" style=\"width: 248.35pt;\" width=\"413\">Konfiguration<\/td>\n<\/tr>\n<tr style=\"height: 72.00pt;\">\n<td class=\"et4\" style=\"height: 72.00pt; width: 82.10pt;\" width=\"136\" height=\"120\">CY-JJBG1205A<\/td>\n<td class=\"et5\" style=\"width: 138.15pt;\" width=\"230\">Spitzfu\u00df-Kochgeschirrset mit Glasdeckel<\/td>\n<td class=\"et6\" style=\"width: 248.35pt;\" rowspan=\"2\" width=\"413\">16cm x 9cm Kochtopf mit Deckel<br \/>16cm x 9cm Kasserolle mit Deckel<br \/>18cm x 10,5cm Kasserolle mit Deckel<br \/>20cm x 11cm Kasserolle mit Deckel<br \/>24cm x 12,9cm Kasserolle mit Deckel<br \/>24cm x 7cm Bratpfanne mit Deckel<\/td>\n<\/tr>\n<tr style=\"height: 72.00pt;\">\n<td class=\"et4\" style=\"height: 72.00pt; width: 82.10pt;\" width=\"136\" height=\"120\">CY-TG1203<\/td>\n<td class=\"et5\" style=\"width: 138.15pt;\" width=\"230\">Kochgeschirrset mit spitzen F\u00fc\u00dfen<\/td>\n<\/tr>\n<tr style=\"height: 72.00pt;\">\n<td class=\"et8\" style=\"height: 72.00pt;\" height=\"120\">CY-JJBG12035<\/td>\n<td class=\"et5\" style=\"width: 138.15pt;\" width=\"230\">Kochgeschirrset mit spitzen F\u00fc\u00dfen<\/td>\n<td class=\"et7\" style=\"width: 248.35pt; border-bottom: .5pt solid #000000;\" rowspan=\"2\" width=\"413\">16cm x 9cm Kochtopf mit Deckel<br \/>16cm x 9cm Kasserolle mit Deckel<br \/>18cm x 10,5cm Kasserolle mit Deckel<br \/>20cm x 11cm Kasserolle mit Deckel<br \/>24cm x 12,9cm Kasserolle mit Deckel<br \/>24cm x 7cm Bratpfanne mit Deckel<\/td>\n<\/tr>\n<tr style=\"height: 72.00pt;\">\n<td class=\"et8\" style=\"height: 72.00pt;\" height=\"120\">CY-JJBG12035A<\/td>\n<td class=\"et5\" style=\"width: 138.15pt;\" width=\"230\">Kochgeschirrset mit spitzen F\u00fc\u00dfen<\/td>\n<\/tr>\n<\/tbody>\n<\/table>","protected":false},"featured_media":4135,"comment_status":"closed","ping_status":"closed","template":"","meta":{"_acf_changed":false},"product_brand":[],"product_cat":[53],"product_tag":[],"class_list":{"0":"post-3823","1":"product","2":"type-product","3":"status-publish","4":"has-post-thumbnail","6":"product_cat-wholesale-cookware-sets","8":"first","9":"instock","10":"shipping-taxable","11":"product-type-simple"},"acf":[],"_links":{"self":[{"href":"https:\/\/www.chancescook.com\/de\/wp-json\/wp\/v2\/product\/3823","targetHints":{"allow":["GET"]}}],"collection":[{"href":"https:\/\/www.chancescook.com\/de\/wp-json\/wp\/v2\/product"}],"about":[{"href":"https:\/\/www.chancescook.com\/de\/wp-json\/wp\/v2\/types\/product"}],"replies":[{"embeddable":true,"href":"https:\/\/www.chancescook.com\/de\/wp-json\/wp\/v2\/comments?post=3823"}],"wp:featuredmedia":[{"embeddable":true,"href":"https:\/\/www.chancescook.com\/de\/wp-json\/wp\/v2\/media\/4135"}],"wp:attachment":[{"href":"https:\/\/www.chancescook.com\/de\/wp-json\/wp\/v2\/media?parent=3823"}],"wp:term":[{"taxonomy":"product_brand","embeddable":true,"href":"https:\/\/www.chancescook.com\/de\/wp-json\/wp\/v2\/product_brand?post=3823"},{"taxonomy":"product_cat","embeddable":true,"href":"https:\/\/www.chancescook.com\/de\/wp-json\/wp\/v2\/product_cat?post=3823"},{"taxonomy":"product_tag","embeddable":true,"href":"https:\/\/www.chancescook.com\/de\/wp-json\/wp\/v2\/product_tag?post=3823"}],"curies":[{"name":"wp","href":"https:\/\/api.w.org\/{rel}","templated":true}]}}