{"id":3832,"date":"2024-10-06T06:35:13","date_gmt":"2024-10-06T06:35:13","guid":{"rendered":"https:\/\/www.chancescook.com\/?post_type=product&#038;p=3832"},"modified":"2025-03-04T06:20:50","modified_gmt":"2025-03-04T06:20:50","slug":"pots-and-pans-set-stainless-steel","status":"publish","type":"product","link":"https:\/\/www.chancescook.com\/de\/produkt\/pots-and-pans-set-stainless-steel\/","title":{"rendered":"Gro\u00dfhandel T\u00f6pfe und Pfannen Set, 8-teilige Edelstahl Kochgeschirr Set Lieferant"},"content":{"rendered":"<div class=\"wp-block-columns is-layout-flex wp-container-core-columns-is-layout-9d6595d7 wp-block-columns-is-layout-flex\">\n<div class=\"wp-block-column is-layout-flow wp-block-column-is-layout-flow\">\n<h3 class=\"wp-block-heading\">Merkmale und Vorteile des Topf- und Pfannensets<\/h3>\n\n\n\n<ul class=\"wp-block-list\">\n<li><strong>Ausgestattet mit einem Deckel<\/strong>: Sie h\u00e4lt nicht nur Hitze und Feuchtigkeit aus der Pfanne fern, sondern erh\u00f6ht auch die Gargeschwindigkeit der Speisen. <strong>Gro\u00dfhandel T\u00f6pfe und Pfannen Set<\/strong>.<\/li>\n\n\n\n<li><strong>Design des Griffs:<\/strong> Die Wahl des richtigen Materials und des richtigen Designs des Griffs macht den Gebrauch des Kochgeschirrs nicht nur sicherer und komfortabler, sondern wirkt sich auch auf die Effizienz und Effektivit\u00e4t des Kochvorgangs aus, insbesondere in einem <strong>8-teiliges Kochgeschirrset Lieferant<\/strong> mit Qualit\u00e4tsoptionen.<\/li>\n\n\n\n<li><strong>Gewerbliche Nutzung m\u00f6glich:<\/strong> Es kann f\u00fcr Gro\u00dfeink\u00e4ufe eingesetzt werden und erf\u00fcllt die Anforderungen von Restaurants, Hotels und Gro\u00dfk\u00fcchen, die kosteneffiziente L\u00f6sungen f\u00fcr gewerbliche Nutzer ben\u00f6tigen.<\/li>\n\n\n\n<li><strong>Multifunktionale Anpassung:<\/strong> Das 8-teilige Set enth\u00e4lt verschiedene T\u00f6pfe und Pfannen, die sich zum Braten, D\u00fcnsten, Kochen, Anbraten und f\u00fcr andere Kocharten eignen, um verschiedene Kochanforderungen zu erf\u00fcllen.<\/li>\n\n\n\n<li><strong>\u00c4sthetisch ansprechend:<\/strong> Die im chinesischen Stil gestalteten T\u00f6pfe und Pfannen aus dem Gro\u00dfhandel heben das Niveau der Sch\u00f6nheit, machen diese Artikel stark und tragen zur visuellen Attraktivit\u00e4t der K\u00fcche insgesamt bei.<\/li>\n\n\n\n<li><strong>Pers\u00f6nliches und individuelles Design:<\/strong> Von der Auswahl des Materials, der Gr\u00f6\u00dfe und der Form bis hin zu den Griffen, Deckeln und dem Design des Logos k\u00f6nnen ma\u00dfgeschneiderte T\u00f6pfe und Pfannen die Bed\u00fcrfnisse der Benutzer besser erf\u00fcllen.<\/li>\n<\/ul>\n<\/div>\n\n\n\n<div class=\"wp-block-column is-layout-flow wp-block-column-is-layout-flow\">\n<h3 class=\"wp-block-heading\">Spezifikationen des Gro\u00dfhandels T\u00f6pfe und Pfannen Set<\/h3>\n\n\n\n<ul class=\"wp-block-list\">\n<li>Hersteller: CHANCES<\/li>\n\n\n\n<li>Model No.:CY-ZSPG0508\/CY-TGZS0805A<\/li>\n\n\n\n<li>Material: SS201<\/li>\n\n\n\n<li>St\u00fcckzahl:8 St\u00fcck<\/li>\n\n\n\n<li>Dicke:0,5 mm<\/li>\n\n\n\n<li>Unterseite:3,0 mm<\/li>\n\n\n\n<li>OEM&amp;ODM: Kundenspezifisch, willkommen OEM&amp;ODM<\/li>\n\n\n\n<li>MOQ:1 x 40'HQ<\/li>\n\n\n\n<li>Verpackung: Farbkarton\/Kartonverpackung<\/li>\n\n\n\n<li>Muster: Kostenlos<\/li>\n<\/ul>\n<\/div>\n<\/div>\n\n\n\n<p><\/p>","protected":false},"excerpt":{"rendered":"<p>Willkommen im Gro\u00dfhandel T\u00f6pfe und Pfannen Set zu kaufen. Diese kommen mit entsprechenden passenden Topfdeckel und Griffe sind aus hochwertigem Edelstahl Material, das sowohl langlebig und praktisch ist. Es eignet sich f\u00fcr den Hausgebrauch und gro\u00dfe Portionen in der Gastronomie und ist ideal f\u00fcr kommerzielle Eink\u00e4ufe.<\/p>\n<h3>T\u00f6pfe und Pfannen aus Edelstahl Set enth\u00e4lt:<\/h3>\n<table style=\"border-collapse: collapse; width: 478.82pt;\" border=\"0\" width=\"798\" cellspacing=\"0\" cellpadding=\"0\">\n<tbody>\n<tr style=\"height: 17.40pt;\">\n<td class=\"et3\" style=\"height: 17.40pt; width: 92.45pt;\" width=\"154\" height=\"29\">Modell Nr.<\/td>\n<td class=\"et3\" style=\"width: 138.15pt;\" width=\"230\">Produkt-Varianten<\/td>\n<td class=\"et3\" style=\"width: 248.35pt;\" width=\"413\">Konfiguration<\/td>\n<\/tr>\n<tr style=\"height: 72.00pt;\">\n<td class=\"et4\" style=\"height: 72.00pt; width: 92.45pt;\" width=\"154\" height=\"120\">CY-ZSPG0508<\/td>\n<td class=\"et5\" style=\"width: 138.15pt;\" width=\"230\">Chinesisches Kochgeschirr-Set mit flachen Deckeln und Silikongriffen<\/td>\n<td class=\"et6\" style=\"width: 248.35pt;\" width=\"413\">16cm x 10,4cm Kochtopf mit Deckel<br \/>18cm x 11,3cm Kasserolle mit Deckel<br \/>20cm x 12,1cm Kasserolle mit Deckel<br \/>20cm x 6,6cm Bratpfanne mit Deckel<\/td>\n<\/tr>\n<tr style=\"height: 72.00pt;\">\n<td class=\"et4\" style=\"height: 72.00pt; width: 92.45pt;\" width=\"154\" height=\"120\">CY-TGZS0805A<\/td>\n<td class=\"et5\" style=\"width: 138.15pt;\" width=\"230\">Chinesisches Kochgeschirr-Set mit Glasdeckel und Edelstahlgriff<\/td>\n<td class=\"et6\" style=\"width: 248.35pt;\" width=\"413\">16cm Kochtopf mit Deckel<br \/>18cm Kasserolle mit Deckel<br \/>20cm Kasserolle mit Deckel<br \/>24cm Kasserolle mit Deckel<\/td>\n<\/tr>\n<\/tbody>\n<\/table>","protected":false},"featured_media":4140,"comment_status":"closed","ping_status":"closed","template":"","meta":{"_acf_changed":false},"product_brand":[],"product_cat":[53],"product_tag":[],"class_list":{"0":"post-3832","1":"product","2":"type-product","3":"status-publish","4":"has-post-thumbnail","6":"product_cat-wholesale-cookware-sets","8":"first","9":"instock","10":"shipping-taxable","11":"product-type-simple"},"acf":[],"_links":{"self":[{"href":"https:\/\/www.chancescook.com\/de\/wp-json\/wp\/v2\/product\/3832","targetHints":{"allow":["GET"]}}],"collection":[{"href":"https:\/\/www.chancescook.com\/de\/wp-json\/wp\/v2\/product"}],"about":[{"href":"https:\/\/www.chancescook.com\/de\/wp-json\/wp\/v2\/types\/product"}],"replies":[{"embeddable":true,"href":"https:\/\/www.chancescook.com\/de\/wp-json\/wp\/v2\/comments?post=3832"}],"wp:featuredmedia":[{"embeddable":true,"href":"https:\/\/www.chancescook.com\/de\/wp-json\/wp\/v2\/media\/4140"}],"wp:attachment":[{"href":"https:\/\/www.chancescook.com\/de\/wp-json\/wp\/v2\/media?parent=3832"}],"wp:term":[{"taxonomy":"product_brand","embeddable":true,"href":"https:\/\/www.chancescook.com\/de\/wp-json\/wp\/v2\/product_brand?post=3832"},{"taxonomy":"product_cat","embeddable":true,"href":"https:\/\/www.chancescook.com\/de\/wp-json\/wp\/v2\/product_cat?post=3832"},{"taxonomy":"product_tag","embeddable":true,"href":"https:\/\/www.chancescook.com\/de\/wp-json\/wp\/v2\/product_tag?post=3832"}],"curies":[{"name":"wp","href":"https:\/\/api.w.org\/{rel}","templated":true}]}}