{"id":3859,"date":"2024-09-21T08:07:45","date_gmt":"2024-09-21T08:07:45","guid":{"rendered":"https:\/\/www.chancescook.com\/?post_type=product&#038;p=3859"},"modified":"2024-09-23T08:33:21","modified_gmt":"2024-09-23T08:33:21","slug":"restaurant-supply-cookware","status":"publish","type":"product","link":"https:\/\/www.chancescook.com\/de\/produkt\/restaurant-supply-cookware\/","title":{"rendered":"Restaurant Supply Kochgeschirr 7-teiliges Kochtopf- und Pfannenset aus Edelstahl im europ\u00e4ischen Stil"},"content":{"rendered":"<div class=\"wp-block-columns is-layout-flex wp-container-core-columns-is-layout-9d6595d7 wp-block-columns-is-layout-flex\">\n<div class=\"wp-block-column is-layout-flow wp-block-column-is-layout-flow\">\n<h3 class=\"wp-block-heading\">Merkmale und Vorteile von Restaurant Supply Kochgeschirr<\/h3>\n\n\n\n<ul class=\"wp-block-list\">\n<li><strong>Bequemlichkeit:<\/strong> Gastronomiebedarfs-Kochgeschirr bietet alles aus einer Hand, um sicherzustellen, dass die angebotenen T\u00f6pfe und Pfannen von gleicher Qualit\u00e4t sind, was dazu beitragen kann, Zeit zu sparen, den Arbeitsaufwand zu verringern und in gewissem Umfang auch die Effizienz zu steigern.<\/li>\n\n\n\n<li><strong>Mehrere Gr\u00f6\u00dfenoptionen:<\/strong> Es werden viele verschiedene Gr\u00f6\u00dfen von T\u00f6pfen und Pfannen angeboten, so dass die unterschiedlichen Bed\u00fcrfnisse beim Kochen, ob zu Hause oder in einer Gro\u00dfk\u00fcche, voll erf\u00fcllt werden k\u00f6nnen.<\/li>\n\n\n\n<li><strong>Stark:<\/strong> Kochgeschirr aus rostfreiem Stahl h\u00e4lt lange und l\u00e4sst sich leicht reinigen, sodass es viele Jahre lang verwendet werden kann. Die Hitze verteilt sich gut, sodass die Speisen gleichm\u00e4\u00dfig erw\u00e4rmt werden.<\/li>\n\n\n\n<li><strong>Deckel, die passen:<\/strong> Zu jedem dieser T\u00f6pfe und Pfannen geh\u00f6ren eng anliegende Deckel, die das Entweichen von W\u00e4rme und Feuchtigkeit verhindern.<\/li>\n\n\n\n<li><strong>Design des Griffs:<\/strong> Der Griff wurde nach ergonomischen Gesichtspunkten entwickelt, um die Stabilit\u00e4t und den Komfort bei der Bedienung des Kochgeschirrs zu verbessern, insbesondere wenn es erhitzt wird.<\/li>\n\n\n\n<li><strong>Design im europ\u00e4ischen Stil:<\/strong> Dieses 7-teilige Kochgeschirrset ist aus hochwertigem Edelstahl gefertigt und verf\u00fcgt \u00fcber ein raffiniertes, europ\u00e4isch inspiriertes Design, das die K\u00fcche optisch aufwertet. Es passt zu vielen verschiedenen K\u00fccheneinrichtungen und l\u00e4sst sich gut mit ihnen kombinieren.<\/li>\n<\/ul>\n<\/div>\n\n\n\n<div class=\"wp-block-column is-layout-flow wp-block-column-is-layout-flow\">\n<h3 class=\"wp-block-heading\">Spezifikationen von Restaurant Supply Kochgeschirr<\/h3>\n\n\n\n<ul class=\"wp-block-list\">\n<li>Hersteller: CHANCES<\/li>\n\n\n\n<li>Model No.:CY-OSGB0707\/CY-OSBG0705<\/li>\n\n\n\n<li>Material: SS201<\/li>\n\n\n\n<li>St\u00fcckzahl:7 St\u00fcck<\/li>\n\n\n\n<li>Dicke:0,5mm\/0,6mm<\/li>\n\n\n\n<li>Unterseite:4,0 mm<\/li>\n\n\n\n<li>OEM&amp;ODM: Kundenspezifisch, willkommen OEM&amp;ODM<\/li>\n\n\n\n<li>MOQ:1 x 40'HQ<\/li>\n\n\n\n<li>Verpackung: Farbkarton\/Kartonverpackung<\/li>\n\n\n\n<li>Muster: Kostenlos<\/li>\n<\/ul>\n<\/div>\n<\/div>","protected":false},"excerpt":{"rendered":"<p>Das 7-teilige Edelstahl-Kochgeschirrset des Kochgeschirranbieters ist gut durchdacht und langlebig und in zwei Ausf\u00fchrungen erh\u00e4ltlich: Kochgeschirrset mit Stahldeckel und quadratischen Griffen. Jedes Kochgeschirrset wird mit passenden Deckeln und ergonomisch geformten Griffen f\u00fcr eine einfache Handhabung geliefert. Ob in der heimischen K\u00fcche oder in der Profik\u00fcche, dieses Kochgeschirrset verbindet Eleganz mit Zweckm\u00e4\u00dfigkeit.<\/p>\n<h3>Restaurant Supply Kochgeschirr umfasst\uff1a<\/h3>\n<table width=\"798\">\n<tbody>\n<tr>\n<td width=\"154\">Modell Nr.<\/td>\n<td width=\"230\">Produkt-Varianten<\/td>\n<td width=\"413\">Konfiguration<\/td>\n<\/tr>\n<tr>\n<td width=\"154\">CY-OSGB0707<\/td>\n<td width=\"230\">Europ\u00e4isches Kochgeschirrset mit Stahldeckel und Vierkantgriff<\/td>\n<td width=\"413\">16cm x 7.8cm Kochtopf mit Deckel<br \/>18cm x 8,5cm Kochtopf<br \/>18cm x 8,5cm Kasserolle mit Deckel<br \/>24cm x 11.1cm Kasserolle mit Deckel<\/td>\n<\/tr>\n<tr>\n<td width=\"154\">CY-OSBG0705<\/td>\n<td width=\"230\">Europ\u00e4isches Kochgeschirrset mit Glasdeckel<\/td>\n<td width=\"413\">16cm Kasserolle mit Deckel<br \/>20cm Kasserolle mit Deckel<br \/>24cm Kasserolle mit Deckel<br \/>24cm Bratpfanne<\/td>\n<\/tr>\n<\/tbody>\n<\/table>\n<p>&nbsp;<\/p>","protected":false},"featured_media":4118,"comment_status":"closed","ping_status":"closed","template":"","meta":{"_acf_changed":false},"product_brand":[],"product_cat":[53],"product_tag":[],"class_list":{"0":"post-3859","1":"product","2":"type-product","3":"status-publish","4":"has-post-thumbnail","6":"product_cat-wholesale-cookware-sets","8":"first","9":"instock","10":"shipping-taxable","11":"product-type-simple"},"acf":[],"_links":{"self":[{"href":"https:\/\/www.chancescook.com\/de\/wp-json\/wp\/v2\/product\/3859","targetHints":{"allow":["GET"]}}],"collection":[{"href":"https:\/\/www.chancescook.com\/de\/wp-json\/wp\/v2\/product"}],"about":[{"href":"https:\/\/www.chancescook.com\/de\/wp-json\/wp\/v2\/types\/product"}],"replies":[{"embeddable":true,"href":"https:\/\/www.chancescook.com\/de\/wp-json\/wp\/v2\/comments?post=3859"}],"wp:featuredmedia":[{"embeddable":true,"href":"https:\/\/www.chancescook.com\/de\/wp-json\/wp\/v2\/media\/4118"}],"wp:attachment":[{"href":"https:\/\/www.chancescook.com\/de\/wp-json\/wp\/v2\/media?parent=3859"}],"wp:term":[{"taxonomy":"product_brand","embeddable":true,"href":"https:\/\/www.chancescook.com\/de\/wp-json\/wp\/v2\/product_brand?post=3859"},{"taxonomy":"product_cat","embeddable":true,"href":"https:\/\/www.chancescook.com\/de\/wp-json\/wp\/v2\/product_cat?post=3859"},{"taxonomy":"product_tag","embeddable":true,"href":"https:\/\/www.chancescook.com\/de\/wp-json\/wp\/v2\/product_tag?post=3859"}],"curies":[{"name":"wp","href":"https:\/\/api.w.org\/{rel}","templated":true}]}}