{"id":3864,"date":"2024-09-28T18:20:26","date_gmt":"2024-09-28T18:20:26","guid":{"rendered":"https:\/\/www.chancescook.com\/?post_type=product&#038;p=3864"},"modified":"2024-09-28T18:20:27","modified_gmt":"2024-09-28T18:20:27","slug":"custom-set-of-nonstick-cookware","status":"publish","type":"product","link":"https:\/\/www.chancescook.com\/de\/produkt\/custom-set-of-nonstick-cookware\/","title":{"rendered":"Individuelles 9-teiliges Set von Antihaft-Kochgeschirr im europ\u00e4ischen Stil mit Stahl- oder Glasdeckeln"},"content":{"rendered":"<div class=\"wp-block-columns is-layout-flex wp-container-core-columns-is-layout-9d6595d7 wp-block-columns-is-layout-flex\">\n<div class=\"wp-block-column is-layout-flow wp-block-column-is-layout-flow\">\n<h3 class=\"wp-block-heading\">Eigenschaften und Vorteile des 9-teiligen Sets von Antihaft-Kochgeschirr<\/h3>\n\n\n\n<ul class=\"wp-block-list\">\n<li><strong>Hochwertiges Material:<\/strong> Das 9-teilige Set aus antihaftbeschichtetem Kochgeschirr ist aus hochwertigem, lebensmittelechtem Edelstahl gefertigt, langlebig und gesund.<\/li>\n\n\n\n<li><strong>Design des Griffs:<\/strong> Ein europ\u00e4isches Kochgeschirr mit verschiedenen Griffformen ist ergonomisch geformt, so dass es beim Kochen bequem und komfortabel zu greifen ist.<\/li>\n\n\n\n<li><strong>Vielseitigkeit:<\/strong> Das 9-teilige Set aus antihaftbeschichtetem Kochgeschirr umfasst alle Arten von T\u00f6pfen und Pfannen, die f\u00fcr viele Kochmethoden geeignet sind und zu verschiedenen K\u00fcchen passen.<\/li>\n\n\n\n<li><strong>Design des Deckels:<\/strong> Der Deckel hilft, die W\u00e4rme und Feuchtigkeit im Topf zu halten und verhindert, dass etwas versch\u00fcttet wird oder trocken kocht. Mit Glasdeckeln l\u00e4sst sich der Zustand der Lebensmittel leicht erkennen.<\/li>\n\n\n\n<li><strong>Design im europ\u00e4ischen Stil:<\/strong> Dieses 9-teilige Kochgeschirr ist aus hochwertigem Edelstahl gefertigt und besticht durch sein raffiniertes, europ\u00e4isch inspiriertes Design, das die K\u00fcche aufwertet.<\/li>\n\n\n\n<li><strong>Backofenfest:<\/strong> Dieses Kochgeschirr ist ofenfest von ca. 350\u00b0F bis 450\u00b0F, geeignet f\u00fcr den Backofen und die Sp\u00fclmaschine.<\/li>\n<\/ul>\n<\/div>\n\n\n\n<div class=\"wp-block-column is-layout-flow wp-block-column-is-layout-flow\">\n<h3 class=\"wp-block-heading\">Technische Daten des 9-teiligen Sets von Nonstic Kochgeschirr<\/h3>\n\n\n\n<ul class=\"wp-block-list\">\n<li>Hersteller: CHANCES<\/li>\n\n\n\n<li>Model No.:CY-OSGG0906\/CY-OSZB0709\/CY-OSBG0905<\/li>\n\n\n\n<li>Material: SS201\/SS410<\/li>\n\n\n\n<li>St\u00fcckzahl:9 St\u00fcck<\/li>\n\n\n\n<li>Dicke:0,7mm\/0,6mm\/0,5mm<\/li>\n\n\n\n<li>Unterseite:3,0mm\/4,0mm<\/li>\n\n\n\n<li>OEM&amp;ODM: Kundenspezifisch, willkommen OEM&amp;ODM<\/li>\n\n\n\n<li>MOQ:1 x 40'HQ<\/li>\n\n\n\n<li>Verpackung: Farbkarton\/Kartonverpackung<\/li>\n\n\n\n<li>Muster: Kostenlos<\/li>\n<\/ul>\n<\/div>\n<\/div>","protected":false},"excerpt":{"rendered":"<p>Das 9-teilige Kochgeschirrset im europ\u00e4ischen Stil enth\u00e4lt eine Vielzahl von T\u00f6pfen und Pfannen mit bequemen ergonomischen Griffen. Das Kochgeschirrset wird mit Stahl- und Glasdeckeln f\u00fcr eine Vielzahl von Kocharten geliefert und hilft dabei, W\u00e4rme und Feuchtigkeit in den T\u00f6pfen und Pfannen zu halten, damit die Speisen schneller garen. Es ist ideal f\u00fcr die heimische K\u00fcche und hilft Ihnen, ganz einfach professionelle Kochergebnisse zu erzielen.<\/p>\n<h3>Das Set aus antihaftbeschichtetem Kochgeschirr enth\u00e4lt:<\/h3>\n<table width=\"798\">\n<tbody>\n<tr>\n<td width=\"154\">Modell Nr.<\/td>\n<td width=\"230\">Produkt-Varianten<\/td>\n<td width=\"413\">Konfiguration<\/td>\n<\/tr>\n<tr>\n<td width=\"154\">CY-OSGG0906<\/td>\n<td width=\"230\">Kochgeschirr mit Stahldeckel und quadratischem Griff im europ\u00e4ischen Stil<\/td>\n<td rowspan=\"2\" width=\"413\">16cm x 7.8cm Kochtopf mit Deckel<br \/>18cm x 8,5cm Kochtopf<br \/>18cm x 8,5cm Kasserolle mit Deckel<br \/>24cm x 11.1cm Kasserolle mit Deckel<br \/>24cm x 5.4cm Bratpfanne mit Deckel<\/td>\n<\/tr>\n<tr>\n<td width=\"154\">CY-OSZB0709<\/td>\n<td width=\"230\">Europ\u00e4isches Kochgeschirr mit geradem K\u00f6rper, Stahldeckel und Gussgriff<\/td>\n<\/tr>\n<tr>\n<td>CY-OSBG0905<\/td>\n<td width=\"230\">Europ\u00e4isches Glasdeckel-Kochgeschirr-Set<\/td>\n<td width=\"413\">16cm Kasserolle mit Deckel<br \/>18cm Kasserolle mit Deckel<br \/>20cm Kasserolle mit Deckel<br \/>24cm Kasserolle mit Deckel<br \/>24cm Bratpfanne<\/td>\n<\/tr>\n<\/tbody>\n<\/table>\n<p>&nbsp;<\/p>","protected":false},"featured_media":4144,"comment_status":"closed","ping_status":"closed","template":"","meta":{"_acf_changed":false},"product_brand":[],"product_cat":[53],"product_tag":[],"class_list":{"0":"post-3864","1":"product","2":"type-product","3":"status-publish","4":"has-post-thumbnail","6":"product_cat-wholesale-cookware-sets","8":"first","9":"instock","10":"shipping-taxable","11":"product-type-simple"},"acf":[],"_links":{"self":[{"href":"https:\/\/www.chancescook.com\/de\/wp-json\/wp\/v2\/product\/3864","targetHints":{"allow":["GET"]}}],"collection":[{"href":"https:\/\/www.chancescook.com\/de\/wp-json\/wp\/v2\/product"}],"about":[{"href":"https:\/\/www.chancescook.com\/de\/wp-json\/wp\/v2\/types\/product"}],"replies":[{"embeddable":true,"href":"https:\/\/www.chancescook.com\/de\/wp-json\/wp\/v2\/comments?post=3864"}],"wp:featuredmedia":[{"embeddable":true,"href":"https:\/\/www.chancescook.com\/de\/wp-json\/wp\/v2\/media\/4144"}],"wp:attachment":[{"href":"https:\/\/www.chancescook.com\/de\/wp-json\/wp\/v2\/media?parent=3864"}],"wp:term":[{"taxonomy":"product_brand","embeddable":true,"href":"https:\/\/www.chancescook.com\/de\/wp-json\/wp\/v2\/product_brand?post=3864"},{"taxonomy":"product_cat","embeddable":true,"href":"https:\/\/www.chancescook.com\/de\/wp-json\/wp\/v2\/product_cat?post=3864"},{"taxonomy":"product_tag","embeddable":true,"href":"https:\/\/www.chancescook.com\/de\/wp-json\/wp\/v2\/product_tag?post=3864"}],"curies":[{"name":"wp","href":"https:\/\/api.w.org\/{rel}","templated":true}]}}