{"id":3869,"date":"2025-06-24T17:57:18","date_gmt":"2025-06-24T17:57:18","guid":{"rendered":"https:\/\/www.chancescook.com\/?post_type=product&#038;p=3869"},"modified":"2025-06-24T17:57:21","modified_gmt":"2025-06-24T17:57:21","slug":"kitchenware-wholesale-pots-and-pans","status":"publish","type":"product","link":"https:\/\/www.chancescook.com\/de\/produkt\/kitchenware-wholesale-pots-and-pans\/","title":{"rendered":"K\u00fcchenger\u00e4te Gro\u00dfhandel f\u00fcr 12-teiliges europ\u00e4isches Kochgeschirr Set mit Stahldeckel Fabrik"},"content":{"rendered":"<div class=\"wp-block-columns is-layout-flex wp-container-core-columns-is-layout-9d6595d7 wp-block-columns-is-layout-flex\">\n<div class=\"wp-block-column is-layout-flow wp-block-column-is-layout-flow\">\n<h3 class=\"wp-block-heading\">Merkmale und Vorteile des K\u00fcchengeschirr-Gro\u00dfhandels<\/h3>\n\n\n\n<ul class=\"wp-block-list\">\n<li><strong>Umfassender Satz<\/strong>: 21 Kochgeschirrteile f\u00fcr alle Kochbed\u00fcrfnisse, ein Set f\u00fcr alle K\u00fcchenprobleme.<\/li>\n\n\n\n<li><strong>Hochwertiger rostfreier Stahl<\/strong>: Dieses Kochgeschirrset besteht aus hochwertigem Edelstahl, der langlebig und korrosionsbest\u00e4ndig ist und eine lange Nutzungsdauer gew\u00e4hrleistet.<\/li>\n\n\n\n<li><strong>Geeignet f\u00fcr mehrere Herdplatten<\/strong>: Egal, ob Sie ein Induktionskochfeld, einen Gasherd oder eine Induktionskochplatte verwenden, unsere T\u00f6pfe und Pfannen sind perfekt daf\u00fcr geeignet.<\/li>\n\n\n\n<li><strong>Stahl-Deckel:<\/strong> Der Deckel sorgt daf\u00fcr, dass Hitze und Feuchtigkeit in der Pfanne gehalten werden, so dass die Speisen schneller garen und nicht versch\u00fcttet oder trocken werden.<\/li>\n\n\n\n<li><strong>Gro\u00dfartig f\u00fcr Anpassungen<\/strong>: Die Produktion kann je nach den Bed\u00fcrfnissen der Hersteller personalisiert und angepasst werden, um spezifische Design- und Funktionsanforderungen zu erf\u00fcllen.<\/li>\n\n\n\n<li><strong>Leicht zu reinigen<\/strong>: Edelstahl und Antihaftmaterialien erm\u00f6glichen eine schnelle und einfache Reinigung.<\/li>\n<\/ul>\n<\/div>\n\n\n\n<div class=\"wp-block-column is-layout-flow wp-block-column-is-layout-flow\">\n<h3 class=\"wp-block-heading\">Spezifikationen f\u00fcr K\u00fcchenger\u00e4te im Gro\u00dfhandel<\/h3>\n\n\n\n<ul class=\"wp-block-list\">\n<li>Hersteller: CHANCES<\/li>\n\n\n\n<li>Modell-Nr.:CY-OS1205A<\/li>\n\n\n\n<li>Material: SS201<\/li>\n\n\n\n<li>St\u00fcckzahl:12 St\u00fcck<\/li>\n\n\n\n<li>Dicke:0,5 mm<\/li>\n\n\n\n<li>Unterseite:3,0 mm1<\/li>\n\n\n\n<li>OEM&amp;ODM: Kundenspezifisch, willkommen OEM&amp;ODM<\/li>\n\n\n\n<li>MOQ:1 x 40'HQ<\/li>\n\n\n\n<li>Verpackung: Farbkarton\/Kartonverpackung<\/li>\n\n\n\n<li>Muster: Kostenlos<\/li>\n<\/ul>\n<\/div>\n<\/div>","protected":false},"excerpt":{"rendered":"<p>Das 12-teilige europ\u00e4ische Kochgeschirr-Set wurde speziell f\u00fcr K\u00fcchengro\u00dfh\u00e4ndler hergestellt und besteht aus Stahl. Alle Teile haben eine robuste Konstruktion und Griffe, die eine bequeme Benutzung erm\u00f6glichen, obwohl der Komfort variieren kann. Das Set bietet verschiedene M\u00f6glichkeiten zum Kochen, wobei sich die Hitze gleichm\u00e4\u00dfig, wenn auch nicht immer, verteilt, und die Pflege leicht zu bewerkstelligen ist. Dieses Set eignet sich sowohl f\u00fcr Profik\u00fcchen als auch f\u00fcr private K\u00fcchen, aber das h\u00e4ngt von der Umgebung und den Bed\u00fcrfnissen der Benutzer ab.<\/p>\n<h3>K\u00fcchenutensilien Gro\u00dfhandel Set enth\u00e4lt\uff1a<\/h3>\n<ul>\n<li>16cm x 8cm Kochtopf mit Deckel<\/li>\n<li>16cm x 8cm Kasserolle mit Deckel<\/li>\n<li>18cm x 9cm Kasserolle mit Deckel<\/li>\n<li>20cm x 10cm Kasserolle mit Deckel<\/li>\n<li>24cm x 12cm Kasserolle mit Deckel<\/li>\n<li>24cm x 5cm Bratpfanne mit Deckel<\/li>\n<\/ul>","protected":false},"featured_media":4180,"comment_status":"closed","ping_status":"closed","template":"","meta":{"_acf_changed":false},"product_brand":[],"product_cat":[53],"product_tag":[],"class_list":{"0":"post-3869","1":"product","2":"type-product","3":"status-publish","4":"has-post-thumbnail","6":"product_cat-wholesale-cookware-sets","8":"first","9":"instock","10":"shipping-taxable","11":"product-type-simple"},"acf":[],"_links":{"self":[{"href":"https:\/\/www.chancescook.com\/de\/wp-json\/wp\/v2\/product\/3869","targetHints":{"allow":["GET"]}}],"collection":[{"href":"https:\/\/www.chancescook.com\/de\/wp-json\/wp\/v2\/product"}],"about":[{"href":"https:\/\/www.chancescook.com\/de\/wp-json\/wp\/v2\/types\/product"}],"replies":[{"embeddable":true,"href":"https:\/\/www.chancescook.com\/de\/wp-json\/wp\/v2\/comments?post=3869"}],"wp:featuredmedia":[{"embeddable":true,"href":"https:\/\/www.chancescook.com\/de\/wp-json\/wp\/v2\/media\/4180"}],"wp:attachment":[{"href":"https:\/\/www.chancescook.com\/de\/wp-json\/wp\/v2\/media?parent=3869"}],"wp:term":[{"taxonomy":"product_brand","embeddable":true,"href":"https:\/\/www.chancescook.com\/de\/wp-json\/wp\/v2\/product_brand?post=3869"},{"taxonomy":"product_cat","embeddable":true,"href":"https:\/\/www.chancescook.com\/de\/wp-json\/wp\/v2\/product_cat?post=3869"},{"taxonomy":"product_tag","embeddable":true,"href":"https:\/\/www.chancescook.com\/de\/wp-json\/wp\/v2\/product_tag?post=3869"}],"curies":[{"name":"wp","href":"https:\/\/api.w.org\/{rel}","templated":true}]}}