{"id":3883,"date":"2024-09-21T06:25:56","date_gmt":"2024-09-21T06:25:56","guid":{"rendered":"https:\/\/www.chancescook.com\/?post_type=product&#038;p=3883"},"modified":"2025-12-31T04:23:26","modified_gmt":"2025-12-31T04:23:26","slug":"wholesale-steamer-pots","status":"publish","type":"product","link":"https:\/\/www.chancescook.com\/de\/produkt\/wholesale-steamer-pots\/","title":{"rendered":"Gro\u00dfhandel Dampfgarer Edelstahl 304 Praktisch Multifunktional mit Stahldeckel"},"content":{"rendered":"<div class=\"wp-block-columns is-layout-flex wp-container-core-columns-is-layout-9d6595d7 wp-block-columns-is-layout-flex\">\n<div class=\"wp-block-column is-layout-flow wp-block-column-is-layout-flow\">\n<h3 class=\"wp-block-heading\">Merkmale und Vorteile von Steamer-T\u00f6pfen<\/h3>\n\n\n\n<ul class=\"wp-block-list\">\n<li><strong>Ein Topf f\u00fcr mehrere Zwecke:<\/strong> Durch die Verschmelzung der Funktionen von Dampfgarer und Bratpfanne in einem Ger\u00e4t kann dieses Kochger\u00e4t in der t\u00e4glichen K\u00fcche sowohl zum Sautieren als auch zum D\u00e4mpfen von Speisen verwendet werden. Es hilft, Platz in der K\u00fcche zu sparen.<\/li>\n\n\n\n<li><strong>Abdeckung aus Stahl: <\/strong>Die robuste Stahlabdeckung ist sehr widerstandsf\u00e4hig und langlebig und bietet eine hohe W\u00e4rmespeicherung. Sie hilft, die Feuchtigkeit und die N\u00e4hrstoffe in den Lebensmitteln zu halten, was f\u00fcr das Kochen im Sinne gesunder Ern\u00e4hrungsgewohnheiten n\u00fctzlich ist.<\/li>\n\n\n\n<li><strong>Antihaft-Schicht:<\/strong> Die Oberfl\u00e4chen von Bratpfannen sind h\u00e4ufig mit einer Antihaftbeschichtung versehen, die verhindert, dass Lebensmittel an der Oberfl\u00e4che der Pfanne haften bleiben. Au\u00dferdem wird dadurch die Reinigung erleichtert und die Pflege wird \u00fcberschaubarer.<\/li>\n\n\n\n<li><strong>Ergonomischer Handgriff:<\/strong> Das Design hat einen komfortablen Griff, der isoliert ist und nicht so leicht verrutscht, um eine sichere Benutzung zu erm\u00f6glichen.<\/li>\n\n\n\n<li><strong>Langlebigkeit:<\/strong> Das Material besteht aus hochwertigem Edelstahl, der den Dampfkocht\u00f6pfen eine lange Lebensdauer verleiht und f\u00fcr eine gleichm\u00e4\u00dfige W\u00e4rmeverteilung sorgt. Dies gew\u00e4hrleistet ein gleichm\u00e4\u00dfiges Garen und reduziert gleichzeitig die Notwendigkeit eines h\u00e4ufigen Austauschs.<\/li>\n\n\n\n<li><strong>Zubeh\u00f6r f\u00fcr Dampfschublade:<\/strong> Es gibt eine zus\u00e4tzliche Dampfschublade, die das gleichzeitige D\u00e4mpfen und Kochen in einem Topf erleichtert und die Kocheffizienz erh\u00f6ht.<\/li>\n<\/ul>\n<\/div>\n\n\n\n<div class=\"wp-block-column is-layout-flow wp-block-column-is-layout-flow\">\n<h3 class=\"wp-block-heading\">Spezifikationen f\u00fcr Dampfkocht\u00f6pfe<\/h3>\n\n\n\n<ul class=\"wp-block-list\">\n<li>Hersteller: CHANCES<\/li>\n\n\n\n<li>Modell-Nr.:CY-ZD0536A<\/li>\n\n\n\n<li>Material: SS201<\/li>\n\n\n\n<li>Deckel: Edelstahl-Deckel<\/li>\n\n\n\n<li>Dicke:0,5 mm<\/li>\n\n\n\n<li>Unterseite:2,5 mm<\/li>\n\n\n\n<li>OEM&amp;ODM: Kundenspezifisch, willkommen OEM&amp;ODM<\/li>\n\n\n\n<li>MOQ:1 x 40'HQ<\/li>\n\n\n\n<li>Verpackung: Farbkarton\/Kartonverpackung<\/li>\n\n\n\n<li>Muster: Kostenlos<\/li>\n<\/ul>\n<\/div>\n<\/div>\n\n\n\n<p><\/p>","protected":false},"excerpt":{"rendered":"<p>Der Gro\u00dfhandelsdampfkochtopf ist ein g\u00e4ngiges K\u00fcchenutensil, das sowohl als Dampfkochtopf als auch als Sauteuse dient. Dank seines robusten Deckels aus Stahl eignet er sich zum D\u00e4mpfen und Sautieren, aber auch zum Anbraten oder f\u00fcr andere Kochtechniken. Diese Pfanne ist eine praktische Option f\u00fcr viele K\u00fcchen.<\/p>\n<h3 class=\"wp-block-heading\">Gro\u00dfhandel Dampfer T\u00f6pfe enthalten\uff1a<\/h3>\n<ul>\n<li>36cm Bratpfanne mit zwei Griffen<\/li>\n<li>36cm Steamer mit zwei Griffen<\/li>\n<li>1 St\u00fcck Stahlabdeckung<\/li>\n<li>1 St. Dampfscheibe<\/li>\n<\/ul>\n<p>Chances ist bestrebt, seinen Kunden einen effizienten und professionellen Service nach Ma\u00df zu bieten, und st\u00fctzt sich dabei auf unsere starken Produktionskapazit\u00e4ten und strengen Qualit\u00e4tskontrollen, um sicherzustellen, dass jede Charge von Edelstahl-Dampfkocht\u00f6pfen Ihren hohen Anspr\u00fcchen gen\u00fcgt.<\/p>","protected":false},"featured_media":5819,"comment_status":"closed","ping_status":"closed","template":"","meta":{"_acf_changed":false},"product_brand":[],"product_cat":[52,64,65],"product_tag":[],"class_list":{"0":"post-3883","1":"product","2":"type-product","3":"status-publish","4":"has-post-thumbnail","6":"product_cat-cookware-wholesale","7":"product_cat-chinese-steamer-pot-factory","8":"product_cat-chinese-wok","10":"first","11":"instock","12":"shipping-taxable","13":"product-type-simple"},"acf":[],"_links":{"self":[{"href":"https:\/\/www.chancescook.com\/de\/wp-json\/wp\/v2\/product\/3883","targetHints":{"allow":["GET"]}}],"collection":[{"href":"https:\/\/www.chancescook.com\/de\/wp-json\/wp\/v2\/product"}],"about":[{"href":"https:\/\/www.chancescook.com\/de\/wp-json\/wp\/v2\/types\/product"}],"replies":[{"embeddable":true,"href":"https:\/\/www.chancescook.com\/de\/wp-json\/wp\/v2\/comments?post=3883"}],"wp:featuredmedia":[{"embeddable":true,"href":"https:\/\/www.chancescook.com\/de\/wp-json\/wp\/v2\/media\/5819"}],"wp:attachment":[{"href":"https:\/\/www.chancescook.com\/de\/wp-json\/wp\/v2\/media?parent=3883"}],"wp:term":[{"taxonomy":"product_brand","embeddable":true,"href":"https:\/\/www.chancescook.com\/de\/wp-json\/wp\/v2\/product_brand?post=3883"},{"taxonomy":"product_cat","embeddable":true,"href":"https:\/\/www.chancescook.com\/de\/wp-json\/wp\/v2\/product_cat?post=3883"},{"taxonomy":"product_tag","embeddable":true,"href":"https:\/\/www.chancescook.com\/de\/wp-json\/wp\/v2\/product_tag?post=3883"}],"curies":[{"name":"wp","href":"https:\/\/api.w.org\/{rel}","templated":true}]}}