{"id":3884,"date":"2024-09-10T07:47:50","date_gmt":"2024-09-10T07:47:50","guid":{"rendered":"https:\/\/www.chancescook.com\/?post_type=product&#038;p=3884"},"modified":"2025-12-21T13:30:29","modified_gmt":"2025-12-21T13:30:29","slug":"wholesale-snow-pans","status":"publish","type":"product","link":"https:\/\/www.chancescook.com\/de\/produkt\/wholesale-snow-pans\/","title":{"rendered":"Bespoke Gro\u00dfhandel Schnee Pfannen, 430 Edelstahl Suppentopf japanischen Stil Lieferant"},"content":{"rendered":"<div class=\"wp-block-columns is-layout-flex wp-container-core-columns-is-layout-9d6595d7 wp-block-columns-is-layout-flex\">\n<div class=\"wp-block-column is-layout-flow wp-block-column-is-layout-flow\">\n<h3 class=\"wp-block-heading\">Merkmale und Vorteile von Schneeschaufeln aus Edelstahl<\/h3>\n\n\n\n<ul class=\"wp-block-list\">\n<li><strong>Konstruktion aus hochwertigem 430er-Edelstahl<\/strong>: Diese Schneekanne ist aus hochwertigem 430er Edelstahl gefertigt und zeichnet sich durch Langlebigkeit, Rostbest\u00e4ndigkeit und gleichm\u00e4\u00dfige W\u00e4rmeverteilung aus, was sie zu einer zuverl\u00e4ssigen Wahl f\u00fcr jeden Suppentopfanbieter macht.<\/li>\n<\/ul>\n\n\n\n<p><\/p>\n\n\n\n<ul class=\"wp-block-list\">\n<li><strong>Elegantes japanisches Design<\/strong>: Die Gro\u00dfhandels-Schneepfannen haben ein traditionelles japanisches Design, das ein Gef\u00fchl von Authentizit\u00e4t in Ihre K\u00fcche bringt und perfekt zum Kochen geeignet ist.<\/li>\n<\/ul>\n\n\n\n<p><\/p>\n\n\n\n<ul class=\"wp-block-list\">\n<li><strong>Holzgriff Design<\/strong>n: Der ergonomische Holzgriff liegt gut in der Hand und ist nicht so leicht zu verbrennen, was die Sicherheit beim Kochen gew\u00e4hrleistet.<\/li>\n<\/ul>\n\n\n\n<p><\/p>\n\n\n\n<ul class=\"wp-block-list\">\n<li><strong>Deckel aus geh\u00e4rtetem Glas<\/strong>: Es ist bequem f\u00fcr uns, den Garprozess zu \u00fcberwachen, ohne den Deckel abzunehmen, w\u00e4hrend Feuchtigkeit und Geschmack erhalten bleiben.<\/li>\n<\/ul>\n\n\n\n<p><\/p>\n\n\n\n<ul class=\"wp-block-list\">\n<li><strong>Leicht und einfach zu handhaben<\/strong>: Der Suppentopf ist robust, aber leicht und einfach zu handhaben. Er eignet sich perfekt f\u00fcr den t\u00e4glichen Gebrauch und ist eine ausgezeichnete Wahl von einem vertrauensw\u00fcrdigen Anbieter von Suppent\u00f6pfen.<\/li>\n<\/ul>\n\n\n\n<p><\/p>\n\n\n\n<ul class=\"wp-block-list\">\n<li><strong>Geeignet f\u00fcr verschiedene \u00d6fen<\/strong>: Die Schneekanonen des Gro\u00dfhandels sind universell f\u00fcr Gas- und Induktionskochfelder geeignet und passen sich flexibel an verschiedene Kochumgebungen an.<\/li>\n<\/ul>\n\n\n\n<p><\/p>\n\n\n\n<ul class=\"wp-block-list\">\n<li><strong>Leicht zu reinigen<\/strong>: Die Edelstahloberfl\u00e4che ist glatt und nicht reaktiv, leicht zu reinigen und sp\u00fclmaschinenfest.<\/li>\n<\/ul>\n<\/div>\n\n\n\n<div class=\"wp-block-column is-layout-flow wp-block-column-is-layout-flow\">\n<figure class=\"wp-block-image size-full\"><img decoding=\"async\" width=\"800\" height=\"800\" src=\"https:\/\/www.chancescook.com\/wp-content\/uploads\/2024\/09\/Wholesale-Snow-Pan-Soup-Pan-Stainless-Steel-5.webp\" alt=\"Gro\u00dfhandel Schnee Pfannen, Suppe Pan Edelstahl (5)\" class=\"wp-image-3892\" srcset=\"https:\/\/www.chancescook.com\/wp-content\/uploads\/2024\/09\/Wholesale-Snow-Pan-Soup-Pan-Stainless-Steel-5.webp 800w, https:\/\/www.chancescook.com\/wp-content\/uploads\/2024\/09\/Wholesale-Snow-Pan-Soup-Pan-Stainless-Steel-5-300x300.webp 300w, https:\/\/www.chancescook.com\/wp-content\/uploads\/2024\/09\/Wholesale-Snow-Pan-Soup-Pan-Stainless-Steel-5-150x150.webp 150w, https:\/\/www.chancescook.com\/wp-content\/uploads\/2024\/09\/Wholesale-Snow-Pan-Soup-Pan-Stainless-Steel-5-768x768.webp 768w, https:\/\/www.chancescook.com\/wp-content\/uploads\/2024\/09\/Wholesale-Snow-Pan-Soup-Pan-Stainless-Steel-5-12x12.webp 12w, https:\/\/www.chancescook.com\/wp-content\/uploads\/2024\/09\/Wholesale-Snow-Pan-Soup-Pan-Stainless-Steel-5-285x285.webp 285w, https:\/\/www.chancescook.com\/wp-content\/uploads\/2024\/09\/Wholesale-Snow-Pan-Soup-Pan-Stainless-Steel-5-270x270.webp 270w, https:\/\/www.chancescook.com\/wp-content\/uploads\/2024\/09\/Wholesale-Snow-Pan-Soup-Pan-Stainless-Steel-5-540x540.webp 540w, https:\/\/www.chancescook.com\/wp-content\/uploads\/2024\/09\/Wholesale-Snow-Pan-Soup-Pan-Stainless-Steel-5-660x660.webp 660w\" sizes=\"(max-width: 800px) 100vw, 800px\" \/><\/figure>\n<\/div>\n<\/div>\n\n\n\n<p><\/p>","protected":false},"excerpt":{"rendered":"<p>Willkommen in unserem Gro\u00dfhandel Schnee Pfannen, japanischen Stil Edelstahl Schnee Pfannen mit einem Holzgriff und Glasdeckel sind nicht nur langlebig, sondern auch traditionell elegant f\u00fcr jede K\u00fcche. F\u00fchlen Sie sich frei, uns f\u00fcr ein Angebot zu fragen!<\/p>\n<h3 class=\"wp-block-heading\">Spezifikationen von Schneeschaufeln<\/h3>\n<table style=\"border-collapse: collapse; width: 481.52pt;\" border=\"0\" width=\"1284\" cellspacing=\"0\" cellpadding=\"0\">\n<tbody>\n<tr style=\"height: 16.10pt;\">\n<td class=\"et3\" style=\"height: 16.10pt; width: 71.30pt;\" width=\"190\" height=\"42\">Modell Nr.<\/td>\n<td class=\"et3\" style=\"width: 150.05pt;\" width=\"400\">Durchmesser<\/td>\n<td class=\"et3\" style=\"width: 150.05pt;\" width=\"400\">Gewicht<\/td>\n<td class=\"et3\" style=\"width: 110.35pt;\" width=\"294\">Dicken<\/td>\n<\/tr>\n<tr style=\"height: 48.40pt;\">\n<td class=\"et3\" style=\"height: 48.40pt;\" height=\"129\">CY-XPG10<\/td>\n<td class=\"et3\">18cm\/20cm\/22cm<\/td>\n<td class=\"et3\">510g\/600g\/650g<\/td>\n<td class=\"et3\">1mm<\/td>\n<\/tr>\n<tr style=\"height: 48.40pt;\">\n<td class=\"et3\" style=\"height: 48.40pt;\" height=\"129\">CY-XPG04<\/td>\n<td class=\"et3\">16cm\/18cm\/20cm\/22cm<\/td>\n<td class=\"et3\">250g\/290g\/340g\/450g<\/td>\n<td class=\"et3\">0,4 mm<\/td>\n<\/tr>\n<\/tbody>\n<\/table>\n<ul>\n<li>Hersteller: CHANCES<\/li>\n<li>Material: SS430<\/li>\n<li>Farbe: Original\/Schwarz<\/li>\n<li>Deckel: Glas-Deckel<\/li>\n<li>OEM&amp;ODM: Kundenspezifisch, willkommen OEM&amp;ODM<\/li>\n<li>MOQ:1 x 40'HQ<\/li>\n<li>Verpackung: Farbkarton\/Kartonverpackung<\/li>\n<li>Muster: Kostenlos<\/li>\n<\/ul>\n<p>Chances ist bestrebt, seinen Kunden effiziente und professionelle Dienstleistungen zu bieten. <a href=\"https:\/\/www.chancescook.com\/de\/custom-cookware\/\"><strong>kundenspezifische Dienstleistungen<\/strong><\/a>Wir st\u00fctzen uns auf unsere starken Produktionskapazit\u00e4ten und unsere strenge Qualit\u00e4tskontrolle, um sicherzustellen, dass jede Charge von\u00a0<strong>Schneeschaufeln aus rostfreiem Stahl<\/strong> Ihren hohen Anspr\u00fcchen gerecht wird.<\/p>","protected":false},"featured_media":5766,"comment_status":"closed","ping_status":"closed","template":"","meta":{"_acf_changed":false},"product_brand":[],"product_cat":[52,69],"product_tag":[],"class_list":{"0":"post-3884","1":"product","2":"type-product","3":"status-publish","4":"has-post-thumbnail","6":"product_cat-cookware-wholesale","7":"product_cat-snow-pan-wholesaler","9":"first","10":"instock","11":"shipping-taxable","12":"product-type-simple"},"acf":[],"_links":{"self":[{"href":"https:\/\/www.chancescook.com\/de\/wp-json\/wp\/v2\/product\/3884","targetHints":{"allow":["GET"]}}],"collection":[{"href":"https:\/\/www.chancescook.com\/de\/wp-json\/wp\/v2\/product"}],"about":[{"href":"https:\/\/www.chancescook.com\/de\/wp-json\/wp\/v2\/types\/product"}],"replies":[{"embeddable":true,"href":"https:\/\/www.chancescook.com\/de\/wp-json\/wp\/v2\/comments?post=3884"}],"wp:featuredmedia":[{"embeddable":true,"href":"https:\/\/www.chancescook.com\/de\/wp-json\/wp\/v2\/media\/5766"}],"wp:attachment":[{"href":"https:\/\/www.chancescook.com\/de\/wp-json\/wp\/v2\/media?parent=3884"}],"wp:term":[{"taxonomy":"product_brand","embeddable":true,"href":"https:\/\/www.chancescook.com\/de\/wp-json\/wp\/v2\/product_brand?post=3884"},{"taxonomy":"product_cat","embeddable":true,"href":"https:\/\/www.chancescook.com\/de\/wp-json\/wp\/v2\/product_cat?post=3884"},{"taxonomy":"product_tag","embeddable":true,"href":"https:\/\/www.chancescook.com\/de\/wp-json\/wp\/v2\/product_tag?post=3884"}],"curies":[{"name":"wp","href":"https:\/\/api.w.org\/{rel}","templated":true}]}}