{"id":3896,"date":"2024-09-21T06:31:52","date_gmt":"2024-09-21T06:31:52","guid":{"rendered":"https:\/\/www.chancescook.com\/?post_type=product&#038;p=3896"},"modified":"2025-12-22T10:19:52","modified_gmt":"2025-12-22T10:19:52","slug":"stainless-steel-steamer-wok-supplier","status":"publish","type":"product","link":"https:\/\/www.chancescook.com\/de\/produkt\/stainless-steel-steamer-wok-supplier\/","title":{"rendered":"Edelstahl-Dampfgarer Wok Lieferant Fertigung multifunktional mit Kombideckel"},"content":{"rendered":"<div class=\"wp-block-columns is-layout-flex wp-container-core-columns-is-layout-9d6595d7 wp-block-columns-is-layout-flex\">\n<div class=\"wp-block-column is-layout-flow wp-block-column-is-layout-flow\">\n<h3 class=\"wp-block-heading\">Eigenschaften und Vorteile des Steamer Wok<\/h3>\n\n\n\n<ul class=\"wp-block-list\">\n<li><strong>Ein Topf Mehrzweck:<\/strong> Durch die Verschmelzung der Funktionen von Dampfgarer und Bratpfanne in einem Ger\u00e4t kann dieses Kochger\u00e4t in der t\u00e4glichen K\u00fcche sowohl zum Sautieren als auch zum D\u00e4mpfen von Speisen verwendet werden. Es hilft, Platz in der K\u00fcche zu sparen.<\/li>\n\n\n\n<li><strong>Ergonomischer Handgriff:<\/strong> Das Design hat einen komfortablen Griff, der isoliert ist und nicht so leicht verrutscht, um eine sichere Benutzung zu erm\u00f6glichen.<\/li>\n\n\n\n<li><strong>Langlebigkeit:<\/strong> Das Material besteht aus hochwertigem Edelstahl, der dem Dampfwok eine lange Lebensdauer verleiht und f\u00fcr eine gleichm\u00e4\u00dfige W\u00e4rmeverteilung sorgt. Dies gew\u00e4hrleistet ein gleichm\u00e4\u00dfiges Garen und reduziert gleichzeitig die Notwendigkeit eines h\u00e4ufigen Austauschs.<\/li>\n\n\n\n<li><strong>Stapelbares Design:<\/strong> Multifunktionale T\u00f6pfe und Pfannen k\u00f6nnen zur Aufbewahrung gestapelt werden, was Platz spart und einfach zu organisieren ist. Die angebrachte Dampfschublade verbessert die Effizienz beim Kochen.<\/li>\n\n\n\n<li><strong>Kompatibel mit mehreren Herden:<\/strong> Dieses Kochgeschirr ist f\u00fcr Induktions-, Gas-, Keramik- und andere Herdarten geeignet, bequemer und flexibler in der Anwendung.<\/li>\n\n\n\n<li><strong>Gleichm\u00e4\u00dfig beheizter Boden:<\/strong> Das spezielle Design des Topfbodens garantiert eine gleichm\u00e4\u00dfige W\u00e4rmeverteilung und verhindert so eine lokale \u00dcberhitzung oder angebrannte Speisen.<\/li>\n<\/ul>\n<\/div>\n\n\n\n<div class=\"wp-block-column is-layout-flow wp-block-column-is-layout-flow\">\n<h3 class=\"wp-block-heading\">Spezifikationen f\u00fcr Edelstahl-Dampfgarer-Wok<\/h3>\n\n\n\n<ul class=\"wp-block-list\">\n<li>Hersteller: CHANCES<\/li>\n\n\n\n<li>Modell-Nr.:CY-ZD0536B<\/li>\n\n\n\n<li>Material: SS201<\/li>\n\n\n\n<li>Deckel: Edelstahl-Deckel<\/li>\n\n\n\n<li>Dicke:0,5 mm<\/li>\n\n\n\n<li>Unterseite:2,5 mm<\/li>\n\n\n\n<li>OEM&amp;ODM: Kundenspezifisch, willkommen OEM&amp;ODM<\/li>\n\n\n\n<li>MOQ:1 x 40'HQ<\/li>\n\n\n\n<li>Verpackung: Farbkarton\/Kartonverpackung<\/li>\n\n\n\n<li>Muster: Kostenlos<\/li>\n<\/ul>\n<\/div>\n<\/div>","protected":false},"excerpt":{"rendered":"<p>Ein Dampfwok ist ein multifunktionales K\u00fcchenger\u00e4t, das zum Pfannenr\u00fchren und D\u00e4mpfen von Speisen verwendet werden kann. Er verf\u00fcgt \u00fcber einen breiten runden Boden f\u00fcr eine gleichm\u00e4\u00dfige W\u00e4rmeverteilung, einen passenden Deckel und einen D\u00e4mpfeinsatz und ist damit ideal f\u00fcr die Zubereitung einer Vielzahl von Gerichten. Er ist perfekt f\u00fcr effizientes Kochen und eignet sich sowohl f\u00fcr den privaten als auch f\u00fcr den gewerblichen Gebrauch.<\/p>\n<h3 class=\"wp-block-heading\">Edelstahl Dampfgarer Wok Inklusive\uff1a<\/h3>\n<ul>\n<li>36cm Bratpfanne mit zwei Griffen<\/li>\n<li>36cm Steamer mit zwei Griffen<\/li>\n<li>1St\u00fcck Kombideckel<\/li>\n<li>1 Stk. Dampfscheibe<\/li>\n<\/ul>\n<p>Chances ist bestrebt, seinen Kunden einen effizienten und professionellen kundenspezifischen Service zu bieten, und st\u00fctzt sich dabei auf unsere starke Produktionskapazit\u00e4t und strenge Qualit\u00e4tskontrolle, um sicherzustellen, dass jede Charge der Wokpfanne aus rostfreiem Stahl Ihren hohen Anspr\u00fcchen gen\u00fcgt.<\/p>","protected":false},"featured_media":5814,"comment_status":"closed","ping_status":"closed","template":"","meta":{"_acf_changed":false},"product_brand":[],"product_cat":[52,64],"product_tag":[],"class_list":{"0":"post-3896","1":"product","2":"type-product","3":"status-publish","4":"has-post-thumbnail","6":"product_cat-cookware-wholesale","7":"product_cat-chinese-steamer-pot-factory","9":"first","10":"instock","11":"shipping-taxable","12":"product-type-simple"},"acf":[],"_links":{"self":[{"href":"https:\/\/www.chancescook.com\/de\/wp-json\/wp\/v2\/product\/3896","targetHints":{"allow":["GET"]}}],"collection":[{"href":"https:\/\/www.chancescook.com\/de\/wp-json\/wp\/v2\/product"}],"about":[{"href":"https:\/\/www.chancescook.com\/de\/wp-json\/wp\/v2\/types\/product"}],"replies":[{"embeddable":true,"href":"https:\/\/www.chancescook.com\/de\/wp-json\/wp\/v2\/comments?post=3896"}],"wp:featuredmedia":[{"embeddable":true,"href":"https:\/\/www.chancescook.com\/de\/wp-json\/wp\/v2\/media\/5814"}],"wp:attachment":[{"href":"https:\/\/www.chancescook.com\/de\/wp-json\/wp\/v2\/media?parent=3896"}],"wp:term":[{"taxonomy":"product_brand","embeddable":true,"href":"https:\/\/www.chancescook.com\/de\/wp-json\/wp\/v2\/product_brand?post=3896"},{"taxonomy":"product_cat","embeddable":true,"href":"https:\/\/www.chancescook.com\/de\/wp-json\/wp\/v2\/product_cat?post=3896"},{"taxonomy":"product_tag","embeddable":true,"href":"https:\/\/www.chancescook.com\/de\/wp-json\/wp\/v2\/product_tag?post=3896"}],"curies":[{"name":"wp","href":"https:\/\/api.w.org\/{rel}","templated":true}]}}