{"id":3897,"date":"2024-09-10T08:11:17","date_gmt":"2024-09-10T08:11:17","guid":{"rendered":"https:\/\/www.chancescook.com\/?post_type=product&#038;p=3897"},"modified":"2025-12-21T13:45:10","modified_gmt":"2025-12-21T13:45:10","slug":"custom-japanese-snow-pan","status":"publish","type":"product","link":"https:\/\/www.chancescook.com\/de\/produkt\/custom-japanese-snow-pan\/","title":{"rendered":"Custom Japanese Snow Pan Coated Milk Pot Edelstahl 430 Non-Stick mit Holzgriff"},"content":{"rendered":"<div class=\"wp-block-columns is-layout-flex wp-container-core-columns-is-layout-9d6595d7 wp-block-columns-is-layout-flex\">\n<div class=\"wp-block-column is-layout-flow wp-block-column-is-layout-flow\">\n<h3 class=\"wp-block-heading\">Merkmale und Vorteile der japanischen Schneeschale<\/h3>\n\n\n\n<ul class=\"wp-block-list\">\n<li><strong>Hochwertiges Material aus Edelstahl 430<\/strong>: aus rostfreiem Edelstahl 430 mit hervorragender Korrosions- und Rostbest\u00e4ndigkeit, um eine gleichm\u00e4\u00dfige W\u00e4rmeverteilung und optimale Kochergebnisse zu gew\u00e4hrleisten.<\/li>\n<\/ul>\n\n\n\n<p><\/p>\n\n\n\n<ul class=\"wp-block-list\">\n<li><strong>Antihaft-Beschichtung<\/strong>Die Oberfl\u00e4che der japanischen Schneepfanne ist mit einer hochwertigen Antihaftbeschichtung versehen, die das Anhaften von Lebensmitteln verhindert. Sie ist leicht zu reinigen und eignet sich besonders zum Kochen von Milch, So\u00dfen und anderen empfindlichen Gerichten.<\/li>\n<\/ul>\n\n\n\n<p><\/p>\n\n\n\n<ul class=\"wp-block-list\">\n<li><strong>Yukiyaki-Design im japanischen Stil<\/strong>: Das Yukiyaki-Design im traditionellen japanischen Stil ist einfach und stilvoll im Aussehen und praktisch in der Funktion, geeignet f\u00fcr moderne K\u00fcchen.<\/li>\n<\/ul>\n\n\n\n<p><\/p>\n\n\n\n<ul class=\"wp-block-list\">\n<li><strong>Ergonomischer Handgriff<\/strong>: Die Schneepfanne aus Edelstahl ist mit einem bequemen, hitzebest\u00e4ndigen Griff ausgestattet, der Sicherheit und Komfort beim Kochen gew\u00e4hrleistet.<\/li>\n<\/ul>\n\n\n\n<p><\/p>\n\n\n\n<ul class=\"wp-block-list\">\n<li><strong>F\u00fcr den t\u00e4glichen Gebrauch geeignet<\/strong>: Die japanische Schneekanne ist leicht und langlebig und eignet sich f\u00fcr allt\u00e4gliche Kochaufgaben wie das Kochen, Garen und Zubereiten von Suppen oder So\u00dfen.<\/li>\n<\/ul>\n\n\n\n<p><\/p>\n\n\n\n<ul class=\"wp-block-list\">\n<li><strong>Geeignet f\u00fcr mehrere \u00d6fen<\/strong>: Kompatibel mit Gas, Induktion, Induktionsherden und anderen Herden, flexibel und einsetzbar.<\/li>\n<\/ul>\n\n\n\n<p><\/p>\n\n\n\n<ul class=\"wp-block-list\">\n<li><strong>Umweltfreundliches Material<\/strong>: Edelstahl ist aus umweltfreundlichem, lebensmittelechtem Material hergestellt und entspricht dem Konzept des Gesundheits- und Umweltschutzes.<\/li>\n<\/ul>\n<\/div>\n\n\n\n<div class=\"wp-block-column is-layout-flow wp-block-column-is-layout-flow\">\n<figure class=\"wp-block-image size-full\"><img decoding=\"async\" src=\"https:\/\/www.chancescook.com\/wp-content\/uploads\/2024\/09\/Custom-Japanese-Snow-Pan-3.webp\" alt=\"Kundenspezifische japanische Schneeschale (3)\" class=\"wp-image-3901\"\/><\/figure>\n<\/div>\n<\/div>","protected":false},"excerpt":{"rendered":"<p>Entdecken Sie unsere ma\u00dfgefertigte antihaftbeschichtete japanische Schneepfanne, um Ihre Geschirrkollektion aufzuwerten. Sie besteht aus hochwertigem 430er Edelstahl und ist f\u00fcr K\u00e4ufer geeignet, die auf der Suche nach hochwertigem und langlebigem Geschirr sind. F\u00fchlen Sie sich frei, uns zu kontaktieren.<\/p>\n<h3 class=\"wp-block-heading\">Spezifikationen der japanischen Schneeschale<\/h3>\n<table style=\"border-collapse: collapse; width: 481.52pt;\" border=\"0\" width=\"1284\" cellspacing=\"0\" cellpadding=\"0\">\n<tbody>\n<tr style=\"height: 16.10pt;\">\n<td class=\"et3\" style=\"height: 16.10pt; width: 71.30pt;\" width=\"190\" height=\"42\">Modell Nr.<\/td>\n<td class=\"et3\" style=\"width: 150.05pt;\" width=\"400\">Durchmesser<\/td>\n<td class=\"et3\" style=\"width: 150.05pt;\" width=\"400\">Gewicht<\/td>\n<td class=\"et3\" style=\"width: 110.35pt;\" width=\"294\">Dicken<\/td>\n<\/tr>\n<tr style=\"height: 48.40pt;\">\n<td class=\"et3\" style=\"height: 48.40pt;\" height=\"129\">CY-XPG10<\/td>\n<td class=\"et3\">18cm\/20cm\/22cm<\/td>\n<td class=\"et3\">510g\/600g\/650g<\/td>\n<td class=\"et3\">1mm<\/td>\n<\/tr>\n<tr style=\"height: 48.40pt;\">\n<td class=\"et3\" style=\"height: 48.40pt;\" height=\"129\">CY-XPG04<\/td>\n<td class=\"et3\">16cm\/18cm\/20cm\/22cm<\/td>\n<td class=\"et3\">250g\/290g\/340g\/450g<\/td>\n<td class=\"et3\">0,4 mm<\/td>\n<\/tr>\n<\/tbody>\n<\/table>\n<ul>\n<li>Hersteller: CHANCES<\/li>\n<li>Material: SS430<\/li>\n<li>Farbe: Original\/Schwarz<\/li>\n<li>Deckel: Glas-Deckel<\/li>\n<li>OEM&amp;ODM: Kundenspezifisch, willkommen OEM&amp;ODM<\/li>\n<li>MOQ:1 x 40'HQ<\/li>\n<li>Verpackung: Farbkarton\/Kartonverpackung<\/li>\n<li>Muster: Kostenlos<\/li>\n<\/ul>\n<p><strong>Chancescook<\/strong> ist bestrebt, effiziente und professionelle kundenspezifische Dienstleistungen zu erbringen, die durch unsere exklusive Formenentwicklung, unsere starken Produktionskapazit\u00e4ten und unsere strenge Qualit\u00e4tskontrolle unterst\u00fctzt werden, um sicherzustellen, dass jede Charge japanischer Schneekanonen Ihren Anforderungen entspricht.<\/p>","protected":false},"featured_media":5772,"comment_status":"closed","ping_status":"closed","template":"","meta":{"_acf_changed":false},"product_brand":[],"product_cat":[52,69],"product_tag":[],"class_list":{"0":"post-3897","1":"product","2":"type-product","3":"status-publish","4":"has-post-thumbnail","6":"product_cat-cookware-wholesale","7":"product_cat-snow-pan-wholesaler","9":"first","10":"instock","11":"shipping-taxable","12":"product-type-simple"},"acf":[],"_links":{"self":[{"href":"https:\/\/www.chancescook.com\/de\/wp-json\/wp\/v2\/product\/3897","targetHints":{"allow":["GET"]}}],"collection":[{"href":"https:\/\/www.chancescook.com\/de\/wp-json\/wp\/v2\/product"}],"about":[{"href":"https:\/\/www.chancescook.com\/de\/wp-json\/wp\/v2\/types\/product"}],"replies":[{"embeddable":true,"href":"https:\/\/www.chancescook.com\/de\/wp-json\/wp\/v2\/comments?post=3897"}],"wp:featuredmedia":[{"embeddable":true,"href":"https:\/\/www.chancescook.com\/de\/wp-json\/wp\/v2\/media\/5772"}],"wp:attachment":[{"href":"https:\/\/www.chancescook.com\/de\/wp-json\/wp\/v2\/media?parent=3897"}],"wp:term":[{"taxonomy":"product_brand","embeddable":true,"href":"https:\/\/www.chancescook.com\/de\/wp-json\/wp\/v2\/product_brand?post=3897"},{"taxonomy":"product_cat","embeddable":true,"href":"https:\/\/www.chancescook.com\/de\/wp-json\/wp\/v2\/product_cat?post=3897"},{"taxonomy":"product_tag","embeddable":true,"href":"https:\/\/www.chancescook.com\/de\/wp-json\/wp\/v2\/product_tag?post=3897"}],"curies":[{"name":"wp","href":"https:\/\/api.w.org\/{rel}","templated":true}]}}