{"id":3909,"date":"2024-09-25T10:30:47","date_gmt":"2024-09-25T10:30:47","guid":{"rendered":"https:\/\/www.chancescook.com\/?post_type=product&#038;p=3909"},"modified":"2025-12-31T04:22:32","modified_gmt":"2025-12-31T04:22:32","slug":"wholesale-stainless-steel-wok","status":"publish","type":"product","link":"https:\/\/www.chancescook.com\/de\/produkt\/wholesale-stainless-steel-wok\/","title":{"rendered":"Gro\u00dfhandel Edelstahl Wok Composite Bottom Wenwu Handle mit Stahldeckel"},"content":{"rendered":"<div class=\"wp-block-columns is-layout-flex wp-container-core-columns-is-layout-9d6595d7 wp-block-columns-is-layout-flex\">\n<div class=\"wp-block-column is-layout-flow wp-block-column-is-layout-flow\" style=\"flex-basis:70%\">\n<h3 class=\"wp-block-heading\">Merkmale und Vorteile des Edelstahl-Woks<\/h3>\n\n\n\n<ul class=\"wp-block-list\">\n<li><strong>Premium-Edelstahl:<\/strong> Das Material dieser Wokpfanne besteht aus rostfreiem Stahl, der f\u00fcr seine hohe Qualit\u00e4t bekannt ist. Er ist langlebig und korrosionsbest\u00e4ndig, so dass er \u00fcber einen langen Zeitraum verwendet werden kann.<\/li>\n\n\n\n<li><strong>Komposit-Bodenstruktur:<\/strong> Der Verbundboden sorgt f\u00fcr eine gleichm\u00e4\u00dfigere W\u00e4rmeverteilung und eine schnellere Erw\u00e4rmung, und er erm\u00f6glicht eine effiziente Energienutzung, die f\u00fcr viele verschiedene Kochanforderungen n\u00fctzlich ist.<\/li>\n\n\n\n<li><strong>Kompatibel mit allen Herdarten:<\/strong> Der Wok aus Edelstahl eignet sich f\u00fcr alle Herdarten, auch f\u00fcr Induktionsherde, was ihm eine breite Kompatibilit\u00e4t und damit die Erf\u00fcllung der verschiedenen Bed\u00fcrfnisse beim Kochen erm\u00f6glicht.<\/li>\n\n\n\n<li><strong>Wen Wu Handle:<\/strong> Der Wen Wu-Griff hat ein besonderes Design, das sowohl funktional als auch attraktiv ist. Er bietet einen festen Griff und erm\u00f6glicht gleichzeitig eine einfachere Handhabung, so dass die Handlungen bei der Verwendung insgesamt sicherer werden.<\/li>\n\n\n\n<li><strong>Stehender Deckel Design:<\/strong> Der Deckel kann aufrecht stehen, so dass er weniger Platz auf den K\u00fcchenfl\u00e4chen einnimmt. Au\u00dferdem verhindert er den Kontakt zwischen dem Deckel und unsauberen Gegenst\u00e4nden oder Oberfl\u00e4chen, was zu Verunreinigungen f\u00fchren k\u00f6nnte.<\/li>\n\n\n\n<li><strong>Leicht zu reinigen:<\/strong> Sie sind leicht zu reinigen und sp\u00fclmaschinenfest, damit Ihr Kochgeschirr immer wie neu aussieht.<\/li>\n\n\n\n<li><strong>Verf\u00fcgbarkeit im Gro\u00dfhandel:<\/strong> Es wurde f\u00fcr den Gro\u00dfhandel entwickelt und ist ideal f\u00fcr Gastronomen und Einzelh\u00e4ndler, die gro\u00dfe Mengen einkaufen.<\/li>\n<\/ul>\n<\/div>\n\n\n\n<div class=\"wp-block-column is-layout-flow wp-block-column-is-layout-flow\" style=\"flex-basis:30%\"><\/div>\n<\/div>\n\n\n\n<p><\/p>","protected":false},"excerpt":{"rendered":"<p>Dieser Wok aus rostfreiem Stahl aus dem Gro\u00dfhandel hat einen Boden aus Verbundwerkstoff, der f\u00fcr eine bessere W\u00e4rmeverteilung sorgt, und der Wen-Wu-Griff tr\u00e4gt zu seiner Sch\u00f6nheit und St\u00e4rke bei. Das besondere Design des Deckels erm\u00f6glicht es, ihn aufrecht zu stellen, wenn er nicht benutzt wird, was praktisch ist und weniger Platz ben\u00f6tigt. Dieses Kochgeschirr eignet sich f\u00fcr viele verschiedene Kochanforderungen und kann sowohl in privaten als auch in professionellen K\u00fcchen verwendet werden.<\/p>\n<h3 class=\"wp-block-heading\">Spezifikationen f\u00fcr Wok aus Edelstahl<\/h3>\n<ul>\n<li><strong>Manufacturer:<\/strong> CHANCEN<\/li>\n<li><strong>Model No<\/strong>.:CY-FDKLBCD0636<\/li>\n<li><strong>Material<\/strong>: SS304<\/li>\n<li><strong>Deckel<\/strong>: Stainless Steel Lid<\/li>\n<li><strong>Gr\u00f6\u00dfe:<\/strong>32cm<\/li>\n<li><strong>Dicke<\/strong>:2.0mm<\/li>\n<li><strong>Unten<\/strong>:2.0mm<\/li>\n<li><strong>OEM&amp;ODM:<\/strong> Kundenspezifisch, Willkommen OEM&amp;ODM<\/li>\n<li><strong>MOQ<\/strong>:1 x 40\u2019HQ<\/li>\n<li><strong>Verpackung<\/strong>: Color Box\/Carton Box<\/li>\n<li><strong>Muster<\/strong>: Free<\/li>\n<\/ul>\n<p>Chances ist bestrebt, seinen Kunden effiziente und professionelle Dienstleistungen zu bieten.\u00a0<a href=\"https:\/\/www.chancescook.com\/de\/custom-cookware\/\"><strong>kundenspezifische Dienstleistungen<\/strong><\/a>Wir st\u00fctzen uns auf unsere starken Produktionskapazit\u00e4ten und unsere strenge Qualit\u00e4tskontrolle, um sicherzustellen, dass jede Charge von\u00a0<strong>Wok aus rostfreiem Stahl<\/strong><span style=\"box-sizing: border-box; margin: 0px; padding: 0px;\"><strong> pan\u00a0<\/strong><\/span>Ihren hohen Anspr\u00fcchen gerecht wird.<\/p>","protected":false},"featured_media":5919,"comment_status":"closed","ping_status":"closed","template":"","meta":{"_acf_changed":false},"product_brand":[],"product_cat":[52,65],"product_tag":[],"class_list":{"0":"post-3909","1":"product","2":"type-product","3":"status-publish","4":"has-post-thumbnail","6":"product_cat-cookware-wholesale","7":"product_cat-chinese-wok","9":"first","10":"instock","11":"shipping-taxable","12":"product-type-simple"},"acf":[],"_links":{"self":[{"href":"https:\/\/www.chancescook.com\/de\/wp-json\/wp\/v2\/product\/3909","targetHints":{"allow":["GET"]}}],"collection":[{"href":"https:\/\/www.chancescook.com\/de\/wp-json\/wp\/v2\/product"}],"about":[{"href":"https:\/\/www.chancescook.com\/de\/wp-json\/wp\/v2\/types\/product"}],"replies":[{"embeddable":true,"href":"https:\/\/www.chancescook.com\/de\/wp-json\/wp\/v2\/comments?post=3909"}],"wp:featuredmedia":[{"embeddable":true,"href":"https:\/\/www.chancescook.com\/de\/wp-json\/wp\/v2\/media\/5919"}],"wp:attachment":[{"href":"https:\/\/www.chancescook.com\/de\/wp-json\/wp\/v2\/media?parent=3909"}],"wp:term":[{"taxonomy":"product_brand","embeddable":true,"href":"https:\/\/www.chancescook.com\/de\/wp-json\/wp\/v2\/product_brand?post=3909"},{"taxonomy":"product_cat","embeddable":true,"href":"https:\/\/www.chancescook.com\/de\/wp-json\/wp\/v2\/product_cat?post=3909"},{"taxonomy":"product_tag","embeddable":true,"href":"https:\/\/www.chancescook.com\/de\/wp-json\/wp\/v2\/product_tag?post=3909"}],"curies":[{"name":"wp","href":"https:\/\/api.w.org\/{rel}","templated":true}]}}