{"id":3918,"date":"2024-09-11T07:51:06","date_gmt":"2024-09-11T07:51:06","guid":{"rendered":"https:\/\/www.chancescook.com\/?post_type=product&#038;p=3918"},"modified":"2025-12-20T09:43:07","modified_gmt":"2025-12-20T09:43:07","slug":"stainless-steel-milk-pan-wholesale","status":"publish","type":"product","link":"https:\/\/www.chancescook.com\/de\/produkt\/stainless-steel-milk-pan-wholesale\/","title":{"rendered":"Fabrik Edelstahl Milch Pfanne Gro\u00dfhandel Europ\u00e4ischen Stil Stock Topf 16cm mit Stahl Deckel"},"content":{"rendered":"<div class=\"wp-block-columns is-layout-flex wp-container-core-columns-is-layout-9d6595d7 wp-block-columns-is-layout-flex\">\n<div class=\"wp-block-column is-layout-flow wp-block-column-is-layout-flow\" style=\"flex-basis:66.66%\">\n<h3 class=\"wp-block-heading\">Merkmale und Vorteile der Edelstahl-Milchpfanne<\/h3>\n\n\n\n<ul class=\"wp-block-list\">\n<li><strong>Edelstahl 304 in Lebensmittelqualit\u00e4t<\/strong>Hergestellt aus lebensmittelechtem Edelstahl 304, korrosions- und rostbest\u00e4ndig, gew\u00e4hrleistet die Sicherheit der Zutaten und ist f\u00fcr den langfristigen Gebrauch geeignet.<\/li>\n\n\n\n<li><strong>Exquisites europ\u00e4isches Design<\/strong>: Milchpfanne aus Edelstahl mit einfachem und modischem europ\u00e4ischem Stil, praktisch und geschmackvoll f\u00fcr die K\u00fcche, geeignet f\u00fcr den privaten und gewerblichen Gebrauch.<\/li>\n\n\n\n<li><strong>16cm Multifunktionale Gr\u00f6\u00dfe<\/strong>: Kompakte Gr\u00f6\u00dfe von 16 cm, geeignet zum Erhitzen von Milch, zum Kochen von Nudeln, Suppe und anderen t\u00e4glichen Kochbed\u00fcrfnissen, besonders geeignet f\u00fcr das Kochen kleiner Portionen.<\/li>\n\n\n\n<li><strong>Verdickter Stahldeckel<\/strong>: Der Stahldeckel der zarten Milchpfanne ist so konzipiert, dass er den Dampf fest einschlie\u00dft, den urspr\u00fcnglichen Geschmack der Speisen bewahrt, die Hitze gut h\u00e4lt und die Kochzeit verk\u00fcrzt.<\/li>\n\n\n\n<li><strong>Leicht zu reinigen<\/strong>: Die antihaftbeschichtete Edelstahloberfl\u00e4che erleichtert die Reinigung, ist sp\u00fclmaschinenfest und spart Zeit und Energie.<\/li>\n<\/ul>\n<\/div>\n\n\n\n<div class=\"wp-block-column is-layout-flow wp-block-column-is-layout-flow\" style=\"flex-basis:33.33%\"><\/div>\n<\/div>\n\n\n\n<div class=\"wp-block-columns is-layout-flex wp-container-core-columns-is-layout-9d6595d7 wp-block-columns-is-layout-flex\">\n<div class=\"wp-block-column is-layout-flow wp-block-column-is-layout-flow\">\n<figure class=\"wp-block-image size-full\"><img decoding=\"async\" width=\"5184\" height=\"3456\" src=\"https:\/\/www.chancescook.com\/wp-content\/uploads\/2024\/09\/Factory-Stainless-Steel-Milk-Pan-Wholesale-5.webp\" alt=\"Fabrik-Edelstahl-Milchpfanne Gro\u00dfhandel (5)\" class=\"wp-image-3923\" srcset=\"https:\/\/www.chancescook.com\/wp-content\/uploads\/2024\/09\/Factory-Stainless-Steel-Milk-Pan-Wholesale-5.webp 5184w, https:\/\/www.chancescook.com\/wp-content\/uploads\/2024\/09\/Factory-Stainless-Steel-Milk-Pan-Wholesale-5-300x200.webp 300w, https:\/\/www.chancescook.com\/wp-content\/uploads\/2024\/09\/Factory-Stainless-Steel-Milk-Pan-Wholesale-5-768x512.webp 768w, https:\/\/www.chancescook.com\/wp-content\/uploads\/2024\/09\/Factory-Stainless-Steel-Milk-Pan-Wholesale-5-18x12.webp 18w, https:\/\/www.chancescook.com\/wp-content\/uploads\/2024\/09\/Factory-Stainless-Steel-Milk-Pan-Wholesale-5-285x190.webp 285w, https:\/\/www.chancescook.com\/wp-content\/uploads\/2024\/09\/Factory-Stainless-Steel-Milk-Pan-Wholesale-5-1600x1067.webp 1600w, https:\/\/www.chancescook.com\/wp-content\/uploads\/2024\/09\/Factory-Stainless-Steel-Milk-Pan-Wholesale-5-660x440.webp 660w, https:\/\/www.chancescook.com\/wp-content\/uploads\/2024\/09\/Factory-Stainless-Steel-Milk-Pan-Wholesale-5-150x100.webp 150w\" sizes=\"(max-width: 5184px) 100vw, 5184px\" \/><\/figure>\n<\/div>\n\n\n\n<div class=\"wp-block-column is-layout-flow wp-block-column-is-layout-flow\">\n<figure class=\"wp-block-image size-full\"><img decoding=\"async\" width=\"5184\" height=\"3456\" src=\"https:\/\/www.chancescook.com\/wp-content\/uploads\/2024\/09\/Factory-Stainless-Steel-Milk-Pan-Wholesale-4.webp\" alt=\"Fabrik-Edelstahl-Milchpfanne Gro\u00dfhandel (4)\" class=\"wp-image-3922\" srcset=\"https:\/\/www.chancescook.com\/wp-content\/uploads\/2024\/09\/Factory-Stainless-Steel-Milk-Pan-Wholesale-4.webp 5184w, https:\/\/www.chancescook.com\/wp-content\/uploads\/2024\/09\/Factory-Stainless-Steel-Milk-Pan-Wholesale-4-300x200.webp 300w, https:\/\/www.chancescook.com\/wp-content\/uploads\/2024\/09\/Factory-Stainless-Steel-Milk-Pan-Wholesale-4-768x512.webp 768w, https:\/\/www.chancescook.com\/wp-content\/uploads\/2024\/09\/Factory-Stainless-Steel-Milk-Pan-Wholesale-4-18x12.webp 18w, https:\/\/www.chancescook.com\/wp-content\/uploads\/2024\/09\/Factory-Stainless-Steel-Milk-Pan-Wholesale-4-285x190.webp 285w, https:\/\/www.chancescook.com\/wp-content\/uploads\/2024\/09\/Factory-Stainless-Steel-Milk-Pan-Wholesale-4-1600x1067.webp 1600w, https:\/\/www.chancescook.com\/wp-content\/uploads\/2024\/09\/Factory-Stainless-Steel-Milk-Pan-Wholesale-4-660x440.webp 660w, https:\/\/www.chancescook.com\/wp-content\/uploads\/2024\/09\/Factory-Stainless-Steel-Milk-Pan-Wholesale-4-150x100.webp 150w\" sizes=\"(max-width: 5184px) 100vw, 5184px\" \/><\/figure>\n<\/div>\n\n\n\n<div class=\"wp-block-column is-layout-flow wp-block-column-is-layout-flow\">\n<figure class=\"wp-block-image size-full\"><img decoding=\"async\" width=\"5184\" height=\"3456\" src=\"https:\/\/www.chancescook.com\/wp-content\/uploads\/2024\/09\/Factory-Stainless-Steel-Milk-Pan-Wholesale-3.webp\" alt=\"Fabrik-Edelstahl-Milchpfanne Gro\u00dfhandel (3)\" class=\"wp-image-3921\" srcset=\"https:\/\/www.chancescook.com\/wp-content\/uploads\/2024\/09\/Factory-Stainless-Steel-Milk-Pan-Wholesale-3.webp 5184w, https:\/\/www.chancescook.com\/wp-content\/uploads\/2024\/09\/Factory-Stainless-Steel-Milk-Pan-Wholesale-3-300x200.webp 300w, https:\/\/www.chancescook.com\/wp-content\/uploads\/2024\/09\/Factory-Stainless-Steel-Milk-Pan-Wholesale-3-768x512.webp 768w, https:\/\/www.chancescook.com\/wp-content\/uploads\/2024\/09\/Factory-Stainless-Steel-Milk-Pan-Wholesale-3-18x12.webp 18w, https:\/\/www.chancescook.com\/wp-content\/uploads\/2024\/09\/Factory-Stainless-Steel-Milk-Pan-Wholesale-3-285x190.webp 285w, https:\/\/www.chancescook.com\/wp-content\/uploads\/2024\/09\/Factory-Stainless-Steel-Milk-Pan-Wholesale-3-1600x1067.webp 1600w, https:\/\/www.chancescook.com\/wp-content\/uploads\/2024\/09\/Factory-Stainless-Steel-Milk-Pan-Wholesale-3-660x440.webp 660w, https:\/\/www.chancescook.com\/wp-content\/uploads\/2024\/09\/Factory-Stainless-Steel-Milk-Pan-Wholesale-3-150x100.webp 150w\" sizes=\"(max-width: 5184px) 100vw, 5184px\" \/><\/figure>\n<\/div>\n<\/div>\n\n\n\n<p><\/p>","protected":false},"excerpt":{"rendered":"<p>Entdecken Sie unsere exquisite Milchpfanne aus Edelstahl 304 im europ\u00e4ischen Stil, 16 cm im Mini-Design, multifunktional und praktisch, perfekt f\u00fcr die Zubereitung kleiner Portionen. Willkommen zu erkundigen!<\/p>\n<h3 class=\"wp-block-heading\">Spezifikationen f\u00fcr Edelstahl-Milchpfanne<\/h3>\n<ul>\n<li>Hersteller: CHANCES<\/li>\n<li>Modell-Nr.:CY-OSG05<\/li>\n<li>Material: SS304<\/li>\n<li>Deckel: Stahl-Deckel<\/li>\n<li>Dicke:0,5 mm<\/li>\n<li>Gewicht:760g<\/li>\n<li>Durchmesser\uff1a16cm<\/li>\n<li>OEM&#038;ODM: Custom, Welcome OEM&#038;ODM<\/li>\n<li>MOQ:1 x 40'HQ<\/li>\n<li>Verpackung: Farbkarton\/Kartonverpackung<\/li>\n<li>Muster: Kostenlos<\/li>\n<\/ul>\n<p><a href=\"https:\/\/www.chancescook.com\/de\/\"><strong>Chancescook<\/strong><\/a> ist bestrebt, effiziente und professionelle kundenspezifische Dienstleistungen zu erbringen, die durch unsere exklusive Formenentwicklung, starke Produktionskapazit\u00e4ten und strenge Qualit\u00e4tskontrollen unterst\u00fctzt werden, um sicherzustellen, dass jede Charge des besten Suppentopfs Ihren Anforderungen entspricht.<\/p>","protected":false},"featured_media":5745,"comment_status":"closed","ping_status":"closed","template":"","meta":{"_acf_changed":false},"product_brand":[],"product_cat":[52,67],"product_tag":[],"class_list":{"0":"post-3918","1":"product","2":"type-product","3":"status-publish","4":"has-post-thumbnail","6":"product_cat-cookware-wholesale","7":"product_cat-saucepan-manufacturer","9":"first","10":"instock","11":"shipping-taxable","12":"product-type-simple"},"acf":[],"_links":{"self":[{"href":"https:\/\/www.chancescook.com\/de\/wp-json\/wp\/v2\/product\/3918","targetHints":{"allow":["GET"]}}],"collection":[{"href":"https:\/\/www.chancescook.com\/de\/wp-json\/wp\/v2\/product"}],"about":[{"href":"https:\/\/www.chancescook.com\/de\/wp-json\/wp\/v2\/types\/product"}],"replies":[{"embeddable":true,"href":"https:\/\/www.chancescook.com\/de\/wp-json\/wp\/v2\/comments?post=3918"}],"wp:featuredmedia":[{"embeddable":true,"href":"https:\/\/www.chancescook.com\/de\/wp-json\/wp\/v2\/media\/5745"}],"wp:attachment":[{"href":"https:\/\/www.chancescook.com\/de\/wp-json\/wp\/v2\/media?parent=3918"}],"wp:term":[{"taxonomy":"product_brand","embeddable":true,"href":"https:\/\/www.chancescook.com\/de\/wp-json\/wp\/v2\/product_brand?post=3918"},{"taxonomy":"product_cat","embeddable":true,"href":"https:\/\/www.chancescook.com\/de\/wp-json\/wp\/v2\/product_cat?post=3918"},{"taxonomy":"product_tag","embeddable":true,"href":"https:\/\/www.chancescook.com\/de\/wp-json\/wp\/v2\/product_tag?post=3918"}],"curies":[{"name":"wp","href":"https:\/\/api.w.org\/{rel}","templated":true}]}}