{"id":3927,"date":"2024-09-11T08:46:45","date_gmt":"2024-09-11T08:46:45","guid":{"rendered":"https:\/\/www.chancescook.com\/?post_type=product&#038;p=3927"},"modified":"2025-12-23T10:16:11","modified_gmt":"2025-12-23T10:16:11","slug":"custom-stainless-steel-soup-pot","status":"publish","type":"product","link":"https:\/\/www.chancescook.com\/de\/produkt\/custom-stainless-steel-soup-pot\/","title":{"rendered":"Fabrik benutzerdefinierte Edelstahl Suppe Topf 304 europ\u00e4ischen Stil Doppelgriff Topf mehrere Gr\u00f6\u00dfen"},"content":{"rendered":"<div class=\"wp-block-columns is-layout-flex wp-container-core-columns-is-layout-9d6595d7 wp-block-columns-is-layout-flex\">\n<div class=\"wp-block-column is-layout-flow wp-block-column-is-layout-flow\" style=\"flex-basis:66.66%\">\n<h3 class=\"wp-block-heading\">Eigenschaften und Vorteile des Suppentopfs aus Edelstahl<\/h3>\n\n\n\n<ul class=\"wp-block-list\">\n<li><strong>304 Edelstahl Material<\/strong>: aus lebensmittelechtem Edelstahl 304, um die Gesundheit und Sicherheit beim Kochen von Lebensmitteln zu gew\u00e4hrleisten, mit Korrosionsbest\u00e4ndigkeit und langer Lebensdauer.<\/li>\n\n\n\n<li><strong>Klassisches Europa-Stil-Doppelhandgriff-Design<\/strong>: Der doppelte Griff des Suppentopfes aus Edelstahl ist leicht und sicher zu greifen und erh\u00f6ht den Komfort und die Stabilit\u00e4t beim Kochen. Gleichzeitig hat er einen einfachen und stimmungsvollen europ\u00e4ischen Stil, der sich f\u00fcr eine Vielzahl von Gelegenheiten eignet.<\/li>\n\n\n\n<li><strong>Mehrere Gr\u00f6\u00dfen verf\u00fcgbar<\/strong>: Suppent\u00f6pfe aus Edelstahl sind in einer Vielzahl von Gr\u00f6\u00dfen erh\u00e4ltlich, um den unterschiedlichen Kochbed\u00fcrfnissen einzelner Familien oder der Gastronomie gerecht zu werden, von kleinen Eint\u00f6pfen bis hin zu gro\u00dfen Banketten.<\/li>\n\n\n\n<li><strong>Dicker Boden f\u00fcr gleichm\u00e4\u00dfige Erw\u00e4rmung<\/strong>: Das Design des dicken Bodens sorgt f\u00fcr eine gleichm\u00e4\u00dfige W\u00e4rme\u00fcbertragung und reduziert das Risiko eines lokalen Brandes, hohe Kocheffizienz und Energieeinsparung, geeignet f\u00fcr alle Herdarten.<\/li>\n\n\n\n<li><strong>Leicht zu reinigen und zu pflegen<\/strong>: Die glatte Oberfl\u00e4che aus Edelstahl ist antihaftbeschichtet und langlebig, leicht zu reinigen, sp\u00fclmaschinenfest und erleichtert die t\u00e4gliche Pflege.<\/li>\n<\/ul>\n<\/div>\n\n\n\n<div class=\"wp-block-column is-layout-flow wp-block-column-is-layout-flow\" style=\"flex-basis:33.33%\"><\/div>\n<\/div>\n\n\n\n<div class=\"wp-block-columns is-layout-flex wp-container-core-columns-is-layout-9d6595d7 wp-block-columns-is-layout-flex\">\n<div class=\"wp-block-column is-layout-flow wp-block-column-is-layout-flow\">\n<figure class=\"wp-block-image size-full\"><img decoding=\"async\" width=\"5184\" height=\"3456\" src=\"https:\/\/www.chancescook.com\/wp-content\/uploads\/2024\/09\/Custom-Stainless-Steel-Soup-Pot-1.webp\" alt=\"Individueller Suppentopf aus Edelstahl (1)\" class=\"wp-image-3928\" srcset=\"https:\/\/www.chancescook.com\/wp-content\/uploads\/2024\/09\/Custom-Stainless-Steel-Soup-Pot-1.webp 5184w, https:\/\/www.chancescook.com\/wp-content\/uploads\/2024\/09\/Custom-Stainless-Steel-Soup-Pot-1-300x200.webp 300w, https:\/\/www.chancescook.com\/wp-content\/uploads\/2024\/09\/Custom-Stainless-Steel-Soup-Pot-1-768x512.webp 768w, https:\/\/www.chancescook.com\/wp-content\/uploads\/2024\/09\/Custom-Stainless-Steel-Soup-Pot-1-18x12.webp 18w, https:\/\/www.chancescook.com\/wp-content\/uploads\/2024\/09\/Custom-Stainless-Steel-Soup-Pot-1-285x190.webp 285w, https:\/\/www.chancescook.com\/wp-content\/uploads\/2024\/09\/Custom-Stainless-Steel-Soup-Pot-1-1600x1067.webp 1600w, https:\/\/www.chancescook.com\/wp-content\/uploads\/2024\/09\/Custom-Stainless-Steel-Soup-Pot-1-660x440.webp 660w, https:\/\/www.chancescook.com\/wp-content\/uploads\/2024\/09\/Custom-Stainless-Steel-Soup-Pot-1-150x100.webp 150w\" sizes=\"(max-width: 5184px) 100vw, 5184px\" \/><\/figure>\n<\/div>\n\n\n\n<div class=\"wp-block-column is-layout-flow wp-block-column-is-layout-flow\">\n<figure class=\"wp-block-image size-full\"><img decoding=\"async\" width=\"5184\" height=\"3456\" src=\"https:\/\/www.chancescook.com\/wp-content\/uploads\/2024\/09\/Custom-Stainless-Steel-Soup-Pot-5.webp\" alt=\"Individueller Suppentopf aus Edelstahl (5)\" class=\"wp-image-3932\" srcset=\"https:\/\/www.chancescook.com\/wp-content\/uploads\/2024\/09\/Custom-Stainless-Steel-Soup-Pot-5.webp 5184w, https:\/\/www.chancescook.com\/wp-content\/uploads\/2024\/09\/Custom-Stainless-Steel-Soup-Pot-5-300x200.webp 300w, https:\/\/www.chancescook.com\/wp-content\/uploads\/2024\/09\/Custom-Stainless-Steel-Soup-Pot-5-768x512.webp 768w, https:\/\/www.chancescook.com\/wp-content\/uploads\/2024\/09\/Custom-Stainless-Steel-Soup-Pot-5-18x12.webp 18w, https:\/\/www.chancescook.com\/wp-content\/uploads\/2024\/09\/Custom-Stainless-Steel-Soup-Pot-5-285x190.webp 285w, https:\/\/www.chancescook.com\/wp-content\/uploads\/2024\/09\/Custom-Stainless-Steel-Soup-Pot-5-1600x1067.webp 1600w, https:\/\/www.chancescook.com\/wp-content\/uploads\/2024\/09\/Custom-Stainless-Steel-Soup-Pot-5-660x440.webp 660w, https:\/\/www.chancescook.com\/wp-content\/uploads\/2024\/09\/Custom-Stainless-Steel-Soup-Pot-5-150x100.webp 150w\" sizes=\"(max-width: 5184px) 100vw, 5184px\" \/><\/figure>\n<\/div>\n\n\n\n<div class=\"wp-block-column is-layout-flow wp-block-column-is-layout-flow\">\n<figure class=\"wp-block-image size-full\"><img decoding=\"async\" width=\"5184\" height=\"3456\" src=\"https:\/\/www.chancescook.com\/wp-content\/uploads\/2024\/09\/Custom-Stainless-Steel-Soup-Pot-7.webp\" alt=\"Individueller Suppentopf aus Edelstahl (7)\" class=\"wp-image-3934\" srcset=\"https:\/\/www.chancescook.com\/wp-content\/uploads\/2024\/09\/Custom-Stainless-Steel-Soup-Pot-7.webp 5184w, https:\/\/www.chancescook.com\/wp-content\/uploads\/2024\/09\/Custom-Stainless-Steel-Soup-Pot-7-300x200.webp 300w, https:\/\/www.chancescook.com\/wp-content\/uploads\/2024\/09\/Custom-Stainless-Steel-Soup-Pot-7-768x512.webp 768w, https:\/\/www.chancescook.com\/wp-content\/uploads\/2024\/09\/Custom-Stainless-Steel-Soup-Pot-7-18x12.webp 18w, https:\/\/www.chancescook.com\/wp-content\/uploads\/2024\/09\/Custom-Stainless-Steel-Soup-Pot-7-285x190.webp 285w, https:\/\/www.chancescook.com\/wp-content\/uploads\/2024\/09\/Custom-Stainless-Steel-Soup-Pot-7-1600x1067.webp 1600w, https:\/\/www.chancescook.com\/wp-content\/uploads\/2024\/09\/Custom-Stainless-Steel-Soup-Pot-7-660x440.webp 660w, https:\/\/www.chancescook.com\/wp-content\/uploads\/2024\/09\/Custom-Stainless-Steel-Soup-Pot-7-150x100.webp 150w\" sizes=\"(max-width: 5184px) 100vw, 5184px\" \/><\/figure>\n<\/div>\n<\/div>","protected":false},"excerpt":{"rendered":"<p>Suppent\u00f6pfe aus Edelstahl 304 in verschiedenen Gr\u00f6\u00dfen f\u00fcr den kommerziellen Gebrauch, Suppent\u00f6pfe im europ\u00e4ischen Stil sind langlebig und sch\u00f6n, geeignet f\u00fcr multifunktionale Kochbed\u00fcrfnisse in privaten und kommerziellen K\u00fcchen. Kontaktieren Sie uns heute f\u00fcr ein Angebot!<\/p>\n<h3 class=\"wp-block-heading\">Spezifikationen f\u00fcr Suppentopf aus Edelstahl<\/h3>\n<ul>\n<li>Hersteller: CHANCES<\/li>\n<li>Modell-Nr.:CY-OSG05<\/li>\n<li>Material: SS304<\/li>\n<li>Deckel: Stahl-Deckel<\/li>\n<li>Dicke:0,5 mm<\/li>\n<li>Weight:920g\/1120g\/1300g<\/li>\n<li>Durchmesser\uff1a18cm\/20cm\/22cm<\/li>\n<li>OEM&amp;ODM: Kundenspezifisch, willkommen OEM&amp;ODM<\/li>\n<li>MOQ:1 x 40'HQ<\/li>\n<li>Verpackung: Farbkarton\/Kartonverpackung<\/li>\n<li>Muster: Kostenlos<\/li>\n<\/ul>\n<p><a href=\"https:\/\/www.chancescook.com\/de\/\"><strong>Chancescook<\/strong><\/a> ist bestrebt, effiziente und professionelle kundenspezifische Dienstleistungen zu erbringen, die durch unsere exklusive Formenentwicklung, starke Produktionskapazit\u00e4ten und strenge Qualit\u00e4tskontrolle unterst\u00fctzt werden, um sicherzustellen, dass jede Charge von Suppent\u00f6pfen aus Edelstahl Ihren Anforderungen entspricht.<\/p>","protected":false},"featured_media":5860,"comment_status":"closed","ping_status":"closed","template":"","meta":{"_acf_changed":false},"product_brand":[],"product_cat":[52,62],"product_tag":[],"class_list":{"0":"post-3927","1":"product","2":"type-product","3":"status-publish","4":"has-post-thumbnail","6":"product_cat-cookware-wholesale","7":"product_cat-wholesale-soup-pot","9":"first","10":"instock","11":"shipping-taxable","12":"product-type-simple"},"acf":[],"_links":{"self":[{"href":"https:\/\/www.chancescook.com\/de\/wp-json\/wp\/v2\/product\/3927","targetHints":{"allow":["GET"]}}],"collection":[{"href":"https:\/\/www.chancescook.com\/de\/wp-json\/wp\/v2\/product"}],"about":[{"href":"https:\/\/www.chancescook.com\/de\/wp-json\/wp\/v2\/types\/product"}],"replies":[{"embeddable":true,"href":"https:\/\/www.chancescook.com\/de\/wp-json\/wp\/v2\/comments?post=3927"}],"wp:featuredmedia":[{"embeddable":true,"href":"https:\/\/www.chancescook.com\/de\/wp-json\/wp\/v2\/media\/5860"}],"wp:attachment":[{"href":"https:\/\/www.chancescook.com\/de\/wp-json\/wp\/v2\/media?parent=3927"}],"wp:term":[{"taxonomy":"product_brand","embeddable":true,"href":"https:\/\/www.chancescook.com\/de\/wp-json\/wp\/v2\/product_brand?post=3927"},{"taxonomy":"product_cat","embeddable":true,"href":"https:\/\/www.chancescook.com\/de\/wp-json\/wp\/v2\/product_cat?post=3927"},{"taxonomy":"product_tag","embeddable":true,"href":"https:\/\/www.chancescook.com\/de\/wp-json\/wp\/v2\/product_tag?post=3927"}],"curies":[{"name":"wp","href":"https:\/\/api.w.org\/{rel}","templated":true}]}}