{"id":3939,"date":"2024-09-11T10:00:30","date_gmt":"2024-09-11T10:00:30","guid":{"rendered":"https:\/\/www.chancescook.com\/?post_type=product&#038;p=3939"},"modified":"2025-12-20T09:29:49","modified_gmt":"2025-12-20T09:29:49","slug":"wholesale-milk-pot-italian-style","status":"publish","type":"product","link":"https:\/\/www.chancescook.com\/de\/produkt\/wholesale-milk-pot-italian-style\/","title":{"rendered":"Gro\u00dfhandel Milchtopf italienischen Stil 304 Edelstahl Stockpan Einhandbedienung 16cm mit Glasdeckel"},"content":{"rendered":"<div class=\"wp-block-columns is-layout-flex wp-container-core-columns-is-layout-9d6595d7 wp-block-columns-is-layout-flex\">\n<div class=\"wp-block-column is-layout-flow wp-block-column-is-layout-flow\" style=\"flex-basis:66.66%\">\n<h3 class=\"wp-block-heading\">Eigenschaften und Vorteile von Milchk\u00e4nnchen aus Edelstahl<\/h3>\n\n\n\n<ul class=\"wp-block-list\">\n<li><strong>Hochwertiges Edelstahl 304 Material<\/strong>: Hergestellt aus lebensmittelechtem Edelstahl 304, korrosions- und rostbest\u00e4ndig, gew\u00e4hrleistet Lebensmittelsicherheit und ist f\u00fcr den langfristigen Gebrauch geeignet.<\/li>\n\n\n\n<li><strong>Einfaches italienisches Design<\/strong>Die Milchpfanne aus Edelstahl ist im italienischen Stil gestaltet, schlicht und elegant, und unterstreicht die Sch\u00f6nheit und hochwertige Ausstrahlung der K\u00fcche.<\/li>\n\n\n\n<li><strong>Einhebel-Design<\/strong>Die Milchpfanne verf\u00fcgt \u00fcber ein ergonomisches Design mit einem einzigen Griff, der einen bequemen Halt und eine einfache Handhabung erm\u00f6glicht und sich besonders f\u00fcr die Zubereitung kleiner Portionen eignet.<\/li>\n\n\n\n<li><strong>16 cm Mehrzweckgr\u00f6\u00dfe<\/strong>Kompaktes 16-cm-Format, geeignet zum Erhitzen von Milch, Kochen von So\u00dfen, Kochen von Nudeln, Zubereiten von hei\u00dfer Suppe und anderen t\u00e4glichen Kochanforderungen, praktisch.<\/li>\n\n\n\n<li><strong>Deckel aus geh\u00e4rtetem Glas<\/strong>Ein transparenter Deckel aus geh\u00e4rtetem Glas erm\u00f6glicht Ihnen einen guten Blick auf den Garvorgang und zeichnet sich durch hervorragende Hitzebest\u00e4ndigkeit und Bruchsicherheit aus.<\/li>\n\n\n\n<li><strong>Leicht zu reinigen und zu pflegen<\/strong>Die glatte Edelstahloberfl\u00e4che ist schmutzabweisend, leicht zu reinigen, sp\u00fclmaschinenfest und spart Zeit und Energie.<\/li>\n<\/ul>\n<\/div>\n\n\n\n<div class=\"wp-block-column is-layout-flow wp-block-column-is-layout-flow\" style=\"flex-basis:33.33%\"><\/div>\n<\/div>\n\n\n\n<div class=\"wp-block-columns is-layout-flex wp-container-core-columns-is-layout-9d6595d7 wp-block-columns-is-layout-flex\">\n<div class=\"wp-block-column is-layout-flow wp-block-column-is-layout-flow\">\n<figure class=\"wp-block-image size-full\"><img decoding=\"async\" width=\"5184\" height=\"3456\" src=\"https:\/\/www.chancescook.com\/wp-content\/uploads\/2024\/09\/Wholesale-Milk-Pot-Italian-Style-3.webp\" alt=\"Gro\u00dfhandel Milchtopf italienische Art (3)\" class=\"wp-image-3942\" srcset=\"https:\/\/www.chancescook.com\/wp-content\/uploads\/2024\/09\/Wholesale-Milk-Pot-Italian-Style-3.webp 5184w, https:\/\/www.chancescook.com\/wp-content\/uploads\/2024\/09\/Wholesale-Milk-Pot-Italian-Style-3-300x200.webp 300w, https:\/\/www.chancescook.com\/wp-content\/uploads\/2024\/09\/Wholesale-Milk-Pot-Italian-Style-3-768x512.webp 768w, https:\/\/www.chancescook.com\/wp-content\/uploads\/2024\/09\/Wholesale-Milk-Pot-Italian-Style-3-18x12.webp 18w, https:\/\/www.chancescook.com\/wp-content\/uploads\/2024\/09\/Wholesale-Milk-Pot-Italian-Style-3-285x190.webp 285w, https:\/\/www.chancescook.com\/wp-content\/uploads\/2024\/09\/Wholesale-Milk-Pot-Italian-Style-3-1600x1067.webp 1600w, https:\/\/www.chancescook.com\/wp-content\/uploads\/2024\/09\/Wholesale-Milk-Pot-Italian-Style-3-660x440.webp 660w, https:\/\/www.chancescook.com\/wp-content\/uploads\/2024\/09\/Wholesale-Milk-Pot-Italian-Style-3-150x100.webp 150w\" sizes=\"(max-width: 5184px) 100vw, 5184px\" \/><\/figure>\n<\/div>\n\n\n\n<div class=\"wp-block-column is-layout-flow wp-block-column-is-layout-flow\">\n<figure class=\"wp-block-image size-full\"><img decoding=\"async\" width=\"5184\" height=\"3456\" src=\"https:\/\/www.chancescook.com\/wp-content\/uploads\/2024\/09\/Wholesale-Milk-Pot-Italian-Style-2.webp\" alt=\"Gro\u00dfhandel Milchk\u00e4nnchen italienischer Stil (2)\" class=\"wp-image-3941\" srcset=\"https:\/\/www.chancescook.com\/wp-content\/uploads\/2024\/09\/Wholesale-Milk-Pot-Italian-Style-2.webp 5184w, https:\/\/www.chancescook.com\/wp-content\/uploads\/2024\/09\/Wholesale-Milk-Pot-Italian-Style-2-300x200.webp 300w, https:\/\/www.chancescook.com\/wp-content\/uploads\/2024\/09\/Wholesale-Milk-Pot-Italian-Style-2-768x512.webp 768w, https:\/\/www.chancescook.com\/wp-content\/uploads\/2024\/09\/Wholesale-Milk-Pot-Italian-Style-2-18x12.webp 18w, https:\/\/www.chancescook.com\/wp-content\/uploads\/2024\/09\/Wholesale-Milk-Pot-Italian-Style-2-285x190.webp 285w, https:\/\/www.chancescook.com\/wp-content\/uploads\/2024\/09\/Wholesale-Milk-Pot-Italian-Style-2-1600x1067.webp 1600w, https:\/\/www.chancescook.com\/wp-content\/uploads\/2024\/09\/Wholesale-Milk-Pot-Italian-Style-2-660x440.webp 660w, https:\/\/www.chancescook.com\/wp-content\/uploads\/2024\/09\/Wholesale-Milk-Pot-Italian-Style-2-150x100.webp 150w\" sizes=\"(max-width: 5184px) 100vw, 5184px\" \/><\/figure>\n<\/div>\n\n\n\n<div class=\"wp-block-column is-layout-flow wp-block-column-is-layout-flow\">\n<figure class=\"wp-block-image size-full\"><img decoding=\"async\" width=\"5184\" height=\"3456\" src=\"https:\/\/www.chancescook.com\/wp-content\/uploads\/2024\/09\/Wholesale-Milk-Pot-Italian-Style-8.webp\" alt=\"Gro\u00dfhandel Milchk\u00e4nnchen italienischer Stil (8)\" class=\"wp-image-3947\" srcset=\"https:\/\/www.chancescook.com\/wp-content\/uploads\/2024\/09\/Wholesale-Milk-Pot-Italian-Style-8.webp 5184w, https:\/\/www.chancescook.com\/wp-content\/uploads\/2024\/09\/Wholesale-Milk-Pot-Italian-Style-8-300x200.webp 300w, https:\/\/www.chancescook.com\/wp-content\/uploads\/2024\/09\/Wholesale-Milk-Pot-Italian-Style-8-768x512.webp 768w, https:\/\/www.chancescook.com\/wp-content\/uploads\/2024\/09\/Wholesale-Milk-Pot-Italian-Style-8-18x12.webp 18w, https:\/\/www.chancescook.com\/wp-content\/uploads\/2024\/09\/Wholesale-Milk-Pot-Italian-Style-8-285x190.webp 285w, https:\/\/www.chancescook.com\/wp-content\/uploads\/2024\/09\/Wholesale-Milk-Pot-Italian-Style-8-1600x1067.webp 1600w, https:\/\/www.chancescook.com\/wp-content\/uploads\/2024\/09\/Wholesale-Milk-Pot-Italian-Style-8-660x440.webp 660w, https:\/\/www.chancescook.com\/wp-content\/uploads\/2024\/09\/Wholesale-Milk-Pot-Italian-Style-8-150x100.webp 150w\" sizes=\"(max-width: 5184px) 100vw, 5184px\" \/><\/figure>\n<\/div>\n<\/div>","protected":false},"excerpt":{"rendered":"<p>Entdecken Sie unseren italienischen 16-cm-Milchkessel aus Edelstahl 304 mit einem Griff, der durch sein modisches Design und seine praktische Funktion besticht und sich perfekt f\u00fcr die Zubereitung kleiner Portionen und den t\u00e4glichen Gebrauch in der K\u00fcche eignet. Kontaktieren Sie uns f\u00fcr weitere Informationen zu unserem Sortiment an T\u00f6pfen und Pfannen!<\/p>\n<h3 class=\"wp-block-heading\">Spezifikationen des Milchk\u00e4nnchens aus Edelstahl<\/h3>\n<ul>\n<li>Hersteller: CHANCES<\/li>\n<li>Modellnummer: CY-YSG05<\/li>\n<li>Material: SS304<\/li>\n<li>Deckel: Stahl-Deckel<\/li>\n<li>Dicke:0,5 mm<\/li>\n<li>Gewicht: 700 g<\/li>\n<li>Durchmesser\uff1a16cm<\/li>\n<li>OEM&amp;ODM: Kundenspezifisch, willkommen OEM&amp;ODM<\/li>\n<li>MOQ:1 x 40'HQ<\/li>\n<li>Verpackung: Farbkarton\/Kartonverpackung<\/li>\n<li>Muster: Kostenlos<\/li>\n<\/ul>\n<p><a href=\"https:\/\/www.chancescook.com\/de\/\"><strong>Chancescook<\/strong><\/a> ist bestrebt, effiziente und professionelle kundenspezifische Dienstleistungen anzubieten, die durch unsere exklusive Formenentwicklung, starke Produktionskapazit\u00e4ten und strenge Qualit\u00e4tskontrollen unterst\u00fctzt werden, um sicherzustellen, dass jede Charge unserer 16 cm gro\u00dfen Edelstahl-Milchk\u00e4nnchen mit einem Griff Ihren Anforderungen entspricht.<\/p>","protected":false},"featured_media":5744,"comment_status":"closed","ping_status":"closed","template":"","meta":{"_acf_changed":false},"product_brand":[],"product_cat":[52,67],"product_tag":[],"class_list":{"0":"post-3939","1":"product","2":"type-product","3":"status-publish","4":"has-post-thumbnail","6":"product_cat-cookware-wholesale","7":"product_cat-saucepan-manufacturer","9":"first","10":"instock","11":"shipping-taxable","12":"product-type-simple"},"acf":[],"_links":{"self":[{"href":"https:\/\/www.chancescook.com\/de\/wp-json\/wp\/v2\/product\/3939","targetHints":{"allow":["GET"]}}],"collection":[{"href":"https:\/\/www.chancescook.com\/de\/wp-json\/wp\/v2\/product"}],"about":[{"href":"https:\/\/www.chancescook.com\/de\/wp-json\/wp\/v2\/types\/product"}],"replies":[{"embeddable":true,"href":"https:\/\/www.chancescook.com\/de\/wp-json\/wp\/v2\/comments?post=3939"}],"wp:featuredmedia":[{"embeddable":true,"href":"https:\/\/www.chancescook.com\/de\/wp-json\/wp\/v2\/media\/5744"}],"wp:attachment":[{"href":"https:\/\/www.chancescook.com\/de\/wp-json\/wp\/v2\/media?parent=3939"}],"wp:term":[{"taxonomy":"product_brand","embeddable":true,"href":"https:\/\/www.chancescook.com\/de\/wp-json\/wp\/v2\/product_brand?post=3939"},{"taxonomy":"product_cat","embeddable":true,"href":"https:\/\/www.chancescook.com\/de\/wp-json\/wp\/v2\/product_cat?post=3939"},{"taxonomy":"product_tag","embeddable":true,"href":"https:\/\/www.chancescook.com\/de\/wp-json\/wp\/v2\/product_tag?post=3939"}],"curies":[{"name":"wp","href":"https:\/\/api.w.org\/{rel}","templated":true}]}}