{"id":3948,"date":"2024-09-11T17:22:24","date_gmt":"2024-09-11T17:22:24","guid":{"rendered":"https:\/\/www.chancescook.com\/?post_type=product&#038;p=3948"},"modified":"2025-12-23T10:13:14","modified_gmt":"2025-12-23T10:13:14","slug":"supply-soup-pot-stainless-steel-304","status":"publish","type":"product","link":"https:\/\/www.chancescook.com\/de\/produkt\/supply-soup-pot-stainless-steel-304\/","title":{"rendered":"Supply Suppentopf Edelstahl 304 Italienischer Stil Doppelgriff Suppentopf mit Glasdeckel 20cm\/22cm\/24cm"},"content":{"rendered":"<div class=\"wp-block-columns is-layout-flex wp-container-core-columns-is-layout-9d6595d7 wp-block-columns-is-layout-flex\">\n<div class=\"wp-block-column is-layout-flow wp-block-column-is-layout-flow\" style=\"flex-basis:66.66%\">\n<h3 class=\"wp-block-heading\">Eigenschaften und Vorteile von Suppent\u00f6pfen aus Edelstahl<\/h3>\n\n\n\n<ul class=\"wp-block-list\">\n<li><strong>Hochwertiges Edelstahlmaterial 304<\/strong>Der Suppentopf im italienischen Stil besteht aus lebensmittelechtem Edelstahl 304, der sich durch hervorragende Korrosionsbest\u00e4ndigkeit und Langlebigkeit auszeichnet und somit die Gesundheit und Sicherheit der Kochzutaten gew\u00e4hrleistet.<\/li>\n\n\n\n<li><strong>Doppelohr-Design im italienischen Stil<\/strong>Das klassische italienische Design mit zwei Griffen liegt bequem und stabil in der Hand, sorgt f\u00fcr Komfort beim Kochen und verleiht der K\u00fcche gleichzeitig einen sch\u00f6nen Look.<\/li>\n\n\n\n<li><strong>Deckel aus geh\u00e4rtetem Glas<\/strong>Der Suppentopf aus Edelstahl ist mit einem transparenten Deckel aus geh\u00e4rtetem Glas ausgestattet, sodass Sie jederzeit den Garzustand der Speisen \u00fcberpr\u00fcfen k\u00f6nnen. Der Deckel ist hitzebest\u00e4ndig und bruchsicher und schlie\u00dft Dampf und N\u00e4hrstoffe ein.<\/li>\n\n\n\n<li><strong>Mehrere Gr\u00f6\u00dfenoptionen<\/strong>Der Suppentopf aus Edelstahl ist in drei Gr\u00f6\u00dfen erh\u00e4ltlich: 20 cm, 22 cm und 24 cm. Er eignet sich f\u00fcr verschiedene Kochanforderungen, vom t\u00e4glichen Familieneintopf bis hin zu Partygerichten.<\/li>\n\n\n\n<li><strong>Verdicktes Bodendesign<\/strong>Der Boden des Topfes ist verdickt, um die W\u00e4rme gleichm\u00e4\u00dfig und schnell zu leiten, wodurch der Energieverbrauch reduziert wird und er f\u00fcr alle Arten von Herdplatten geeignet ist, einschlie\u00dflich Gas- und Induktionsherden.<\/li>\n\n\n\n<li><strong>Leicht zu reinigen und zu pflegen<\/strong>Die glatte Edelstahloberfl\u00e4che ist widerstandsf\u00e4hig gegen Flecken, leicht zu reinigen, sp\u00fclmaschinenfest und reduziert den t\u00e4glichen Reinigungsaufwand.<\/li>\n<\/ul>\n<\/div>\n\n\n\n<div class=\"wp-block-column is-layout-flow wp-block-column-is-layout-flow\" style=\"flex-basis:33.33%\"><\/div>\n<\/div>\n\n\n\n<div class=\"wp-block-columns is-layout-flex wp-container-core-columns-is-layout-9d6595d7 wp-block-columns-is-layout-flex\">\n<div class=\"wp-block-column is-layout-flow wp-block-column-is-layout-flow\">\n<figure class=\"wp-block-image size-full\"><img decoding=\"async\" width=\"5184\" height=\"3456\" src=\"https:\/\/www.chancescook.com\/wp-content\/uploads\/2024\/09\/Supply-Soup-Pot-Stainless-Steel-8.webp\" alt=\"Lieferung Suppentopf Edelstahl Gro\u00dfhandel\" class=\"wp-image-3956\" srcset=\"https:\/\/www.chancescook.com\/wp-content\/uploads\/2024\/09\/Supply-Soup-Pot-Stainless-Steel-8.webp 5184w, https:\/\/www.chancescook.com\/wp-content\/uploads\/2024\/09\/Supply-Soup-Pot-Stainless-Steel-8-300x200.webp 300w, https:\/\/www.chancescook.com\/wp-content\/uploads\/2024\/09\/Supply-Soup-Pot-Stainless-Steel-8-768x512.webp 768w, https:\/\/www.chancescook.com\/wp-content\/uploads\/2024\/09\/Supply-Soup-Pot-Stainless-Steel-8-18x12.webp 18w, https:\/\/www.chancescook.com\/wp-content\/uploads\/2024\/09\/Supply-Soup-Pot-Stainless-Steel-8-285x190.webp 285w, https:\/\/www.chancescook.com\/wp-content\/uploads\/2024\/09\/Supply-Soup-Pot-Stainless-Steel-8-1600x1067.webp 1600w, https:\/\/www.chancescook.com\/wp-content\/uploads\/2024\/09\/Supply-Soup-Pot-Stainless-Steel-8-660x440.webp 660w, https:\/\/www.chancescook.com\/wp-content\/uploads\/2024\/09\/Supply-Soup-Pot-Stainless-Steel-8-150x100.webp 150w\" sizes=\"(max-width: 5184px) 100vw, 5184px\" \/><\/figure>\n<\/div>\n\n\n\n<div class=\"wp-block-column is-layout-flow wp-block-column-is-layout-flow\">\n<figure class=\"wp-block-image size-full\"><img decoding=\"async\" width=\"5184\" height=\"3456\" src=\"https:\/\/www.chancescook.com\/wp-content\/uploads\/2024\/09\/Supply-Soup-Pot-Stainless-Steel-5.webp\" alt=\"Lieferung Suppentopf Edelstahl Gro\u00dfhandel\" class=\"wp-image-3953\" srcset=\"https:\/\/www.chancescook.com\/wp-content\/uploads\/2024\/09\/Supply-Soup-Pot-Stainless-Steel-5.webp 5184w, https:\/\/www.chancescook.com\/wp-content\/uploads\/2024\/09\/Supply-Soup-Pot-Stainless-Steel-5-300x200.webp 300w, https:\/\/www.chancescook.com\/wp-content\/uploads\/2024\/09\/Supply-Soup-Pot-Stainless-Steel-5-768x512.webp 768w, https:\/\/www.chancescook.com\/wp-content\/uploads\/2024\/09\/Supply-Soup-Pot-Stainless-Steel-5-18x12.webp 18w, https:\/\/www.chancescook.com\/wp-content\/uploads\/2024\/09\/Supply-Soup-Pot-Stainless-Steel-5-285x190.webp 285w, https:\/\/www.chancescook.com\/wp-content\/uploads\/2024\/09\/Supply-Soup-Pot-Stainless-Steel-5-1600x1067.webp 1600w, https:\/\/www.chancescook.com\/wp-content\/uploads\/2024\/09\/Supply-Soup-Pot-Stainless-Steel-5-660x440.webp 660w, https:\/\/www.chancescook.com\/wp-content\/uploads\/2024\/09\/Supply-Soup-Pot-Stainless-Steel-5-150x100.webp 150w\" sizes=\"(max-width: 5184px) 100vw, 5184px\" \/><\/figure>\n<\/div>\n\n\n\n<div class=\"wp-block-column is-layout-flow wp-block-column-is-layout-flow\">\n<figure class=\"wp-block-image size-full\"><img decoding=\"async\" width=\"5184\" height=\"3456\" src=\"https:\/\/www.chancescook.com\/wp-content\/uploads\/2024\/09\/Supply-Soup-Pot-Stainless-Steel-1.webp\" alt=\"Lieferung Suppentopf Edelstahl Gro\u00dfhandel\" class=\"wp-image-3949\" srcset=\"https:\/\/www.chancescook.com\/wp-content\/uploads\/2024\/09\/Supply-Soup-Pot-Stainless-Steel-1.webp 5184w, https:\/\/www.chancescook.com\/wp-content\/uploads\/2024\/09\/Supply-Soup-Pot-Stainless-Steel-1-300x200.webp 300w, https:\/\/www.chancescook.com\/wp-content\/uploads\/2024\/09\/Supply-Soup-Pot-Stainless-Steel-1-768x512.webp 768w, https:\/\/www.chancescook.com\/wp-content\/uploads\/2024\/09\/Supply-Soup-Pot-Stainless-Steel-1-18x12.webp 18w, https:\/\/www.chancescook.com\/wp-content\/uploads\/2024\/09\/Supply-Soup-Pot-Stainless-Steel-1-285x190.webp 285w, https:\/\/www.chancescook.com\/wp-content\/uploads\/2024\/09\/Supply-Soup-Pot-Stainless-Steel-1-1600x1067.webp 1600w, https:\/\/www.chancescook.com\/wp-content\/uploads\/2024\/09\/Supply-Soup-Pot-Stainless-Steel-1-660x440.webp 660w, https:\/\/www.chancescook.com\/wp-content\/uploads\/2024\/09\/Supply-Soup-Pot-Stainless-Steel-1-150x100.webp 150w\" sizes=\"(max-width: 5184px) 100vw, 5184px\" \/><\/figure>\n<\/div>\n<\/div>","protected":false},"excerpt":{"rendered":"<p>Klassischer und langlebiger italienischer Suppentopf aus Edelstahl 304, in verschiedenen Gr\u00f6\u00dfen f\u00fcr den privaten Gebrauch und die Gastronomie erh\u00e4ltlich, bewahrt N\u00e4hrstoffe und verbessert die Kocheffizienz. Kontaktieren Sie uns gerne f\u00fcr weitere ma\u00dfgeschneiderte Dienstleistungen!<\/p>\n<h3 class=\"wp-block-heading\">Spezifikationen des Suppentopfs aus Edelstahl<\/h3>\n<ul>\n<li>Hersteller: CHANCES<\/li>\n<li>Modellnummer: CY-YSG05<\/li>\n<li>Material: SS304<\/li>\n<li>Deckel: Glas-Deckel<\/li>\n<li>Dicke:0,5 mm<\/li>\n<li>Gewicht: 850 g\/1000 g\/1150 g<\/li>\n<li>Durchmesser: 20 cm\/22 cm\/24 cm<\/li>\n<li>OEM&amp;ODM: Kundenspezifisch, willkommen OEM&amp;ODM<\/li>\n<li>MOQ:1 x 40'HQ<\/li>\n<li>Verpackung: Farbkarton\/Kartonverpackung<\/li>\n<li>Muster: Kostenlos<\/li>\n<\/ul>\n<p><a href=\"https:\/\/www.chancescook.com\/de\/\"><strong>Chancescook<\/strong><\/a> ist bestrebt, effiziente und professionelle kundenspezifische Dienstleistungen anzubieten, die durch unsere exklusive Formenentwicklung, starke Produktionskapazit\u00e4ten und strenge Qualit\u00e4tskontrollen unterst\u00fctzt werden, um sicherzustellen, dass jede Charge von Suppent\u00f6pfen aus Edelstahl 304 Ihren Anforderungen entspricht.<\/p>","protected":false},"featured_media":5857,"comment_status":"closed","ping_status":"closed","template":"","meta":{"_acf_changed":false},"product_brand":[],"product_cat":[52,62],"product_tag":[],"class_list":{"0":"post-3948","1":"product","2":"type-product","3":"status-publish","4":"has-post-thumbnail","6":"product_cat-cookware-wholesale","7":"product_cat-wholesale-soup-pot","9":"first","10":"instock","11":"shipping-taxable","12":"product-type-simple"},"acf":[],"_links":{"self":[{"href":"https:\/\/www.chancescook.com\/de\/wp-json\/wp\/v2\/product\/3948","targetHints":{"allow":["GET"]}}],"collection":[{"href":"https:\/\/www.chancescook.com\/de\/wp-json\/wp\/v2\/product"}],"about":[{"href":"https:\/\/www.chancescook.com\/de\/wp-json\/wp\/v2\/types\/product"}],"replies":[{"embeddable":true,"href":"https:\/\/www.chancescook.com\/de\/wp-json\/wp\/v2\/comments?post=3948"}],"wp:featuredmedia":[{"embeddable":true,"href":"https:\/\/www.chancescook.com\/de\/wp-json\/wp\/v2\/media\/5857"}],"wp:attachment":[{"href":"https:\/\/www.chancescook.com\/de\/wp-json\/wp\/v2\/media?parent=3948"}],"wp:term":[{"taxonomy":"product_brand","embeddable":true,"href":"https:\/\/www.chancescook.com\/de\/wp-json\/wp\/v2\/product_brand?post=3948"},{"taxonomy":"product_cat","embeddable":true,"href":"https:\/\/www.chancescook.com\/de\/wp-json\/wp\/v2\/product_cat?post=3948"},{"taxonomy":"product_tag","embeddable":true,"href":"https:\/\/www.chancescook.com\/de\/wp-json\/wp\/v2\/product_tag?post=3948"}],"curies":[{"name":"wp","href":"https:\/\/api.w.org\/{rel}","templated":true}]}}