{"id":3960,"date":"2024-09-12T01:45:35","date_gmt":"2024-09-12T01:45:35","guid":{"rendered":"https:\/\/www.chancescook.com\/?post_type=product&#038;p=3960"},"modified":"2024-09-23T03:20:28","modified_gmt":"2024-09-23T03:20:28","slug":"wholesale-stainless-steel-stock-pot","status":"publish","type":"product","link":"https:\/\/www.chancescook.com\/de\/produkt\/wholesale-stainless-steel-stock-pot\/","title":{"rendered":"Gro\u00dfhandel Edelstahl Stock Topf mit Deckel Lagerung Topf Set 8 St\u00fcck f\u00fcr K\u00fcche kochen"},"content":{"rendered":"<div class=\"wp-block-columns is-layout-flex wp-container-core-columns-is-layout-9d6595d7 wp-block-columns-is-layout-flex\">\n<div class=\"wp-block-column is-layout-flow wp-block-column-is-layout-flow\">\n<h3 class=\"wp-block-heading\">Eigenschaften und Vorteile von Edelstahlt\u00f6pfen<\/h3>\n\n\n\n<ul class=\"wp-block-list\">\n<li><strong>Hochwertiges Material aus 410er Edelstahl<\/strong>Die Fondt\u00f6pfe sind aus lebensmittelechtem Edelstahl gefertigt, robust, langlebig und korrosionsbest\u00e4ndig f\u00fcr eine lange Nutzungsdauer.<\/li>\n\n\n\n<li><strong>Multifunktionales Set<\/strong>: 8-teiliges Br\u00fche-Topf-Set aus Edelstahl, geeignet zum Kochen von Suppe, Schmoren, D\u00e4mpfen und anderen Kochmethoden, um verschiedene Kochbed\u00fcrfnisse zu erf\u00fcllen.<\/li>\n\n\n\n<li><strong>Edelstahl-Deckel<\/strong>: Ausgestattet mit einem Edelstahl-Deckel, hat es eine gute Abdichtung Leistung und beh\u00e4lt die N\u00e4hrstoffe und Aromen in den Lebensmitteln.<\/li>\n\n\n\n<li><strong>Design der Griffe<\/strong>: Der Griff aus rostfreiem Stahl ist ergonomisch geformt, fest und sicher und liegt beim Kochen gut in der Hand.<\/li>\n\n\n\n<li><strong>Platzsparendes Design<\/strong>: Br\u00fche-Topf-Sets aus Edelstahl k\u00f6nnen ineinander geschachtelt werden, sind leicht zu verstauen und sparen Platz in der K\u00fcche.<\/li>\n<\/ul>\n<\/div>\n\n\n\n<div class=\"wp-block-column is-layout-flow wp-block-column-is-layout-flow\">\n<h3 class=\"wp-block-heading\">Spezifikationen von Stock Pot<\/h3>\n\n\n\n<ul class=\"wp-block-list\">\n<li>Hersteller: CHANCES<\/li>\n\n\n\n<li>Modell-Nr.:CY-TGT0803<\/li>\n\n\n\n<li>Material: SS410<\/li>\n\n\n\n<li>St\u00fcckzahl:8 St\u00fcck<\/li>\n\n\n\n<li>Deckel: Edelstahl-Deckel<\/li>\n\n\n\n<li>Dicke:0,3mm\/0,4mm\/0,5mm<\/li>\n\n\n\n<li>Weight:2700g\/3000g\/3200g<\/li>\n\n\n\n<li><strong><a href=\"https:\/\/www.chancescook.com\/de\/custom-cookware\/\">OEM&amp;ODM<\/a><\/strong>: Kundenspezifisch, Willkommen OEM&amp;ODM<\/li>\n\n\n\n<li>MOQ:1 x 40'HQ<\/li>\n\n\n\n<li>Verpackung: Farbkarton\/Kartonverpackung<\/li>\n\n\n\n<li>Muster: Kostenlos<\/li>\n<\/ul>\n<\/div>\n<\/div>\n\n\n\n<p><\/p>","protected":false},"excerpt":{"rendered":"<p>Unser professionelles 8-teiliges Br\u00fche-Topf-Set aus Edelstahl ist langlebig und rostfrei und eignet sich f\u00fcr eine Vielzahl von K\u00fcchenbed\u00fcrfnissen, um das Kocherlebnis zu verbessern. Kommen Sie zu uns f\u00fcr mehr Nachrichten.<\/p>\n<h3>Inklusive Edelstahl-Fondtopf\uff1a<\/h3>\n<ul>\n<li>22cm x 11cm Br\u00fche Topf mit Deckel<\/li>\n<li>24cm x 12cm Br\u00fche Topf mit Deckel<\/li>\n<li>26cm x 13cm Br\u00fche Topf mit Deckel<\/li>\n<li>28cm x 14,5cm Br\u00fche Topf mit Deckel<\/li>\n<\/ul>","protected":false},"featured_media":4093,"comment_status":"closed","ping_status":"closed","template":"","meta":{"_acf_changed":false},"product_brand":[],"product_cat":[53],"product_tag":[],"class_list":{"0":"post-3960","1":"product","2":"type-product","3":"status-publish","4":"has-post-thumbnail","6":"product_cat-wholesale-cookware-sets","8":"first","9":"instock","10":"shipping-taxable","11":"product-type-simple"},"acf":[],"_links":{"self":[{"href":"https:\/\/www.chancescook.com\/de\/wp-json\/wp\/v2\/product\/3960","targetHints":{"allow":["GET"]}}],"collection":[{"href":"https:\/\/www.chancescook.com\/de\/wp-json\/wp\/v2\/product"}],"about":[{"href":"https:\/\/www.chancescook.com\/de\/wp-json\/wp\/v2\/types\/product"}],"replies":[{"embeddable":true,"href":"https:\/\/www.chancescook.com\/de\/wp-json\/wp\/v2\/comments?post=3960"}],"wp:featuredmedia":[{"embeddable":true,"href":"https:\/\/www.chancescook.com\/de\/wp-json\/wp\/v2\/media\/4093"}],"wp:attachment":[{"href":"https:\/\/www.chancescook.com\/de\/wp-json\/wp\/v2\/media?parent=3960"}],"wp:term":[{"taxonomy":"product_brand","embeddable":true,"href":"https:\/\/www.chancescook.com\/de\/wp-json\/wp\/v2\/product_brand?post=3960"},{"taxonomy":"product_cat","embeddable":true,"href":"https:\/\/www.chancescook.com\/de\/wp-json\/wp\/v2\/product_cat?post=3960"},{"taxonomy":"product_tag","embeddable":true,"href":"https:\/\/www.chancescook.com\/de\/wp-json\/wp\/v2\/product_tag?post=3960"}],"curies":[{"name":"wp","href":"https:\/\/api.w.org\/{rel}","templated":true}]}}