{"id":3986,"date":"2024-10-06T08:42:31","date_gmt":"2024-10-06T08:42:31","guid":{"rendered":"https:\/\/www.chancescook.com\/?post_type=product&#038;p=3986"},"modified":"2025-01-21T09:20:42","modified_gmt":"2025-01-21T09:20:42","slug":"stainless-steel-steamer-pot-supplier","status":"publish","type":"product","link":"https:\/\/www.chancescook.com\/de\/produkt\/stainless-steel-steamer-pot-supplier\/","title":{"rendered":"Edelstahl Dampfkochtopf Gro\u00dfhandel Mehrschichtige Extra Hoch mit Silikongriff Lieferant"},"content":{"rendered":"<div class=\"wp-block-columns is-layout-flex wp-container-core-columns-is-layout-9d6595d7 wp-block-columns-is-layout-flex\">\n<div class=\"wp-block-column is-layout-flow wp-block-column-is-layout-flow\">\n<h3 class=\"wp-block-heading\">Eigenschaften und Vorteile von Edelstahl-Dampfkocht\u00f6pfen<\/h3>\n\n\n\n<ul class=\"wp-block-list\">\n<li><strong>Materialst\u00e4rke:<\/strong> Hochwertiges Edelstahlmaterial verhindert Rost und Korrosion und gew\u00e4hrleistet eine langfristige Nutzung, was langfristig die Kosten senkt.<\/li>\n\n\n\n<li><strong>Raumausnutzung: <\/strong>Mit dem mehrschichtigen Design k\u00f6nnen Sie viele Arten von Speisen auf einmal zubereiten, den Platz effektiv nutzen und Platz in der K\u00fcche sparen.<\/li>\n\n\n\n<li><strong>Mehrschichtiges Design:<\/strong> Das mehrschichtige Design erm\u00f6glicht das gleichzeitige Garen verschiedener Lebensmittel. Dazu geh\u00f6ren Fr\u00fcchte, Fleisch, Schalentiere und viele andere Zutaten. Sie k\u00f6nnen ohne gro\u00dfe Probleme zusammen ged\u00e4mpft werden.<\/li>\n\n\n\n<li><strong>Energieeinsparung:<\/strong> Die gleichm\u00e4\u00dfige W\u00e4rme\u00fcbertragung tr\u00e4gt zur Verk\u00fcrzung der Garzeit bei und verbraucht daher weniger Energie. Die Lebensmittel behalten w\u00e4hrend des Garvorgangs ihren nat\u00fcrlichen Geschmack und ihre N\u00e4hrstoffe.<\/li>\n\n\n\n<li><strong>Gro\u00dfe Kapazit\u00e4t:<\/strong> Unser Dampfkochtopf aus Edelstahl bietet mehr Platz, um mehr Speisen zu garen und sogar mehrere Chargen auf einmal zuzubereiten.<\/li>\n\n\n\n<li><strong>LID-Design: <\/strong>Er ist luftdicht und verhindert das Entweichen von Dampf und Hitze, wodurch der Kochvorgang beschleunigt wird.<\/li>\n<\/ul>\n<\/div>\n\n\n\n<div class=\"wp-block-column is-layout-flow wp-block-column-is-layout-flow\">\n<h3 class=\"wp-block-heading\">Spezifikationen f\u00fcr Edelstahl-Dampfkochtopf<\/h3>\n\n\n\n<ul class=\"wp-block-list\">\n<li>Hersteller: CHANCES<\/li>\n\n\n\n<li>Modell-Nr.:CY-YWZG05\/CY-YWZG05A<\/li>\n\n\n\n<li>Material: SS201<\/li>\n\n\n\n<li>Dicke:0,5 mm<\/li>\n\n\n\n<li>Unterseite:3,0 mm<\/li>\n\n\n\n<li>OEM&amp;ODM: Kundenspezifisch, willkommen OEM&amp;ODM<\/li>\n\n\n\n<li>MOQ:1 x 40'HQ<\/li>\n\n\n\n<li>Verpackung: Farbkarton\/Kartonverpackung<\/li>\n\n\n\n<li>Muster: Kostenlos<\/li>\n<\/ul>\n<\/div>\n<\/div>\n\n\n\n<div class=\"wp-block-columns is-layout-flex wp-container-core-columns-is-layout-9d6595d7 wp-block-columns-is-layout-flex\">\n<div class=\"wp-block-column is-layout-flow wp-block-column-is-layout-flow\" style=\"flex-basis:20%\"><\/div>\n\n\n\n<div class=\"wp-block-column is-layout-flow wp-block-column-is-layout-flow\" style=\"flex-basis:20%\"><\/div>\n\n\n\n<div class=\"wp-block-column is-layout-flow wp-block-column-is-layout-flow\" style=\"flex-basis:42%\">\n<figure class=\"wp-block-image size-full\"><img decoding=\"async\" width=\"2268\" height=\"2551\" src=\"https:\/\/www.chancescook.com\/wp-content\/uploads\/2024\/09\/Steaming-Pot.webp\" alt=\"Dampftopf\" class=\"wp-image-4171\" srcset=\"https:\/\/www.chancescook.com\/wp-content\/uploads\/2024\/09\/Steaming-Pot.webp 2268w, https:\/\/www.chancescook.com\/wp-content\/uploads\/2024\/09\/Steaming-Pot-267x300.webp 267w, https:\/\/www.chancescook.com\/wp-content\/uploads\/2024\/09\/Steaming-Pot-768x864.webp 768w, https:\/\/www.chancescook.com\/wp-content\/uploads\/2024\/09\/Steaming-Pot-11x12.webp 11w, https:\/\/www.chancescook.com\/wp-content\/uploads\/2024\/09\/Steaming-Pot-285x321.webp 285w, https:\/\/www.chancescook.com\/wp-content\/uploads\/2024\/09\/Steaming-Pot-1600x1800.webp 1600w, https:\/\/www.chancescook.com\/wp-content\/uploads\/2024\/09\/Steaming-Pot-587x660.webp 587w, https:\/\/www.chancescook.com\/wp-content\/uploads\/2024\/09\/Steaming-Pot-133x150.webp 133w\" sizes=\"(max-width: 2268px) 100vw, 2268px\" \/><\/figure>\n<\/div>\n\n\n\n<div class=\"wp-block-column is-layout-flow wp-block-column-is-layout-flow\" style=\"flex-basis:20%\"><\/div>\n\n\n\n<div class=\"wp-block-column is-layout-flow wp-block-column-is-layout-flow\" style=\"flex-basis:20%\"><\/div>\n<\/div>","protected":false},"excerpt":{"rendered":"<p>Entdecken Sie die Edelstahl-Dampfkocht\u00f6pfe aus dem Gro\u00dfhandel, die f\u00fcr effizientes D\u00e4mpfen entwickelt wurden, hitzebest\u00e4ndig sind und sich sowohl f\u00fcr Gro\u00dfk\u00fcchen als auch f\u00fcr private K\u00fcchen eignen, in denen gro\u00dfe Mengen an Lebensmitteln ged\u00e4mpft werden. Kontaktieren Sie uns f\u00fcr weitere kundenspezifische Dienstleistungen!<\/p>\n<h3 class=\"wp-block-heading\">Edelstahl-Dampftopf Enth\u00e4lt:<\/h3>\n<table width=\"798\">\n<tbody>\n<tr>\n<td width=\"154\">Modell Nr.<\/td>\n<td width=\"230\">Produkt-Varianten<\/td>\n<td width=\"413\">Konfiguration<\/td>\n<\/tr>\n<tr>\n<td width=\"154\">CY-YWZG05<\/td>\n<td width=\"230\">Stahldeckel Multi-Ply Extra Tall Steamer mit Silikongriff<\/td>\n<td rowspan=\"2\" width=\"413\">21,5 x 6cm Dampf x 2 St. 24 x 19cm tiefer Suppentopf 24cm Edelstahldeckel<\/td>\n<\/tr>\n<tr>\n<td width=\"154\">CY-YWZG05A<\/td>\n<td width=\"230\">Mehrschichtiger extrahoher Dampfgarer mit Silikongriff und Kombideckel<\/td>\n<\/tr>\n<\/tbody>\n<\/table>\n<p><a href=\"https:\/\/www.chancescook.com\/de\/\"><strong>Chancescook<\/strong><\/a> ist bestrebt, effiziente und professionelle kundenspezifische Dienstleistungen zu erbringen, die durch unsere exklusive Formenentwicklung, starke Produktionskapazit\u00e4ten und strenge Qualit\u00e4tskontrollen unterst\u00fctzt werden, um sicherzustellen, dass jede Charge von Edelstahl-Dampft\u00f6pfen Ihren Anforderungen entspricht.<\/p>","protected":false},"featured_media":4169,"comment_status":"closed","ping_status":"closed","template":"","meta":{"_acf_changed":false},"product_brand":[],"product_cat":[52,64],"product_tag":[],"class_list":{"0":"post-3986","1":"product","2":"type-product","3":"status-publish","4":"has-post-thumbnail","6":"product_cat-cookware-wholesale","7":"product_cat-chinese-steamer-pot-factory","9":"first","10":"instock","11":"shipping-taxable","12":"product-type-simple"},"acf":[],"_links":{"self":[{"href":"https:\/\/www.chancescook.com\/de\/wp-json\/wp\/v2\/product\/3986","targetHints":{"allow":["GET"]}}],"collection":[{"href":"https:\/\/www.chancescook.com\/de\/wp-json\/wp\/v2\/product"}],"about":[{"href":"https:\/\/www.chancescook.com\/de\/wp-json\/wp\/v2\/types\/product"}],"replies":[{"embeddable":true,"href":"https:\/\/www.chancescook.com\/de\/wp-json\/wp\/v2\/comments?post=3986"}],"wp:featuredmedia":[{"embeddable":true,"href":"https:\/\/www.chancescook.com\/de\/wp-json\/wp\/v2\/media\/4169"}],"wp:attachment":[{"href":"https:\/\/www.chancescook.com\/de\/wp-json\/wp\/v2\/media?parent=3986"}],"wp:term":[{"taxonomy":"product_brand","embeddable":true,"href":"https:\/\/www.chancescook.com\/de\/wp-json\/wp\/v2\/product_brand?post=3986"},{"taxonomy":"product_cat","embeddable":true,"href":"https:\/\/www.chancescook.com\/de\/wp-json\/wp\/v2\/product_cat?post=3986"},{"taxonomy":"product_tag","embeddable":true,"href":"https:\/\/www.chancescook.com\/de\/wp-json\/wp\/v2\/product_tag?post=3986"}],"curies":[{"name":"wp","href":"https:\/\/api.w.org\/{rel}","templated":true}]}}