{"id":3990,"date":"2024-09-20T19:09:27","date_gmt":"2024-09-20T19:09:27","guid":{"rendered":"https:\/\/www.chancescook.com\/?post_type=product&#038;p=3990"},"modified":"2024-11-01T08:33:17","modified_gmt":"2024-11-01T08:33:17","slug":"wholesale-kitchen-steamer-pot","status":"publish","type":"product","link":"https:\/\/www.chancescook.com\/de\/produkt\/wholesale-kitchen-steamer-pot\/","title":{"rendered":"Gro\u00dfhandel K\u00fcche Dampfer Topf Kombination Deckel Original Dampfer mit 3 Dampf F\u00e4cher"},"content":{"rendered":"<div class=\"wp-block-columns is-layout-flex wp-container-core-columns-is-layout-9d6595d7 wp-block-columns-is-layout-flex\">\n<div class=\"wp-block-column is-layout-flow wp-block-column-is-layout-flow\">\n<h3 class=\"wp-block-heading\">Eigenschaften und Vorteile des Dampfkochtopfes <\/h3>\n\n\n\n<ul class=\"wp-block-list\">\n<li><strong>Kombideckel-Design:<\/strong> Diese Konstruktion wird zum Abdecken von Gegenst\u00e4nden verwendet, um zu verhindern, dass Dampf entweicht oder \u00fcberl\u00e4uft.<\/li>\n\n\n\n<li><strong>Dreischichtiger Dampfer: <\/strong>Der Dampfgarer verf\u00fcgt \u00fcber drei Ebenen und ist f\u00fcr das gleichzeitige Garen mehrerer Zutaten geeignet, was die Geschwindigkeit des Garvorgangs erh\u00f6ht, da verschiedene Zutaten gleichzeitig ged\u00e4mpft werden k\u00f6nnen.<\/li>\n\n\n\n<li><strong>Multifunktionale Verwendung:<\/strong> Dieser Dampfkochtopf hat Funktionen f\u00fcr viele verschiedene Arten von Lebensmittelzutaten. Er eignet sich nicht nur f\u00fcr die t\u00e4glichen Mahlzeiten, sondern kann auch an besonderen Tagen und bei Veranstaltungen f\u00fcr verschiedene Speisezubereitungen verwendet werden.<\/li>\n\n\n\n<li><strong>Mehr Zeit sparen:<\/strong> Der Mehrschichtdampfgarer kann mehrere Gerichte auf einmal zubereiten und ben\u00f6tigt weniger Zeit f\u00fcr die Zubereitung von Mahlzeiten.<\/li>\n\n\n\n<li><strong>Benutzerfreundlich:<\/strong> Er ist leicht zu reinigen und einfach zu pflegen, was f\u00fcr K\u00fcchen mit wenig Zeit n\u00fctzlich ist.<\/li>\n\n\n\n<li><strong>Dampf f\u00fcr gesundes Essen:<\/strong> Es hei\u00dft, dass durch das D\u00e4mpfen die N\u00e4hrstoffe in den Lebensmitteln erhalten bleiben und der Geschmack erhalten bleibt, ohne dass beim Kochen Fett hinzugef\u00fcgt werden muss.<\/li>\n<\/ul>\n<\/div>\n\n\n\n<div class=\"wp-block-column is-layout-flow wp-block-column-is-layout-flow\">\n<h3 class=\"wp-block-heading\">Spezifikationen von Kitchen Steamer Pot <\/h3>\n\n\n\n<ul class=\"wp-block-list\">\n<li>Hersteller: CHANCES<\/li>\n\n\n\n<li>Modell-Nr.:CY-YWZG01B\/CY-YWZG03B<\/li>\n\n\n\n<li>Material: SS201<\/li>\n\n\n\n<li>Deckel: Edelstahl-Deckel<\/li>\n\n\n\n<li>Dicke:0,5 mm<\/li>\n\n\n\n<li>Unterseite:2,5 mm<\/li>\n\n\n\n<li><strong><a href=\"https:\/\/www.chancescook.com\/de\/custom-cookware\/\">OEM&amp;ODM<\/a><\/strong>: Kundenspezifisch, Willkommen OEM&amp;ODM<\/li>\n\n\n\n<li>MOQ:1 x 40'HQ<\/li>\n\n\n\n<li>Verpackung: Farbkarton\/Kartonverpackung<\/li>\n\n\n\n<li>Muster: Kostenlos<\/li>\n<\/ul>\n<\/div>\n<\/div>","protected":false},"excerpt":{"rendered":"<p>Dieser hochwertige Dampfkochtopf ist mit Bakelitgriffen ausgestattet und wird mit einem Kombideckel geliefert, der die Verwendung erleichtert. Er verf\u00fcgt \u00fcber einen Dreifach-Dampfgarer, mit dem Sie verschiedene Zutaten gleichzeitig d\u00e4mpfen k\u00f6nnen, um die Kocheffizienz zu verbessern und Zeit zu sparen. Geeignet f\u00fcr private und gewerbliche K\u00fcchen. F\u00fcr den Gro\u00dfhandel, kontaktieren Sie uns bitte.<\/p>\n<h3>K\u00fcche Dampftopf enthalten\uff1a<\/h3>\n<table width=\"798\">\n<tbody>\n<tr>\n<td width=\"154\">Modell Nr.<\/td>\n<td width=\"230\">Produkt-Varianten<\/td>\n<td width=\"413\">Konfiguration<\/td>\n<\/tr>\n<tr>\n<td width=\"154\">CY-YWZG01B<\/td>\n<td rowspan=\"2\" width=\"230\">Bakelit-Griff-Kombi-Deckel Original-Dampfgarer mit 3 Dampfkammern<\/td>\n<td width=\"413\">\n<p>21,5 X 5cm Flache Schicht mit Hohlraum x 2 St\u00fcck<\/p>\n<p>21,5 x 6cm Tiefe Schicht mit Hohlraum x 1 St\u00fcck<\/p>\n<p>24 x 12cm Topf mit Bakelitgriff x 1St\u00fcck Werkzeug x 1St\u00fcck<\/p>\n<\/td>\n<\/tr>\n<tr>\n<td width=\"154\">CY-YWZG03B<\/td>\n<td width=\"413\">\n<p>28 X 7.7cm Flache Schicht mit Hohlraum x 2St.<\/p>\n<p>28 x 9.2cm Tiefe Schicht mit Hohlraum x 1 St\u00fcck<\/p>\n<p>28 x 15,9cm Topf mit Bakelitgriff x 1St\u00fcck<\/p>\n<p>Werkzeuge x 1 Stk.<\/p>\n<\/td>\n<\/tr>\n<\/tbody>\n<\/table>\n<p>Chances ist bestrebt, seinen Kunden effiziente und professionelle Dienstleistungen zu bieten.\u00a0<a href=\"https:\/\/www.chancescook.com\/de\/custom-cookware\/\"><strong>kundenspezifische Dienstleistungen<\/strong><\/a>Wir st\u00fctzen uns auf unsere starken Produktionskapazit\u00e4ten und unsere strenge Qualit\u00e4tskontrolle, um sicherzustellen, dass jede Charge von <strong>Dampfkochtopf<\/strong>\u00a0Ihren hohen Anspr\u00fcchen gerecht wird.<\/p>","protected":false},"featured_media":4153,"comment_status":"closed","ping_status":"closed","template":"","meta":{"_acf_changed":false},"product_brand":[],"product_cat":[52],"product_tag":[],"class_list":{"0":"post-3990","1":"product","2":"type-product","3":"status-publish","4":"has-post-thumbnail","6":"product_cat-cookware-wholesale","8":"first","9":"instock","10":"shipping-taxable","11":"product-type-simple"},"acf":[],"_links":{"self":[{"href":"https:\/\/www.chancescook.com\/de\/wp-json\/wp\/v2\/product\/3990","targetHints":{"allow":["GET"]}}],"collection":[{"href":"https:\/\/www.chancescook.com\/de\/wp-json\/wp\/v2\/product"}],"about":[{"href":"https:\/\/www.chancescook.com\/de\/wp-json\/wp\/v2\/types\/product"}],"replies":[{"embeddable":true,"href":"https:\/\/www.chancescook.com\/de\/wp-json\/wp\/v2\/comments?post=3990"}],"wp:featuredmedia":[{"embeddable":true,"href":"https:\/\/www.chancescook.com\/de\/wp-json\/wp\/v2\/media\/4153"}],"wp:attachment":[{"href":"https:\/\/www.chancescook.com\/de\/wp-json\/wp\/v2\/media?parent=3990"}],"wp:term":[{"taxonomy":"product_brand","embeddable":true,"href":"https:\/\/www.chancescook.com\/de\/wp-json\/wp\/v2\/product_brand?post=3990"},{"taxonomy":"product_cat","embeddable":true,"href":"https:\/\/www.chancescook.com\/de\/wp-json\/wp\/v2\/product_cat?post=3990"},{"taxonomy":"product_tag","embeddable":true,"href":"https:\/\/www.chancescook.com\/de\/wp-json\/wp\/v2\/product_tag?post=3990"}],"curies":[{"name":"wp","href":"https:\/\/api.w.org\/{rel}","templated":true}]}}