{"id":4042,"date":"2024-09-21T09:00:51","date_gmt":"2024-09-21T09:00:51","guid":{"rendered":"https:\/\/www.chancescook.com\/?post_type=product&#038;p=4042"},"modified":"2024-09-23T08:22:01","modified_gmt":"2024-09-23T08:22:01","slug":"custom-pots-and-pans-set","status":"publish","type":"product","link":"https:\/\/www.chancescook.com\/de\/produkt\/custom-pots-and-pans-set\/","title":{"rendered":"Custom T\u00f6pfe und Pfannen Set 8-teiliges Set der besten amerikanischen Tall Pot mit Griffen"},"content":{"rendered":"<div class=\"wp-block-columns is-layout-flex wp-container-core-columns-is-layout-9d6595d7 wp-block-columns-is-layout-flex\">\n<div class=\"wp-block-column is-layout-flow wp-block-column-is-layout-flow\">\n<h3 class=\"wp-block-heading\">Merkmale und Vorteile des Gro\u00dfhandels T\u00f6pfe und Pfannen Set<\/h3>\n\n\n\n<ul class=\"wp-block-list\">\n<li><strong>Premium-Edelstahl:<\/strong> Dieses 8-teilige Topf- und Pfannenset ist aus hochwertigem Edelstahl gefertigt, der langlebig ist und z. B. Korrosion standh\u00e4lt.<\/li>\n\n\n\n<li><strong>Backofenfest:<\/strong> Diese T\u00f6pfe und Pfannen sind f\u00fcr Backofentemperaturen von etwa 350 bis 450\u00b0F geeignet, was eine gewisse Vielfalt an Kochm\u00f6glichkeiten bietet.<\/li>\n\n\n\n<li><strong>Technologie zur W\u00e4rmeverteilung:<\/strong> Die Hitze verteilt sich gleichm\u00e4\u00dfig auf der Unterseite, was dazu f\u00fchrt, dass die Speisen gleichm\u00e4\u00dfiger garen und keine ungleichm\u00e4\u00dfigen Hitzepunkte entstehen.<\/li>\n\n\n\n<li><strong>Deckelauswahl in Vielfalt:<\/strong> Verschiedene Arten von Deckeln, von Metalldeckeln bis hin zu durchsichtigen Glasdeckeln, erleichtern die Auswahl je nach Situation, halten die W\u00e4rme im Inneren und erm\u00f6glichen es, den Kochvorgang zu beobachten.<\/li>\n\n\n\n<li><strong>Vielseitig und einfach zu verwenden:<\/strong> Gro\u00dfhandel T\u00f6pfe und Pfannen Set kommen mit verschiedenen Gr\u00f6\u00dfen von Kochgeschirr, die f\u00fcr die K\u00fcche Aufgaben, die enthalten sind, um viele Bed\u00fcrfnisse der K\u00fcche verwendet werden k\u00f6nnen.<\/li>\n\n\n\n<li><strong>Leicht zu reinigen:<\/strong> Sp\u00fclmaschinenfestes Kochgeschirr, damit es in gutem Zustand bleibt und wie neu aussieht.<\/li>\n<\/ul>\n<\/div>\n\n\n\n<div class=\"wp-block-column is-layout-flow wp-block-column-is-layout-flow\">\n<h3 class=\"wp-block-heading\">Spezifikationen f\u00fcr das Set T\u00f6pfe und Pfannen<\/h3>\n\n\n\n<ul class=\"wp-block-list\">\n<li>Hersteller: CHANCES<\/li>\n\n\n\n<li>Modell-Nr.:CY-MSGGZHG0805\/CY-MSBG0804<\/li>\n\n\n\n<li>Material: SS410\/SS201<\/li>\n\n\n\n<li>St\u00fcckzahl:8 St\u00fcck<\/li>\n\n\n\n<li>Dicke:0,5mm\/0,4mm<\/li>\n\n\n\n<li>Unterseite:2,0mm\/1,8mm<\/li>\n\n\n\n<li>OEM&amp;ODM: Kundenspezifisch, willkommen OEM&amp;ODM<\/li>\n\n\n\n<li>MOQ:1 x 40'HQ<\/li>\n\n\n\n<li>Verpackung: Farbe Box, Karton Box oder benutzerdefinierte<\/li>\n\n\n\n<li>Muster: Kostenlos<\/li>\n<\/ul>\n<\/div>\n<\/div>","protected":false},"excerpt":{"rendered":"<p>Wholesale Pots and Pans Set ist ein 8-teiliges Premium-Kochgeschirrset, das eine Kombination aus gro\u00dfen amerikanischen T\u00f6pfen mit Metall- und Glasdeckeln enth\u00e4lt. Jeder Topf ist mit robusten Griffen f\u00fcr einfachen Halt und Hitzebest\u00e4ndigkeit ausgestattet. Dieses vielseitige Set ist ideal f\u00fcr die Profik\u00fcche oder den Hausgebrauch und garantiert Haltbarkeit, Stil und Funktionalit\u00e4t. Kann je nach Bedarf in gro\u00dfen Mengen gekauft werden\uff01<\/p>\n<h3>Cusom T\u00f6pfe und Pfannen Set enth\u00e4lt\uff1a<\/h3>\n<table style=\"border-collapse: collapse; width: 478.82pt;\" border=\"0\" width=\"798\" cellspacing=\"0\" cellpadding=\"0\">\n<tbody>\n<tr style=\"height: 17.40pt;\">\n<td class=\"et3\" style=\"height: 17.40pt; width: 92.45pt;\" width=\"154\" height=\"29\">Modell Nr.<\/td>\n<td class=\"et3\" style=\"width: 138.15pt;\" width=\"230\">Produkt-Varianten<\/td>\n<td class=\"et3\" style=\"width: 248.35pt;\" width=\"413\">Konfiguration<\/td>\n<\/tr>\n<tr style=\"height: 72.00pt;\">\n<td class=\"et4\" style=\"height: 72.00pt; width: 92.45pt;\" width=\"154\" height=\"120\">CY-MSGGZHG0805<\/td>\n<td class=\"et5\" style=\"width: 138.15pt;\" width=\"230\">Amerikanischer Hochtopf-Kombi-Deckel<\/td>\n<td class=\"et6\" style=\"width: 248.35pt; border-bottom: 0.5pt solid #000000; text-align: left;\" rowspan=\"2\" width=\"413\">\n<p>18cm Kasserolle mit Deckel<br \/>20cmKasserolle mit Deckel<br \/>22cm Kasserolle mit Deckel<br \/>24cm Kasserolle mit Deckel<\/p>\n<\/td>\n<\/tr>\n<tr style=\"height: 72.00pt;\">\n<td class=\"et4\" style=\"height: 72.00pt; width: 92.45pt;\" width=\"154\" height=\"120\">CY-MSBG0804<\/td>\n<td class=\"et7\" style=\"width: 138.15pt;\" width=\"230\">Amerikanisches Topfset mit Glasdeckel<\/td>\n<\/tr>\n<\/tbody>\n<\/table>","protected":false},"featured_media":4102,"comment_status":"closed","ping_status":"closed","template":"","meta":{"_acf_changed":false},"product_brand":[],"product_cat":[53],"product_tag":[],"class_list":{"0":"post-4042","1":"product","2":"type-product","3":"status-publish","4":"has-post-thumbnail","6":"product_cat-wholesale-cookware-sets","8":"first","9":"instock","10":"shipping-taxable","11":"product-type-simple"},"acf":[],"_links":{"self":[{"href":"https:\/\/www.chancescook.com\/de\/wp-json\/wp\/v2\/product\/4042","targetHints":{"allow":["GET"]}}],"collection":[{"href":"https:\/\/www.chancescook.com\/de\/wp-json\/wp\/v2\/product"}],"about":[{"href":"https:\/\/www.chancescook.com\/de\/wp-json\/wp\/v2\/types\/product"}],"replies":[{"embeddable":true,"href":"https:\/\/www.chancescook.com\/de\/wp-json\/wp\/v2\/comments?post=4042"}],"wp:featuredmedia":[{"embeddable":true,"href":"https:\/\/www.chancescook.com\/de\/wp-json\/wp\/v2\/media\/4102"}],"wp:attachment":[{"href":"https:\/\/www.chancescook.com\/de\/wp-json\/wp\/v2\/media?parent=4042"}],"wp:term":[{"taxonomy":"product_brand","embeddable":true,"href":"https:\/\/www.chancescook.com\/de\/wp-json\/wp\/v2\/product_brand?post=4042"},{"taxonomy":"product_cat","embeddable":true,"href":"https:\/\/www.chancescook.com\/de\/wp-json\/wp\/v2\/product_cat?post=4042"},{"taxonomy":"product_tag","embeddable":true,"href":"https:\/\/www.chancescook.com\/de\/wp-json\/wp\/v2\/product_tag?post=4042"}],"curies":[{"name":"wp","href":"https:\/\/api.w.org\/{rel}","templated":true}]}}