{"id":4066,"date":"2024-09-28T16:49:53","date_gmt":"2024-09-28T16:49:53","guid":{"rendered":"https:\/\/www.chancescook.com\/?post_type=product&#038;p=4066"},"modified":"2024-09-28T16:49:55","modified_gmt":"2024-09-28T16:49:55","slug":"wholesale-camping-cookware-set","status":"publish","type":"product","link":"https:\/\/www.chancescook.com\/de\/produkt\/wholesale-camping-cookware-set\/","title":{"rendered":"Gro\u00dfhandel Camping Kochgeschirr Set 6 St\u00fcck Edelstahl 410 rechtwinklig Stil"},"content":{"rendered":"<div class=\"wp-block-columns is-layout-flex wp-container-core-columns-is-layout-9d6595d7 wp-block-columns-is-layout-flex\">\n<div class=\"wp-block-column is-layout-flow wp-block-column-is-layout-flow\">\n<h3 class=\"wp-block-heading\">Eigenschaften und Vorteile des Camping-Kochgeschirr-Sets<\/h3>\n\n\n\n<ul class=\"wp-block-list\">\n<li><strong>Premium-Edelstahlkonstruktion<\/strong>Diese Camping-Kochgeschirr-Sets sind aus rostfreiem Stahl gefertigt und sehr langlebig. Sie leiten W\u00e4rme und sind resistent gegen Rost. Auch gegen Korrosion sind sie resistent.<\/li>\n\n\n\n<li>V<strong>Verschiedene Gr\u00f6\u00dfen sind enthalten:<\/strong> Es gibt Kocht\u00f6pfe in verschiedenen Gr\u00f6\u00dfen, die f\u00fcr unterschiedliche Kochaufgaben verwendet werden k\u00f6nnen. Das Design eines jeden St\u00fccks zielt darauf ab, das Kochen effizienter zu machen, auch wenn die genauen Auswirkungen variieren k\u00f6nnen.<\/li>\n\n\n\n<li><strong>Bequeme Griffe<\/strong>: Die ergonomisch geformten Griffe dieser Kochgeschirr-Sets bieten einen bequemen und sicheren Halt, auch wenn der Topf voll mit Speisen ist.<\/li>\n\n\n\n<li><strong>Glasdeckel, der geh\u00e4rtet ist:<\/strong> Jede Pfanne hat einen Glasdeckel, der geh\u00e4rtet ist. Mit diesem Glasdeckel k\u00f6nnen Sie den Kochvorgang kontrollieren, ohne den Deckel anheben zu m\u00fcssen. <\/li>\n\n\n\n<li><strong>Leicht zu reinigen<\/strong>: Die Oberfl\u00e4che aus rostfreiem Stahl ist glatt und l\u00e4sst sich leicht sauber halten. Die Reinigung ist einfach, da das Set in der Sp\u00fclmaschine gereinigt werden kann.<\/li>\n\n\n\n<li><strong>Kosteng\u00fcnstig:<\/strong> Das 6-teilige Set kann mehrfach verwendet werden, und durch seine Kombination wird der Bedarf an zus\u00e4tzlichem K\u00fcchengeschirr reduziert, was es kosteneffizient und praktisch f\u00fcr gr\u00f6\u00dfere Gro\u00dfeink\u00e4ufe macht.<\/li>\n<\/ul>\n<\/div>\n\n\n\n<div class=\"wp-block-column is-layout-flow wp-block-column-is-layout-flow\">\n<h3 class=\"wp-block-heading\">Spezifikationen f\u00fcr Camping-Kochgeschirr-Set<\/h3>\n\n\n\n<ul class=\"wp-block-list\">\n<li>Hersteller: CHANCES<\/li>\n\n\n\n<li>Model No.:CY-ZJBG0604\/CY-ZJ0604A<\/li>\n\n\n\n<li>Material: SS410\/SS201<\/li>\n\n\n\n<li>St\u00fcckzahl:6 St\u00fcck<\/li>\n\n\n\n<li>Deckel: Edelstahl-Deckel<\/li>\n\n\n\n<li>Dicke:0,4mm\/0,5mm<\/li>\n\n\n\n<li>Unterseite:3,0 mm<\/li>\n\n\n\n<li>GESAMTGEWICHT:23,8 KGS<\/li>\n\n\n\n<li>N.W.:22.7 KGS<\/li>\n\n\n\n<li>OEM&amp;ODM: Kundenspezifisch, willkommen OEM&amp;ODM<\/li>\n\n\n\n<li>Verpackung: Farbkarton\/Kartonverpackung<\/li>\n\n\n\n<li>Muster: Kostenlos<\/li>\n<\/ul>\n<\/div>\n<\/div>\n\n\n\n<div class=\"wp-block-columns is-layout-flex wp-container-core-columns-is-layout-9d6595d7 wp-block-columns-is-layout-flex\">\n<div class=\"wp-block-column is-layout-flow wp-block-column-is-layout-flow\" style=\"flex-basis:25%\"><\/div>\n\n\n\n<div class=\"wp-block-column is-layout-flow wp-block-column-is-layout-flow\" style=\"flex-basis:50%\">\n<figure class=\"wp-block-image size-full\"><img decoding=\"async\" width=\"3734\" height=\"2986\" src=\"https:\/\/www.chancescook.com\/wp-content\/uploads\/2024\/09\/Wholesale-cookware-sets-box.webp\" alt=\"Gro\u00dfhandel-Kochgeschirr-Sets-Karton\" class=\"wp-image-4069\" srcset=\"https:\/\/www.chancescook.com\/wp-content\/uploads\/2024\/09\/Wholesale-cookware-sets-box.webp 3734w, https:\/\/www.chancescook.com\/wp-content\/uploads\/2024\/09\/Wholesale-cookware-sets-box-300x240.webp 300w, https:\/\/www.chancescook.com\/wp-content\/uploads\/2024\/09\/Wholesale-cookware-sets-box-768x614.webp 768w, https:\/\/www.chancescook.com\/wp-content\/uploads\/2024\/09\/Wholesale-cookware-sets-box-15x12.webp 15w, https:\/\/www.chancescook.com\/wp-content\/uploads\/2024\/09\/Wholesale-cookware-sets-box-285x228.webp 285w, https:\/\/www.chancescook.com\/wp-content\/uploads\/2024\/09\/Wholesale-cookware-sets-box-1600x1279.webp 1600w, https:\/\/www.chancescook.com\/wp-content\/uploads\/2024\/09\/Wholesale-cookware-sets-box-660x528.webp 660w, https:\/\/www.chancescook.com\/wp-content\/uploads\/2024\/09\/Wholesale-cookware-sets-box-150x120.webp 150w\" sizes=\"(max-width: 3734px) 100vw, 3734px\" \/><\/figure>\n<\/div>\n\n\n\n<div class=\"wp-block-column is-layout-flow wp-block-column-is-layout-flow\" style=\"flex-basis:25%\"><\/div>\n<\/div>\n\n\n\n<p><\/p>","protected":false},"excerpt":{"rendered":"<p>Dieses 6-teilige Camping-Kochgeschirrset ist auf Effizienz und Langlebigkeit ausgelegt und enth\u00e4lt T\u00f6pfe und Pfannen in verschiedenen Gr\u00f6\u00dfen, um eine Vielzahl von Kochanforderungen zu erf\u00fcllen. Jedes Kochgeschirr verf\u00fcgt \u00fcber rechtwinklige Griffe f\u00fcr einen einfachen und sicheren Halt, und die Glasdeckel machen es einfach, den Status Ihrer Speisen w\u00e4hrend des Kochens zu \u00fcberpr\u00fcfen und Versch\u00fcttungen zu vermeiden. Ob f\u00fcr das t\u00e4gliche Kochen oder den professionellen Einsatz in der K\u00fcche, dieses Set bietet hervorragende Leistung und Langlebigkeit und eignet sich daher perfekt f\u00fcr Gro\u00dfeink\u00e4ufe in der Gastronomie.<\/p>\n<h3>Camping-Kochgeschirr-Sets enthalten:<\/h3>\n<table width=\"798\">\n<tbody>\n<tr>\n<td width=\"154\">Modell Nr.<\/td>\n<td width=\"230\">Produkt-Varianten<\/td>\n<td width=\"413\">Konfiguration<\/td>\n<\/tr>\n<tr>\n<td width=\"154\">CY-ZJBG0604<\/td>\n<td width=\"230\">Kochgeschirr-Sets mit rechtwinkligem Glasdeckel<\/td>\n<td width=\"413\">22cm x12.8cm Kasserolle mit Deckel<br \/>24cm x 13,8cm Kasserolle mit Deckel<br \/>26cm x 14,8cm Kasserolle mit Deckel<\/td>\n<\/tr>\n<tr>\n<td width=\"154\">CY-ZJ0604A<\/td>\n<td width=\"230\">Kochgeschirr-Sets mit rechtwinkligem Glasdeckel<\/td>\n<td width=\"413\">16cm Kochtopf mit Deckel<br \/>22cm Kasserolle mit Deckel<br \/>24cm Bratpfanne mit Deckel<\/td>\n<\/tr>\n<\/tbody>\n<\/table>\n<p>&nbsp;<\/p>","protected":false},"featured_media":4147,"comment_status":"closed","ping_status":"closed","template":"","meta":{"_acf_changed":false},"product_brand":[],"product_cat":[53],"product_tag":[],"class_list":{"0":"post-4066","1":"product","2":"type-product","3":"status-publish","4":"has-post-thumbnail","6":"product_cat-wholesale-cookware-sets","8":"first","9":"instock","10":"shipping-taxable","11":"product-type-simple"},"acf":[],"_links":{"self":[{"href":"https:\/\/www.chancescook.com\/de\/wp-json\/wp\/v2\/product\/4066","targetHints":{"allow":["GET"]}}],"collection":[{"href":"https:\/\/www.chancescook.com\/de\/wp-json\/wp\/v2\/product"}],"about":[{"href":"https:\/\/www.chancescook.com\/de\/wp-json\/wp\/v2\/types\/product"}],"replies":[{"embeddable":true,"href":"https:\/\/www.chancescook.com\/de\/wp-json\/wp\/v2\/comments?post=4066"}],"wp:featuredmedia":[{"embeddable":true,"href":"https:\/\/www.chancescook.com\/de\/wp-json\/wp\/v2\/media\/4147"}],"wp:attachment":[{"href":"https:\/\/www.chancescook.com\/de\/wp-json\/wp\/v2\/media?parent=4066"}],"wp:term":[{"taxonomy":"product_brand","embeddable":true,"href":"https:\/\/www.chancescook.com\/de\/wp-json\/wp\/v2\/product_brand?post=4066"},{"taxonomy":"product_cat","embeddable":true,"href":"https:\/\/www.chancescook.com\/de\/wp-json\/wp\/v2\/product_cat?post=4066"},{"taxonomy":"product_tag","embeddable":true,"href":"https:\/\/www.chancescook.com\/de\/wp-json\/wp\/v2\/product_tag?post=4066"}],"curies":[{"name":"wp","href":"https:\/\/api.w.org\/{rel}","templated":true}]}}