{"id":4074,"date":"2024-09-21T07:52:06","date_gmt":"2024-09-21T07:52:06","guid":{"rendered":"https:\/\/www.chancescook.com\/?post_type=product&#038;p=4074"},"modified":"2024-09-23T08:39:19","modified_gmt":"2024-09-23T08:39:19","slug":"wholesale-frying-pan-set","status":"publish","type":"product","link":"https:\/\/www.chancescook.com\/de\/produkt\/wholesale-frying-pan-set\/","title":{"rendered":"Gro\u00dfhandel Bratpfanne Set 5 St\u00fcck Edelstahl mit Bakelit Griff oder Guss-Stahl-Griff"},"content":{"rendered":"<div class=\"wp-block-columns is-layout-flex wp-container-core-columns-is-layout-9d6595d7 wp-block-columns-is-layout-flex\">\n<div class=\"wp-block-column is-layout-flow wp-block-column-is-layout-flow\">\n<h3 class=\"wp-block-heading\">Eigenschaften und Vorteile des Bratpfannensets<\/h3>\n\n\n\n<ul class=\"wp-block-list\">\n<li><strong>Komplettset 5-teilig:<\/strong> Das Set enth\u00e4lt Pfannen in verschiedenen Gr\u00f6\u00dfen f\u00fcr unterschiedliche Kochzwecke.<\/li>\n\n\n\n<li><strong>Optionale Griffe:<\/strong> So kann man zwischen dem hitzebest\u00e4ndigen Bakelitgriff und den robusten Stahlgussgriffen w\u00e4hlen und je nach Einsatz und Nutzungsszenario entscheiden, was am besten passt.<\/li>\n\n\n\n<li><strong>Langlebig: <\/strong>Hochwertiger Edelstahl sorgt f\u00fcr Kratz- und Abriebfestigkeit und macht das Kochgeschirr ideal f\u00fcr den t\u00e4glichen Gebrauch.<\/li>\n\n\n\n<li><strong>Leicht zu reinigen: <\/strong>Eine glatte Oberfl\u00e4che erleichtert die Reinigung. Die Reinigung geht schneller und erfordert weniger Aufwand.<\/li>\n\n\n\n<li><strong>Anti-Haft-Beschichtung:<\/strong> Die hochwertige Antihaftbeschichtung vieler Pfannen erleichtert den Kochvorgang und die Reinigung der Pfannen.<\/li>\n\n\n\n<li><strong>Kompatibel mit mehreren Heizquellen:<\/strong> geeignet f\u00fcr Gas, Induktion, usw.; sehr flexibel und leicht mit verschiedenen K\u00fcchenumgebungen zurechtzukommen.<\/li>\n<\/ul>\n<\/div>\n\n\n\n<div class=\"wp-block-column is-layout-flow wp-block-column-is-layout-flow\">\n<h3 class=\"wp-block-heading\">Spezifikationen f\u00fcr Bratpfannen-Set<\/h3>\n\n\n\n<ul class=\"wp-block-list\">\n<li>Hersteller: CHANCES<\/li>\n\n\n\n<li>Model No.:CY-JGDMB0505\/CY-JGB0505<\/li>\n\n\n\n<li>Material: SS201<\/li>\n\n\n\n<li>St\u00fcckzahl:5 St\u00fcck<\/li>\n\n\n\n<li>Deckel: Edelstahl-Deckel<\/li>\n\n\n\n<li>Dicke:0,5 mm<\/li>\n\n\n\n<li>Unterseite:3,0 mm<\/li>\n\n\n\n<li>OEM&amp;ODM: Kundenspezifisch, willkommen OEM&amp;ODM<\/li>\n\n\n\n<li>Verpackung: Farbkarton\/Kartonverpackung<\/li>\n\n\n\n<li>Muster: Kostenlos<\/li>\n<\/ul>\n<\/div>\n<\/div>\n\n\n\n<p><\/p>","protected":false},"excerpt":{"rendered":"<p>Bei diesem 5-teiligen Bratpfannenset haben Sie die Wahl zwischen hitzebest\u00e4ndigen Bakelitgriffen und robusten Gussstahlgriffen. Egal, ob Gem\u00fcse angebraten, Fleisch gebraten oder Suppen gekocht werden sollen, dieses Pfannenset bietet eine hervorragende Kochleistung. Hochwertige Materialien sorgen f\u00fcr Langlebigkeit und gleichm\u00e4\u00dfiges Erhitzen - perfekt f\u00fcr private und gewerbliche K\u00fcchen.<\/p>\n<h3>Benutzerdefinierte Bratpfanne Set enthalten:<\/h3>\n<table width=\"798\">\n<tbody>\n<tr>\n<td width=\"154\">Modell Nr.<\/td>\n<td width=\"230\">Produkt-Varianten<\/td>\n<td width=\"413\">Konfiguration<\/td>\n<\/tr>\n<tr>\n<td width=\"154\">CY-JGDMB0505<\/td>\n<td width=\"230\">Bratpfannen-Set mit Bakelit-Griff<\/td>\n<td rowspan=\"2\" width=\"413\">16cm x 4,8cm Bratpfanne<br \/>18cm x 4,8cm Bratpfanne<br \/>20cm x 5,2cm Bratpfanne<br \/>22cm x 5,2cm Bratpfanne<br \/>24cm x 5,7cm Bratpfanne<\/td>\n<\/tr>\n<tr>\n<td width=\"154\">CY-JGB0505<\/td>\n<td width=\"230\">Bratpfannenset mit Gussstahlgriff<\/td>\n<\/tr>\n<\/tbody>\n<\/table>\n<p>&nbsp;<\/p>","protected":false},"featured_media":4120,"comment_status":"closed","ping_status":"closed","template":"","meta":{"_acf_changed":false},"product_brand":[],"product_cat":[53],"product_tag":[],"class_list":{"0":"post-4074","1":"product","2":"type-product","3":"status-publish","4":"has-post-thumbnail","6":"product_cat-wholesale-cookware-sets","8":"first","9":"instock","10":"shipping-taxable","11":"product-type-simple"},"acf":[],"_links":{"self":[{"href":"https:\/\/www.chancescook.com\/de\/wp-json\/wp\/v2\/product\/4074","targetHints":{"allow":["GET"]}}],"collection":[{"href":"https:\/\/www.chancescook.com\/de\/wp-json\/wp\/v2\/product"}],"about":[{"href":"https:\/\/www.chancescook.com\/de\/wp-json\/wp\/v2\/types\/product"}],"replies":[{"embeddable":true,"href":"https:\/\/www.chancescook.com\/de\/wp-json\/wp\/v2\/comments?post=4074"}],"wp:featuredmedia":[{"embeddable":true,"href":"https:\/\/www.chancescook.com\/de\/wp-json\/wp\/v2\/media\/4120"}],"wp:attachment":[{"href":"https:\/\/www.chancescook.com\/de\/wp-json\/wp\/v2\/media?parent=4074"}],"wp:term":[{"taxonomy":"product_brand","embeddable":true,"href":"https:\/\/www.chancescook.com\/de\/wp-json\/wp\/v2\/product_brand?post=4074"},{"taxonomy":"product_cat","embeddable":true,"href":"https:\/\/www.chancescook.com\/de\/wp-json\/wp\/v2\/product_cat?post=4074"},{"taxonomy":"product_tag","embeddable":true,"href":"https:\/\/www.chancescook.com\/de\/wp-json\/wp\/v2\/product_tag?post=4074"}],"curies":[{"name":"wp","href":"https:\/\/api.w.org\/{rel}","templated":true}]}}