{"id":4085,"date":"2024-09-25T09:50:56","date_gmt":"2024-09-25T09:50:56","guid":{"rendered":"https:\/\/www.chancescook.com\/?post_type=product&#038;p=4085"},"modified":"2024-09-25T09:50:57","modified_gmt":"2024-09-25T09:50:57","slug":"wholesale-milk-pan-set","status":"publish","type":"product","link":"https:\/\/www.chancescook.com\/de\/produkt\/wholesale-milk-pan-set\/","title":{"rendered":"Gro\u00dfhandel Milchpfanne Set Edelstahl Single Bottom mit langem Stiel"},"content":{"rendered":"<div class=\"wp-block-columns is-layout-flex wp-container-core-columns-is-layout-9d6595d7 wp-block-columns-is-layout-flex\">\n<div class=\"wp-block-column is-layout-flow wp-block-column-is-layout-flow\">\n<h3 class=\"wp-block-heading\">Eigenschaften und Vorteile von Best Milk Pan<\/h3>\n\n\n\n<ul class=\"wp-block-list\">\n<li><strong>Hochwertiger Edelstahl Material: <\/strong>Korrosions- und abriebfest, um eine lange Lebensdauer zu gew\u00e4hrleisten.<\/li>\n\n\n\n<li><strong>Einbodige Ausf\u00fchrung\uff1a<\/strong> F\u00fcr eine gleichm\u00e4\u00dfige W\u00e4rmeverteilung; er ist f\u00fcr verschiedene Kochanforderungen geeignet.<\/li>\n\n\n\n<li><strong>Langer Handgriff:<\/strong> Der ergonomische Griff ist so gestaltet, dass er bei der Arbeit leicht und bequem zu greifen ist.<\/li>\n\n\n\n<li><strong>Leicht zu reinigen:<\/strong> Dank der glatten Oberfl\u00e4che l\u00e4sst sich der Milchtopf leicht reinigen. F\u00fcr die Reinigung in der Sp\u00fclmaschine geeignet.<\/li>\n\n\n\n<li><strong>Vielseitigkeit:<\/strong> Dieses Milchpfannenset ist vielseitig einsetzbar, z. B. zum Erhitzen von Milch, zum Zubereiten von So\u00dfen und zum Zubereiten kleiner Gerichte, um den vielf\u00e4ltigen Bed\u00fcrfnissen der Familie gerecht zu werden.<\/li>\n\n\n\n<li><strong>Hohe Sicherheit:<\/strong> keine Beschichtung, setzt keine Schadstoffe frei. Gesund und sicher.<\/li>\n\n\n\n<li><strong>Platz sparen:<\/strong> Leicht zu stapeln, leicht zu lagern, geeignet f\u00fcr kleine K\u00fcchen.<\/li>\n<\/ul>\n<\/div>\n\n\n\n<div class=\"wp-block-column is-layout-flow wp-block-column-is-layout-flow\">\n<h3 class=\"wp-block-heading\">Spezifikationen von Best Milk Pan<\/h3>\n\n\n\n<ul class=\"wp-block-list\">\n<li>Hersteller: CHANCES<\/li>\n\n\n\n<li>Modell-Nr.:CY-NGT03\/CY-NGT0503<\/li>\n\n\n\n<li>Material: SS410<\/li>\n\n\n\n<li>Dicke:0,3mm<\/li>\n\n\n\n<li>OEM&amp;ODM: Kundenspezifisch, willkommen OEM&amp;ODM<\/li>\n\n\n\n<li>MOQ:1 x 40'HQ<\/li>\n\n\n\n<li>Verpackung: Farbkarton\/Kartonverpackung<\/li>\n\n\n\n<li>Muster: Kostenlos<\/li>\n<\/ul>\n<\/div>\n<\/div>\n\n\n\n<p><\/p>","protected":false},"excerpt":{"rendered":"<p>Das Milchpfannenset f\u00fcr den Gro\u00dfhandel besteht aus hochwertigem Edelstahl mit einem einzigen Boden und einem ergonomischen Griff, der f\u00fcr Langlebigkeit und Benutzerfreundlichkeit ausgelegt ist. Dieses vielseitige 3-teilige Pfannenset eignet sich perfekt zum Erhitzen von Milch, zum Zubereiten von So\u00dfen oder zum Kochen kleinerer Mahlzeiten und gew\u00e4hrleistet eine gleichm\u00e4\u00dfige W\u00e4rmeverteilung und eine einfache Reinigung f\u00fcr die t\u00e4glichen kulinarischen Aufgaben.<\/p>\n<h3>Beste Milchpfanne beinhaltet\uff1a<\/h3>\n<table style=\"border-collapse: collapse; width: 411.40pt;\" border=\"0\" width=\"1097\" cellspacing=\"0\" cellpadding=\"0\">\n<tbody>\n<tr style=\"height: 16.10pt;\">\n<td class=\"et3\" style=\"height: 16.10pt; width: 79.90pt;\" width=\"213\" height=\"42\">Modell Nr.<\/td>\n<td class=\"et3\" style=\"width: 150.05pt;\" width=\"400\">St\u00fcckzahl<\/td>\n<td class=\"et3\" style=\"width: 181.65pt;\" width=\"484\">Gewicht<\/td>\n<\/tr>\n<tr style=\"height: 96.75pt;\">\n<td class=\"et4\" style=\"height: 96.75pt;\" height=\"258\">CY-NGT03<\/td>\n<td class=\"et5\" style=\"width: 150.05pt;\" width=\"400\">3 St\u00fcck Edelstahl-Milchpfanne<\/td>\n<td class=\"et5\" style=\"width: 181.65pt;\" width=\"484\">9,3cm x 8,7cm<br \/>11cm x 8,9cm<br \/>13,1cm x 9,1cm<\/td>\n<\/tr>\n<tr style=\"height: 96.75pt;\">\n<td class=\"et4\" style=\"height: 96.75pt;\" height=\"258\">CY-NGT0503<\/td>\n<td class=\"et5\" style=\"width: 150.05pt;\" width=\"400\">5 St\u00fcck Edelstahl-Milchpfanne<\/td>\n<td class=\"et5\" style=\"width: 181.65pt;\" width=\"484\">9,3cm x 8,7cm <br \/>11cm x 8,9cm <br \/>13,1 x 9,1 cm <br \/>15cm x 8,9cm <br \/>16,8cm x 8,7cm<\/td>\n<\/tr>\n<\/tbody>\n<\/table>","protected":false},"featured_media":4143,"comment_status":"closed","ping_status":"closed","template":"","meta":{"_acf_changed":false},"product_brand":[],"product_cat":[53],"product_tag":[],"class_list":{"0":"post-4085","1":"product","2":"type-product","3":"status-publish","4":"has-post-thumbnail","6":"product_cat-wholesale-cookware-sets","8":"first","9":"instock","10":"shipping-taxable","11":"product-type-simple"},"acf":[],"_links":{"self":[{"href":"https:\/\/www.chancescook.com\/de\/wp-json\/wp\/v2\/product\/4085","targetHints":{"allow":["GET"]}}],"collection":[{"href":"https:\/\/www.chancescook.com\/de\/wp-json\/wp\/v2\/product"}],"about":[{"href":"https:\/\/www.chancescook.com\/de\/wp-json\/wp\/v2\/types\/product"}],"replies":[{"embeddable":true,"href":"https:\/\/www.chancescook.com\/de\/wp-json\/wp\/v2\/comments?post=4085"}],"wp:featuredmedia":[{"embeddable":true,"href":"https:\/\/www.chancescook.com\/de\/wp-json\/wp\/v2\/media\/4143"}],"wp:attachment":[{"href":"https:\/\/www.chancescook.com\/de\/wp-json\/wp\/v2\/media?parent=4085"}],"wp:term":[{"taxonomy":"product_brand","embeddable":true,"href":"https:\/\/www.chancescook.com\/de\/wp-json\/wp\/v2\/product_brand?post=4085"},{"taxonomy":"product_cat","embeddable":true,"href":"https:\/\/www.chancescook.com\/de\/wp-json\/wp\/v2\/product_cat?post=4085"},{"taxonomy":"product_tag","embeddable":true,"href":"https:\/\/www.chancescook.com\/de\/wp-json\/wp\/v2\/product_tag?post=4085"}],"curies":[{"name":"wp","href":"https:\/\/api.w.org\/{rel}","templated":true}]}}