{"id":4188,"date":"2024-09-25T03:10:03","date_gmt":"2024-09-25T03:10:03","guid":{"rendered":"https:\/\/www.chancescook.com\/?post_type=product&#038;p=4188"},"modified":"2025-12-22T09:08:48","modified_gmt":"2025-12-22T09:08:48","slug":"wholesale-preserving-pan-jam-pan","status":"publish","type":"product","link":"https:\/\/www.chancescook.com\/de\/produkt\/wholesale-preserving-pan-jam-pan\/","title":{"rendered":"Gro\u00dfhandel Einmachpfanne, Marmeladenpfanne Edelstahl gro\u00dfe Kapazit\u00e4t integrierter Griff und Ausgie\u00dfer"},"content":{"rendered":"<div class=\"wp-block-columns is-layout-flex wp-container-core-columns-is-layout-9d6595d7 wp-block-columns-is-layout-flex\">\n<div class=\"wp-block-column is-layout-flow wp-block-column-is-layout-flow\">\n<h3 class=\"wp-block-heading\">Eigenschaften und Vorteile der Konservierungspfanne<\/h3>\n\n\n\n<ul class=\"wp-block-list\">\n<li><strong>Gro\u00dfe Kapazit\u00e4t<\/strong>: Die Chancescook-Konservenpfanne wurde f\u00fcr die Herstellung von Marmelade und Konserven entwickelt und eignet sich perfekt f\u00fcr den gewerblichen oder privaten Gebrauch.<\/li>\n\n\n\n<li><strong>Dauerhaft<\/strong>: Diese Konservenpfanne ist aus hochwertigem und langlebigem Edelstahl gefertigt, geb\u00fcrstet, sp\u00fclmaschinenfest und einfach in der Handhabung.<\/li>\n\n\n\n<li><strong>Integrierter Tragegriff<\/strong>: Ein stabiler, flexibler Tragegriff sch\u00fctzt die Edelstahl-Konservenpfanne und sorgt f\u00fcr zus\u00e4tzliche Sicherheit und einfaches Anheben und Hantieren beim Kochen.<\/li>\n\n\n\n<li><strong>Einfaches Ausgie\u00dfen<\/strong>: Das Innere dieses Topfes ist mit Litern und Pints gekennzeichnet, was das Abmessen der Zutaten erleichtert.<\/li>\n\n\n\n<li><strong>Vielseitiger Einsatz<\/strong>: Die Marmeladenpfanne aus Edelstahl ist auch f\u00fcr verschiedene Herdarten geeignet, darunter Gas, Elektro und Induktion.<\/li>\n\n\n\n<li><strong>Gleichm\u00e4\u00dfige W\u00e4rmeabgabe<\/strong>: Eine dicke Bodenplatte sorgt f\u00fcr eine gleichm\u00e4\u00dfige Erw\u00e4rmung, verhindert Verbrennungen und gew\u00e4hrleistet Stabilit\u00e4t.<\/li>\n<\/ul>\n<\/div>\n\n\n\n<div class=\"wp-block-column is-layout-flow wp-block-column-is-layout-flow\">\n<figure class=\"wp-block-image size-full\"><img decoding=\"async\" width=\"400\" height=\"426\" src=\"https:\/\/www.chancescook.com\/wp-content\/uploads\/2024\/09\/Wholesale-Preserving-Pan-Jam-Pan-Stainless-Steel-1.webp\" alt=\"Gro\u00dfhandel Einmachpfanne, Marmeladenpfanne aus Edelstahl (1)\" class=\"wp-image-4192\" srcset=\"https:\/\/www.chancescook.com\/wp-content\/uploads\/2024\/09\/Wholesale-Preserving-Pan-Jam-Pan-Stainless-Steel-1.webp 400w, https:\/\/www.chancescook.com\/wp-content\/uploads\/2024\/09\/Wholesale-Preserving-Pan-Jam-Pan-Stainless-Steel-1-282x300.webp 282w, https:\/\/www.chancescook.com\/wp-content\/uploads\/2024\/09\/Wholesale-Preserving-Pan-Jam-Pan-Stainless-Steel-1-11x12.webp 11w, https:\/\/www.chancescook.com\/wp-content\/uploads\/2024\/09\/Wholesale-Preserving-Pan-Jam-Pan-Stainless-Steel-1-285x304.webp 285w, https:\/\/www.chancescook.com\/wp-content\/uploads\/2024\/09\/Wholesale-Preserving-Pan-Jam-Pan-Stainless-Steel-1-141x150.webp 141w\" sizes=\"(max-width: 400px) 100vw, 400px\" \/><\/figure>\n<\/div>\n<\/div>\n\n\n\n<p><\/p>","protected":false},"excerpt":{"rendered":"<p>Sind Sie auf der Suche nach zuverl\u00e4ssigen Edelstahl-Konservenpfannen f\u00fcr Ihr Unternehmen? Die Konservenpfanne aus hochwertigem, lebensmittelechtem Edelstahl mit einer geb\u00fcrsteten, satinierten Oberfl\u00e4che auf der Au\u00dfenseite und einer spiegelpolierten Oberfl\u00e4che auf der Innenseite sorgt f\u00fcr eine gleichm\u00e4\u00dfige W\u00e4rmeverteilung und eignet sich f\u00fcr gewerbliche K\u00fcchen und den Hausgebrauch. Wir freuen uns auf Ihre Anfrage!<\/p>\n<h3 class=\"wp-block-heading\">Spezifikation der Einmachpfanne, Marmeladenpfanne<\/h3>\n<ul>\n<li>Hersteller: CHANCES<\/li>\n<li>Modell-Nr.:CY-NNT06<\/li>\n<li>Material: SS304<\/li>\n<li>Dicke:0,6mm<\/li>\n<li>Gewicht:1670g<\/li>\n<li>Durchmesser\uff1a30cm<\/li>\n<li>OEM&amp;ODM: Kundenspezifisch, willkommen OEM&amp;ODM<\/li>\n<li>MOQ:1 x 40'HQ<\/li>\n<li>Verpackung: Farbkarton\/Kartonverpackung<\/li>\n<li>Muster: Kostenlos<\/li>\n<\/ul>\n<p>Chancescook ist bestrebt, effiziente und professionelle kundenspezifische Dienstleistungen zu erbringen, die durch unsere exklusive Formenentwicklung, starke Produktionskapazit\u00e4ten und strenge Qualit\u00e4tskontrollen unterst\u00fctzt werden, um sicherzustellen, dass jede Charge von Edelstahl-Konservenpfannen Ihren Anforderungen entspricht.<\/p>","protected":false},"featured_media":5797,"comment_status":"closed","ping_status":"closed","template":"","meta":{"_acf_changed":false},"product_brand":[],"product_cat":[56],"product_tag":[],"class_list":{"0":"post-4188","1":"product","2":"type-product","3":"status-publish","4":"has-post-thumbnail","6":"product_cat-wholesale-kitchen-utensils","8":"first","9":"instock","10":"shipping-taxable","11":"product-type-simple"},"acf":[],"_links":{"self":[{"href":"https:\/\/www.chancescook.com\/de\/wp-json\/wp\/v2\/product\/4188","targetHints":{"allow":["GET"]}}],"collection":[{"href":"https:\/\/www.chancescook.com\/de\/wp-json\/wp\/v2\/product"}],"about":[{"href":"https:\/\/www.chancescook.com\/de\/wp-json\/wp\/v2\/types\/product"}],"replies":[{"embeddable":true,"href":"https:\/\/www.chancescook.com\/de\/wp-json\/wp\/v2\/comments?post=4188"}],"wp:featuredmedia":[{"embeddable":true,"href":"https:\/\/www.chancescook.com\/de\/wp-json\/wp\/v2\/media\/5797"}],"wp:attachment":[{"href":"https:\/\/www.chancescook.com\/de\/wp-json\/wp\/v2\/media?parent=4188"}],"wp:term":[{"taxonomy":"product_brand","embeddable":true,"href":"https:\/\/www.chancescook.com\/de\/wp-json\/wp\/v2\/product_brand?post=4188"},{"taxonomy":"product_cat","embeddable":true,"href":"https:\/\/www.chancescook.com\/de\/wp-json\/wp\/v2\/product_cat?post=4188"},{"taxonomy":"product_tag","embeddable":true,"href":"https:\/\/www.chancescook.com\/de\/wp-json\/wp\/v2\/product_tag?post=4188"}],"curies":[{"name":"wp","href":"https:\/\/api.w.org\/{rel}","templated":true}]}}