{"id":4234,"date":"2024-10-14T03:31:50","date_gmt":"2024-10-14T03:31:50","guid":{"rendered":"https:\/\/www.chancescook.com\/?post_type=product&#038;p=4234"},"modified":"2025-12-21T13:10:03","modified_gmt":"2025-12-21T13:10:03","slug":"stainless-steel-frying-pan-with-lid","status":"publish","type":"product","link":"https:\/\/www.chancescook.com\/de\/produkt\/stainless-steel-frying-pan-with-lid\/","title":{"rendered":"Benutzerdefinierte Sauteuse aus Edelstahl, Bratpfanne Hersteller"},"content":{"rendered":"<div class=\"wp-block-columns is-layout-flex wp-container-core-columns-is-layout-9d6595d7 wp-block-columns-is-layout-flex\">\n<div class=\"wp-block-column is-layout-flow wp-block-column-is-layout-flow\">\n<h3 class=\"wp-block-heading\">Vorteile der Sauteuse aus Edelstahl mit Deckel<\/h3>\n\n\n\n<ul class=\"wp-block-list\">\n<li><strong>Perfekte W\u00e4rmeverteilung<\/strong>: Die dreischichtige Konstruktion aus rostfreiem Stahl mit einem Aluminiumkern sorgt f\u00fcr eine perfekte W\u00e4rmeverteilung. Das Essen wird gut gekocht und lecker.<\/li>\n\n\n\n<li><strong>Honig-Knochen Antihaft-Beschichtung<\/strong>: Die Sauteuse aus Edelstahl mit Deckel ist mit einer innovativen Waben-Antihaftbeschichtung versehen, die nicht so leicht abbl\u00e4ttert und so hervorragende Antihaft-Ergebnisse erzielt. Dadurch wird der Bedarf an \u00d6l und Fett f\u00fcr gesundes Kochen stark reduziert.<\/li>\n\n\n\n<li><strong>Transparenter Glasdeckel<\/strong>: Die hochfeste, transparente Glasabdeckung erm\u00f6glicht es, den Kochvorgang in Echtzeit zu beobachten, ohne den Deckel h\u00e4ufig \u00f6ffnen zu m\u00fcssen. So werden Hitze und Feuchtigkeit effektiv aufrechterhalten und Geschmacksverluste verhindert.<\/li>\n\n\n\n<li><strong>Keep-Cool-Helfergriff<\/strong>: Der ergonomisch geformte Edelstahl-Griff mit W\u00e4rmeisolierungstechnologie gew\u00e4hrleistet Sicherheit und Komfort beim Kochen.<\/li>\n\n\n\n<li><strong>Robust und langlebig<\/strong>: Hochwertiger Edelstahl in der Herstellung, robust, kratzfest und korrosionsbest\u00e4ndig, so dass eine \u00fcberlegene Leistung f\u00fcr einen langen Zeitraum und geeignet f\u00fcr jede Art von Kochumgebung zu gew\u00e4hrleisten.<\/li>\n\n\n\n<li><strong>Leicht zu reinigen<\/strong>: Die Antihaftbeschichtung sorgt daf\u00fcr, dass das Essen nicht so leicht anhaftet und die Reinigung nach dem Gebrauch sehr einfach ist. Selbst hartn\u00e4ckige Flecken lassen sich leicht entfernen.<\/li>\n\n\n\n<li><strong>Multifunktionales Kochen<\/strong>: Die Sauteuse aus Edelstahl mit Deckel passt auf jeden Herd, auch auf Induktionsherde; sie eignet sich zum Braten, Anbraten, Schmoren und f\u00fcr verschiedene Zubereitungsarten, um den Bed\u00fcrfnissen der verschiedenen Gerichte gerecht zu werden.<\/li>\n<\/ul>\n<\/div>\n\n\n\n<div class=\"wp-block-column is-layout-flow wp-block-column-is-layout-flow\">\n<figure class=\"wp-block-image size-full\"><img decoding=\"async\" width=\"1200\" height=\"1200\" src=\"https:\/\/www.chancescook.com\/wp-content\/uploads\/2024\/10\/Stainless-Steel-Frying-Pan-with-Lid-Wholesaler-9.webp\" alt=\"Edelstahl Bratpfanne mit Deckel Gro\u00dfh\u00e4ndler\" class=\"wp-image-4243\" srcset=\"https:\/\/www.chancescook.com\/wp-content\/uploads\/2024\/10\/Stainless-Steel-Frying-Pan-with-Lid-Wholesaler-9.webp 1200w, https:\/\/www.chancescook.com\/wp-content\/uploads\/2024\/10\/Stainless-Steel-Frying-Pan-with-Lid-Wholesaler-9-300x300.webp 300w, https:\/\/www.chancescook.com\/wp-content\/uploads\/2024\/10\/Stainless-Steel-Frying-Pan-with-Lid-Wholesaler-9-150x150.webp 150w, https:\/\/www.chancescook.com\/wp-content\/uploads\/2024\/10\/Stainless-Steel-Frying-Pan-with-Lid-Wholesaler-9-768x768.webp 768w, https:\/\/www.chancescook.com\/wp-content\/uploads\/2024\/10\/Stainless-Steel-Frying-Pan-with-Lid-Wholesaler-9-12x12.webp 12w, https:\/\/www.chancescook.com\/wp-content\/uploads\/2024\/10\/Stainless-Steel-Frying-Pan-with-Lid-Wholesaler-9-285x285.webp 285w, https:\/\/www.chancescook.com\/wp-content\/uploads\/2024\/10\/Stainless-Steel-Frying-Pan-with-Lid-Wholesaler-9-270x270.webp 270w, https:\/\/www.chancescook.com\/wp-content\/uploads\/2024\/10\/Stainless-Steel-Frying-Pan-with-Lid-Wholesaler-9-540x540.webp 540w, https:\/\/www.chancescook.com\/wp-content\/uploads\/2024\/10\/Stainless-Steel-Frying-Pan-with-Lid-Wholesaler-9-660x660.webp 660w\" sizes=\"(max-width: 1200px) 100vw, 1200px\" \/><\/figure>\n<\/div>\n<\/div>\n\n\n\n<div class=\"wp-block-columns is-layout-flex wp-container-core-columns-is-layout-9d6595d7 wp-block-columns-is-layout-flex\">\n<div class=\"wp-block-column is-layout-flow wp-block-column-is-layout-flow\">\n<figure class=\"wp-block-image size-full\"><img decoding=\"async\" width=\"1200\" height=\"1200\" src=\"https:\/\/www.chancescook.com\/wp-content\/uploads\/2024\/10\/Stainless-Steel-Frying-Pan-with-Lid-Wholesaler-10.webp\" alt=\"Edelstahl Bratpfanne mit Deckel Gro\u00dfh\u00e4ndler\" class=\"wp-image-4244\" srcset=\"https:\/\/www.chancescook.com\/wp-content\/uploads\/2024\/10\/Stainless-Steel-Frying-Pan-with-Lid-Wholesaler-10.webp 1200w, https:\/\/www.chancescook.com\/wp-content\/uploads\/2024\/10\/Stainless-Steel-Frying-Pan-with-Lid-Wholesaler-10-300x300.webp 300w, https:\/\/www.chancescook.com\/wp-content\/uploads\/2024\/10\/Stainless-Steel-Frying-Pan-with-Lid-Wholesaler-10-150x150.webp 150w, https:\/\/www.chancescook.com\/wp-content\/uploads\/2024\/10\/Stainless-Steel-Frying-Pan-with-Lid-Wholesaler-10-768x768.webp 768w, https:\/\/www.chancescook.com\/wp-content\/uploads\/2024\/10\/Stainless-Steel-Frying-Pan-with-Lid-Wholesaler-10-12x12.webp 12w, https:\/\/www.chancescook.com\/wp-content\/uploads\/2024\/10\/Stainless-Steel-Frying-Pan-with-Lid-Wholesaler-10-285x285.webp 285w, https:\/\/www.chancescook.com\/wp-content\/uploads\/2024\/10\/Stainless-Steel-Frying-Pan-with-Lid-Wholesaler-10-270x270.webp 270w, https:\/\/www.chancescook.com\/wp-content\/uploads\/2024\/10\/Stainless-Steel-Frying-Pan-with-Lid-Wholesaler-10-540x540.webp 540w, https:\/\/www.chancescook.com\/wp-content\/uploads\/2024\/10\/Stainless-Steel-Frying-Pan-with-Lid-Wholesaler-10-660x660.webp 660w\" sizes=\"(max-width: 1200px) 100vw, 1200px\" \/><\/figure>\n<\/div>\n\n\n\n<div class=\"wp-block-column is-layout-flow wp-block-column-is-layout-flow\">\n<figure class=\"wp-block-image size-full\"><img decoding=\"async\" src=\"https:\/\/www.chancescook.com\/wp-content\/uploads\/2024\/10\/Stainless-Steel-Frying-Pan-with-Lid-Wholesaler-8.webp\" alt=\"Edelstahl Bratpfanne mit Deckel Gro\u00dfh\u00e4ndler\" class=\"wp-image-4242\"\/><\/figure>\n<\/div>\n\n\n\n<div class=\"wp-block-column is-layout-flow wp-block-column-is-layout-flow\">\n<figure class=\"wp-block-image size-full\"><img decoding=\"async\" width=\"720\" height=\"720\" src=\"https:\/\/www.chancescook.com\/wp-content\/uploads\/2024\/10\/Stainless-Steel-Frying-Pan-with-Lid-Wholesaler-11.webp\" alt=\"Edelstahl Bratpfanne mit Deckel Gro\u00dfh\u00e4ndler\" class=\"wp-image-4245\" srcset=\"https:\/\/www.chancescook.com\/wp-content\/uploads\/2024\/10\/Stainless-Steel-Frying-Pan-with-Lid-Wholesaler-11.webp 720w, https:\/\/www.chancescook.com\/wp-content\/uploads\/2024\/10\/Stainless-Steel-Frying-Pan-with-Lid-Wholesaler-11-300x300.webp 300w, https:\/\/www.chancescook.com\/wp-content\/uploads\/2024\/10\/Stainless-Steel-Frying-Pan-with-Lid-Wholesaler-11-150x150.webp 150w, https:\/\/www.chancescook.com\/wp-content\/uploads\/2024\/10\/Stainless-Steel-Frying-Pan-with-Lid-Wholesaler-11-12x12.webp 12w, https:\/\/www.chancescook.com\/wp-content\/uploads\/2024\/10\/Stainless-Steel-Frying-Pan-with-Lid-Wholesaler-11-285x285.webp 285w, https:\/\/www.chancescook.com\/wp-content\/uploads\/2024\/10\/Stainless-Steel-Frying-Pan-with-Lid-Wholesaler-11-270x270.webp 270w, https:\/\/www.chancescook.com\/wp-content\/uploads\/2024\/10\/Stainless-Steel-Frying-Pan-with-Lid-Wholesaler-11-540x540.webp 540w, https:\/\/www.chancescook.com\/wp-content\/uploads\/2024\/10\/Stainless-Steel-Frying-Pan-with-Lid-Wholesaler-11-660x660.webp 660w\" sizes=\"(max-width: 720px) 100vw, 720px\" \/><\/figure>\n<\/div>\n<\/div>","protected":false},"excerpt":{"rendered":"<p>Diese dreifach beschichtete Antihaft-Edelstahlpfanne mit Deckel kombiniert eine Wabenbeschichtung mit einem Klarglasdeckel, um eine hervorragende W\u00e4rmeverteilung und Haltbarkeit f\u00fcr vielseitige professionelle und private Kochanforderungen zu gew\u00e4hrleisten. Fragen Sie uns nach einem Angebot!<\/p>\n<h3 class=\"wp-block-heading\">Spezifikationen f\u00fcr Sauteuse aus Edelstahl<\/h3>\n<table border=\"0\" width=\"1088\" cellspacing=\"0\" cellpadding=\"0\">\n<tbody>\n<tr>\n<td width=\"400\" height=\"44\">Hersteller<\/td>\n<td width=\"688\">CHANCEN<\/td>\n<\/tr>\n<tr>\n<td height=\"44\">Dicke<\/td>\n<td>2,3 mm<\/td>\n<\/tr>\n<tr>\n<td height=\"44\">Durchmesser<\/td>\n<td>9,5-Zoll, 12,4-Zoll<\/td>\n<\/tr>\n<tr>\n<td height=\"44\">Kapazit\u00e4t<\/td>\n<td>3QT,6QT<\/td>\n<\/tr>\n<tr>\n<td height=\"44\">Gewicht<\/td>\n<td>3.2KG<\/td>\n<\/tr>\n<tr>\n<td height=\"44\">Abdeckung<\/td>\n<td>Glasabdeckung<\/td>\n<\/tr>\n<tr>\n<td height=\"44\">Material<\/td>\n<td>3-Lagen-Edelstahl<\/td>\n<\/tr>\n<tr>\n<td height=\"44\">OEM&amp;ODM<\/td>\n<td>Kundenspezifisch, Willkommen OEM&amp;ODM<\/td>\n<\/tr>\n<tr>\n<td height=\"43\">Verpackung:<\/td>\n<td>Farbe Box\/Karton Box<\/td>\n<\/tr>\n<tr>\n<td height=\"42\">MOQ<\/td>\n<td>1000 STCK.<\/td>\n<\/tr>\n<tr>\n<td height=\"43\">Muster<\/td>\n<td>Frei.<\/td>\n<\/tr>\n<\/tbody>\n<\/table>","protected":false},"featured_media":5762,"comment_status":"closed","ping_status":"closed","template":"","meta":{"_acf_changed":false},"product_brand":[],"product_cat":[52,73],"product_tag":[],"class_list":{"0":"post-4234","1":"product","2":"type-product","3":"status-publish","4":"has-post-thumbnail","6":"product_cat-cookware-wholesale","7":"product_cat-saute-pan-supplier","9":"first","10":"instock","11":"shipping-taxable","12":"product-type-simple"},"acf":[],"_links":{"self":[{"href":"https:\/\/www.chancescook.com\/de\/wp-json\/wp\/v2\/product\/4234","targetHints":{"allow":["GET"]}}],"collection":[{"href":"https:\/\/www.chancescook.com\/de\/wp-json\/wp\/v2\/product"}],"about":[{"href":"https:\/\/www.chancescook.com\/de\/wp-json\/wp\/v2\/types\/product"}],"replies":[{"embeddable":true,"href":"https:\/\/www.chancescook.com\/de\/wp-json\/wp\/v2\/comments?post=4234"}],"wp:featuredmedia":[{"embeddable":true,"href":"https:\/\/www.chancescook.com\/de\/wp-json\/wp\/v2\/media\/5762"}],"wp:attachment":[{"href":"https:\/\/www.chancescook.com\/de\/wp-json\/wp\/v2\/media?parent=4234"}],"wp:term":[{"taxonomy":"product_brand","embeddable":true,"href":"https:\/\/www.chancescook.com\/de\/wp-json\/wp\/v2\/product_brand?post=4234"},{"taxonomy":"product_cat","embeddable":true,"href":"https:\/\/www.chancescook.com\/de\/wp-json\/wp\/v2\/product_cat?post=4234"},{"taxonomy":"product_tag","embeddable":true,"href":"https:\/\/www.chancescook.com\/de\/wp-json\/wp\/v2\/product_tag?post=4234"}],"curies":[{"name":"wp","href":"https:\/\/api.w.org\/{rel}","templated":true}]}}