{"id":4246,"date":"2024-10-14T06:56:35","date_gmt":"2024-10-14T06:56:35","guid":{"rendered":"https:\/\/www.chancescook.com\/?post_type=product&#038;p=4246"},"modified":"2025-12-21T13:04:48","modified_gmt":"2025-12-21T13:04:48","slug":"wholesale-non-stick-frying-pan-set","status":"publish","type":"product","link":"https:\/\/www.chancescook.com\/de\/produkt\/wholesale-non-stick-frying-pan-set\/","title":{"rendered":"Gro\u00dfhandel Antihaft-Bratpfanne Set Honigkamm dreilagig Edelstahl Bratpfanne mehrere Gr\u00f6\u00dfen"},"content":{"rendered":"<div class=\"wp-block-columns is-layout-flex wp-container-core-columns-is-layout-9d6595d7 wp-block-columns-is-layout-flex\">\n<div class=\"wp-block-column is-layout-flow wp-block-column-is-layout-flow\">\n<h3 class=\"wp-block-heading\">Vorteile des Antihaft-Bratpfannensets<\/h3>\n\n\n\n<ul class=\"wp-block-list\">\n<li><strong>Multi-Size-Auswahl<\/strong>: Dieses antihaftbeschichtete Bratpfannenset enth\u00e4lt die Gr\u00f6\u00dfen 12 Zoll, 10 Zoll, 8 Zoll und 7 Zoll f\u00fcr unterschiedliche Zutaten und Kochbed\u00fcrfnisse, vom t\u00e4glichen Familienleben bis hin zu einer gro\u00dfen Dinnerparty.<\/li>\n\n\n\n<li><strong>Dreilagiges Design<\/strong>Die Tri-Ply-Technologie kombiniert Edelstahl- und Aluminiumkerne, um eine erstklassige W\u00e4rme\u00fcbertragung und gleichm\u00e4\u00dfige Verteilung zu gew\u00e4hrleisten, wodurch Hotspots reduziert und die Kocheffizienz optimiert wird.<\/li>\n\n\n\n<li><strong>Wabenf\u00f6rmige Antihaft-Beschichtung<\/strong>Diese neu entwickelte wabenf\u00f6rmige Antihaftbeschichtung verhindert Kratzer und Abbl\u00e4ttern. Die Antihaftwirkung wird verbessert, um Fett beim Kochen zu reduzieren, was zu einem ges\u00fcnderen Kochen f\u00fchrt. Auch die Reinigung ist einfach.<\/li>\n\n\n\n<li><strong>Robust und langlebig<\/strong>Das antihaftbeschichtete Bratpfannenset besteht aus hochwertigem Edelstahl und ist daher langlebig und korrosionsbest\u00e4ndig. Seine Leistung wird sich auch nach langem Gebrauch nicht ver\u00e4ndern; es ist f\u00fcr eine hochfrequentierte K\u00fcche geeignet.<\/li>\n\n\n\n<li><strong>Multifunktionales Kochen<\/strong>F\u00fcr verschiedene W\u00e4rmequellen: Induktionsherd, Gasherd, elektrischer Keramikherd; es kann braten, r\u00fchren, schmoren, kochen, usw., f\u00fcr abwechslungsreiches Kochen.<\/li>\n\n\n\n<li><strong>Ergonomisches Design<\/strong>: mit dem ergonomischen Design eines w\u00e4rmeisolierten Edelstahlgriffs, der f\u00fcr sicheren Gebrauch, einfache Bedienung und verbesserte Kocherlebnisse k\u00fchl bleibt.<\/li>\n<\/ul>\n<\/div>\n\n\n\n<div class=\"wp-block-column is-layout-flow wp-block-column-is-layout-flow\">\n<figure class=\"wp-block-image size-full\"><img decoding=\"async\" width=\"1600\" height=\"1600\" src=\"https:\/\/www.chancescook.com\/wp-content\/uploads\/2024\/10\/Wholesale-Non-Stick-Frying-Pan-Set-6.webp\" alt=\"Gro\u00dfhandel Non Stick Bratpfanne Set (6)\" class=\"wp-image-4251\" srcset=\"https:\/\/www.chancescook.com\/wp-content\/uploads\/2024\/10\/Wholesale-Non-Stick-Frying-Pan-Set-6.webp 1600w, https:\/\/www.chancescook.com\/wp-content\/uploads\/2024\/10\/Wholesale-Non-Stick-Frying-Pan-Set-6-300x300.webp 300w, https:\/\/www.chancescook.com\/wp-content\/uploads\/2024\/10\/Wholesale-Non-Stick-Frying-Pan-Set-6-150x150.webp 150w, https:\/\/www.chancescook.com\/wp-content\/uploads\/2024\/10\/Wholesale-Non-Stick-Frying-Pan-Set-6-768x768.webp 768w, https:\/\/www.chancescook.com\/wp-content\/uploads\/2024\/10\/Wholesale-Non-Stick-Frying-Pan-Set-6-12x12.webp 12w, https:\/\/www.chancescook.com\/wp-content\/uploads\/2024\/10\/Wholesale-Non-Stick-Frying-Pan-Set-6-285x285.webp 285w, https:\/\/www.chancescook.com\/wp-content\/uploads\/2024\/10\/Wholesale-Non-Stick-Frying-Pan-Set-6-270x270.webp 270w, https:\/\/www.chancescook.com\/wp-content\/uploads\/2024\/10\/Wholesale-Non-Stick-Frying-Pan-Set-6-540x540.webp 540w, https:\/\/www.chancescook.com\/wp-content\/uploads\/2024\/10\/Wholesale-Non-Stick-Frying-Pan-Set-6-660x660.webp 660w\" sizes=\"(max-width: 1600px) 100vw, 1600px\" \/><\/figure>\n<\/div>\n<\/div>\n\n\n\n<p><\/p>","protected":false},"excerpt":{"rendered":"<p>Diese Edelstahl Wabe 3-Ply Antihaft-Pfanne Set enth\u00e4lt 12-Zoll, 10-Zoll, 8-Zoll und 7-Zoll-Gr\u00f6\u00dfen, w\u00e4hlen Sie die robuste und langlebige Edelstahl Pfanne Set f\u00fcr verschiedene Bed\u00fcrfnisse zu kochen, ist es eine gute Wahl f\u00fcr den Gro\u00dfhandel kaufen. Willkommen, uns zu kontaktieren!<\/p>\n<h3 class=\"wp-block-heading\">Spezifikationen f\u00fcr Antihaft-Bratpfannen-Set<\/h3>\n<table border=\"0\" width=\"928\" cellspacing=\"0\" cellpadding=\"0\">\n<tbody>\n<tr>\n<td width=\"400\" height=\"42\">Hersteller<\/td>\n<td width=\"528\">CHANCEN<\/td>\n<\/tr>\n<tr>\n<td height=\"42\">Material<\/td>\n<td>3-Lagen-Edelstahl<\/td>\n<\/tr>\n<tr>\n<td height=\"42\">Durchmesser<\/td>\n<td>7-Zoll, 8-Zoll, 10-Zoll und 12-Zoll\u00a0\u00a0<\/td>\n<\/tr>\n<tr>\n<td height=\"44\">Dicke<\/td>\n<td>2,3 mm<\/td>\n<\/tr>\n<tr>\n<td height=\"42\">Typ<\/td>\n<td>Nicht klebend<\/td>\n<\/tr>\n<tr>\n<td height=\"42\">Deckel<\/td>\n<td>Ohne Deckel<\/td>\n<\/tr>\n<tr>\n<td height=\"44\">Verwendung<\/td>\n<td>Braten und Kochen<\/td>\n<\/tr>\n<tr>\n<td height=\"44\">OEM&amp;ODM<\/td>\n<td>Kundenspezifisch, Willkommen OEM&amp;ODM<\/td>\n<\/tr>\n<tr>\n<td height=\"44\">Verpackung:<\/td>\n<td>Farbe Box\/Karton Box<\/td>\n<\/tr>\n<tr>\n<td height=\"44\">MOQ<\/td>\n<td>1000 STCK.<\/td>\n<\/tr>\n<\/tbody>\n<\/table>\n<p><a href=\"https:\/\/www.chancescook.com\/de\"><strong>Chancescook<\/strong><\/a> ist bestrebt, effiziente und professionelle kundenspezifische Dienstleistungen anzubieten, die durch unsere exklusive Formenentwicklung, starke Produktionskapazit\u00e4t und strenge Qualit\u00e4tskontrolle unterst\u00fctzt werden, um sicherzustellen, dass jede Charge von antihaftbeschichteten Bratpfannensets Ihren Anforderungen entspricht.<\/p>","protected":false},"featured_media":5761,"comment_status":"closed","ping_status":"closed","template":"","meta":{"_acf_changed":false},"product_brand":[],"product_cat":[66,53],"product_tag":[],"class_list":{"0":"post-4246","1":"product","2":"type-product","3":"status-publish","4":"has-post-thumbnail","6":"product_cat-frying-pan-wholesale","7":"product_cat-wholesale-cookware-sets","9":"first","10":"instock","11":"shipping-taxable","12":"product-type-simple"},"acf":[],"_links":{"self":[{"href":"https:\/\/www.chancescook.com\/de\/wp-json\/wp\/v2\/product\/4246","targetHints":{"allow":["GET"]}}],"collection":[{"href":"https:\/\/www.chancescook.com\/de\/wp-json\/wp\/v2\/product"}],"about":[{"href":"https:\/\/www.chancescook.com\/de\/wp-json\/wp\/v2\/types\/product"}],"replies":[{"embeddable":true,"href":"https:\/\/www.chancescook.com\/de\/wp-json\/wp\/v2\/comments?post=4246"}],"wp:featuredmedia":[{"embeddable":true,"href":"https:\/\/www.chancescook.com\/de\/wp-json\/wp\/v2\/media\/5761"}],"wp:attachment":[{"href":"https:\/\/www.chancescook.com\/de\/wp-json\/wp\/v2\/media?parent=4246"}],"wp:term":[{"taxonomy":"product_brand","embeddable":true,"href":"https:\/\/www.chancescook.com\/de\/wp-json\/wp\/v2\/product_brand?post=4246"},{"taxonomy":"product_cat","embeddable":true,"href":"https:\/\/www.chancescook.com\/de\/wp-json\/wp\/v2\/product_cat?post=4246"},{"taxonomy":"product_tag","embeddable":true,"href":"https:\/\/www.chancescook.com\/de\/wp-json\/wp\/v2\/product_tag?post=4246"}],"curies":[{"name":"wp","href":"https:\/\/api.w.org\/{rel}","templated":true}]}}