{"id":4253,"date":"2024-10-14T08:43:20","date_gmt":"2024-10-14T08:43:20","guid":{"rendered":"https:\/\/www.chancescook.com\/?post_type=product&#038;p=4253"},"modified":"2025-12-21T12:59:32","modified_gmt":"2025-12-21T12:59:32","slug":"best-frying-pan-for-eggs","status":"publish","type":"product","link":"https:\/\/www.chancescook.com\/de\/produkt\/best-frying-pan-for-eggs\/","title":{"rendered":"Beste Bratpfanne f\u00fcr Eier Gro\u00dfhandel Tri Ply Edelstahl Kochgeschirr Fabrik"},"content":{"rendered":"<div class=\"wp-block-columns is-layout-flex wp-container-core-columns-is-layout-9d6595d7 wp-block-columns-is-layout-flex\">\n<div class=\"wp-block-column is-layout-flow wp-block-column-is-layout-flow\">\n<h3 class=\"wp-block-heading\">Vorteile der besten Bratpfanne f\u00fcr Eier<\/h3>\n\n\n\n<ul class=\"wp-block-list\">\n<li><strong>Aufbau einer dreilagigen Konstruktion<\/strong>: Dreilagige Edelstahlstruktur kombiniert mit einem Aluminiumkern f\u00fcr gleichm\u00e4\u00dfige W\u00e4rmeleitung und schnelle Erw\u00e4rmung. Sie m\u00fcssen sich nicht mit lokaler \u00dcberhitzung beim Braten von Eiern herum\u00e4rgern, sondern gew\u00e4hrleisten jedes Mal ein wiederholtes Kochergebnis. Dies macht es zu einem der besten Bratpfannen Gro\u00dfhandel f\u00fcr konsistente Leistung.<\/li>\n\n\n\n<li><strong>Hochwertige Antihaft-Beschichtung<\/strong>: Die spezielle Antihaftbeschichtung wurde f\u00fcr Omeletts entwickelt, die zum einen den Fettverbrauch reduziert und zum anderen das Wenden erleichtert, ohne an der Pfanne zu kleben, so dass die Reinigung nach dem Kochen einfach und leicht ist. Es ist eine gute Wahl f\u00fcr individuelles Edelstahl-Kochgeschirr, da es Benutzerfreundlichkeit mit hoher Haltbarkeit verbindet.<\/li>\n\n\n\n<li><strong>Langlebig und solide<\/strong>: Die beste Bratpfanne f\u00fcr Eier ist aus lebensmittelechtem Edelstahl gefertigt, kratzfest, korrosionsbest\u00e4ndig, ohne Verformung und Besch\u00e4digung w\u00e4hrend des Langzeitgebrauchs und geeignet f\u00fcr den t\u00e4glichen Gebrauch mit hoher Intensit\u00e4t. Eine dauerhafte Option in der besten Bratpfannen Gro\u00dfhandelsmarkt zur Verf\u00fcgung.<\/li>\n\n\n\n<li><strong>Cool bleiben Ergonomischer Handgriff<\/strong>: Die beste Bratpfanne f\u00fcr Eier besteht aus einer Isolierung aus rostfreiem Stahl, wodurch sie angenehm in der Hand liegt und brennfest ist. Sie bleibt beim Kochen k\u00fchl und verbessert die Sicherheit und den Komfort im Gebrauch, was sie zu einer beliebten Wahl f\u00fcr individuelles Edelstahl-Kochgeschirr macht.<\/li>\n\n\n\n<li><strong>Mehrzweck-Anwendung<\/strong>: In Induktionsherden, Gasherden und Back\u00f6fen wird sie auch f\u00fcr Omeletts, gebratene Steaks und andere Arten des Kochens verwendet. Sie ist flexibel und vielseitig, weshalb sie in vielen Kollektionen der besten Bratpfannen im Gro\u00dfhandel f\u00fcr verschiedene Kochbed\u00fcrfnisse enthalten ist.<\/li>\n\n\n\n<li><strong>Leicht zu reinigen<\/strong>: Durch die Antihaftbeschichtung bleiben weniger Essensreste haften, was die Reinigung einfach und schnell macht und Zeit in der K\u00fcche spart. Diese Eigenschaft ist besonders wertvoll bei Kochgeschirr aus Edelstahl, das sowohl praktisch als auch bequem ist.<\/li>\n<\/ul>\n<\/div>\n\n\n\n<div class=\"wp-block-column is-layout-flow wp-block-column-is-layout-flow\">\n<figure class=\"wp-block-image size-full\"><img decoding=\"async\" width=\"720\" height=\"720\" src=\"https:\/\/www.chancescook.com\/wp-content\/uploads\/2024\/10\/Wholesale-Best-Frying-Pan-for-Eggs-4.webp\" alt=\"Gro\u00dfhandel Beste Bratpfanne f\u00fcr Eier (4)\" class=\"wp-image-4257\" srcset=\"https:\/\/www.chancescook.com\/wp-content\/uploads\/2024\/10\/Wholesale-Best-Frying-Pan-for-Eggs-4.webp 720w, https:\/\/www.chancescook.com\/wp-content\/uploads\/2024\/10\/Wholesale-Best-Frying-Pan-for-Eggs-4-300x300.webp 300w, https:\/\/www.chancescook.com\/wp-content\/uploads\/2024\/10\/Wholesale-Best-Frying-Pan-for-Eggs-4-150x150.webp 150w, https:\/\/www.chancescook.com\/wp-content\/uploads\/2024\/10\/Wholesale-Best-Frying-Pan-for-Eggs-4-12x12.webp 12w, https:\/\/www.chancescook.com\/wp-content\/uploads\/2024\/10\/Wholesale-Best-Frying-Pan-for-Eggs-4-285x285.webp 285w, https:\/\/www.chancescook.com\/wp-content\/uploads\/2024\/10\/Wholesale-Best-Frying-Pan-for-Eggs-4-270x270.webp 270w, https:\/\/www.chancescook.com\/wp-content\/uploads\/2024\/10\/Wholesale-Best-Frying-Pan-for-Eggs-4-540x540.webp 540w, https:\/\/www.chancescook.com\/wp-content\/uploads\/2024\/10\/Wholesale-Best-Frying-Pan-for-Eggs-4-660x660.webp 660w\" sizes=\"(max-width: 720px) 100vw, 720px\" \/><\/figure>\n<\/div>\n<\/div>\n\n\n\n<p><\/p>","protected":false},"excerpt":{"rendered":"<p>Dieses ma\u00dfgeschneiderte Edelstahl-Kochgeschirr ist die beste Bratpfanne f\u00fcr Eier. Es bietet eine gleichm\u00e4\u00dfige W\u00e4rmeverteilung und eine antihaftbeschichtete Oberfl\u00e4che, die daf\u00fcr sorgt, dass die Eier jedes Mal perfekt gegart werden - ideal f\u00fcr effizientes Kochen im Alltag. Kontaktieren Sie uns f\u00fcr weitere Produktinformationen \u00fcber Edelstahl Bratpfannen Gro\u00dfhandel!<\/p>\n<h3 class=\"wp-block-heading\">Spezifikationen der besten Bratpfanne f\u00fcr Eier<\/h3>\n<table border=\"0\" width=\"1088\" cellspacing=\"0\" cellpadding=\"0\">\n<tbody>\n<tr>\n<td width=\"400\" height=\"42\">Hersteller<\/td>\n<td width=\"688\">CHANCEN<\/td>\n<\/tr>\n<tr>\n<td height=\"42\">Material<\/td>\n<td>3-Lagen-Edelstahl<\/td>\n<\/tr>\n<tr>\n<td height=\"42\">Gr\u00f6\u00dfe<\/td>\n<td>8-Zoll, 9-Zoll, 10-Zoll, 11-Zoll und 12-Zoll<\/td>\n<\/tr>\n<tr>\n<td height=\"42\">Dicke<\/td>\n<td>2,3 mm<\/td>\n<\/tr>\n<tr>\n<td height=\"50\">Farbe<\/td>\n<td>Rostfreier Stahl Farbe<\/td>\n<\/tr>\n<tr>\n<td height=\"42\">Typ<\/td>\n<td>Nicht klebend<\/td>\n<\/tr>\n<tr>\n<td height=\"42\">Handgriff<\/td>\n<td>Einzelner Handgriff<\/td>\n<\/tr>\n<tr>\n<td height=\"42\">Verwendung<\/td>\n<td>Allgemeine Verwendung f\u00fcr Gas- und Induktionsherde<\/td>\n<\/tr>\n<tr>\n<td height=\"42\">OEM&amp;ODM<\/td>\n<td>Kundenspezifisch, Willkommen OEM&amp;ODM<\/td>\n<\/tr>\n<tr>\n<td height=\"42\">Verpackung:<\/td>\n<td>Farbkasten + Master Carto<\/td>\n<\/tr>\n<tr>\n<td height=\"42\">MOQ<\/td>\n<td>1000 STCK.<\/td>\n<\/tr>\n<tr>\n<td height=\"42\">Muster<\/td>\n<td>Frei.<\/td>\n<\/tr>\n<\/tbody>\n<\/table>\n<p><a href=\"https:\/\/www.chancescook.com\/de\"><strong>Chancescook<\/strong><\/a> ist bestrebt, mit exklusiv entwickelten Formen, leistungsstarken Produktionskapazit\u00e4ten und strengen Qualit\u00e4tskontrollen f\u00fcr jede Charge von antihaftbeschichtetem dreilagigem Edelstahl-Kochgeschirr die professionellsten Dienstleistungen f\u00fcr die Bed\u00fcrfnisse der Kunden anzubieten.<\/p>","protected":false},"featured_media":5759,"comment_status":"closed","ping_status":"closed","template":"","meta":{"_acf_changed":false},"product_brand":[],"product_cat":[66,52],"product_tag":[],"class_list":{"0":"post-4253","1":"product","2":"type-product","3":"status-publish","4":"has-post-thumbnail","6":"product_cat-frying-pan-wholesale","7":"product_cat-cookware-wholesale","9":"first","10":"instock","11":"shipping-taxable","12":"product-type-simple"},"acf":[],"_links":{"self":[{"href":"https:\/\/www.chancescook.com\/de\/wp-json\/wp\/v2\/product\/4253","targetHints":{"allow":["GET"]}}],"collection":[{"href":"https:\/\/www.chancescook.com\/de\/wp-json\/wp\/v2\/product"}],"about":[{"href":"https:\/\/www.chancescook.com\/de\/wp-json\/wp\/v2\/types\/product"}],"replies":[{"embeddable":true,"href":"https:\/\/www.chancescook.com\/de\/wp-json\/wp\/v2\/comments?post=4253"}],"wp:featuredmedia":[{"embeddable":true,"href":"https:\/\/www.chancescook.com\/de\/wp-json\/wp\/v2\/media\/5759"}],"wp:attachment":[{"href":"https:\/\/www.chancescook.com\/de\/wp-json\/wp\/v2\/media?parent=4253"}],"wp:term":[{"taxonomy":"product_brand","embeddable":true,"href":"https:\/\/www.chancescook.com\/de\/wp-json\/wp\/v2\/product_brand?post=4253"},{"taxonomy":"product_cat","embeddable":true,"href":"https:\/\/www.chancescook.com\/de\/wp-json\/wp\/v2\/product_cat?post=4253"},{"taxonomy":"product_tag","embeddable":true,"href":"https:\/\/www.chancescook.com\/de\/wp-json\/wp\/v2\/product_tag?post=4253"}],"curies":[{"name":"wp","href":"https:\/\/api.w.org\/{rel}","templated":true}]}}