{"id":4261,"date":"2024-10-14T09:45:44","date_gmt":"2024-10-14T09:45:44","guid":{"rendered":"https:\/\/www.chancescook.com\/?post_type=product&#038;p=4261"},"modified":"2025-06-20T01:00:02","modified_gmt":"2025-06-20T01:00:02","slug":"tri-ply-stainless-steel-cookware-set","status":"publish","type":"product","link":"https:\/\/www.chancescook.com\/de\/produkt\/tri-ply-stainless-steel-cookware-set\/","title":{"rendered":"Tri Ply Edelstahl Kochgeschirr Set 10 St\u00fcck Beste T\u00f6pfe und Pfannen Hersteller"},"content":{"rendered":"<div class=\"wp-block-columns is-layout-flex wp-container-core-columns-is-layout-9d6595d7 wp-block-columns-is-layout-flex\">\n<div class=\"wp-block-column is-layout-flow wp-block-column-is-layout-flow\">\n<h3 class=\"wp-block-heading\">Vorteile des Tri-Ply-Edelstahl-Kochgeschirrsets<\/h3>\n\n\n\n<ul class=\"wp-block-list\">\n<li><strong>Dreilagige Verbundstruktur, gleichm\u00e4\u00dfige W\u00e4rmeleitf\u00e4higkeit und h\u00f6herer Wirkungsgrad<\/strong>: Dieses ma\u00dfgeschneiderte dreilagige Edelstahl-Kochgeschirr wurde mit einer dreilagigen Verbundstruktur entwickelt, mit einem Aluminiumkern in der Sandwich-Schicht und 304er Edelstahl in der inneren und \u00e4u\u00dferen Schicht, die eine schnelle und gleichm\u00e4\u00dfige W\u00e4rmeleitf\u00e4higkeit erreicht, tote Punkte beim Kochen reduziert und die Heizeffizienz verbessert, ideal f\u00fcr Hochleistungs-K\u00fcchenutensilien.<\/li>\n\n\n\n<li><strong>10-teiliges Design, f\u00fcr verschiedene K\u00fcchenbed\u00fcrfnisse<\/strong>: Das gesamte Topf- und Pfannenset umfasst 10 g\u00e4ngige T\u00f6pfe und Pfannen wie Bratpfanne, Schmorpfanne, Suppentopf usw., die sich zum Braten, Kochen, Schmoren und f\u00fcr andere Kochmethoden eignen, sei es f\u00fcr die t\u00e4gliche Familienk\u00fcche oder f\u00fcr die Gastronomie.<\/li>\n\n\n\n<li><strong>Hochwertiges Material aus Edelstahl, langlebig und korrosionsbest\u00e4ndig<\/strong>: Als professioneller Hersteller von dreilagigem Edelstahl-Kochgeschirr w\u00e4hlen wir ausschlie\u00dflich hochwertigen Edelstahl 304, der hochtemperaturbest\u00e4ndig und korrosionsbest\u00e4ndig ist, sich nicht leicht verformt und andere Eigenschaften aufweist und auch bei langfristigem Gebrauch den gleichen Glanz wie neu beh\u00e4lt.<\/li>\n\n\n\n<li><strong>Antihaft-Beschichtung, gesund und leicht zu reinigen<\/strong>: Die innere Schicht des Kochgeschirrs kann optional mit einer gesunden Antihaftbeschichtung ausgestattet werden, die den \u00d6lverbrauch beim Kochen reduziert, das Anhaften der Speisen an der Pfanne verhindert und die Reinigung erleichtert, was f\u00fcr Benutzer, die gesund kochen und effizient arbeiten wollen, sehr geeignet ist.<\/li>\n\n\n\n<li><strong>Ergonomischer Griff, W\u00e4rmeisolierung und Verbr\u00fchungsschutz Sicherer<\/strong>: Der Griff ist w\u00e4rmeisoliert und ergonomisch geformt, so dass er bequem in der Hand liegt. Dies erm\u00f6glicht ein sicheres Arbeiten auch in Umgebungen mit hohen Temperaturen und erh\u00f6ht die Benutzerfreundlichkeit und Betriebssicherheit.<\/li>\n\n\n\n<li><strong>Kompatibel mit mehreren W\u00e4rmequellen, passt sich an verschiedene K\u00fcchenumgebungen an<\/strong>: Dieses ma\u00dfgeschneiderte Kochgeschirr aus dreilagigem Edelstahl ist mit Induktionskochfeldern, Gaskochfeldern, elektrischen Keramikherden, Back\u00f6fen und anderen W\u00e4rmequellen kompatibel und kann somit an die Bed\u00fcrfnisse verschiedener Regionen und K\u00fcchenger\u00e4te angepasst werden.<\/li>\n\n\n\n<li><strong>Glasdeckel-Design, Kochstatus deutlich sichtbar<\/strong>: Jedes Kochgeschirr ist mit einem hitzebest\u00e4ndigen Glasdeckel ausgestattet, der es erm\u00f6glicht, den Kochvorgang in Echtzeit zu beobachten, den durch h\u00e4ufiges \u00d6ffnen des Deckels verursachten W\u00e4rme- und Feuchtigkeitsverlust zu reduzieren und die Kocheffizienz und den Geschmack zu verbessern.<\/li>\n\n\n\n<li><strong>Unterst\u00fctzung von OEM-Anpassungen, Erstellung von exklusivem Marken-Kochgeschirr<\/strong>: Als zuverl\u00e4ssiger Hersteller von dreilagigem Edelstahl-Kochgeschirr bieten wir umfassende OEM\/ODM-Dienstleistungen, kundenspezifische Struktur, Gr\u00f6\u00dfe, Logo und Verpackung nach Kundenwunsch, was Marken hilft, differenzierte Produkte zu schaffen.<\/li>\n<\/ul>\n<\/div>\n\n\n\n<div class=\"wp-block-column is-layout-flow wp-block-column-is-layout-flow\">\n<figure class=\"wp-block-image size-full\"><img decoding=\"async\" width=\"720\" height=\"720\" src=\"https:\/\/www.chancescook.com\/wp-content\/uploads\/2024\/10\/Tri-Ply-Stainless-Steel-Cookware-Set-Wholesaler-1.webp\" alt=\"Tri Ply Edelstahl Kochgeschirr Set Gro\u00dfh\u00e4ndler (1)\" class=\"wp-image-4262\" srcset=\"https:\/\/www.chancescook.com\/wp-content\/uploads\/2024\/10\/Tri-Ply-Stainless-Steel-Cookware-Set-Wholesaler-1.webp 720w, https:\/\/www.chancescook.com\/wp-content\/uploads\/2024\/10\/Tri-Ply-Stainless-Steel-Cookware-Set-Wholesaler-1-300x300.webp 300w, https:\/\/www.chancescook.com\/wp-content\/uploads\/2024\/10\/Tri-Ply-Stainless-Steel-Cookware-Set-Wholesaler-1-150x150.webp 150w, https:\/\/www.chancescook.com\/wp-content\/uploads\/2024\/10\/Tri-Ply-Stainless-Steel-Cookware-Set-Wholesaler-1-12x12.webp 12w, https:\/\/www.chancescook.com\/wp-content\/uploads\/2024\/10\/Tri-Ply-Stainless-Steel-Cookware-Set-Wholesaler-1-285x285.webp 285w, https:\/\/www.chancescook.com\/wp-content\/uploads\/2024\/10\/Tri-Ply-Stainless-Steel-Cookware-Set-Wholesaler-1-270x270.webp 270w, https:\/\/www.chancescook.com\/wp-content\/uploads\/2024\/10\/Tri-Ply-Stainless-Steel-Cookware-Set-Wholesaler-1-540x540.webp 540w, https:\/\/www.chancescook.com\/wp-content\/uploads\/2024\/10\/Tri-Ply-Stainless-Steel-Cookware-Set-Wholesaler-1-660x660.webp 660w\" sizes=\"(max-width: 720px) 100vw, 720px\" \/><\/figure>\n<\/div>\n<\/div>\n\n\n\n<div class=\"wp-block-columns is-layout-flex wp-container-core-columns-is-layout-9d6595d7 wp-block-columns-is-layout-flex\">\n<div class=\"wp-block-column is-layout-flow wp-block-column-is-layout-flow\">\n<figure class=\"wp-block-image size-full\"><img decoding=\"async\" width=\"720\" height=\"720\" src=\"https:\/\/www.chancescook.com\/wp-content\/uploads\/2024\/10\/Tri-Ply-Stainless-Steel-Cookware-Set-Wholesaler-4.webp\" alt=\"Ist Kochgeschirr aus Edelstahl besser als Keramik?\" class=\"wp-image-4265\" srcset=\"https:\/\/www.chancescook.com\/wp-content\/uploads\/2024\/10\/Tri-Ply-Stainless-Steel-Cookware-Set-Wholesaler-4.webp 720w, https:\/\/www.chancescook.com\/wp-content\/uploads\/2024\/10\/Tri-Ply-Stainless-Steel-Cookware-Set-Wholesaler-4-300x300.webp 300w, https:\/\/www.chancescook.com\/wp-content\/uploads\/2024\/10\/Tri-Ply-Stainless-Steel-Cookware-Set-Wholesaler-4-150x150.webp 150w, https:\/\/www.chancescook.com\/wp-content\/uploads\/2024\/10\/Tri-Ply-Stainless-Steel-Cookware-Set-Wholesaler-4-12x12.webp 12w, https:\/\/www.chancescook.com\/wp-content\/uploads\/2024\/10\/Tri-Ply-Stainless-Steel-Cookware-Set-Wholesaler-4-285x285.webp 285w, https:\/\/www.chancescook.com\/wp-content\/uploads\/2024\/10\/Tri-Ply-Stainless-Steel-Cookware-Set-Wholesaler-4-270x270.webp 270w, https:\/\/www.chancescook.com\/wp-content\/uploads\/2024\/10\/Tri-Ply-Stainless-Steel-Cookware-Set-Wholesaler-4-540x540.webp 540w, https:\/\/www.chancescook.com\/wp-content\/uploads\/2024\/10\/Tri-Ply-Stainless-Steel-Cookware-Set-Wholesaler-4-660x660.webp 660w\" sizes=\"(max-width: 720px) 100vw, 720px\" \/><\/figure>\n<\/div>\n\n\n\n<div class=\"wp-block-column is-layout-flow wp-block-column-is-layout-flow\">\n<figure class=\"wp-block-image size-full\"><img decoding=\"async\" width=\"720\" height=\"695\" src=\"https:\/\/www.chancescook.com\/wp-content\/uploads\/2024\/10\/Tri-Ply-Stainless-Steel-Cookware-Set-Wholesaler-2.webp\" alt=\"Kochgeschirr aus Aluminium und Edelstahl - 18\/8\" class=\"wp-image-4263\" srcset=\"https:\/\/www.chancescook.com\/wp-content\/uploads\/2024\/10\/Tri-Ply-Stainless-Steel-Cookware-Set-Wholesaler-2.webp 720w, https:\/\/www.chancescook.com\/wp-content\/uploads\/2024\/10\/Tri-Ply-Stainless-Steel-Cookware-Set-Wholesaler-2-300x290.webp 300w, https:\/\/www.chancescook.com\/wp-content\/uploads\/2024\/10\/Tri-Ply-Stainless-Steel-Cookware-Set-Wholesaler-2-12x12.webp 12w, https:\/\/www.chancescook.com\/wp-content\/uploads\/2024\/10\/Tri-Ply-Stainless-Steel-Cookware-Set-Wholesaler-2-285x275.webp 285w, https:\/\/www.chancescook.com\/wp-content\/uploads\/2024\/10\/Tri-Ply-Stainless-Steel-Cookware-Set-Wholesaler-2-660x637.webp 660w, https:\/\/www.chancescook.com\/wp-content\/uploads\/2024\/10\/Tri-Ply-Stainless-Steel-Cookware-Set-Wholesaler-2-150x145.webp 150w\" sizes=\"(max-width: 720px) 100vw, 720px\" \/><\/figure>\n<\/div>\n<\/div>\n\n\n\n<p><\/p>","protected":false},"excerpt":{"rendered":"<p>Dieses ma\u00dfgeschneiderte, dreilagige Kochgeschirr aus Edelstahl besteht aus 10 langlebigen, antihaftbeschichteten T\u00f6pfen und Pfannen mit hervorragender W\u00e4rmeverteilung f\u00fcr effizientes, vielseitiges Kochen. Es ist ideal f\u00fcr private und professionelle K\u00fcchen und wird von einem zuverl\u00e4ssigen Kochgeschirrhersteller hergestellt. Kontaktieren Sie uns noch heute f\u00fcr eine OEM-Anpassung!<\/p>\n<h3 class=\"wp-block-heading\">Spezifikationen f\u00fcr Tri Ply Edelstahl-Kochgeschirr-Set<\/h3>\n<table border=\"0\" width=\"1088\" cellspacing=\"0\" cellpadding=\"0\">\n<tbody>\n<tr>\n<td width=\"400\" height=\"42\">Hersteller<\/td>\n<td width=\"688\">CHANCEN<\/td>\n<\/tr>\n<tr>\n<td height=\"42\">Material<\/td>\n<td>3-Lagen-Edelstahl<\/td>\n<\/tr>\n<tr>\n<td height=\"42\">Dicke<\/td>\n<td>2,3 mm<\/td>\n<\/tr>\n<tr>\n<td height=\"72\">Kombination<\/td>\n<td width=\"688\">2*Bratpfanne\/2*Saucenpfanne\/1*Tiefe Sauteuse\/1*Stockpot<\/td>\n<\/tr>\n<tr>\n<td height=\"42\">Verwendung<\/td>\n<td>Braten und Kochen<\/td>\n<\/tr>\n<tr>\n<td height=\"42\">OEM&amp;ODM<\/td>\n<td>Kundenspezifisch, Willkommen OEM&amp;ODM<\/td>\n<\/tr>\n<tr>\n<td height=\"42\">Verpackung:<\/td>\n<td>Farbe Box\/Karton Box<\/td>\n<\/tr>\n<tr>\n<td height=\"42\">Muster<\/td>\n<td>Frei.<\/td>\n<\/tr>\n<\/tbody>\n<\/table>\n<p><a href=\"https:\/\/www.chancescook.com\/de\/\"><strong>Chancescook<\/strong><\/a> ist bestrebt, effiziente und professionelle kundenspezifische Dienstleistungen anzubieten, die durch unsere exklusive Formenentwicklung, starke Produktionskapazit\u00e4ten und strenge Qualit\u00e4tskontrollen unterst\u00fctzt werden, um sicherzustellen, dass jede Charge von dreilagigen Edelstahl-Kochgeschirr-Sets Ihren Anforderungen entspricht. \u00a0 \u00a0<\/p>","protected":false},"featured_media":4365,"comment_status":"closed","ping_status":"closed","template":"","meta":{"_acf_changed":false},"product_brand":[],"product_cat":[53],"product_tag":[],"class_list":{"0":"post-4261","1":"product","2":"type-product","3":"status-publish","4":"has-post-thumbnail","6":"product_cat-wholesale-cookware-sets","8":"first","9":"instock","10":"shipping-taxable","11":"product-type-simple"},"acf":[],"_links":{"self":[{"href":"https:\/\/www.chancescook.com\/de\/wp-json\/wp\/v2\/product\/4261","targetHints":{"allow":["GET"]}}],"collection":[{"href":"https:\/\/www.chancescook.com\/de\/wp-json\/wp\/v2\/product"}],"about":[{"href":"https:\/\/www.chancescook.com\/de\/wp-json\/wp\/v2\/types\/product"}],"replies":[{"embeddable":true,"href":"https:\/\/www.chancescook.com\/de\/wp-json\/wp\/v2\/comments?post=4261"}],"wp:featuredmedia":[{"embeddable":true,"href":"https:\/\/www.chancescook.com\/de\/wp-json\/wp\/v2\/media\/4365"}],"wp:attachment":[{"href":"https:\/\/www.chancescook.com\/de\/wp-json\/wp\/v2\/media?parent=4261"}],"wp:term":[{"taxonomy":"product_brand","embeddable":true,"href":"https:\/\/www.chancescook.com\/de\/wp-json\/wp\/v2\/product_brand?post=4261"},{"taxonomy":"product_cat","embeddable":true,"href":"https:\/\/www.chancescook.com\/de\/wp-json\/wp\/v2\/product_cat?post=4261"},{"taxonomy":"product_tag","embeddable":true,"href":"https:\/\/www.chancescook.com\/de\/wp-json\/wp\/v2\/product_tag?post=4261"}],"curies":[{"name":"wp","href":"https:\/\/api.w.org\/{rel}","templated":true}]}}