{"id":4268,"date":"2024-10-14T10:42:40","date_gmt":"2024-10-14T10:42:40","guid":{"rendered":"https:\/\/www.chancescook.com\/?post_type=product&#038;p=4268"},"modified":"2024-10-14T10:42:42","modified_gmt":"2024-10-14T10:42:42","slug":"wholesale-7-piece-cookware-set","status":"publish","type":"product","link":"https:\/\/www.chancescook.com\/de\/produkt\/wholesale-7-piece-cookware-set\/","title":{"rendered":"Benutzerdefinierte 7-teilige Kochgeschirr Set Gro\u00dfhandel dreilagig Edelstahl Lebensmittelqualit\u00e4t T\u00f6pfe und Pfannen"},"content":{"rendered":"<div class=\"wp-block-columns is-layout-flex wp-container-core-columns-is-layout-9d6595d7 wp-block-columns-is-layout-flex\">\n<div class=\"wp-block-column is-layout-flow wp-block-column-is-layout-flow\">\n<h3 class=\"wp-block-heading\">Vorteile des 7-teiligen Kochgeschirr-Sets<\/h3>\n\n\n\n<ul class=\"wp-block-list\">\n<li><strong>Dreilagige Konstruktion<\/strong>\uff1a Dreifache Edelstahlkonstruktion mit zus\u00e4tzlichem Aluminiumkern f\u00fcr gleichm\u00e4\u00dfiges Erhitzen, schnelles Erhitzen ohne Hotspots und hervorragende Kochergebnisse.<\/li>\n\n\n\n<li><strong>7-teilige Kombination<\/strong>: Das mehrteilige Topf- und Pfannenset in verschiedenen Gr\u00f6\u00dfen kann unter anderem zum Kochen, Schmoren und schnellen Anbraten verwendet werden, was es zu einem idealen Partner f\u00fcr den vielseitigen Einsatz zu Hause oder in der Profik\u00fcche macht.<\/li>\n\n\n\n<li><strong>Rostfreier Stahl in Lebensmittelqualit\u00e4t<\/strong>: Das 7-teilige Kochgeschirrset besteht aus lebensmittelechtem Edelstahl, der sicher, ungiftig und korrosionsbest\u00e4ndig ist, f\u00fcr eine ges\u00fcndere Aufbewahrung von Lebensmitteln und Sicherheit w\u00e4hrend des Kochvorgangs.<\/li>\n\n\n\n<li><strong>Stark und langlebig<\/strong>: Die Konstruktion aus hochwertigem Edelstahl ist kratz- und verformungsfest, was eine lange Lebensdauer garantiert, und eignet sich f\u00fcr das t\u00e4gliche Kochen mit hoher Frequenz.<\/li>\n\n\n\n<li><strong>Ergonomischer Handgriff<\/strong>: Ergonomisch geformter Griff f\u00fcr bequemes Halten und Man\u00f6vrieren w\u00e4hrend des Kochens; au\u00dferdem ist er aus Sicherheitsgr\u00fcnden w\u00e4rmeisoliert.<\/li>\n\n\n\n<li><strong>Zeit und Energie sparen<\/strong>: Dank seiner dreischichtigen Struktur kann der Topf schnell und gleichm\u00e4\u00dfig erhitzt werden, was die Kochzeit verk\u00fcrzt, Energie spart und die Effizienz in der K\u00fcche erh\u00f6ht.<\/li>\n\n\n\n<li><strong>Sp\u00fclmaschinen- und ofenfest<\/strong>: Das 7-teilige Kochgeschirrset ist sp\u00fclmaschinenfest, praktisch und zeitsparend, ofenfest f\u00fcr hohe Temperaturen mit hervorragender Hitzebest\u00e4ndigkeit und kocht sehr flexibel.<\/li>\n<\/ul>\n<\/div>\n\n\n\n<div class=\"wp-block-column is-layout-flow wp-block-column-is-layout-flow\">\n<figure class=\"wp-block-image size-full\"><img decoding=\"async\" width=\"720\" height=\"720\" src=\"https:\/\/www.chancescook.com\/wp-content\/uploads\/2024\/10\/Custom-7-Piece-Cookware-Set-Wholesale-4.webp\" alt=\"Kundenspezifisches 7-teiliges Kochgeschirr-Set Gro\u00dfhandel (4)\" class=\"wp-image-4272\" srcset=\"https:\/\/www.chancescook.com\/wp-content\/uploads\/2024\/10\/Custom-7-Piece-Cookware-Set-Wholesale-4.webp 720w, https:\/\/www.chancescook.com\/wp-content\/uploads\/2024\/10\/Custom-7-Piece-Cookware-Set-Wholesale-4-300x300.webp 300w, https:\/\/www.chancescook.com\/wp-content\/uploads\/2024\/10\/Custom-7-Piece-Cookware-Set-Wholesale-4-150x150.webp 150w, https:\/\/www.chancescook.com\/wp-content\/uploads\/2024\/10\/Custom-7-Piece-Cookware-Set-Wholesale-4-12x12.webp 12w, https:\/\/www.chancescook.com\/wp-content\/uploads\/2024\/10\/Custom-7-Piece-Cookware-Set-Wholesale-4-285x285.webp 285w, https:\/\/www.chancescook.com\/wp-content\/uploads\/2024\/10\/Custom-7-Piece-Cookware-Set-Wholesale-4-270x270.webp 270w, https:\/\/www.chancescook.com\/wp-content\/uploads\/2024\/10\/Custom-7-Piece-Cookware-Set-Wholesale-4-540x540.webp 540w, https:\/\/www.chancescook.com\/wp-content\/uploads\/2024\/10\/Custom-7-Piece-Cookware-Set-Wholesale-4-660x660.webp 660w\" sizes=\"(max-width: 720px) 100vw, 720px\" \/><\/figure>\n<\/div>\n<\/div>\n\n\n\n<div class=\"wp-block-columns is-layout-flex wp-container-core-columns-is-layout-9d6595d7 wp-block-columns-is-layout-flex\">\n<div class=\"wp-block-column is-layout-flow wp-block-column-is-layout-flow\"><\/div>\n\n\n\n<div class=\"wp-block-column is-layout-flow wp-block-column-is-layout-flow\"><\/div>\n<\/div>\n\n\n\n<p><\/p>","protected":false},"excerpt":{"rendered":"<p>Dieses 7-teilige Kochgeschirrset f\u00fcr den Gro\u00dfhandel besteht aus lebensmittelechtem, dreilagigem Edelstahl und erm\u00f6glicht zeitsparendes, energieeffizientes Kochen. Es ist sp\u00fclmaschinen- und ofenfest und somit die perfekte L\u00f6sung f\u00fcr vielseitige K\u00fcchen. Kontaktieren Sie uns noch heute, um Ihre Gro\u00dfhandelsbestellung aufzugeben!<\/p>\n<h3 class=\"wp-block-heading\">Spezifikationen f\u00fcr 7-teiliges Kochgeschirr-Set<\/h3>\n<table border=\"0\" width=\"1088\" cellspacing=\"0\" cellpadding=\"0\">\n<tbody>\n<tr>\n<td width=\"400\" height=\"42\">Hersteller<\/td>\n<td width=\"688\">CHANCEN<\/td>\n<\/tr>\n<tr>\n<td height=\"42\">Material<\/td>\n<td>3-Lagen-Edelstahl<\/td>\n<\/tr>\n<tr>\n<td height=\"42\">Dicke<\/td>\n<td>2,3 mm<\/td>\n<\/tr>\n<tr>\n<td height=\"42\">Gr\u00f6\u00dfe<\/td>\n<td width=\"688\">3QT\/2.0QT\/100Z\/10INCH<\/td>\n<\/tr>\n<tr>\n<td height=\"42\">Verwendung<\/td>\n<td>Ihr Abendessen kochen<\/td>\n<\/tr>\n<tr>\n<td height=\"42\">OEM&amp;ODM<\/td>\n<td>Kundenspezifisch, Willkommen OEM&amp;ODM<\/td>\n<\/tr>\n<tr>\n<td height=\"42\">Verpackung:<\/td>\n<td>7 St\u00fcck als Set im Innenkarton<\/td>\n<\/tr>\n<tr>\n<td height=\"42\">Muster<\/td>\n<td>Frei.<\/td>\n<\/tr>\n<\/tbody>\n<\/table>","protected":false},"featured_media":4270,"comment_status":"closed","ping_status":"closed","template":"","meta":{"_acf_changed":false},"product_brand":[],"product_cat":[53],"product_tag":[],"class_list":{"0":"post-4268","1":"product","2":"type-product","3":"status-publish","4":"has-post-thumbnail","6":"product_cat-wholesale-cookware-sets","8":"first","9":"instock","10":"shipping-taxable","11":"product-type-simple"},"acf":[],"_links":{"self":[{"href":"https:\/\/www.chancescook.com\/de\/wp-json\/wp\/v2\/product\/4268","targetHints":{"allow":["GET"]}}],"collection":[{"href":"https:\/\/www.chancescook.com\/de\/wp-json\/wp\/v2\/product"}],"about":[{"href":"https:\/\/www.chancescook.com\/de\/wp-json\/wp\/v2\/types\/product"}],"replies":[{"embeddable":true,"href":"https:\/\/www.chancescook.com\/de\/wp-json\/wp\/v2\/comments?post=4268"}],"wp:featuredmedia":[{"embeddable":true,"href":"https:\/\/www.chancescook.com\/de\/wp-json\/wp\/v2\/media\/4270"}],"wp:attachment":[{"href":"https:\/\/www.chancescook.com\/de\/wp-json\/wp\/v2\/media?parent=4268"}],"wp:term":[{"taxonomy":"product_brand","embeddable":true,"href":"https:\/\/www.chancescook.com\/de\/wp-json\/wp\/v2\/product_brand?post=4268"},{"taxonomy":"product_cat","embeddable":true,"href":"https:\/\/www.chancescook.com\/de\/wp-json\/wp\/v2\/product_cat?post=4268"},{"taxonomy":"product_tag","embeddable":true,"href":"https:\/\/www.chancescook.com\/de\/wp-json\/wp\/v2\/product_tag?post=4268"}],"curies":[{"name":"wp","href":"https:\/\/api.w.org\/{rel}","templated":true}]}}