{"id":4275,"date":"2024-10-14T18:27:52","date_gmt":"2024-10-14T18:27:52","guid":{"rendered":"https:\/\/www.chancescook.com\/?post_type=product&#038;p=4275"},"modified":"2025-12-21T14:23:37","modified_gmt":"2025-12-21T14:23:37","slug":"wholesale-gastronorm-pans","status":"publish","type":"product","link":"https:\/\/www.chancescook.com\/de\/produkt\/wholesale-gastronorm-pans\/","title":{"rendered":"Gro\u00dfhandel Gastronorm Pfannen Edelstahl 304 GN Pfannen Multi-Size-Beh\u00e4lter mit Deckeln"},"content":{"rendered":"<div class=\"wp-block-columns is-layout-flex wp-container-core-columns-is-layout-9d6595d7 wp-block-columns-is-layout-flex\">\n<div class=\"wp-block-column is-layout-flow wp-block-column-is-layout-flow\">\n<h3 class=\"wp-block-heading\">Vorteile von Gastronorm-Pfannen aus Edelstahl<\/h3>\n\n\n\n<ul class=\"wp-block-list\">\n<li><strong>Lebensmittelgerechtes 304-Edelstahl-Material f\u00fcr hervorragende<\/strong>Die Korrosions- und Oxidationsbest\u00e4ndigkeit gew\u00e4hrleistet die Sicherheit bei langfristiger Verwendung und die Einhaltung der Normen f\u00fcr den Kontakt mit Lebensmitteln.<\/li>\n\n\n\n<li><strong>Multi-Size-Auswahl<\/strong>: Bieten Sie Gastronorm GN-Schalen in verschiedenen Gr\u00f6\u00dfen an, um den unterschiedlichen Anforderungen der Gastronomie gerecht zu werden, von kleinen Beh\u00e4ltern bis hin zu gro\u00dfen Lagern, mit verschiedenen Zutaten und Kochm\u00f6glichkeiten.<\/li>\n\n\n\n<li><strong>Versiegelte Deckeldesigns<\/strong>: Ausgestattet mit einem versiegelten Deckel aus Edelstahl, garantiert jedes GN-Tablett frische Lebensmittel und kein Auslaufen, und bewahrt den Geschmack und die Qualit\u00e4t der Zutaten, besonders geeignet f\u00fcr die Gastronomie und Gro\u00dfk\u00fcchen.<\/li>\n\n\n\n<li><strong>Robust und langlebig<\/strong>: Die Konstruktion aus dickem Edelstahl ist kratzfest und langlebig. Er h\u00e4lt h\u00e4ufigem Gebrauch und hohen Temperaturen stand und eignet sich daher f\u00fcr den harten Einsatz in der Gastronomie.<\/li>\n\n\n\n<li><strong>Platzsparendes Design zum Stapeln<\/strong>: GN-Tabletts sind zum Stapeln konzipiert, was bei der Lagerung Platz spart. So ist es einfach, die Anzahl der St\u00fccke zu verwalten, um effizient in der K\u00fcche zu organisieren.<\/li>\n\n\n\n<li><strong>Einfache Reinigung<\/strong>: Die Gl\u00e4tte des Edelstahls verhindert, dass sich Speisereste ablagern, und er ist leicht zu reinigen. Da er sp\u00fclmaschinenfest ist, spart er Reinigungszeit in der K\u00fcche.<\/li>\n\n\n\n<li><strong>Es kann in allen Arten von Kochumgebungen eingesetzt werden<\/strong>Gefroren, gek\u00fchlt, ged\u00fcnstet und so weiter. Es hat eine breite Palette von Anwendungen und flexible Anwendung in Gro\u00dfk\u00fcchen.<\/li>\n<\/ul>\n<\/div>\n\n\n\n<div class=\"wp-block-column is-layout-flow wp-block-column-is-layout-flow\">\n<figure class=\"wp-block-image size-full\"><img decoding=\"async\" width=\"720\" height=\"720\" src=\"https:\/\/www.chancescook.com\/wp-content\/uploads\/2024\/10\/Wholesale-Gastronorm-PansGN-Pans-6.webp\" alt=\"Gro\u00dfhandel Gastronorm Pfannen,GN Pfannen (6)\" class=\"wp-image-4281\" srcset=\"https:\/\/www.chancescook.com\/wp-content\/uploads\/2024\/10\/Wholesale-Gastronorm-PansGN-Pans-6.webp 720w, https:\/\/www.chancescook.com\/wp-content\/uploads\/2024\/10\/Wholesale-Gastronorm-PansGN-Pans-6-300x300.webp 300w, https:\/\/www.chancescook.com\/wp-content\/uploads\/2024\/10\/Wholesale-Gastronorm-PansGN-Pans-6-150x150.webp 150w, https:\/\/www.chancescook.com\/wp-content\/uploads\/2024\/10\/Wholesale-Gastronorm-PansGN-Pans-6-12x12.webp 12w, https:\/\/www.chancescook.com\/wp-content\/uploads\/2024\/10\/Wholesale-Gastronorm-PansGN-Pans-6-285x285.webp 285w, https:\/\/www.chancescook.com\/wp-content\/uploads\/2024\/10\/Wholesale-Gastronorm-PansGN-Pans-6-270x270.webp 270w, https:\/\/www.chancescook.com\/wp-content\/uploads\/2024\/10\/Wholesale-Gastronorm-PansGN-Pans-6-540x540.webp 540w, https:\/\/www.chancescook.com\/wp-content\/uploads\/2024\/10\/Wholesale-Gastronorm-PansGN-Pans-6-660x660.webp 660w\" sizes=\"(max-width: 720px) 100vw, 720px\" \/><\/figure>\n<\/div>\n<\/div>\n\n\n\n<p><\/p>","protected":false},"excerpt":{"rendered":"<p>Unsere Edelstahl-Gastronorm-Pfannen oder Gn-Pfannen bieten Langlebigkeit und Vielseitigkeit in verschiedenen Gr\u00f6\u00dfen f\u00fcr Gro\u00dfk\u00fcchen und Foodservice-Betriebe. Sie sind ideal f\u00fcr B2B-Kunden, die zuverl\u00e4ssige, langlebige L\u00f6sungen f\u00fcr die Lagerung und Zubereitung von Lebensmitteln suchen.<\/p>\n<h3 class=\"wp-block-heading\">Spezifikationen f\u00fcr Gastronorm-Pfannen aus Edelstahl<\/h3>\n<table border=\"0\" width=\"1088\" cellspacing=\"0\" cellpadding=\"0\">\n<tbody>\n<tr>\n<td width=\"400\" height=\"42\">Hersteller<\/td>\n<td width=\"688\">CHANCEN<\/td>\n<\/tr>\n<tr>\n<td height=\"42\">Material<\/td>\n<td>304 Edelstahl<\/td>\n<\/tr>\n<tr>\n<td height=\"42\">Dicke<\/td>\n<td>1,0 mm<\/td>\n<\/tr>\n<tr>\n<td height=\"42\">Gr\u00f6\u00dfe<\/td>\n<td width=\"688\">1\/1, 1\/2, 1\/3, 1\/4, 1\/6, 1\/9 Gastronorm-Beh\u00e4lter<\/td>\n<\/tr>\n<tr>\n<td height=\"42\">H\u00f6he<\/td>\n<td>2,4,6.5,10,15,20cm<\/td>\n<\/tr>\n<tr>\n<td height=\"42\">Farbe<\/td>\n<td>Rostfreier Stahl Farbe<\/td>\n<\/tr>\n<tr>\n<td height=\"42\">OEM&amp;ODM<\/td>\n<td>Kundenspezifisch, Willkommen OEM&amp;ODM<\/td>\n<\/tr>\n<tr>\n<td height=\"42\">Verpackung:<\/td>\n<td>Farbe Box\/Karton Box<\/td>\n<\/tr>\n<tr>\n<td height=\"42\">Muster<\/td>\n<td>Frei.<\/td>\n<\/tr>\n<\/tbody>\n<\/table>","protected":false},"featured_media":4280,"comment_status":"closed","ping_status":"closed","template":"","meta":{"_acf_changed":false},"product_brand":[],"product_cat":[56],"product_tag":[],"class_list":{"0":"post-4275","1":"product","2":"type-product","3":"status-publish","4":"has-post-thumbnail","6":"product_cat-wholesale-kitchen-utensils","8":"first","9":"instock","10":"shipping-taxable","11":"product-type-simple"},"acf":[],"_links":{"self":[{"href":"https:\/\/www.chancescook.com\/de\/wp-json\/wp\/v2\/product\/4275","targetHints":{"allow":["GET"]}}],"collection":[{"href":"https:\/\/www.chancescook.com\/de\/wp-json\/wp\/v2\/product"}],"about":[{"href":"https:\/\/www.chancescook.com\/de\/wp-json\/wp\/v2\/types\/product"}],"replies":[{"embeddable":true,"href":"https:\/\/www.chancescook.com\/de\/wp-json\/wp\/v2\/comments?post=4275"}],"wp:featuredmedia":[{"embeddable":true,"href":"https:\/\/www.chancescook.com\/de\/wp-json\/wp\/v2\/media\/4280"}],"wp:attachment":[{"href":"https:\/\/www.chancescook.com\/de\/wp-json\/wp\/v2\/media?parent=4275"}],"wp:term":[{"taxonomy":"product_brand","embeddable":true,"href":"https:\/\/www.chancescook.com\/de\/wp-json\/wp\/v2\/product_brand?post=4275"},{"taxonomy":"product_cat","embeddable":true,"href":"https:\/\/www.chancescook.com\/de\/wp-json\/wp\/v2\/product_cat?post=4275"},{"taxonomy":"product_tag","embeddable":true,"href":"https:\/\/www.chancescook.com\/de\/wp-json\/wp\/v2\/product_tag?post=4275"}],"curies":[{"name":"wp","href":"https:\/\/api.w.org\/{rel}","templated":true}]}}