{"id":4427,"date":"2024-11-16T02:38:14","date_gmt":"2024-11-16T02:38:14","guid":{"rendered":"https:\/\/www.chancescook.com\/?post_type=product&#038;p=4427"},"modified":"2025-12-21T14:05:36","modified_gmt":"2025-12-21T14:05:36","slug":"yukihira-pan-wholesale","status":"publish","type":"product","link":"https:\/\/www.chancescook.com\/de\/produkt\/yukihira-pan-wholesale\/","title":{"rendered":"Gro\u00dfhandel Yukihira Pan 2L 3L Tri-Ply Edelstahl Schnee Pan"},"content":{"rendered":"<div class=\"wp-block-columns is-layout-flex wp-container-core-columns-is-layout-9d6595d7 wp-block-columns-is-layout-flex\">\n<div class=\"wp-block-column is-layout-flow wp-block-column-is-layout-flow\">\n<h3 class=\"wp-block-heading\">Merkmale und Vorteile der Custom Yukihira Pan<\/h3>\n\n\n\n<p><strong>Ge\u00e4tzte Kapazit\u00e4tsmessungen<\/strong><\/p>\n\n\n\n<ul class=\"wp-block-list\">\n<li>Mit pr\u00e4zisen Messmarkierungen im Inneren der Pfanne, die ein genaues und bequemes Kochen erm\u00f6glichen.<\/li>\n<\/ul>\n\n\n\n<p><strong>Zwei Ausgie\u00dfer<\/strong><\/p>\n\n\n\n<ul class=\"wp-block-list\">\n<li>Die beidseitigen Ausgie\u00dfer erleichtern das Ausgie\u00dfen von Suppen oder So\u00dfen, egal ob Sie Links- oder Rechtsh\u00e4nder sind.<\/li>\n<\/ul>\n\n\n\n<p><strong>Dreilagige Konstruktion aus Edelstahl<\/strong><\/p>\n\n\n\n<ul class=\"wp-block-list\">\n<li>Der dreilagige Aufbau mit Edelstahl-Au\u00dfenschichten und einem Aluminiumkern sorgt f\u00fcr eine schnelle, gleichm\u00e4\u00dfige Erw\u00e4rmung und eine hervorragende W\u00e4rmespeicherung.<\/li>\n<\/ul>\n\n\n\n<p><strong>Vielseitig und sicher f\u00fcr alle Herdarten<\/strong><\/p>\n\n\n\n<ul class=\"wp-block-list\">\n<li>Geeignet f\u00fcr alle Herdarten, einschlie\u00dflich Induktions-, Gas-, Elektro- und Keramikkochfelder.<\/li>\n<\/ul>\n\n\n\n<p><strong>Ergonomischer hitzebest\u00e4ndiger Handgriff<\/strong><\/p>\n\n\n\n<ul class=\"wp-block-list\">\n<li>Der hitzebest\u00e4ndige Griff bietet einen sicheren und bequemen Halt und bleibt auch bei hohen Temperaturen k\u00fchl.<\/li>\n<\/ul>\n\n\n\n<p><strong>Leicht zu reinigen<\/strong><\/p>\n\n\n\n<ul class=\"wp-block-list\">\n<li>Die glatte Innenfl\u00e4che erm\u00f6glicht eine m\u00fchelose Reinigung. Um die Qualit\u00e4t und Langlebigkeit zu erhalten, wird jedoch empfohlen, sie von Hand zu waschen.<\/li>\n<\/ul>\n\n\n\n<p><strong>Langlebig und rostbest\u00e4ndig<\/strong><\/p>\n\n\n\n<ul class=\"wp-block-list\">\n<li>Hergestellt aus hochwertigem Edelstahl, der eine lange Haltbarkeit, Rostbest\u00e4ndigkeit und eine lange Lebensdauer gew\u00e4hrleistet.<\/li>\n<\/ul>\n\n\n\n<p><strong>Erh\u00f6hter Komfort beim t\u00e4glichen Kochen<\/strong><\/p>\n\n\n\n<ul class=\"wp-block-list\">\n<li>Ideal zum Kochen, Garen und Zubereiten von So\u00dfen, da er leicht und dennoch robust ist.<\/li>\n<\/ul>\n<\/div>\n\n\n\n<div class=\"wp-block-column is-layout-flow wp-block-column-is-layout-flow\">\n<figure class=\"wp-block-image size-full\"><img decoding=\"async\" width=\"4160\" height=\"4160\" src=\"https:\/\/www.chancescook.com\/wp-content\/uploads\/2024\/11\/Wholesale-Yukihira-Pan-2-edited.webp\" alt=\"Gro\u00dfhandel Yukihira Pan (2\" class=\"wp-image-4430\" srcset=\"https:\/\/www.chancescook.com\/wp-content\/uploads\/2024\/11\/Wholesale-Yukihira-Pan-2-edited.webp 4160w, https:\/\/www.chancescook.com\/wp-content\/uploads\/2024\/11\/Wholesale-Yukihira-Pan-2-edited-300x300.webp 300w, https:\/\/www.chancescook.com\/wp-content\/uploads\/2024\/11\/Wholesale-Yukihira-Pan-2-edited-150x150.webp 150w, https:\/\/www.chancescook.com\/wp-content\/uploads\/2024\/11\/Wholesale-Yukihira-Pan-2-edited-768x768.webp 768w, https:\/\/www.chancescook.com\/wp-content\/uploads\/2024\/11\/Wholesale-Yukihira-Pan-2-edited-12x12.webp 12w, https:\/\/www.chancescook.com\/wp-content\/uploads\/2024\/11\/Wholesale-Yukihira-Pan-2-edited-285x285.webp 285w, https:\/\/www.chancescook.com\/wp-content\/uploads\/2024\/11\/Wholesale-Yukihira-Pan-2-edited-1600x1600.webp 1600w, https:\/\/www.chancescook.com\/wp-content\/uploads\/2024\/11\/Wholesale-Yukihira-Pan-2-edited-270x270.webp 270w, https:\/\/www.chancescook.com\/wp-content\/uploads\/2024\/11\/Wholesale-Yukihira-Pan-2-edited-540x540.webp 540w, https:\/\/www.chancescook.com\/wp-content\/uploads\/2024\/11\/Wholesale-Yukihira-Pan-2-edited-660x660.webp 660w\" sizes=\"(max-width: 4160px) 100vw, 4160px\" \/><\/figure>\n<\/div>\n<\/div>\n\n\n\n<p><\/p>","protected":false},"excerpt":{"rendered":"<p>Die Yukihira-Pfanne aus dreilagigem Stahl im japanischen Stil ist bei K\u00f6chen und Hausfrauen gleicherma\u00dfen beliebt. Diese Gro\u00dfhandelspfanne vereint Qualit\u00e4t und Zweckm\u00e4\u00dfigkeit und ist damit ideal f\u00fcr traditionelle japanische Gerichte und die gehobene K\u00fcche. Die Yukihira-Pfanne eignet sich perfekt f\u00fcr jede K\u00fcche und garantiert jedes Mal eine hervorragende Leistung.<\/p>\n<h3 class=\"wp-block-heading\">Spezifikationen von Yukihira Pan<\/h3>\n<table style=\"border-collapse: collapse; width: 408.02pt;\" border=\"0\" width=\"1088\" cellspacing=\"0\" cellpadding=\"0\">\n<tbody>\n<tr style=\"height: 22.85pt;\">\n<td class=\"et3\" style=\"height: 22.85pt; width: 150.05pt;\" width=\"400\" height=\"60\">Hersteller<\/td>\n<td class=\"et4\" style=\"width: 258.10pt;\" width=\"688\">CHANCEN<\/td>\n<\/tr>\n<tr style=\"height: 22.85pt;\">\n<td class=\"et3\" style=\"height: 22.85pt;\" height=\"60\">Material<\/td>\n<td class=\"et3\">3-Lagen-Edelstahl<\/td>\n<\/tr>\n<tr style=\"height: 22.85pt;\">\n<td class=\"et3\" style=\"height: 22.85pt;\" height=\"60\">Durchmesser<\/td>\n<td class=\"et3\">18\/20\/22cm<\/td>\n<\/tr>\n<tr style=\"height: 22.85pt;\">\n<td class=\"et3\" style=\"height: 22.85pt;\" height=\"60\">Dicke<\/td>\n<td class=\"et3\">2,0 mm<\/td>\n<\/tr>\n<tr style=\"height: 22.85pt;\">\n<td class=\"et3\" style=\"height: 22.85pt;\" height=\"60\">Abdeckung<\/td>\n<td class=\"et3\">Glasabdeckung<\/td>\n<\/tr>\n<tr style=\"height: 22.85pt;\">\n<td class=\"et3\" style=\"height: 22.85pt;\" height=\"60\">OEM&amp;ODM<\/td>\n<td class=\"et3\">Kundenspezifisch, Willkommen OEM&amp;ODM<\/td>\n<\/tr>\n<tr style=\"height: 22.85pt;\">\n<td class=\"et3\" style=\"height: 22.85pt;\" height=\"60\">Verpackung:<\/td>\n<td class=\"et3\">Farbe Box\/Karton Box<\/td>\n<\/tr>\n<tr style=\"height: 22.85pt;\">\n<td class=\"et3\" style=\"height: 22.85pt;\" height=\"60\">MOQ<\/td>\n<td class=\"et3\">1000 STCK.<\/td>\n<\/tr>\n<tr style=\"height: 16.10pt;\">\n<td class=\"et3\" style=\"height: 16.10pt;\" height=\"42\">Muster<\/td>\n<td class=\"et3\">Frei.<\/td>\n<\/tr>\n<\/tbody>\n<\/table>","protected":false},"featured_media":5783,"comment_status":"closed","ping_status":"closed","template":"","meta":{"_acf_changed":false},"product_brand":[],"product_cat":[52,69],"product_tag":[],"class_list":{"0":"post-4427","1":"product","2":"type-product","3":"status-publish","4":"has-post-thumbnail","6":"product_cat-cookware-wholesale","7":"product_cat-snow-pan-wholesaler","9":"first","10":"instock","11":"shipping-taxable","12":"product-type-simple"},"acf":[],"_links":{"self":[{"href":"https:\/\/www.chancescook.com\/de\/wp-json\/wp\/v2\/product\/4427","targetHints":{"allow":["GET"]}}],"collection":[{"href":"https:\/\/www.chancescook.com\/de\/wp-json\/wp\/v2\/product"}],"about":[{"href":"https:\/\/www.chancescook.com\/de\/wp-json\/wp\/v2\/types\/product"}],"replies":[{"embeddable":true,"href":"https:\/\/www.chancescook.com\/de\/wp-json\/wp\/v2\/comments?post=4427"}],"wp:featuredmedia":[{"embeddable":true,"href":"https:\/\/www.chancescook.com\/de\/wp-json\/wp\/v2\/media\/5783"}],"wp:attachment":[{"href":"https:\/\/www.chancescook.com\/de\/wp-json\/wp\/v2\/media?parent=4427"}],"wp:term":[{"taxonomy":"product_brand","embeddable":true,"href":"https:\/\/www.chancescook.com\/de\/wp-json\/wp\/v2\/product_brand?post=4427"},{"taxonomy":"product_cat","embeddable":true,"href":"https:\/\/www.chancescook.com\/de\/wp-json\/wp\/v2\/product_cat?post=4427"},{"taxonomy":"product_tag","embeddable":true,"href":"https:\/\/www.chancescook.com\/de\/wp-json\/wp\/v2\/product_tag?post=4427"}],"curies":[{"name":"wp","href":"https:\/\/api.w.org\/{rel}","templated":true}]}}