{"id":4460,"date":"2024-12-02T15:09:20","date_gmt":"2024-12-02T15:09:20","guid":{"rendered":"https:\/\/www.chancescook.com\/?post_type=product&#038;p=4460"},"modified":"2025-12-22T09:34:49","modified_gmt":"2025-12-22T09:34:49","slug":"wholesale-lunch-boxes-with-cover","status":"publish","type":"product","link":"https:\/\/www.chancescook.com\/de\/produkt\/wholesale-lunch-boxes-with-cover\/","title":{"rendered":"Mikrowelle Safe Leak- Beweis Bulk Lunch Boxen Gro\u00dfhandel mit sichtbaren Glasabdeckung"},"content":{"rendered":"<div class=\"wp-block-columns is-layout-flex wp-container-core-columns-is-layout-9d6595d7 wp-block-columns-is-layout-flex\">\n<div class=\"wp-block-column is-layout-flow wp-block-column-is-layout-flow\">\n<h3 class=\"wp-block-heading\">Parameter von Lunchboxen f\u00fcr den Gro\u00dfhandel <\/h3>\n\n\n\n<p>Material: 304 rostfreier Stahl + Glas + PP<br>Deckel: explosionsgesch\u00fctztes Glas + PP<br>Farbe: Silber + braunes Silikon<br>Oberfl\u00e4chenbehandlung: elektrolytisch<br>Spezifikation: 450-3000ml<br>Dicke: 0,5 mm<br>MOQ 500 St\u00fcck<\/p>\n<\/div>\n\n\n\n<div class=\"wp-block-column is-layout-flow wp-block-column-is-layout-flow\">\n<h3 class=\"wp-block-heading\">Individuelle Lunchboxen<\/h3>\n\n\n\n<p>Logos: Passen Sie Ihr Markenlogo an<br>Grafiken: Passen Sie die Grafiken nach Ihren W\u00fcnschen an<br>Bestellmenge 2000 St\u00fcck<br><strong><a href=\"https:\/\/www.chancescook.com\/de\/custom-cookware\/\" target=\"_blank\" rel=\"noreferrer noopener\">OEM &amp; ODM Kundenspezifische L\u00f6sungen<\/a><\/strong><\/p>\n<\/div>\n<\/div>\n\n\n<div class=\"wp-block-image\">\n<figure class=\"alignleft size-full is-resized\"><img decoding=\"async\" width=\"421\" height=\"720\" src=\"https:\/\/www.chancescook.com\/wp-content\/uploads\/2024\/12\/Bulk-Lunch-Box-Cover-2.webp\" alt=\"Bulk Lunch Boxen Abdeckung \uff082\uff09\" class=\"wp-image-4464\" style=\"width:840px;height:auto\" srcset=\"https:\/\/www.chancescook.com\/wp-content\/uploads\/2024\/12\/Bulk-Lunch-Box-Cover-2.webp 421w, https:\/\/www.chancescook.com\/wp-content\/uploads\/2024\/12\/Bulk-Lunch-Box-Cover-2-175x300.webp 175w, https:\/\/www.chancescook.com\/wp-content\/uploads\/2024\/12\/Bulk-Lunch-Box-Cover-2-7x12.webp 7w, https:\/\/www.chancescook.com\/wp-content\/uploads\/2024\/12\/Bulk-Lunch-Box-Cover-2-285x487.webp 285w, https:\/\/www.chancescook.com\/wp-content\/uploads\/2024\/12\/Bulk-Lunch-Box-Cover-2-386x660.webp 386w, https:\/\/www.chancescook.com\/wp-content\/uploads\/2024\/12\/Bulk-Lunch-Box-Cover-2-88x150.webp 88w\" sizes=\"(max-width: 421px) 100vw, 421px\" \/><\/figure>\n<\/div>","protected":false},"excerpt":{"rendered":"<p>Wir sind ein Lieferant von Lunchboxen. Hergestellt aus hochwertigem Edelstahl, langlebig und korrosionsbest\u00e4ndig, mit einer Glasabdeckung f\u00fcr die einfache Anzeige von Lebensmitteln. Der Dichtungsring und Verriegelungsring arbeiten eng zusammen, um das Auslaufen von Lebensmitteln zu verhindern. Nicht nur Gro\u00dfhandel K\u00e4ufe genie\u00dfen bessere Preise, aber wir k\u00f6nnen auch ma\u00dfgeschneiderte Dienstleistungen. So k\u00f6nnen Sie die Farbe, das Druckmuster usw. nach Ihren W\u00fcnschen anpassen.<\/p>\n<h3>Merkmale und Vorteile von Lunchboxen<\/h3>\n<p><span class=\"Editor_t__not_edited_long__JuNNx\"><strong>Versiegelt, ungiftig und BPA-frei<\/strong>: Bereiten Sie gesunde Mahlzeiten im Voraus zu und sparen Sie Zeit beim Aufr\u00e4umen. Unsere Lunchboxen sind perfekt f\u00fcr alle, die einen ketogenen Lebensstil verfolgen, denn sie halten die Lebensmittel frisch und sicher.<\/p>\n<p><strong>Stapelbar &amp; platzsparend<\/strong>: Sparen Sie Geld, Platz und Energie mit diesen stapelbaren Brotdosen. Perfekt f\u00fcr Kinder, die unterwegs sind<\/span><span class=\"Editor_t__not_edited__WuRP8\">\u00a0oder\u00a0<\/span><span class=\"Editor_t__added__LtuNJ\">zu<\/span><span class=\"Editor_t__not_edited__WuRP8\">\u00a0<\/span><span class=\"Editor_t__added__LtuNJ\">packen<\/span><span class=\"Editor_t__not_edited_long__JuNNx\">\u00a0Mittagessen, Snacks und vollst\u00e4ndige Mahlzeiten f\u00fcr Picknicks und Ausfl\u00fcge<\/span><span class=\"Editor_t__added__LtuNJ\">,<\/span><span class=\"Editor_t__not_edited__WuRP8\">\u00a0die kompakte Bauweise\u00a0<\/span><span class=\"Editor_t__added__LtuNJ\">ist<\/span><span class=\"Editor_t__not_edited__WuRP8\">\u00a0<\/span><span class=\"Editor_t__not_edited_long__JuNNx\">leicht in K\u00fchltaschen, Lunchpaketen oder Rucks\u00e4cken zu verstauen.<\/p>\n<p><strong>Leicht zu reinigen<\/strong><\/span><span class=\"Editor_t__added__LtuNJ\">:<\/span><span class=\"Editor_t__not_edited__WuRP8\">\u00a0<\/span><span class=\"Editor_t__not_edited__WuRP8\">Sp\u00fclmaschinenfest &amp; Geruch<\/span><span class=\"Editor_t__added__LtuNJ\">\u00a0Widerstandsf\u00e4hig<\/span><span class=\"Editor_t__not_edited__WuRP8\">-<\/span><span class=\"Editor_t__added__LtuNJ\">Behandelt;<\/span><span class=\"Editor_t__not_edited__WuRP8\">\u00a0<\/span><span class=\"Editor_t__added__LtuNJ\">unser<\/span><span class=\"Editor_t__not_edited__WuRP8\">\u00a0<\/span><span class=\"Editor_t__not_edited__WuRP8\">rostbest\u00e4ndig<\/span><span class=\"Editor_t__added__LtuNJ\">,<\/span><span class=\"Editor_t__not_edited__WuRP8\">\u00a0rostfreier Stahl<\/span><span class=\"Editor_t__not_edited__WuRP8\">\u00a0<\/span><span class=\"Editor_t__not_edited_long__JuNNx\">Lunchboxen sind leicht zu reinigen und k\u00f6nnen\u00a0<\/span><span class=\"Editor_t__added__LtuNJ\">direkt<\/span><span class=\"Editor_t__not_edited__WuRP8\">\u00a0in\u00a0<\/span><span class=\"Editor_t__added__LtuNJ\">Ihr<\/span><span class=\"Editor_t__not_edited__WuRP8\">\u00a0Geschirrsp\u00fcler.\u00a0<\/span><span class=\"Editor_t__not_edited__WuRP8\">Fortgeschrittener Geruch<\/span><span class=\"Editor_t__added__LtuNJ\">\u00a0<\/span><span class=\"Editor_t__not_edited__WuRP8\">Widerstandsf\u00e4hige Technologie\u00a0<\/span><span class=\"Editor_t__added__LtuNJ\">also<\/span><span class=\"Editor_t__not_edited__WuRP8\">\u00a0<\/span><span class=\"Editor_t__added__LtuNJ\">dass sie h\u00e4lt\u00a0<\/span><span class=\"Editor_t__not_edited__WuRP8\">Ihre Brotdose\u00a0<\/span><span class=\"Editor_t__not_edited__WuRP8\">frisch<\/span><span class=\"Editor_t__not_edited__WuRP8\">\u00a0<\/span><span class=\"Editor_t__added__LtuNJ\">und<\/span><span class=\"Editor_t__not_edited__WuRP8\">\u00a0<\/span><span class=\"Editor_t__added__LtuNJ\">nicht<\/span><span class=\"Editor_t__not_edited__WuRP8\">\u00a0<\/span><span class=\"Editor_t__added__LtuNJ\">geben.<\/span><span class=\"Editor_t__not_edited__WuRP8\">\u00a0<\/span><span class=\"Editor_t__added__LtuNJ\">Sie<\/span><span class=\"Editor_t__not_edited__WuRP8\">\u00a0<\/span><span class=\"Editor_t__added__LtuNJ\">jede<\/span><span class=\"Editor_t__not_edited__WuRP8\">\u00a0<\/span><span class=\"Editor_t__added__LtuNJ\">riechen, wenn\u00a0<\/span><span class=\"Editor_t__not_edited_long__JuNNx\">Sie \u00f6ffnen ihn.<\/p>\n<p><strong>Glasdeckel mit Timerfunktion<\/strong>: Der Glasdeckel\u00a0<\/span><span class=\"Editor_t__added__LtuNJ\">hat<\/span><span class=\"Editor_t__not_edited__WuRP8\">\u00a0<\/span><span class=\"Editor_t__added__LtuNJ\">eine<\/span><span class=\"Editor_t__not_edited__WuRP8\">\u00a0<\/span><span class=\"Editor_t__added__LtuNJ\">eingebettet<\/span><span class=\"Editor_t__not_edited__WuRP8\"> Timer-Funktion, mit der Sie leicht feststellen k\u00f6nnen, wie lange die Lebensmittel im Inneren aufbewahrt wurden<\/span><span class=\"Editor_t__added__LtuNJ\">.\u00a0<\/span><span class=\"Editor_t__not_edited__WuRP8\">Sie\u00a0<\/span><span class=\"Editor_t__added__LtuNJ\">wird\u00a0<\/span><span class=\"Editor_t__not_edited__WuRP8\">wissen, wann Sie Ihre Mahlzeiten einnehmen m\u00fcssen, damit <\/span><span class=\"Editor_t__added__LtuNJ\">Sie<\/span><span class=\"Editor_t__not_edited__WuRP8\">\u00a0<\/span><span class=\"Editor_t__added__LtuNJ\">tun<\/span><span class=\"Editor_t__not_edited__WuRP8\">\u00a0<\/span><span class=\"Editor_t__added__LtuNJ\">nicht<\/span><span class=\"Editor_t__not_edited__WuRP8\">\u00a0<\/span><span class=\"Editor_t__added__LtuNJ\">speichern sie f\u00fcr\u00a0<\/span><span class=\"Editor_t__not_edited__WuRP8\">zu lang.<\/p>\n<p><\/span><strong><span class=\"Editor_t__added__LtuNJ\">Geeignet<\/span><span class=\"Editor_t__not_edited__WuRP8\">\u00a0f\u00fcr jede\u00a0<\/span><span class=\"Editor_t__added__LtuNJ\">Situation<\/span><\/strong><span class=\"Editor_t__not_edited__WuRP8\">:\u00a0<\/span><span class=\"Editor_t__added__LtuNJ\">Perfekt<\/span><span class=\"Editor_t__not_edited_long__JuNNx\">\u00a0f\u00fcr Familienfeiern und Picknicks,\u00a0<\/span><span class=\"Editor_t__added__LtuNJ\">und<\/span><span class=\"Editor_t__not_edited__WuRP8\">\u00a0<\/span><span class=\"Editor_t__added__LtuNJ\">auch beim Reisen<\/span><span class=\"Editor_t__not_edited_long__JuNNx\">. Diese Brotdosen sind\u00a0<\/span><span class=\"Editor_t__added__LtuNJ\">gemacht<\/span><span class=\"Editor_t__not_edited__WuRP8\">\u00a0<\/span><span class=\"Editor_t__added__LtuNJ\">zu<\/span><span class=\"Editor_t__not_edited__WuRP8\">\u00a0<\/span><span class=\"Editor_t__added__LtuNJ\">sein<\/span><span class=\"Editor_t__not_edited__WuRP8\">\u00a0<\/span><span class=\"Editor_t__added__LtuNJ\">genommen<\/span><span class=\"Editor_t__not_edited__WuRP8\">\u00a0<\/span><span class=\"Editor_t__added__LtuNJ\">\u00fcberall<\/span><span class=\"Editor_t__not_edited__WuRP8\">\u00a0<\/span><span class=\"Editor_t__added__LtuNJ\">und<\/span><span class=\"Editor_t__not_edited__WuRP8\">\u00a0<\/span><span class=\"Editor_t__added__LtuNJ\">mit irgendetwas<\/span><span class=\"Editor_t__not_edited__WuRP8\">,\u00a0<\/span><span class=\"Editor_t__added__LtuNJ\">von<\/span><span class=\"Editor_t__not_edited__WuRP8\">\u00a0<\/span><span class=\"Editor_t__added__LtuNJ\">a<\/span><span class=\"Editor_t__not_edited__WuRP8\">\u00a0<\/span><span class=\"Editor_t__not_edited__WuRP8\">Lunchpaket<\/span><span class=\"Editor_t__not_edited__WuRP8\">\u00a0<\/span><span class=\"Editor_t__added__LtuNJ\">zu einer\u00a0<\/span><span class=\"Editor_t__not_edited__WuRP8\">Rucksack<\/span><span class=\"Editor_t__not_edited__WuRP8\">\u00a0<\/span><span class=\"Editor_t__added__LtuNJ\">und<\/span><span class=\"Editor_t__not_edited__WuRP8\">\u00a0k\u00fchler.<\/span><\/p>\n<p>&nbsp;<\/p>","protected":false},"featured_media":5802,"comment_status":"closed","ping_status":"closed","template":"","meta":{"_acf_changed":false},"product_brand":[],"product_cat":[56],"product_tag":[],"class_list":{"0":"post-4460","1":"product","2":"type-product","3":"status-publish","4":"has-post-thumbnail","6":"product_cat-wholesale-kitchen-utensils","8":"first","9":"instock","10":"shipping-taxable","11":"product-type-simple"},"acf":[],"_links":{"self":[{"href":"https:\/\/www.chancescook.com\/de\/wp-json\/wp\/v2\/product\/4460","targetHints":{"allow":["GET"]}}],"collection":[{"href":"https:\/\/www.chancescook.com\/de\/wp-json\/wp\/v2\/product"}],"about":[{"href":"https:\/\/www.chancescook.com\/de\/wp-json\/wp\/v2\/types\/product"}],"replies":[{"embeddable":true,"href":"https:\/\/www.chancescook.com\/de\/wp-json\/wp\/v2\/comments?post=4460"}],"wp:featuredmedia":[{"embeddable":true,"href":"https:\/\/www.chancescook.com\/de\/wp-json\/wp\/v2\/media\/5802"}],"wp:attachment":[{"href":"https:\/\/www.chancescook.com\/de\/wp-json\/wp\/v2\/media?parent=4460"}],"wp:term":[{"taxonomy":"product_brand","embeddable":true,"href":"https:\/\/www.chancescook.com\/de\/wp-json\/wp\/v2\/product_brand?post=4460"},{"taxonomy":"product_cat","embeddable":true,"href":"https:\/\/www.chancescook.com\/de\/wp-json\/wp\/v2\/product_cat?post=4460"},{"taxonomy":"product_tag","embeddable":true,"href":"https:\/\/www.chancescook.com\/de\/wp-json\/wp\/v2\/product_tag?post=4460"}],"curies":[{"name":"wp","href":"https:\/\/api.w.org\/{rel}","templated":true}]}}