{"id":4487,"date":"2024-12-09T16:56:30","date_gmt":"2024-12-09T16:56:30","guid":{"rendered":"https:\/\/www.chancescook.com\/?post_type=product&#038;p=4487"},"modified":"2024-12-10T04:03:44","modified_gmt":"2024-12-10T04:03:44","slug":"wholesale-stainless-steel-mixing-bowl","status":"publish","type":"product","link":"https:\/\/www.chancescook.com\/de\/produkt\/wholesale-stainless-steel-mixing-bowl\/","title":{"rendered":"Beste Edelstahl-Mischsch\u00fcssel Gro\u00dfhandel Einmachsch\u00fcssel mit Deckel"},"content":{"rendered":"<div class=\"wp-block-columns is-layout-flex wp-container-core-columns-is-layout-9d6595d7 wp-block-columns-is-layout-flex\">\n<div class=\"wp-block-column is-layout-flow wp-block-column-is-layout-flow\">\n<h2 class=\"wp-block-heading\">Parameter der R\u00fchrsch\u00fcssel aus Edelstahl<\/h2>\n\n\n\n<p><\/p>\n\n\n\n<p>Gr\u00f6\u00dfe der Schale: 22\/24 cm.<br>Dicke: 0,5 mm<br>Material Typ: Rostfreier Stahl 304<br>Farbe: Gold\/Silber<br>Design: Koreanischer Stil<\/p>\n<\/div>\n\n\n\n<div class=\"wp-block-column is-layout-flow wp-block-column-is-layout-flow\">\n<h2 class=\"wp-block-heading\">Individuelle Edelstahl-Mischsch\u00fcssel<\/h2>\n\n\n\n<p><\/p>\n\n\n\n<p>Logo: Ihr individuelles Markenlogo<br>Verpackung: Farbkasten\/Karton, etc.<br><strong><a href=\"https:\/\/www.chancescook.com\/de\/custom-cookware\/\">OEM &amp; ODM Kundenspezifische L\u00f6sungen<\/a><\/strong><\/p>\n<\/div>\n<\/div>\n\n\n\n<div class=\"wp-block-columns is-layout-flex wp-container-core-columns-is-layout-9d6595d7 wp-block-columns-is-layout-flex\">\n<div class=\"wp-block-column is-layout-flow wp-block-column-is-layout-flow\">\n<figure class=\"wp-block-image size-full\"><img decoding=\"async\" width=\"631\" height=\"531\" src=\"https:\/\/www.chancescook.com\/wp-content\/uploads\/2024\/12\/Wholesale-Stainless-Steel-Mixing-Bowl-4.webp\" alt=\"Gro\u00dfhandel Edelstahl R\u00fchrsch\u00fcssel (4)\" class=\"wp-image-4491\" srcset=\"https:\/\/www.chancescook.com\/wp-content\/uploads\/2024\/12\/Wholesale-Stainless-Steel-Mixing-Bowl-4.webp 631w, https:\/\/www.chancescook.com\/wp-content\/uploads\/2024\/12\/Wholesale-Stainless-Steel-Mixing-Bowl-4-300x252.webp 300w, https:\/\/www.chancescook.com\/wp-content\/uploads\/2024\/12\/Wholesale-Stainless-Steel-Mixing-Bowl-4-14x12.webp 14w, https:\/\/www.chancescook.com\/wp-content\/uploads\/2024\/12\/Wholesale-Stainless-Steel-Mixing-Bowl-4-285x240.webp 285w, https:\/\/www.chancescook.com\/wp-content\/uploads\/2024\/12\/Wholesale-Stainless-Steel-Mixing-Bowl-4-150x126.webp 150w\" sizes=\"(max-width: 631px) 100vw, 631px\" \/><\/figure>\n<\/div>\n\n\n\n<div class=\"wp-block-column is-layout-flow wp-block-column-is-layout-flow\"><\/div>\n<\/div>","protected":false},"excerpt":{"rendered":"<p>Entdecken Sie die beste R\u00fchrsch\u00fcssel aus Edelstahl mit luftdichtem Deckel, ideal f\u00fcr die Aufbewahrung von Lebensmitteln und die Zubereitung von Mahlzeiten. Diese vielseitige Gro\u00dfhandels-Edelstahl-Mischsch\u00fcssel ist perfekt f\u00fcr K\u00fcchen, B\u00e4ckereien und Catering-Unternehmen.<\/p>\n<h3>Merkmale und Vorteile von Edelstahl-Mixsch\u00fcsseln<\/h3>\n<ul>\n<li><strong>Hochwertiges Edelstahl 304 Material<\/strong>: Das gesamte Set aus R\u00fchrsch\u00fcsseln und Deckeln besteht aus lebensmittelechtem Edelstahl 304, der eine hervorragende Korrosionsbest\u00e4ndigkeit und Langlebigkeit bietet und f\u00fcr den langfristigen Kontakt mit Lebensmitteln geeignet ist.<\/li>\n<li><strong>Die Ganzstahl-Deckelkonstruktion: <\/strong>Sie eignet sich hervorragend zum Verschlie\u00dfen, verhindert wirksam das Auslaufen von Lebensmitteln und bewahrt die Frische. Sie eignet sich besser f\u00fcr die Aufbewahrung von Fl\u00fcssigkeiten oder Zutaten, die mariniert werden m\u00fcssen.<\/li>\n<li><strong>Multifunktionaler Einsatz<\/strong>: Er integriert die Funktionen Mischen, Aufbewahren, Marinieren und Servieren und eignet sich daher f\u00fcr Haushaltsk\u00fcchen, Restaurants, B\u00e4ckereien und andere Einsatzbereiche. Er ist ideal f\u00fcr die Hausmannskost und die gewerbliche Gastronomie.<\/li>\n<li><strong>Leicht zu reinigen<\/strong>: Die speziell behandelte Edelstahloberfl\u00e4che ist glatt, leicht zu reinigen und kratzfest. Es bleibt kein Geruch zur\u00fcck, und es l\u00e4sst sich leicht mit der Hand abwaschen oder direkt in die Sp\u00fclmaschine geben, was Zeit und M\u00fche spart.<\/li>\n<li><strong>Ergonomisch gestaltet<\/strong>\uff1a Diese Sch\u00fcssel hat glatte, runde Kanten, die angenehm in der Hand liegen. Ein einfacher Griff am Boden sorgt f\u00fcr Sicherheit und Stabilit\u00e4t, damit die Sch\u00fcssel beim Anr\u00fchren nicht verrutscht.<\/li>\n<li><strong>Gro\u00dfhandel und flexible Versorgung aus einer Hand<\/strong>Die Produkte sind in verschiedenen Gr\u00f6\u00dfen erh\u00e4ltlich, wie z.B. klein, mittel und gro\u00df, die f\u00fcr verschiedene Szenen geliefert werden k\u00f6nnen. Es kann in gro\u00dfen Mengen verpackt werden und ist eine qualit\u00e4tsgesicherte Wahl f\u00fcr alle Arten von Gro\u00dfh\u00e4ndlern und Gastronomiebetrieben.<\/li>\n<\/ul>","protected":false},"featured_media":4488,"comment_status":"closed","ping_status":"closed","template":"","meta":{"_acf_changed":false},"product_brand":[],"product_cat":[55],"product_tag":[],"class_list":{"0":"post-4487","1":"product","2":"type-product","3":"status-publish","4":"has-post-thumbnail","6":"product_cat-tableware-wholesale","8":"first","9":"instock","10":"shipping-taxable","11":"product-type-simple"},"acf":[],"_links":{"self":[{"href":"https:\/\/www.chancescook.com\/de\/wp-json\/wp\/v2\/product\/4487","targetHints":{"allow":["GET"]}}],"collection":[{"href":"https:\/\/www.chancescook.com\/de\/wp-json\/wp\/v2\/product"}],"about":[{"href":"https:\/\/www.chancescook.com\/de\/wp-json\/wp\/v2\/types\/product"}],"replies":[{"embeddable":true,"href":"https:\/\/www.chancescook.com\/de\/wp-json\/wp\/v2\/comments?post=4487"}],"wp:featuredmedia":[{"embeddable":true,"href":"https:\/\/www.chancescook.com\/de\/wp-json\/wp\/v2\/media\/4488"}],"wp:attachment":[{"href":"https:\/\/www.chancescook.com\/de\/wp-json\/wp\/v2\/media?parent=4487"}],"wp:term":[{"taxonomy":"product_brand","embeddable":true,"href":"https:\/\/www.chancescook.com\/de\/wp-json\/wp\/v2\/product_brand?post=4487"},{"taxonomy":"product_cat","embeddable":true,"href":"https:\/\/www.chancescook.com\/de\/wp-json\/wp\/v2\/product_cat?post=4487"},{"taxonomy":"product_tag","embeddable":true,"href":"https:\/\/www.chancescook.com\/de\/wp-json\/wp\/v2\/product_tag?post=4487"}],"curies":[{"name":"wp","href":"https:\/\/api.w.org\/{rel}","templated":true}]}}