{"id":4492,"date":"2024-12-09T17:26:08","date_gmt":"2024-12-09T17:26:08","guid":{"rendered":"https:\/\/www.chancescook.com\/?post_type=product&#038;p=4492"},"modified":"2024-12-10T03:58:45","modified_gmt":"2024-12-10T03:58:45","slug":"stainless-steel-mixing-bowls-wholesale","status":"publish","type":"product","link":"https:\/\/www.chancescook.com\/de\/produkt\/stainless-steel-mixing-bowls-wholesale\/","title":{"rendered":"Gro\u00dfhandel Mehrzweck-Edelstahl-Mischschalen mit Sieb"},"content":{"rendered":"<div class=\"wp-block-columns is-layout-flex wp-container-core-columns-is-layout-9d6595d7 wp-block-columns-is-layout-flex\">\n<div class=\"wp-block-column is-layout-flow wp-block-column-is-layout-flow\">\n<h2 class=\"wp-block-heading\">Parameter von R\u00fchrsch\u00fcsseln aus Edelstahl<\/h2>\n\n\n\n<p><\/p>\n\n\n\n<p>Produktname: Edelstahl-Siebsch\u00fcssel<br>Material: 304 rostfreier Stahl<br>Logo akzeptieren: Kundenspezifisches Logo<br>Anwendung: K\u00fcche\/Haushalt\/Restaurant<br>Funktion\uff1a Lebensmittel abtropfen lassen<br>Verpacken: Farbige Schachtel<br>Satzgr\u00f6\u00dfe: 16\/18\/20\/22\/24\/26\/28\/30\/32cm<\/p>\n<\/div>\n\n\n\n<div class=\"wp-block-column is-layout-flow wp-block-column-is-layout-flow\">\n<h2 class=\"wp-block-heading\">Kundenspezifische Edelstahl-Mischbecher<\/h2>\n\n\n\n<p><\/p>\n\n\n\n<p>Logo: Ihr individuelles Markenlogo<br>Verpackung: Farbkasten\/Karton, etc.<br>MOQ: 1000St\u00fcck<br><strong><a href=\"https:\/\/www.chancescook.com\/de\/custom-cookware\/\">OEM &amp; ODM Kundenspezifische R\u00fchrsch\u00fcsseln L\u00f6sungen<\/a><\/strong><\/p>\n<\/div>\n<\/div>\n\n\n\n<div class=\"wp-block-columns is-layout-flex wp-container-core-columns-is-layout-9d6595d7 wp-block-columns-is-layout-flex\">\n<div class=\"wp-block-column is-layout-flow wp-block-column-is-layout-flow\">\n<figure class=\"wp-block-image size-full\"><img decoding=\"async\" width=\"720\" height=\"720\" src=\"https:\/\/www.chancescook.com\/wp-content\/uploads\/2024\/12\/Wholesale-Stainless-Steel-Mixing-Bowls-2.webp\" alt=\"Gro\u00dfhandel Edelstahl R\u00fchrsch\u00fcsseln (2)\" class=\"wp-image-4495\" srcset=\"https:\/\/www.chancescook.com\/wp-content\/uploads\/2024\/12\/Wholesale-Stainless-Steel-Mixing-Bowls-2.webp 720w, https:\/\/www.chancescook.com\/wp-content\/uploads\/2024\/12\/Wholesale-Stainless-Steel-Mixing-Bowls-2-300x300.webp 300w, https:\/\/www.chancescook.com\/wp-content\/uploads\/2024\/12\/Wholesale-Stainless-Steel-Mixing-Bowls-2-150x150.webp 150w, https:\/\/www.chancescook.com\/wp-content\/uploads\/2024\/12\/Wholesale-Stainless-Steel-Mixing-Bowls-2-12x12.webp 12w, https:\/\/www.chancescook.com\/wp-content\/uploads\/2024\/12\/Wholesale-Stainless-Steel-Mixing-Bowls-2-285x285.webp 285w, https:\/\/www.chancescook.com\/wp-content\/uploads\/2024\/12\/Wholesale-Stainless-Steel-Mixing-Bowls-2-270x270.webp 270w, https:\/\/www.chancescook.com\/wp-content\/uploads\/2024\/12\/Wholesale-Stainless-Steel-Mixing-Bowls-2-540x540.webp 540w, https:\/\/www.chancescook.com\/wp-content\/uploads\/2024\/12\/Wholesale-Stainless-Steel-Mixing-Bowls-2-660x660.webp 660w\" sizes=\"(max-width: 720px) 100vw, 720px\" \/><\/figure>\n<\/div>\n\n\n\n<div class=\"wp-block-column is-layout-flow wp-block-column-is-layout-flow\"><\/div>\n<\/div>","protected":false},"excerpt":{"rendered":"<p>Chancesook ist ein Hersteller von R\u00fchrsch\u00fcsseln, wir bieten Gro\u00dfhandel Mehrzweck-R\u00fchrsch\u00fcsseln Service. Die R\u00fchrsch\u00fcsseln haben ein Sieb, das das Waschen und Filtern von Gem\u00fcse, Obst und Reis erleichtert. Willkommen bei uns, um Bulk kaufen R\u00fchrsch\u00fcsseln zu kontaktieren.<\/p>\n<h3>Merkmale und Vorteile von R\u00fchrsch\u00fcsseln aus Edelstahl<\/h3>\n<ul>\n<li>Durch die exquisite Verarbeitung rostet und verformt er nicht so leicht, ist leicht zu tragen und kann sowohl in der K\u00fcche als auch beim Camping im Freien verwendet werden.<\/li>\n<li>Hergestellt aus Edelstahl 304, glatte Oberfl\u00e4che, leicht zu reinigen, langlebig und stark belastbar.<\/li>\n<li>Hervorragend geeignet f\u00fcr die Reinigung von K\u00fcchenwerkzeugen und Lebensmittelbeh\u00e4ltern, z. B. f\u00fcr Obst, Gem\u00fcse oder andere trockene, gro\u00dfformatige Lebensmittel.<\/li>\n<li>Die Reinigung von Lebensmitteln ist sicher und praktisch, und das Multi-Loch-Design sorgt f\u00fcr einen reibungslosen und effizienten Ablauf.<\/li>\n<li>Wir bieten OEM- und ODM-angepasste R\u00fchrsch\u00fcsseln an.<\/li>\n<\/ul>","protected":false},"featured_media":4494,"comment_status":"closed","ping_status":"closed","template":"","meta":{"_acf_changed":false},"product_brand":[],"product_cat":[55],"product_tag":[],"class_list":{"0":"post-4492","1":"product","2":"type-product","3":"status-publish","4":"has-post-thumbnail","6":"product_cat-tableware-wholesale","8":"first","9":"instock","10":"shipping-taxable","11":"product-type-simple"},"acf":[],"_links":{"self":[{"href":"https:\/\/www.chancescook.com\/de\/wp-json\/wp\/v2\/product\/4492","targetHints":{"allow":["GET"]}}],"collection":[{"href":"https:\/\/www.chancescook.com\/de\/wp-json\/wp\/v2\/product"}],"about":[{"href":"https:\/\/www.chancescook.com\/de\/wp-json\/wp\/v2\/types\/product"}],"replies":[{"embeddable":true,"href":"https:\/\/www.chancescook.com\/de\/wp-json\/wp\/v2\/comments?post=4492"}],"wp:featuredmedia":[{"embeddable":true,"href":"https:\/\/www.chancescook.com\/de\/wp-json\/wp\/v2\/media\/4494"}],"wp:attachment":[{"href":"https:\/\/www.chancescook.com\/de\/wp-json\/wp\/v2\/media?parent=4492"}],"wp:term":[{"taxonomy":"product_brand","embeddable":true,"href":"https:\/\/www.chancescook.com\/de\/wp-json\/wp\/v2\/product_brand?post=4492"},{"taxonomy":"product_cat","embeddable":true,"href":"https:\/\/www.chancescook.com\/de\/wp-json\/wp\/v2\/product_cat?post=4492"},{"taxonomy":"product_tag","embeddable":true,"href":"https:\/\/www.chancescook.com\/de\/wp-json\/wp\/v2\/product_tag?post=4492"}],"curies":[{"name":"wp","href":"https:\/\/api.w.org\/{rel}","templated":true}]}}