{"id":4728,"date":"2025-02-22T02:36:38","date_gmt":"2025-02-22T02:36:38","guid":{"rendered":"https:\/\/www.chancescook.com\/?post_type=product&#038;p=4728"},"modified":"2025-12-21T13:50:45","modified_gmt":"2025-12-21T13:50:45","slug":"custom-snow-pan-wholesale","status":"publish","type":"product","link":"https:\/\/www.chancescook.com\/de\/produkt\/custom-snow-pan-wholesale\/","title":{"rendered":"Custom Snow Pan Gro\u00dfhandel , 403 Edelstahl Kochgeschirr Hersteller"},"content":{"rendered":"<div class=\"wp-block-columns is-layout-flex wp-container-core-columns-is-layout-9d6595d7 wp-block-columns-is-layout-flex\">\n<div class=\"wp-block-column is-layout-flow wp-block-column-is-layout-flow\">\n<h3 class=\"wp-block-heading\">Parameter der Schneeschale aus Edelstahl<\/h3>\n\n\n\n<p><\/p>\n\n\n\n<ul class=\"wp-block-list\">\n<li>Material: Edelstahl 430 Edelstahl<\/li>\n\n\n\n<li>Normale Dicke: 1,0 mm<\/li>\n\n\n\n<li>Gr\u00f6\u00dfe: 18\/20\/22 cm<\/li>\n\n\n\n<li>Logo: Lasergravur\/gepr\u00e4gter Stempel<\/li>\n\n\n\n<li>MOQ: 600 St\u00fcck<\/li>\n<\/ul>\n<\/div>\n\n\n\n<div class=\"wp-block-column is-layout-flow wp-block-column-is-layout-flow\">\n<h3 class=\"wp-block-heading\">Benutzerdefinierte Schneewannen-Optionen<\/h3>\n\n\n\n<p><\/p>\n\n\n\n<ul class=\"wp-block-list\">\n<li>Logo: Passen Sie Ihr Markenlogo an<\/li>\n\n\n\n<li>Material: Rostfreier Stahl 430<\/li>\n\n\n\n<li>Materialst\u00e4rke: 1,0 mm<\/li>\n\n\n\n<li>Material des Deckels: Stil\/Material<\/li>\n\n\n\n<li>Material des Griffs: Stil\/Material<\/li>\n\n\n\n<li>Behandlung der Kontaktfl\u00e4che: Unbeschichtet\/Antihaftbeschichtung<\/li>\n\n\n\n<li>Verpackung: Farbkasten\/Karton, etc.<\/li>\n\n\n\n<li>OEM- &amp; ODM-L\u00f6sungen f\u00fcr kundenspezifische Saucenpfannen<\/li>\n<\/ul>\n<\/div>\n<\/div>\n\n\n\n<div class=\"wp-block-columns is-layout-flex wp-container-core-columns-is-layout-9d6595d7 wp-block-columns-is-layout-flex\">\n<div class=\"wp-block-column is-layout-flow wp-block-column-is-layout-flow\">\n<figure class=\"wp-block-image size-full\"><img decoding=\"async\" width=\"790\" height=\"1053\" src=\"https:\/\/www.chancescook.com\/wp-content\/uploads\/2025\/02\/Custom-Stainless-Steel-Snow-Pot-2-edited.jpg\" alt=\"Custom Snow Pan Gro\u00dfhandel (2)\" class=\"wp-image-4745\" srcset=\"https:\/\/www.chancescook.com\/wp-content\/uploads\/2025\/02\/Custom-Stainless-Steel-Snow-Pot-2-edited.jpg 790w, https:\/\/www.chancescook.com\/wp-content\/uploads\/2025\/02\/Custom-Stainless-Steel-Snow-Pot-2-edited-225x300.jpg 225w, https:\/\/www.chancescook.com\/wp-content\/uploads\/2025\/02\/Custom-Stainless-Steel-Snow-Pot-2-edited-768x1024.jpg 768w, https:\/\/www.chancescook.com\/wp-content\/uploads\/2025\/02\/Custom-Stainless-Steel-Snow-Pot-2-edited-9x12.jpg 9w, https:\/\/www.chancescook.com\/wp-content\/uploads\/2025\/02\/Custom-Stainless-Steel-Snow-Pot-2-edited-285x380.jpg 285w, https:\/\/www.chancescook.com\/wp-content\/uploads\/2025\/02\/Custom-Stainless-Steel-Snow-Pot-2-edited-495x660.jpg 495w, https:\/\/www.chancescook.com\/wp-content\/uploads\/2025\/02\/Custom-Stainless-Steel-Snow-Pot-2-edited-113x150.jpg 113w\" sizes=\"(max-width: 790px) 100vw, 790px\" \/><\/figure>\n<\/div>\n\n\n\n<div class=\"wp-block-column is-layout-flow wp-block-column-is-layout-flow\">\n<figure class=\"wp-block-image size-full\"><img decoding=\"async\" width=\"729\" height=\"972\" src=\"https:\/\/www.chancescook.com\/wp-content\/uploads\/2025\/02\/Custom-Stainless-Steel-Snow-Pot-4-edited.jpg\" alt=\"Kundenspezifische Schneewanne aus Edelstahl (4)\" class=\"wp-image-4744\" srcset=\"https:\/\/www.chancescook.com\/wp-content\/uploads\/2025\/02\/Custom-Stainless-Steel-Snow-Pot-4-edited.jpg 729w, https:\/\/www.chancescook.com\/wp-content\/uploads\/2025\/02\/Custom-Stainless-Steel-Snow-Pot-4-edited-225x300.jpg 225w, https:\/\/www.chancescook.com\/wp-content\/uploads\/2025\/02\/Custom-Stainless-Steel-Snow-Pot-4-edited-9x12.jpg 9w, https:\/\/www.chancescook.com\/wp-content\/uploads\/2025\/02\/Custom-Stainless-Steel-Snow-Pot-4-edited-285x380.jpg 285w, https:\/\/www.chancescook.com\/wp-content\/uploads\/2025\/02\/Custom-Stainless-Steel-Snow-Pot-4-edited-495x660.jpg 495w, https:\/\/www.chancescook.com\/wp-content\/uploads\/2025\/02\/Custom-Stainless-Steel-Snow-Pot-4-edited-113x150.jpg 113w\" sizes=\"(max-width: 729px) 100vw, 729px\" \/><\/figure>\n<\/div>\n<\/div>\n\n\n\n<div class=\"wp-block-columns is-layout-flex wp-container-core-columns-is-layout-9d6595d7 wp-block-columns-is-layout-flex\">\n<div class=\"wp-block-column is-layout-flow wp-block-column-is-layout-flow\">\n<figure class=\"wp-block-image size-full\"><img decoding=\"async\" width=\"712\" height=\"1085\" src=\"https:\/\/www.chancescook.com\/wp-content\/uploads\/2025\/02\/Custom-Stainless-Steel-Snow-Pot-1.jpg\" alt=\"Kundenspezifischer Schneetopf aus Edelstahl (1)\" class=\"wp-image-4729\" srcset=\"https:\/\/www.chancescook.com\/wp-content\/uploads\/2025\/02\/Custom-Stainless-Steel-Snow-Pot-1.jpg 712w, https:\/\/www.chancescook.com\/wp-content\/uploads\/2025\/02\/Custom-Stainless-Steel-Snow-Pot-1-197x300.jpg 197w, https:\/\/www.chancescook.com\/wp-content\/uploads\/2025\/02\/Custom-Stainless-Steel-Snow-Pot-1-8x12.jpg 8w, https:\/\/www.chancescook.com\/wp-content\/uploads\/2025\/02\/Custom-Stainless-Steel-Snow-Pot-1-285x434.jpg 285w, https:\/\/www.chancescook.com\/wp-content\/uploads\/2025\/02\/Custom-Stainless-Steel-Snow-Pot-1-433x660.jpg 433w, https:\/\/www.chancescook.com\/wp-content\/uploads\/2025\/02\/Custom-Stainless-Steel-Snow-Pot-1-98x150.jpg 98w\" sizes=\"(max-width: 712px) 100vw, 712px\" \/><\/figure>\n<\/div>\n\n\n\n<div class=\"wp-block-column is-layout-flow wp-block-column-is-layout-flow\"><\/div>\n<\/div>\n\n\n\n<p><\/p>","protected":false},"excerpt":{"rendered":"<p>Wir bieten hochwertige japanische Antihaft-Schneepfannen f\u00fcr den Gro\u00dfhandel an. Das Design des K\u00f6rpers ist einfach und elegant mit einem passenden Deckel. Es gibt zwei Arten von Topf Materialien f\u00fcr Sie zu w\u00e4hlen: 304 und 430. Sie eignen sich alle sehr gut f\u00fcr Picknicks im Freien oder zum Kochen im Haus. Wir bieten auch einen individuellen Anpassungsservice an, und Markenlogos und individuelle Verpackungen k\u00f6nnen nach Ihren W\u00fcnschen gedruckt werden. Bitte kontaktieren Sie uns, um zu bestellen.<\/p>\n<h2>Merkmale und Vorteile von Snow Pan Gro\u00dfhandel<\/h2>\n<p>&nbsp;<\/p>\n<p><strong>Einfacher Holzgriff<\/strong>: Der Holzgriff des Schneetopfs ist gut verarbeitet, liegt gut in der Hand und wirkt als guter W\u00e4rmeableiter, wodurch er f\u00fcr die K\u00f6che leicht zu handhaben ist. Egal, ob Sie eine Schneekanne im Gro\u00dfhandel oder ein individuelles Design suchen, der Griff sorgt f\u00fcr einen bequemen Halt.<\/p>\n<p><strong>Doppelte Ausgie\u00dfer<\/strong>: Dieser Schneetopf verf\u00fcgt \u00fcber beidseitige Ausgie\u00df\u00f6ffnungen, die das Ausgie\u00dfen von \u00d6l erm\u00f6glichen und sowohl f\u00fcr Links- als auch f\u00fcr Rechtsh\u00e4nder geeignet sind. Die perfekte Wahl f\u00fcr alle, die ma\u00dfgeschneidertes Kochgeschirr aus Edelstahl 430 mit durchdachter Funktionalit\u00e4t suchen.<\/p>\n<p><strong>Flexible Kompatibilit\u00e4t<\/strong>: Der Schneetopf ist mit verschiedenen Kochfl\u00e4chen kompatibel, darunter Schneet\u00f6pfe, Gasherde, Induktionsherde oder Induktions\u00f6fen, was Ihnen ultimative Flexibilit\u00e4t in der K\u00fcche bietet.<\/p>\n<p><strong>Gleichm\u00e4\u00dfige W\u00e4rmeverteilung<\/strong>: Der Boden aus rostfreiem Stahl sorgt f\u00fcr eine gleichm\u00e4\u00dfige W\u00e4rmeverteilung und verhindert hei\u00dfe Stellen, wodurch der Geschmack der Speisen erhalten bleibt und Energie gespart werden kann. Es ist eine ausgezeichnete Option f\u00fcr diejenigen, die an qualitativ hochwertigen Schneepfannen-Gro\u00dfhandelsprodukten interessiert sind.<\/p>\n<p><strong>Cooles Design des Griffs<\/strong>: Der Griff ist so konzipiert, dass er einen hervorragenden Luftstrom bietet und sich auch bei gro\u00dfer Hitze k\u00fchl anf\u00fchlt. Dies erh\u00f6ht die Sicherheit und den Komfort beim Kochen und macht ihn zu einer idealen Option f\u00fcr ma\u00dfgeschneidertes Edelstahl-Kochgeschirr aus 430 Edelstahl.<\/p>\n<p><strong>Doppelt vernietet f\u00fcr Langlebigkeit<\/strong>: Der doppelt vernietete Griff sorgt f\u00fcr eine l\u00e4ngere Lebensdauer Ihres Schneekessels und bietet jedes Mal ein komfortables und sicheres Kocherlebnis.<\/p>","protected":false},"featured_media":5777,"comment_status":"closed","ping_status":"closed","template":"","meta":{"_acf_changed":false},"product_brand":[],"product_cat":[52,69],"product_tag":[],"class_list":{"0":"post-4728","1":"product","2":"type-product","3":"status-publish","4":"has-post-thumbnail","6":"product_cat-cookware-wholesale","7":"product_cat-snow-pan-wholesaler","9":"first","10":"instock","11":"shipping-taxable","12":"product-type-simple"},"acf":[],"_links":{"self":[{"href":"https:\/\/www.chancescook.com\/de\/wp-json\/wp\/v2\/product\/4728","targetHints":{"allow":["GET"]}}],"collection":[{"href":"https:\/\/www.chancescook.com\/de\/wp-json\/wp\/v2\/product"}],"about":[{"href":"https:\/\/www.chancescook.com\/de\/wp-json\/wp\/v2\/types\/product"}],"replies":[{"embeddable":true,"href":"https:\/\/www.chancescook.com\/de\/wp-json\/wp\/v2\/comments?post=4728"}],"wp:featuredmedia":[{"embeddable":true,"href":"https:\/\/www.chancescook.com\/de\/wp-json\/wp\/v2\/media\/5777"}],"wp:attachment":[{"href":"https:\/\/www.chancescook.com\/de\/wp-json\/wp\/v2\/media?parent=4728"}],"wp:term":[{"taxonomy":"product_brand","embeddable":true,"href":"https:\/\/www.chancescook.com\/de\/wp-json\/wp\/v2\/product_brand?post=4728"},{"taxonomy":"product_cat","embeddable":true,"href":"https:\/\/www.chancescook.com\/de\/wp-json\/wp\/v2\/product_cat?post=4728"},{"taxonomy":"product_tag","embeddable":true,"href":"https:\/\/www.chancescook.com\/de\/wp-json\/wp\/v2\/product_tag?post=4728"}],"curies":[{"name":"wp","href":"https:\/\/api.w.org\/{rel}","templated":true}]}}