{"id":4858,"date":"2025-03-24T06:29:29","date_gmt":"2025-03-24T06:29:29","guid":{"rendered":"https:\/\/www.chancescook.com\/?post_type=product&#038;p=4858"},"modified":"2025-12-22T09:39:52","modified_gmt":"2025-12-22T09:39:52","slug":"wholesale-camping-plates-supplier","status":"publish","type":"product","link":"https:\/\/www.chancescook.com\/de\/produkt\/wholesale-camping-plates-supplier\/","title":{"rendered":"Gro\u00dfhandel 304 Edelstahl Camping-Platten Lieferant"},"content":{"rendered":"<div class=\"wp-block-columns is-layout-flex wp-container-core-columns-is-layout-9d6595d7 wp-block-columns-is-layout-flex\">\n<div class=\"wp-block-column is-layout-flow wp-block-column-is-layout-flow\">\n<h3 class=\"wp-block-heading\">Gro\u00dfhandel 304 Edelstahl Camping-Platten Outdoor<\/h3>\n\n\n\n<p>Material: 304 rostfreier Stahl <br>Normale Dicke: 0,5 mm<br>Gr\u00f6\u00dfe: 14\/18\/21 cm<br>Logo: Lasergravur\/gepr\u00e4gter Stempel<br>MOQ: 600 St\u00fcck<\/p>\n\n\n\n<h3 class=\"wp-block-heading\">Kundenspezifische 304 Edelstahl-Camping-Platten f\u00fcr den Au\u00dfenbereich<\/h3>\n\n\n\n<p>Logo: Passen Sie Ihr Markenlogo an<br>Material: 304 rostfreier Stahl<br>Materialst\u00e4rke: 0,5 mm<br>Behandlung der Kontaktfl\u00e4che: Unbeschichtet\/Antihaftbeschichtung<br>Verpackung: Farbkasten\/Karton, etc<br>OEM &amp; ODM Custom Camping Disc Teller Outdoor L\u00f6sungen<\/p>\n<\/div>\n\n\n\n<div class=\"wp-block-column is-layout-flow wp-block-column-is-layout-flow\">\n<figure class=\"wp-block-image size-full\"><img decoding=\"async\" width=\"800\" height=\"800\" src=\"https:\/\/www.chancescook.com\/wp-content\/uploads\/2025\/03\/Wholesale-Camping-Plates-Supplier-2.webp\" alt=\"Gro\u00dfhandel Camping-Platten Lieferant (2)\" class=\"wp-image-4860\" srcset=\"https:\/\/www.chancescook.com\/wp-content\/uploads\/2025\/03\/Wholesale-Camping-Plates-Supplier-2.webp 800w, https:\/\/www.chancescook.com\/wp-content\/uploads\/2025\/03\/Wholesale-Camping-Plates-Supplier-2-300x300.webp 300w, https:\/\/www.chancescook.com\/wp-content\/uploads\/2025\/03\/Wholesale-Camping-Plates-Supplier-2-150x150.webp 150w, https:\/\/www.chancescook.com\/wp-content\/uploads\/2025\/03\/Wholesale-Camping-Plates-Supplier-2-768x768.webp 768w, https:\/\/www.chancescook.com\/wp-content\/uploads\/2025\/03\/Wholesale-Camping-Plates-Supplier-2-12x12.webp 12w, https:\/\/www.chancescook.com\/wp-content\/uploads\/2025\/03\/Wholesale-Camping-Plates-Supplier-2-285x285.webp 285w, https:\/\/www.chancescook.com\/wp-content\/uploads\/2025\/03\/Wholesale-Camping-Plates-Supplier-2-270x270.webp 270w, https:\/\/www.chancescook.com\/wp-content\/uploads\/2025\/03\/Wholesale-Camping-Plates-Supplier-2-540x540.webp 540w, https:\/\/www.chancescook.com\/wp-content\/uploads\/2025\/03\/Wholesale-Camping-Plates-Supplier-2-660x660.webp 660w\" sizes=\"(max-width: 800px) 100vw, 800px\" \/><\/figure>\n<\/div>\n<\/div>","protected":false},"excerpt":{"rendered":"<p>Chancescook pr\u00e4sentiert Camping-Teller in Gro\u00dfhandelsqualit\u00e4t aus 0,5 mm verst\u00e4rktem Edelstahl 304, die f\u00fcr Outdoor-Einzelh\u00e4ndler und Gastronomieketten entwickelt wurden. Sie sind FDA 21 CFR 175.300-konform und ideal f\u00fcr Gebirgsorte, mobile K\u00fcchen und Notfallbeschaffungslisten. Die Mindestbestellmenge betr\u00e4gt 600 St\u00fcck bei kundenspezifischen L\u00f6sungen - fragen Sie noch heute nach Preisen. \u00a0<\/p>\n<h2>Merkmale und Vorteile von Gro\u00dfhandel Camping-Platten<\/h2>\n<p>&nbsp;<\/p>\n<ul>\n<li><strong>Langlebiger Edelstahl in Milit\u00e4rqualit\u00e4t<\/strong>: Gro\u00dfhandels-Campingplatten aus 0,5 mm Edelstahl in Milit\u00e4rqualit\u00e4t, die den ASTM B117 Salzspr\u00fchnebeltest bestanden haben und mehr als 3000 Steinschl\u00e4gen standhalten, sind extrem haltbar.<\/li>\n<li><strong>Ergonomisches und rutschfestes Design<\/strong>: Diese stabilen Campingsch\u00fcsseln verf\u00fcgen \u00fcber radiale Anti-Rutsch-Rillen, die ein sicheres Aufstellen auf 30\u00b0 geneigten Fl\u00e4chen erm\u00f6glichen, sowie \u00fcber einen 22\u00b0 gerollten Rand, der ein Versch\u00fctten bei der Einhandbedienung verhindert.<\/li>\n<li><strong>Platzsparende modulare Stapelung<\/strong>: Als Anbieter von Campinggeschirr bieten wir stapelbare Teller mit ineinander greifenden Rillen an, die eine vertikale Lagerung von 6 Schichten erm\u00f6glichen und 68% platzsparend verpacken lassen.<\/li>\n<li><strong>Extreme Temperaturbest\u00e4ndigkeit<\/strong>: Diese Gro\u00dfhandel Campingplatten widerstehen -40\u2103 bis 300\u2103, so dass sie perfekt f\u00fcr Lagerfeuer und Induktionskochfelder, Zuverl\u00e4ssigkeit unter allen Bedingungen zu gew\u00e4hrleisten.<\/li>\n<\/ul>\n<p><strong>Gewinnbringende Vielseitigkeit:<\/strong><\/p>\n<p>\u25b8 Au\u00dfen: Gipfel-Brennstoffplattform\uff5cKlappbarer Grillboden\uff5cAngelk\u00f6derbeh\u00e4lter<br \/>\u25b8 Gewerblich: Serviertablett f\u00fcr Foodtrucks\uff5cGeschirr zum Bekleben\uff5cMahlzeitenteller f\u00fcr Fluggesellschaften<br \/>\u25b8 Notfall: Verteilungssystem f\u00fcr Katastrophenhilfe\uff5cFeldkrankenhaus-Instrumentenschale<\/p>","protected":false},"featured_media":5736,"comment_status":"closed","ping_status":"closed","template":"","meta":{"_acf_changed":false},"product_brand":[],"product_cat":[54,56],"product_tag":[],"class_list":{"0":"post-4858","1":"product","2":"type-product","3":"status-publish","4":"has-post-thumbnail","6":"product_cat-camping-cookware-wholesale","7":"product_cat-wholesale-kitchen-utensils","9":"first","10":"instock","11":"shipping-taxable","12":"product-type-simple"},"acf":[],"_links":{"self":[{"href":"https:\/\/www.chancescook.com\/de\/wp-json\/wp\/v2\/product\/4858","targetHints":{"allow":["GET"]}}],"collection":[{"href":"https:\/\/www.chancescook.com\/de\/wp-json\/wp\/v2\/product"}],"about":[{"href":"https:\/\/www.chancescook.com\/de\/wp-json\/wp\/v2\/types\/product"}],"replies":[{"embeddable":true,"href":"https:\/\/www.chancescook.com\/de\/wp-json\/wp\/v2\/comments?post=4858"}],"wp:featuredmedia":[{"embeddable":true,"href":"https:\/\/www.chancescook.com\/de\/wp-json\/wp\/v2\/media\/5736"}],"wp:attachment":[{"href":"https:\/\/www.chancescook.com\/de\/wp-json\/wp\/v2\/media?parent=4858"}],"wp:term":[{"taxonomy":"product_brand","embeddable":true,"href":"https:\/\/www.chancescook.com\/de\/wp-json\/wp\/v2\/product_brand?post=4858"},{"taxonomy":"product_cat","embeddable":true,"href":"https:\/\/www.chancescook.com\/de\/wp-json\/wp\/v2\/product_cat?post=4858"},{"taxonomy":"product_tag","embeddable":true,"href":"https:\/\/www.chancescook.com\/de\/wp-json\/wp\/v2\/product_tag?post=4858"}],"curies":[{"name":"wp","href":"https:\/\/api.w.org\/{rel}","templated":true}]}}