{"id":4892,"date":"2025-04-18T10:45:50","date_gmt":"2025-04-18T10:45:50","guid":{"rendered":"https:\/\/www.chancescook.com\/?post_type=product&#038;p=4892"},"modified":"2025-12-20T08:31:25","modified_gmt":"2025-12-20T08:31:25","slug":"oem-camping-cookware-set-wholesale","status":"publish","type":"product","link":"https:\/\/www.chancescook.com\/de\/produkt\/oem-camping-cookware-set-wholesale\/","title":{"rendered":"OEM Camping Kochgeschirr Set Gro\u00dfhandel, 304 Edelstahl Camping Topf Set Hersteller"},"content":{"rendered":"<div class=\"wp-block-columns is-layout-flex wp-container-core-columns-is-layout-9d6595d7 wp-block-columns-is-layout-flex\">\n<div class=\"wp-block-column is-layout-flow wp-block-column-is-layout-flow\">\n<h3 class=\"wp-block-heading\">Parameter von Kochgeschirr aus Edelstahl<\/h3>\n\n\n\n<p>Typ: Kochgeschirr-Set<br>Anzahl der Teile: 7 St\u00fcck Satz<br>Material: 304 rostfreier Stahl<br>Menge: 1 Satz\/Karton\uff0814cm\/16cm\/20cm)<br>Gewicht: 2,8 kg<br>Kartongr\u00f6\u00dfe: 29\u00d729\u00d722cm<br>Anwendung: Camping Kochen<\/p>\n\n\n\n<h3 class=\"wp-block-heading\">Individuelles Kochgeschirr aus Edelstahl<\/h3>\n\n\n\n<p>Verpackung: Farbige Schachtel\/Karton, etc.<br>OEM &amp; ODM Kundenspezifische L\u00f6sungen<\/p>\n<\/div>\n\n\n\n<div class=\"wp-block-column is-layout-flow wp-block-column-is-layout-flow\">\n<figure class=\"wp-block-image size-full\"><img decoding=\"async\" width=\"1000\" height=\"1000\" src=\"https:\/\/www.chancescook.com\/wp-content\/uploads\/2025\/04\/Camping-Cookware-Set-Wholesaler.webp\" alt=\"Camping-Kochgeschirr-Set Gro\u00dfh\u00e4ndler\" class=\"wp-image-4896\" srcset=\"https:\/\/www.chancescook.com\/wp-content\/uploads\/2025\/04\/Camping-Cookware-Set-Wholesaler.webp 1000w, https:\/\/www.chancescook.com\/wp-content\/uploads\/2025\/04\/Camping-Cookware-Set-Wholesaler-300x300.webp 300w, https:\/\/www.chancescook.com\/wp-content\/uploads\/2025\/04\/Camping-Cookware-Set-Wholesaler-150x150.webp 150w, https:\/\/www.chancescook.com\/wp-content\/uploads\/2025\/04\/Camping-Cookware-Set-Wholesaler-768x768.webp 768w, https:\/\/www.chancescook.com\/wp-content\/uploads\/2025\/04\/Camping-Cookware-Set-Wholesaler-12x12.webp 12w, https:\/\/www.chancescook.com\/wp-content\/uploads\/2025\/04\/Camping-Cookware-Set-Wholesaler-285x285.webp 285w, https:\/\/www.chancescook.com\/wp-content\/uploads\/2025\/04\/Camping-Cookware-Set-Wholesaler-270x270.webp 270w, https:\/\/www.chancescook.com\/wp-content\/uploads\/2025\/04\/Camping-Cookware-Set-Wholesaler-540x540.webp 540w, https:\/\/www.chancescook.com\/wp-content\/uploads\/2025\/04\/Camping-Cookware-Set-Wholesaler-660x660.webp 660w\" sizes=\"(max-width: 1000px) 100vw, 1000px\" \/><\/figure>\n<\/div>\n<\/div>\n\n\n\n<div class=\"wp-block-columns is-layout-flex wp-container-core-columns-is-layout-9d6595d7 wp-block-columns-is-layout-flex\">\n<div class=\"wp-block-column is-layout-flow wp-block-column-is-layout-flow\">\n<figure class=\"wp-block-image size-full\"><img decoding=\"async\" width=\"800\" height=\"800\" src=\"https:\/\/www.chancescook.com\/wp-content\/uploads\/2025\/04\/0be88d295005eb449c211241a1e2481.webp\" alt=\"Camping Kochgeschirr Set Gro\u00dfhandel Bratpfanne\" class=\"wp-image-4910\" srcset=\"https:\/\/www.chancescook.com\/wp-content\/uploads\/2025\/04\/0be88d295005eb449c211241a1e2481.webp 800w, https:\/\/www.chancescook.com\/wp-content\/uploads\/2025\/04\/0be88d295005eb449c211241a1e2481-300x300.webp 300w, https:\/\/www.chancescook.com\/wp-content\/uploads\/2025\/04\/0be88d295005eb449c211241a1e2481-150x150.webp 150w, https:\/\/www.chancescook.com\/wp-content\/uploads\/2025\/04\/0be88d295005eb449c211241a1e2481-768x768.webp 768w, https:\/\/www.chancescook.com\/wp-content\/uploads\/2025\/04\/0be88d295005eb449c211241a1e2481-12x12.webp 12w, https:\/\/www.chancescook.com\/wp-content\/uploads\/2025\/04\/0be88d295005eb449c211241a1e2481-285x285.webp 285w, https:\/\/www.chancescook.com\/wp-content\/uploads\/2025\/04\/0be88d295005eb449c211241a1e2481-270x270.webp 270w, https:\/\/www.chancescook.com\/wp-content\/uploads\/2025\/04\/0be88d295005eb449c211241a1e2481-540x540.webp 540w, https:\/\/www.chancescook.com\/wp-content\/uploads\/2025\/04\/0be88d295005eb449c211241a1e2481-660x660.webp 660w\" sizes=\"(max-width: 800px) 100vw, 800px\" \/><\/figure>\n<\/div>\n\n\n\n<div class=\"wp-block-column is-layout-flow wp-block-column-is-layout-flow\">\n<figure class=\"wp-block-image size-full\"><img decoding=\"async\" width=\"800\" height=\"800\" src=\"https:\/\/www.chancescook.com\/wp-content\/uploads\/2025\/04\/6376cf03c91dcc2165f8e85a36e1d67.webp\" alt=\"Camping Kochgeschirr Set Gro\u00dfhandel Suppentopf\" class=\"wp-image-4912\" srcset=\"https:\/\/www.chancescook.com\/wp-content\/uploads\/2025\/04\/6376cf03c91dcc2165f8e85a36e1d67.webp 800w, https:\/\/www.chancescook.com\/wp-content\/uploads\/2025\/04\/6376cf03c91dcc2165f8e85a36e1d67-300x300.webp 300w, https:\/\/www.chancescook.com\/wp-content\/uploads\/2025\/04\/6376cf03c91dcc2165f8e85a36e1d67-150x150.webp 150w, https:\/\/www.chancescook.com\/wp-content\/uploads\/2025\/04\/6376cf03c91dcc2165f8e85a36e1d67-768x768.webp 768w, https:\/\/www.chancescook.com\/wp-content\/uploads\/2025\/04\/6376cf03c91dcc2165f8e85a36e1d67-12x12.webp 12w, https:\/\/www.chancescook.com\/wp-content\/uploads\/2025\/04\/6376cf03c91dcc2165f8e85a36e1d67-285x285.webp 285w, https:\/\/www.chancescook.com\/wp-content\/uploads\/2025\/04\/6376cf03c91dcc2165f8e85a36e1d67-270x270.webp 270w, https:\/\/www.chancescook.com\/wp-content\/uploads\/2025\/04\/6376cf03c91dcc2165f8e85a36e1d67-540x540.webp 540w, https:\/\/www.chancescook.com\/wp-content\/uploads\/2025\/04\/6376cf03c91dcc2165f8e85a36e1d67-660x660.webp 660w\" sizes=\"(max-width: 800px) 100vw, 800px\" \/><\/figure>\n<\/div>\n\n\n\n<div class=\"wp-block-column is-layout-flow wp-block-column-is-layout-flow\">\n<figure class=\"wp-block-image size-full\"><img decoding=\"async\" width=\"800\" height=\"800\" src=\"https:\/\/www.chancescook.com\/wp-content\/uploads\/2025\/04\/22a4cc9b300de6f1141c5532d967281.webp\" alt=\"Camping Kochgeschirr Set Gro\u00dfhandel Portable Sch\u00fcssel\" class=\"wp-image-4911\" srcset=\"https:\/\/www.chancescook.com\/wp-content\/uploads\/2025\/04\/22a4cc9b300de6f1141c5532d967281.webp 800w, https:\/\/www.chancescook.com\/wp-content\/uploads\/2025\/04\/22a4cc9b300de6f1141c5532d967281-300x300.webp 300w, https:\/\/www.chancescook.com\/wp-content\/uploads\/2025\/04\/22a4cc9b300de6f1141c5532d967281-150x150.webp 150w, https:\/\/www.chancescook.com\/wp-content\/uploads\/2025\/04\/22a4cc9b300de6f1141c5532d967281-768x768.webp 768w, https:\/\/www.chancescook.com\/wp-content\/uploads\/2025\/04\/22a4cc9b300de6f1141c5532d967281-12x12.webp 12w, https:\/\/www.chancescook.com\/wp-content\/uploads\/2025\/04\/22a4cc9b300de6f1141c5532d967281-285x285.webp 285w, https:\/\/www.chancescook.com\/wp-content\/uploads\/2025\/04\/22a4cc9b300de6f1141c5532d967281-270x270.webp 270w, https:\/\/www.chancescook.com\/wp-content\/uploads\/2025\/04\/22a4cc9b300de6f1141c5532d967281-540x540.webp 540w, https:\/\/www.chancescook.com\/wp-content\/uploads\/2025\/04\/22a4cc9b300de6f1141c5532d967281-660x660.webp 660w\" sizes=\"(max-width: 800px) 100vw, 800px\" \/><\/figure>\n<\/div>\n<\/div>\n\n\n\n<p><\/p>","protected":false},"excerpt":{"rendered":"<p><span class=\"Editor_t__added__LtuNJ\">Personalisierte <\/span><span class=\"Editor_t__not_edited__WuRP8\">Camping-Kochgeschirr-Set w<span class=\"Editor_t__added__LtuNJ\">Lochverkauf<\/span><\/span><span class=\"Editor_t__not_edited_long__JuNNx\">aus hochwertigem, lebensmittelechtem Edelstahl 304. Geeignet f\u00fcr\u00a0<\/span><span class=\"Editor_t__added__LtuNJ\">jede<\/span><span class=\"Editor_t__not_edited__WuRP8\">\u00a0im Freien\u00a0<\/span><span class=\"Editor_t__added__LtuNJ\">Aktivit\u00e4ten<\/span><span class=\"Editor_t__not_edited__WuRP8\">\u00a0wie Camping,\u00a0<\/span><span class=\"Editor_t__added__LtuNJ\">Picknick<\/span><span class=\"Editor_t__not_edited__WuRP8\">und Wandern. Glatt\u00a0<\/span><span class=\"Editor_t__added__LtuNJ\">Struktur\u00a0<\/span><span class=\"Editor_t__not_edited__WuRP8\">Oberfl\u00e4che\u00a0<\/span><span class=\"Editor_t__not_edited__WuRP8\">verhindert Lebensmittel\u00a0<\/span><span class=\"Editor_t__added__LtuNJ\">R\u00fcckst\u00e4nde<\/span><span class=\"Editor_t__not_edited__WuRP8\">und macht es einfach, die <\/span><span class=\"Editor_t__added__LtuNJ\">Hand<\/span><span class=\"Editor_t__not_edited__WuRP8\">\u00a0<\/span><span class=\"Editor_t__added__LtuNJ\">waschen<\/span><span class=\"Editor_t__not_edited__WuRP8\">\u00a0<\/span><span class=\"Editor_t__not_edited__WuRP8\">oder\u00a0<\/span><span class=\"Editor_t__added__LtuNJ\">Geschirrsp\u00fcler<\/span><span class=\"Editor_t__not_edited__WuRP8\">\u00a0<\/span><span class=\"Editor_t__added__LtuNJ\">sauber<\/span><span class=\"Editor_t__not_edited__WuRP8\">.\u00a0<\/span><span class=\"Editor_t__added__LtuNJ\">Wir<\/span><span class=\"Editor_t__not_edited__WuRP8\">\u00a0<\/span><span class=\"Editor_t__added__LtuNJ\">sind\u00a0<\/span><span class=\"Editor_t__not_edited__WuRP8\">ein professioneller Edelstahl\u00a0<\/span><span class=\"Editor_t__added__LtuNJ\">Topf<\/span><span class=\"Editor_t__not_edited__WuRP8\">\u00a0und\u00a0<\/span><span class=\"Editor_t__added__LtuNJ\">pan<\/span><span class=\"Editor_t__not_edited__WuRP8\">\u00a0Hersteller<\/span><span class=\"Editor_t__not_edited__WuRP8\">\u00a0<\/span><span class=\"Editor_t__added__LtuNJ\">-<\/span><span class=\"Editor_t__not_edited__WuRP8\">\u00a0<\/span><span class=\"Editor_t__not_edited__WuRP8\">OEM\/ODM-Auftr\u00e4ge\u00a0<\/span><span class=\"Editor_t__added__LtuNJ\">sind<\/span><span class=\"Editor_t__not_edited__WuRP8\">\u00a0<\/span><span class=\"Editor_t__added__LtuNJ\">willkommen, einfach\u00a0<\/span><span class=\"Editor_t__not_edited__WuRP8\">Kontakt zu uns aufnehmen\u00a0<\/span><span class=\"Editor_t__added__LtuNJ\">Start<\/span><span class=\"Editor_t__not_edited__WuRP8\">!<\/span><\/p>\n<h2>Eigenschaften und Vorteile von Camping Kochgeschirr Set Gro\u00dfhandel<\/h2>\n<ul>\n<li><strong><span class=\"Editor_t__added__LtuNJ\">Lang<\/span><span class=\"Editor_t__not_edited__WuRP8\">-<\/span><span class=\"Editor_t__added__LtuNJ\">dauerhaft<\/span><\/strong><span class=\"Editor_t__not_edited__WuRP8\"><strong> 304 Edelstahl<\/strong>:\u00a0<\/span><span class=\"Editor_t__added__LtuNJ\">Konstruiert<\/span><span class=\"Editor_t__not_edited__WuRP8\">\u00a0<\/span><span class=\"Editor_t__added__LtuNJ\">von<\/span><span class=\"Editor_t__not_edited__WuRP8\">\u00a0<\/span><span class=\"Editor_t__added__LtuNJ\">hochwertige<\/span><span class=\"Editor_t__not_edited_long__JuNNx\">\u00a0Edelstahl 304 in Lebensmittelqualit\u00e4t,\u00a0<\/span><span class=\"Editor_t__added__LtuNJ\">Langlebig<\/span><span class=\"Editor_t__not_edited__WuRP8\">,\u00a0<\/span><span class=\"Editor_t__added__LtuNJ\">rostfrei<\/span><span class=\"Editor_t__not_edited__WuRP8\">und\u00a0<\/span><span class=\"Editor_t__added__LtuNJ\">geeignet<\/span><span class=\"Editor_t__not_edited__WuRP8\">\u00a0f\u00fcr alle\u00a0<\/span><span class=\"Editor_t__added__LtuNJ\">Arten von\u00a0<\/span><span class=\"Editor_t__not_edited__WuRP8\">im Freien\u00a0<\/span><span class=\"Editor_t__added__LtuNJ\">verwenden.<\/span><span class=\"Editor_t__not_edited__WuRP8\">.\u00a0<\/span><span class=\"Editor_t__added__LtuNJ\">Sein<\/span><span class=\"Editor_t__not_edited_long__JuNNx\">\u00a0zuverl\u00e4ssige T\u00f6pfe und Pfannen aus rostfreiem Stahl\u00a0<\/span><span class=\"Editor_t__added__LtuNJ\">Anbieter<\/span><span class=\"Editor_t__not_edited__WuRP8\">wir\u00a0<\/span><span class=\"Editor_t__added__LtuNJ\">Versprechen<\/span><span class=\"Editor_t__not_edited__WuRP8\">\u00a0lang<\/span><span class=\"Editor_t__added__LtuNJ\">dauerhaft<\/span><span class=\"Editor_t__not_edited__WuRP8\">\u00a0<\/span><span class=\"Editor_t__added__LtuNJ\">verwenden.<\/span><span class=\"Editor_t__not_edited_long__JuNNx\">\u00a0und Sicherheit. <\/span><\/li>\n<li><strong><span class=\"Editor_t__not_edited_long__JuNNx\">Vollst\u00e4ndig C<\/span><span class=\"Editor_t__added__LtuNJ\">ookware<\/span><\/strong><span class=\"Editor_t__not_edited__WuRP8\"><strong> Satz<\/strong>: Diese\u00a0<\/span><span class=\"Editor_t__added__LtuNJ\">Gro\u00dfhandel\u00a0<\/span><span class=\"Editor_t__not_edited__WuRP8\">Camping-Kochgeschirr-Set\u00a0<\/span><span class=\"Editor_t__not_edited__WuRP8\">umfasst 7\u00a0<\/span><span class=\"Editor_t__added__LtuNJ\">Wesentliches<\/span><span class=\"Editor_t__not_edited__WuRP8\">\u00a0<\/span><span class=\"Editor_t__not_edited__WuRP8\">zu\u00a0<\/span><span class=\"Editor_t__added__LtuNJ\">erf\u00fcllen<\/span><span class=\"Editor_t__not_edited__WuRP8\">\u00a0alle Ihre\u00a0<\/span><span class=\"Editor_t__added__LtuNJ\">Anforderungen in\u00a0<\/span><span class=\"Editor_t__not_edited__WuRP8\">Kochen im Freien<\/span><span class=\"Editor_t__not_edited__WuRP8\">und macht\u00a0<\/span><span class=\"Editor_t__added__LtuNJ\">es<\/span><span class=\"Editor_t__not_edited__WuRP8\">\u00a0<\/span><span class=\"Editor_t__not_edited__WuRP8\">bequemer<\/span><span class=\"Editor_t__added__LtuNJ\">\u00a0um sich da drau\u00dfen zu vergn\u00fcgen<\/span><span class=\"Editor_t__not_edited_long__JuNNx\">. <\/span><\/li>\n<li><span class=\"Editor_t__not_edited_long__JuNNx\"><strong>Tragbar und kompakt<\/strong>: Leichtgewicht\u00a0<\/span><span class=\"Editor_t__added__LtuNJ\">Konstruktion<\/span><span class=\"Editor_t__not_edited__WuRP8\">\u00a0mit einer\u00a0<\/span><span class=\"Editor_t__added__LtuNJ\">Spezial<\/span><span class=\"Editor_t__not_edited_long__JuNNx\">\u00a0Aufbewahrungstasche. Alle Werkzeuge sind leicht zu organisieren und zu tragen - perfekt f\u00fcr Camping, Wandern und\u00a0<\/span><span class=\"Editor_t__added__LtuNJ\">Reisen<\/span><span class=\"Editor_t__not_edited_long__JuNNx\">. <\/span><\/li>\n<li><span class=\"Editor_t__not_edited_long__JuNNx\"><strong>Gesund und sicher<\/strong>: BPA-freie und lebensmittelechte Materialien ohne sch\u00e4dliche\u00a0<\/span><span class=\"Editor_t__added__LtuNJ\">Chemikalien<\/span><span class=\"Editor_t__not_edited__WuRP8\">.\u00a0<\/span><span class=\"Editor_t__added__LtuNJ\">Konstruiert<\/span><span class=\"Editor_t__not_edited__WuRP8\">\u00a0von einem\u00a0<\/span><span class=\"Editor_t__added__LtuNJ\">bekannt<\/span><span class=\"Editor_t__not_edited_long__JuNNx\">\u00a0Hersteller von T\u00f6pfen und Pfannen aus Edelstahl f\u00fcr\u00a0<\/span><span class=\"Editor_t__added__LtuNJ\">Versicherung<\/span><span class=\"Editor_t__not_edited_long__JuNNx\">. <\/span><\/li>\n<li><span class=\"Editor_t__not_edited_long__JuNNx\"><strong>Leicht zu reinigen<\/strong>: Glatte Oberfl\u00e4chengestaltung\u00a0<\/span><span class=\"Editor_t__added__LtuNJ\">vermeidet<\/span><span class=\"Editor_t__not_edited__WuRP8\">\u00a0<\/span><span class=\"Editor_t__not_edited__WuRP8\">Lebensmittel\u00a0<\/span><span class=\"Editor_t__added__LtuNJ\">Akkumulation<\/span><span class=\"Editor_t__not_edited__WuRP8\">. Geschirrsp\u00fcler<\/span><span class=\"Editor_t__added__LtuNJ\">-<\/span><span class=\"Editor_t__not_edited__WuRP8\">sicher und handlich<\/span><span class=\"Editor_t__added__LtuNJ\">\u00a0<\/span><span class=\"Editor_t__not_edited_long__JuNNx\">waschbar - spart Zeit und\u00a0<\/span><span class=\"Editor_t__added__LtuNJ\">Energie<\/span><span class=\"Editor_t__not_edited__WuRP8\">. <\/span><\/li>\n<li><span class=\"Editor_t__not_edited__WuRP8\"><strong>Vielseitiger Einsatz<\/strong>:\u00a0<\/span><span class=\"Editor_t__added__LtuNJ\">Nicht<\/span><span class=\"Editor_t__not_edited__WuRP8\">\u00a0<\/span><span class=\"Editor_t__not_edited__WuRP8\">nur f\u00fcr\u00a0<\/span><span class=\"Editor_t__added__LtuNJ\">Camping<\/span><span class=\"Editor_t__not_edited__WuRP8\">\u00a0<\/span><span class=\"Editor_t__added__LtuNJ\">im Freien<\/span><span class=\"Editor_t__not_edited__WuRP8\">\u00a0- dies\u00a0<\/span><span class=\"Editor_t__added__LtuNJ\">Gro\u00dfhandel\u00a0<\/span><span class=\"Editor_t__not_edited__WuRP8\">Camping-Kochgeschirr-Set\u00a0<\/span><span class=\"Editor_t__not_edited__WuRP8\">ist auch\u00a0<\/span><span class=\"Editor_t__added__LtuNJ\">geeignet<\/span><span class=\"Editor_t__not_edited__WuRP8\">\u00a0f\u00fcr\u00a0<\/span><span class=\"Editor_t__added__LtuNJ\">allgemein<\/span><span class=\"Editor_t__not_edited__WuRP8\">\u00a0Verwendung in der K\u00fcche. <\/span><\/li>\n<li><strong><span class=\"Editor_t__added__LtuNJ\">Widerstandsf\u00e4higkeit gegen H<\/span><span class=\"Editor_t__not_edited__WuRP8\">hoch<\/span><span class=\"Editor_t__not_edited__WuRP8\"> H<\/span><span class=\"Editor_t__added__LtuNJ\">essen<\/span><\/strong><span class=\"Editor_t__not_edited__WuRP8\">:\u00a0<\/span><span class=\"Editor_t__added__LtuNJ\">Gemacht<\/span><span class=\"Editor_t__not_edited_long__JuNNx\">\u00a0intensive Hitze aushalten, ohne sich zu verformen oder zu besch\u00e4digen, und gew\u00e4hrleisten\u00a0<\/span><span class=\"Editor_t__added__LtuNJ\">einheitlich<\/span><span class=\"Editor_t__not_edited_long__JuNNx\">\u00a0Kochleistung im Freien. <\/span><\/li>\n<li><strong><span class=\"Editor_t__added__LtuNJ\">Platzsparend<\/span><\/strong><span class=\"Editor_t__not_edited__WuRP8\"><strong> Lagerung<\/strong>: Alle\u00a0<\/span><span class=\"Editor_t__added__LtuNJ\">St\u00fccke<\/span><span class=\"Editor_t__not_edited__WuRP8\">\u00a0kann sein\u00a0<\/span><span class=\"Editor_t__not_edited__WuRP8\">zusammen gespeichert\u00a0<\/span><span class=\"Editor_t__added__LtuNJ\">auf platzsparende Weise\u00a0<\/span><span class=\"Editor_t__not_edited__WuRP8\">um Platz zu sparen.\u00a0<\/span><span class=\"Editor_t__added__LtuNJ\">Geeignet<\/span><span class=\"Editor_t__not_edited_long__JuNNx\">\u00a0f\u00fcr Camping und Outdoor-Veranstaltungen. <\/span><\/li>\n<li><strong><span class=\"Editor_t__not_edited_long__JuNNx\">OEM\/ODM S<\/span><span class=\"Editor_t__added__LtuNJ\">ervice<\/span><\/strong><span class=\"Editor_t__not_edited_long__JuNNx\">: Wir bieten vollst\u00e4ndig anpassbare L\u00f6sungen f\u00fcr Kochutensilien aus Edelstahl f\u00fcr\u00a0<\/span><span class=\"Editor_t__added__LtuNJ\">Anzug<\/span><span class=\"Editor_t__not_edited__WuRP8\">\u00a0Ihre Marke braucht.<\/span><\/li>\n<\/ul>","protected":false},"featured_media":5734,"comment_status":"closed","ping_status":"closed","template":"","meta":{"_acf_changed":false},"product_brand":[],"product_cat":[54],"product_tag":[],"class_list":{"0":"post-4892","1":"product","2":"type-product","3":"status-publish","4":"has-post-thumbnail","6":"product_cat-camping-cookware-wholesale","8":"first","9":"instock","10":"shipping-taxable","11":"product-type-simple"},"acf":[],"_links":{"self":[{"href":"https:\/\/www.chancescook.com\/de\/wp-json\/wp\/v2\/product\/4892","targetHints":{"allow":["GET"]}}],"collection":[{"href":"https:\/\/www.chancescook.com\/de\/wp-json\/wp\/v2\/product"}],"about":[{"href":"https:\/\/www.chancescook.com\/de\/wp-json\/wp\/v2\/types\/product"}],"replies":[{"embeddable":true,"href":"https:\/\/www.chancescook.com\/de\/wp-json\/wp\/v2\/comments?post=4892"}],"wp:featuredmedia":[{"embeddable":true,"href":"https:\/\/www.chancescook.com\/de\/wp-json\/wp\/v2\/media\/5734"}],"wp:attachment":[{"href":"https:\/\/www.chancescook.com\/de\/wp-json\/wp\/v2\/media?parent=4892"}],"wp:term":[{"taxonomy":"product_brand","embeddable":true,"href":"https:\/\/www.chancescook.com\/de\/wp-json\/wp\/v2\/product_brand?post=4892"},{"taxonomy":"product_cat","embeddable":true,"href":"https:\/\/www.chancescook.com\/de\/wp-json\/wp\/v2\/product_cat?post=4892"},{"taxonomy":"product_tag","embeddable":true,"href":"https:\/\/www.chancescook.com\/de\/wp-json\/wp\/v2\/product_tag?post=4892"}],"curies":[{"name":"wp","href":"https:\/\/api.w.org\/{rel}","templated":true}]}}