{"id":5130,"date":"2025-07-07T16:31:49","date_gmt":"2025-07-07T16:31:49","guid":{"rendered":"https:\/\/www.chancescook.com\/?post_type=product&#038;p=5130"},"modified":"2025-12-20T08:43:53","modified_gmt":"2025-12-20T08:43:53","slug":"custom-camping-cups-stainless-steel","status":"publish","type":"product","link":"https:\/\/www.chancescook.com\/de\/produkt\/custom-camping-cups-stainless-steel\/","title":{"rendered":"Custom Camping Tassen Edelstahl 304 mit klappbarem Griff Gro\u00dfh\u00e4ndler"},"content":{"rendered":"<div class=\"wp-block-columns is-layout-flex wp-container-core-columns-is-layout-9d6595d7 wp-block-columns-is-layout-flex\">\n<div class=\"wp-block-column is-layout-flow wp-block-column-is-layout-flow\">\n<h2 class=\"wp-block-heading\">Parameter von Campingbechern aus Edelstahl<\/h2>\n\n\n\n<ul class=\"wp-block-list\">\n<li>Art:<strong><a href=\"https:\/\/www.chancescook.com\/de\/produkt-kategorie\/camping-cookware-wholesale\/\">Camping K\u00fcche Essentials<\/a><\/strong><\/li>\n\n\n\n<li>Material: 201\/304 Edelstahl<\/li>\n\n\n\n<li>Fassungsverm\u00f6gen: 300 ml<\/li>\n\n\n\n<li>Logo: Lasergravur<\/li>\n\n\n\n<li>Anwendung: Camping Kochen<\/li>\n\n\n\n<li>MOQ: 1000 St\u00fcck<\/li>\n<\/ul>\n<\/div>\n\n\n\n<div class=\"wp-block-column is-layout-flow wp-block-column-is-layout-flow\">\n<h2 class=\"wp-block-heading\">Optionen f\u00fcr individuelle Campingbecher<\/h2>\n\n\n\n<ul class=\"wp-block-list\">\n<li>Logo: Passen Sie Ihr Markenlogo an<\/li>\n\n\n\n<li>Material: Edelstahl SUS304\/SUS201<\/li>\n\n\n\n<li>Deckelmaterial: Stil \/ Material<\/li>\n\n\n\n<li>Material des Griffs: Stil\/Material<\/li>\n\n\n\n<li>Behandlung der Kontaktfl\u00e4che: Unbeschichtet\/Antihaftbeschichtung<\/li>\n\n\n\n<li>Verpackung: Farbkasten\/Karton, etc.<\/li>\n\n\n\n<li><strong><a href=\"https:\/\/www.chancescook.com\/de\/custom-cookware\/\">OEM &amp; ODM Custom Edelstahl Camping Cup L\u00f6sungen<\/a><\/strong><\/li>\n<\/ul>\n<\/div>\n<\/div>\n\n\n\n<div class=\"wp-block-columns is-layout-flex wp-container-core-columns-is-layout-9d6595d7 wp-block-columns-is-layout-flex\">\n<div class=\"wp-block-column is-layout-flow wp-block-column-is-layout-flow\">\n<figure class=\"wp-block-image size-full\"><img decoding=\"async\" width=\"748\" height=\"748\" src=\"https:\/\/www.chancescook.com\/wp-content\/uploads\/2025\/07\/Custom-Camping-Cups-Stainless-Steel-1-edited.webp\" alt=\"Individuell gestaltete Campingbecher aus Edelstahl (1)\" class=\"wp-image-5134\" srcset=\"https:\/\/www.chancescook.com\/wp-content\/uploads\/2025\/07\/Custom-Camping-Cups-Stainless-Steel-1-edited.webp 748w, https:\/\/www.chancescook.com\/wp-content\/uploads\/2025\/07\/Custom-Camping-Cups-Stainless-Steel-1-edited-300x300.webp 300w, https:\/\/www.chancescook.com\/wp-content\/uploads\/2025\/07\/Custom-Camping-Cups-Stainless-Steel-1-edited-150x150.webp 150w, https:\/\/www.chancescook.com\/wp-content\/uploads\/2025\/07\/Custom-Camping-Cups-Stainless-Steel-1-edited-12x12.webp 12w, https:\/\/www.chancescook.com\/wp-content\/uploads\/2025\/07\/Custom-Camping-Cups-Stainless-Steel-1-edited-285x285.webp 285w, https:\/\/www.chancescook.com\/wp-content\/uploads\/2025\/07\/Custom-Camping-Cups-Stainless-Steel-1-edited-270x270.webp 270w, https:\/\/www.chancescook.com\/wp-content\/uploads\/2025\/07\/Custom-Camping-Cups-Stainless-Steel-1-edited-540x540.webp 540w, https:\/\/www.chancescook.com\/wp-content\/uploads\/2025\/07\/Custom-Camping-Cups-Stainless-Steel-1-edited-660x660.webp 660w\" sizes=\"(max-width: 748px) 100vw, 748px\" \/><\/figure>\n<\/div>\n\n\n\n<div class=\"wp-block-column is-layout-flow wp-block-column-is-layout-flow\">\n<figure class=\"wp-block-image size-full\"><img decoding=\"async\" width=\"747\" height=\"747\" src=\"https:\/\/www.chancescook.com\/wp-content\/uploads\/2025\/07\/Custom-Camping-Cups-Stainless-Steel-3-edited.webp\" alt=\"Individuell gestaltete Campingbecher aus Edelstahl (3)\" class=\"wp-image-5135\" srcset=\"https:\/\/www.chancescook.com\/wp-content\/uploads\/2025\/07\/Custom-Camping-Cups-Stainless-Steel-3-edited.webp 747w, https:\/\/www.chancescook.com\/wp-content\/uploads\/2025\/07\/Custom-Camping-Cups-Stainless-Steel-3-edited-300x300.webp 300w, https:\/\/www.chancescook.com\/wp-content\/uploads\/2025\/07\/Custom-Camping-Cups-Stainless-Steel-3-edited-150x150.webp 150w, https:\/\/www.chancescook.com\/wp-content\/uploads\/2025\/07\/Custom-Camping-Cups-Stainless-Steel-3-edited-12x12.webp 12w, https:\/\/www.chancescook.com\/wp-content\/uploads\/2025\/07\/Custom-Camping-Cups-Stainless-Steel-3-edited-285x285.webp 285w, https:\/\/www.chancescook.com\/wp-content\/uploads\/2025\/07\/Custom-Camping-Cups-Stainless-Steel-3-edited-270x270.webp 270w, https:\/\/www.chancescook.com\/wp-content\/uploads\/2025\/07\/Custom-Camping-Cups-Stainless-Steel-3-edited-540x540.webp 540w, https:\/\/www.chancescook.com\/wp-content\/uploads\/2025\/07\/Custom-Camping-Cups-Stainless-Steel-3-edited-660x660.webp 660w\" sizes=\"(max-width: 747px) 100vw, 747px\" \/><\/figure>\n<\/div>\n<\/div>\n\n\n\n<p><strong>Wenden Sie sich an einen professionellen Gro\u00dfh\u00e4ndler f\u00fcr Campingbecher aus Edelstahl, um Produktangebote zu erhalten und Ihre Outdoor-Wasserbecher-Serie individuell zu gestalten!<\/strong><\/p>\n\n\n\n<p><\/p>","protected":false},"excerpt":{"rendered":"<p>Wir sind ein professioneller Gro\u00dfh\u00e4ndler f\u00fcr Campingbecher aus Edelstahl und bieten seit langem hochwertige Wasserbecher aus Edelstahl f\u00fcr Hotelbedarf, Catering-Unternehmen und Gro\u00dfh\u00e4ndler f\u00fcr Outdoor-Ausr\u00fcstung an. Dieses Produkt unterst\u00fctzt die OEM\/ODM-Anpassung und eignet sich f\u00fcr Kunden mit individuellen Markenanforderungen, die exklusive, ma\u00dfgeschneiderte Campingbecher erstellen m\u00f6chten. Wir freuen uns auf Ihre Anfrage!<\/p>\n<h3>Vorteile von Campingbechern aus Edelstahl 304<\/h3>\n<ol>\n<li><strong>Edelstahl 304<\/strong>: Hergestellt aus Edelstahl 304, verf\u00fcgt es \u00fcber eine ausgezeichnete Korrosionsbest\u00e4ndigkeit und Langlebigkeit. Es ist die ideale Wahl f\u00fcr Trinkwasser im Freien und eines der meistverkauften Produkte des Gro\u00dfh\u00e4ndlers f\u00fcr Campingbecher aus Edelstahl.<\/li>\n<li><strong>Lebensmitteltauglicher, verdickter Edelstahl<\/strong>: Durch die Verwendung von verdicktem Material in Lebensmittelqualit\u00e4t ist es sicher und hygienisch, robust und langlebig. Auch nach langem Gebrauch entstehen keine Ger\u00fcche oder sch\u00e4dlichen Substanzen. Es eignet sich f\u00fcr die Entwicklung hochwertiger Produktlinien f\u00fcr individuelle Campingbecher.<\/li>\n<li><strong>Nicht leicht zu verformen<\/strong>Es verf\u00fcgt \u00fcber eine gute Stabilit\u00e4t und Druckfestigkeit, verformt sich nicht leicht unter hohen Temperaturen oder \u00e4u\u00dferen Krafteinwirkungen, beh\u00e4lt die Form und Funktion des Becherk\u00f6rpers bei und ist ein zuverl\u00e4ssiges Ger\u00e4t f\u00fcr den stabilen Einsatz im Au\u00dfenbereich.<\/li>\n<li><strong>Hochwertige Handwerkskunst<\/strong>: Hochwertiges Material, exquisite Verarbeitung, ansprechendes Design, kombiniert Langlebigkeit und optische \u00c4sthetik, geeignet f\u00fcr Gro\u00dfhandelskunden von Edelstahl-Campingbechern zur Erschlie\u00dfung des mittleren bis oberen Marktsegments.<\/li>\n<li><strong>Leicht zu reinigen<\/strong>Die Oberfl\u00e4che des Bechers ist glatt, leicht zu reinigen, praktisch und schnell zu s\u00e4ubern und h\u00e4lt das Trinkwasser hygienisch. Er eignet sich f\u00fcr Camping, Hotels, Buffets und andere Anl\u00e4sse. Besonders geeignet f\u00fcr individuelle Campingbecher mit personalisiertem LOGO.<\/li>\n<\/ol>\n<h3>Von Camping Kitchen Essentials Hersteller:<\/h3>\n<p>Direkte Lieferung zum Fabrikpreis, was Gro\u00dfhandelskunden hilft, h\u00f6here Gewinnspannen zu erzielen. Es kann Kunden mit Eigenmarken und Verpackungsanpassungen versorgen, exklusive Marken-Campingbecher kreieren und die Anerkennung und Wettbewerbsf\u00e4higkeit der Produkte auf dem Markt verbessern.<\/p>","protected":false},"featured_media":5738,"comment_status":"closed","ping_status":"closed","template":"","meta":{"_acf_changed":false},"product_brand":[],"product_cat":[54],"product_tag":[],"class_list":{"0":"post-5130","1":"product","2":"type-product","3":"status-publish","4":"has-post-thumbnail","6":"product_cat-camping-cookware-wholesale","8":"first","9":"instock","10":"shipping-taxable","11":"product-type-simple"},"acf":[],"_links":{"self":[{"href":"https:\/\/www.chancescook.com\/de\/wp-json\/wp\/v2\/product\/5130","targetHints":{"allow":["GET"]}}],"collection":[{"href":"https:\/\/www.chancescook.com\/de\/wp-json\/wp\/v2\/product"}],"about":[{"href":"https:\/\/www.chancescook.com\/de\/wp-json\/wp\/v2\/types\/product"}],"replies":[{"embeddable":true,"href":"https:\/\/www.chancescook.com\/de\/wp-json\/wp\/v2\/comments?post=5130"}],"wp:featuredmedia":[{"embeddable":true,"href":"https:\/\/www.chancescook.com\/de\/wp-json\/wp\/v2\/media\/5738"}],"wp:attachment":[{"href":"https:\/\/www.chancescook.com\/de\/wp-json\/wp\/v2\/media?parent=5130"}],"wp:term":[{"taxonomy":"product_brand","embeddable":true,"href":"https:\/\/www.chancescook.com\/de\/wp-json\/wp\/v2\/product_brand?post=5130"},{"taxonomy":"product_cat","embeddable":true,"href":"https:\/\/www.chancescook.com\/de\/wp-json\/wp\/v2\/product_cat?post=5130"},{"taxonomy":"product_tag","embeddable":true,"href":"https:\/\/www.chancescook.com\/de\/wp-json\/wp\/v2\/product_tag?post=5130"}],"curies":[{"name":"wp","href":"https:\/\/api.w.org\/{rel}","templated":true}]}}