{"id":5140,"date":"2025-07-07T17:57:06","date_gmt":"2025-07-07T17:57:06","guid":{"rendered":"https:\/\/www.chancescook.com\/?post_type=product&#038;p=5140"},"modified":"2025-12-22T10:32:59","modified_gmt":"2025-12-22T10:32:59","slug":"stainless-steel-camping-cookware-wholesale","status":"publish","type":"product","link":"https:\/\/www.chancescook.com\/de\/produkt\/stainless-steel-camping-cookware-wholesale\/","title":{"rendered":"Edelstahl Camping Kochgeschirr Gro\u00dfhandel Portable Kochutensilien Lieferant"},"content":{"rendered":"<div class=\"wp-block-columns is-layout-flex wp-container-core-columns-is-layout-9d6595d7 wp-block-columns-is-layout-flex\">\n<div class=\"wp-block-column is-layout-flow wp-block-column-is-layout-flow\">\n<h2 class=\"wp-block-heading\">Parameter von Camping-Kochgeschirr aus Edelstahl<\/h2>\n\n\n\n<ul class=\"wp-block-list\">\n<li>Art:<strong><a href=\"https:\/\/www.chancescook.com\/de\/produkt-kategorie\/camping-cookware-wholesale\/\">Camping K\u00fcche Essentials<\/a><\/strong><\/li>\n\n\n\n<li><strong>Normale Dicke<\/strong>: 0,5 mm<\/li>\n\n\n\n<li><strong>Gr\u00f6\u00dfe<\/strong>: 20cm \/ 24cm<\/li>\n\n\n\n<li><strong>Kapazit\u00e4t:<\/strong> 2.0-4.0L<\/li>\n\n\n\n<li><strong>Logo<\/strong>: Lasergravur<\/li>\n\n\n\n<li><strong>MOQ<\/strong>: 1000 St\u00fcck<\/li>\n<\/ul>\n\n\n\n<h2 class=\"wp-block-heading\">Kundenspezifische Camping-Kochgeschirr-Optionen<\/h2>\n\n\n\n<ul class=\"wp-block-list\">\n<li><strong>Logo: <\/strong>Passen Sie Ihr Markenlogo an<\/li>\n\n\n\n<li><strong>Material<\/strong>: Rostfreier Stahl SUS304\/SUS201<\/li>\n\n\n\n<li><strong>Dicke des Materials<\/strong>: 0,5 mm<\/li>\n\n\n\n<li><strong>Material des Deckels<\/strong>: Stil \/ Material<\/li>\n\n\n\n<li><strong>Material des Griffs<\/strong>: Stil\/Material<\/li>\n\n\n\n<li><strong>Behandlung der Kontaktfl\u00e4che<\/strong>: Unbeschichtet \/ Antihaftbeschichtung<\/li>\n\n\n\n<li><strong>Verpackung<\/strong>: Farbige Schachtel\/Karton, etc.<\/li>\n\n\n\n<li><strong><a href=\"https:\/\/www.chancescook.com\/de\/custom-cookware\/\">OEM &amp; ODM Custom Edelstahl Camping Cup L\u00f6sungen<\/a><\/strong><\/li>\n<\/ul>\n<\/div>\n\n\n\n<div class=\"wp-block-column is-layout-flow wp-block-column-is-layout-flow\">\n<figure class=\"wp-block-image size-full\"><img decoding=\"async\" width=\"800\" height=\"800\" src=\"https:\/\/www.chancescook.com\/wp-content\/uploads\/2025\/07\/Stainless-Steel-Camping-Cookware-Wholesale_1.webp\" alt=\"Camping-Kochgeschirr aus Edelstahl Gro\u00dfhandel_1\" class=\"wp-image-5142\" srcset=\"https:\/\/www.chancescook.com\/wp-content\/uploads\/2025\/07\/Stainless-Steel-Camping-Cookware-Wholesale_1.webp 800w, https:\/\/www.chancescook.com\/wp-content\/uploads\/2025\/07\/Stainless-Steel-Camping-Cookware-Wholesale_1-300x300.webp 300w, https:\/\/www.chancescook.com\/wp-content\/uploads\/2025\/07\/Stainless-Steel-Camping-Cookware-Wholesale_1-150x150.webp 150w, https:\/\/www.chancescook.com\/wp-content\/uploads\/2025\/07\/Stainless-Steel-Camping-Cookware-Wholesale_1-768x768.webp 768w, https:\/\/www.chancescook.com\/wp-content\/uploads\/2025\/07\/Stainless-Steel-Camping-Cookware-Wholesale_1-12x12.webp 12w, https:\/\/www.chancescook.com\/wp-content\/uploads\/2025\/07\/Stainless-Steel-Camping-Cookware-Wholesale_1-285x285.webp 285w, https:\/\/www.chancescook.com\/wp-content\/uploads\/2025\/07\/Stainless-Steel-Camping-Cookware-Wholesale_1-270x270.webp 270w, https:\/\/www.chancescook.com\/wp-content\/uploads\/2025\/07\/Stainless-Steel-Camping-Cookware-Wholesale_1-540x540.webp 540w, https:\/\/www.chancescook.com\/wp-content\/uploads\/2025\/07\/Stainless-Steel-Camping-Cookware-Wholesale_1-660x660.webp 660w\" sizes=\"(max-width: 800px) 100vw, 800px\" \/><\/figure>\n<\/div>\n<\/div>\n\n\n\n<p><\/p>","protected":false},"excerpt":{"rendered":"<p>Wir sind ein professioneller Anbieter von Edelstahl-Camping-Kochgeschirr und bieten hochwertiges Gro\u00dfhandels-Camping-Kochgeschirr, das OEM\/ODM-Anpassung unterst\u00fctzt, geeignet f\u00fcr Camping, Picknick, Wandern und andere Szenen, langlebig und leicht zu reinigen. Kontaktieren Sie uns jetzt, um ein Musterangebot zu erhalten!<\/p>\n<h3>Edelstahl-Camping-Kochgeschirr Merkmale und Vorteile<\/h3>\n<ol>\n<li><strong>Hochwertiger Edelstahl 304<\/strong>: Hergestellt aus lebensmittelechtem Edelstahl 304, ist es resistent gegen hohe Temperaturen, Rost und Korrosion, was eine langfristige Stabilit\u00e4t gew\u00e4hrleistet und f\u00fcr verschiedene Outdoor-Umgebungen geeignet ist. Es wird von Gro\u00dfabnehmern von Camping-Kochgeschirr bevorzugt.<\/li>\n<li><strong>Tragbares Design<\/strong>: Jedes Werkzeug ist leicht und wird mit einer tragbaren Aufbewahrungstasche geliefert, die bequem zu verstauen und zu transportieren ist. Es ist geeignet f\u00fcr Outdoor-Aktivit\u00e4ten wie Camping, Picknick und Bergsteigen. Empfohlen von professionellen Anbietern von Camping-Kochgeschirr aus Edelstahl.<\/li>\n<li><strong>Gesundheit und Sicherheit<\/strong>: Verwenden Sie lebensmittelechte Sicherheitsmaterialien, die keine sch\u00e4dlichen Stoffe enthalten, die Lebensmittelhygiene gew\u00e4hrleisten und bedenkenlos verwendet werden k\u00f6nnen.<\/li>\n<li><strong>Leicht zu reinigen<\/strong>: Das glatte Oberfl\u00e4chendesign verhindert effektiv Lebensmittelr\u00fcckst\u00e4nde, kann von Hand gewaschen oder in der Sp\u00fclmaschine gereinigt werden und spart so Zeit und Arbeitskraft bei der Reinigung.<\/li>\n<li><strong>Vielseitiger Einsatz<\/strong>: Nicht nur geeignet f\u00fcr Outdoor-Kochen, sondern auch geeignet f\u00fcr die K\u00fcche zu Hause, ist es sehr praktisch und geeignet f\u00fcr die Massenanpassung von Gro\u00dfhandel Camping Kochgeschirr.<\/li>\n<li><strong>Kompakte Lagerung<\/strong>: Mehrere Sets k\u00f6nnen platzsparend aufbewahrt werden, sind leicht zu transportieren und eignen sich besonders f\u00fcr den mobilen Einsatz im Freien.<\/li>\n<\/ol>","protected":false},"featured_media":5824,"comment_status":"closed","ping_status":"closed","template":"","meta":{"_acf_changed":false},"product_brand":[],"product_cat":[54],"product_tag":[],"class_list":{"0":"post-5140","1":"product","2":"type-product","3":"status-publish","4":"has-post-thumbnail","6":"product_cat-camping-cookware-wholesale","8":"first","9":"instock","10":"shipping-taxable","11":"product-type-simple"},"acf":[],"_links":{"self":[{"href":"https:\/\/www.chancescook.com\/de\/wp-json\/wp\/v2\/product\/5140","targetHints":{"allow":["GET"]}}],"collection":[{"href":"https:\/\/www.chancescook.com\/de\/wp-json\/wp\/v2\/product"}],"about":[{"href":"https:\/\/www.chancescook.com\/de\/wp-json\/wp\/v2\/types\/product"}],"replies":[{"embeddable":true,"href":"https:\/\/www.chancescook.com\/de\/wp-json\/wp\/v2\/comments?post=5140"}],"wp:featuredmedia":[{"embeddable":true,"href":"https:\/\/www.chancescook.com\/de\/wp-json\/wp\/v2\/media\/5824"}],"wp:attachment":[{"href":"https:\/\/www.chancescook.com\/de\/wp-json\/wp\/v2\/media?parent=5140"}],"wp:term":[{"taxonomy":"product_brand","embeddable":true,"href":"https:\/\/www.chancescook.com\/de\/wp-json\/wp\/v2\/product_brand?post=5140"},{"taxonomy":"product_cat","embeddable":true,"href":"https:\/\/www.chancescook.com\/de\/wp-json\/wp\/v2\/product_cat?post=5140"},{"taxonomy":"product_tag","embeddable":true,"href":"https:\/\/www.chancescook.com\/de\/wp-json\/wp\/v2\/product_tag?post=5140"}],"curies":[{"name":"wp","href":"https:\/\/api.w.org\/{rel}","templated":true}]}}