{"id":5143,"date":"2025-07-07T18:21:49","date_gmt":"2025-07-07T18:21:49","guid":{"rendered":"https:\/\/www.chancescook.com\/?post_type=product&#038;p=5143"},"modified":"2025-07-07T18:21:51","modified_gmt":"2025-07-07T18:21:51","slug":"wholesale-camping-pot","status":"publish","type":"product","link":"https:\/\/www.chancescook.com\/de\/produkt\/wholesale-camping-pot\/","title":{"rendered":"Gro\u00dfhandel Camping Topf Edelstahl Portable Kochgeschirr Set Hersteller"},"content":{"rendered":"<div class=\"wp-block-columns is-layout-flex wp-container-core-columns-is-layout-9d6595d7 wp-block-columns-is-layout-flex\">\n<div class=\"wp-block-column is-layout-flow wp-block-column-is-layout-flow\">\n<h2 class=\"wp-block-heading\">Parameter von Camping Pot<\/h2>\n\n\n\n<ul class=\"wp-block-list\">\n<li><strong>Normale Dicke<\/strong>: 0,5 mm<\/li>\n\n\n\n<li><strong>Gr\u00f6\u00dfe<\/strong>: 20cm \/ 24cm<\/li>\n\n\n\n<li><strong>Kapazit\u00e4t:<\/strong>\u00a02.0-4.0L<\/li>\n\n\n\n<li><strong>Farbe:<\/strong>\u00a0Farbe Silber<\/li>\n\n\n\n<li><strong>Logo<\/strong>: Lasergravur<\/li>\n\n\n\n<li><strong>MOQ<\/strong>: 1000 St\u00fcck<\/li>\n<\/ul>\n\n\n\n<h2 class=\"wp-block-heading\">Kundenspezifische Camping-Kochgeschirr-Optionen<\/h2>\n\n\n\n<ul class=\"wp-block-list\">\n<li><strong>Logo:\u00a0<\/strong>Passen Sie Ihr Markenlogo an<\/li>\n\n\n\n<li><strong>Material<\/strong>: Rostfreier Stahl SUS304\/SUS201<\/li>\n\n\n\n<li><strong>Dicke des Materials<\/strong>: 0,5 mm<\/li>\n\n\n\n<li><strong>Material des Deckels<\/strong>: Stil \/ Material<\/li>\n\n\n\n<li><strong>Material des Griffs<\/strong>: Stil\/Material<\/li>\n\n\n\n<li><strong>Oberfl\u00e4chenbehandlung:<\/strong>\u00a0Poliert oder mattiert<\/li>\n\n\n\n<li><strong>Behandlung der Kontaktfl\u00e4che<\/strong>: Unbeschichtet \/ Antihaftbeschichtung<\/li>\n\n\n\n<li><strong>Verpackung<\/strong>: Farbige Schachtel\/Karton, etc.<\/li>\n\n\n\n<li><strong><a href=\"https:\/\/www.chancescook.com\/de\/custom-cookware\/\">OEM &amp; ODM Custom Edelstahl Camping Topf L\u00f6sungen<\/a><\/strong><\/li>\n<\/ul>\n<\/div>\n\n\n\n<div class=\"wp-block-column is-layout-flow wp-block-column-is-layout-flow\">\n<figure class=\"wp-block-image size-full\"><img decoding=\"async\" width=\"1000\" height=\"1000\" src=\"https:\/\/www.chancescook.com\/wp-content\/uploads\/2025\/04\/Camping-Cookware-Set-Wholesale-3.webp\" alt=\"Camping Kochgeschirr Set Gro\u00dfhandel (3)\" class=\"wp-image-4895\" srcset=\"https:\/\/www.chancescook.com\/wp-content\/uploads\/2025\/04\/Camping-Cookware-Set-Wholesale-3.webp 1000w, https:\/\/www.chancescook.com\/wp-content\/uploads\/2025\/04\/Camping-Cookware-Set-Wholesale-3-300x300.webp 300w, https:\/\/www.chancescook.com\/wp-content\/uploads\/2025\/04\/Camping-Cookware-Set-Wholesale-3-150x150.webp 150w, https:\/\/www.chancescook.com\/wp-content\/uploads\/2025\/04\/Camping-Cookware-Set-Wholesale-3-768x768.webp 768w, https:\/\/www.chancescook.com\/wp-content\/uploads\/2025\/04\/Camping-Cookware-Set-Wholesale-3-12x12.webp 12w, https:\/\/www.chancescook.com\/wp-content\/uploads\/2025\/04\/Camping-Cookware-Set-Wholesale-3-285x285.webp 285w, https:\/\/www.chancescook.com\/wp-content\/uploads\/2025\/04\/Camping-Cookware-Set-Wholesale-3-270x270.webp 270w, https:\/\/www.chancescook.com\/wp-content\/uploads\/2025\/04\/Camping-Cookware-Set-Wholesale-3-540x540.webp 540w, https:\/\/www.chancescook.com\/wp-content\/uploads\/2025\/04\/Camping-Cookware-Set-Wholesale-3-660x660.webp 660w\" sizes=\"(max-width: 1000px) 100vw, 1000px\" \/><\/figure>\n<\/div>\n<\/div>\n\n\n\n<div class=\"wp-block-columns is-layout-flex wp-container-core-columns-is-layout-9d6595d7 wp-block-columns-is-layout-flex\">\n<div class=\"wp-block-column is-layout-flow wp-block-column-is-layout-flow\" style=\"flex-basis:50%\">\n<figure class=\"wp-block-image size-full\"><img decoding=\"async\" width=\"1000\" height=\"1000\" src=\"https:\/\/www.chancescook.com\/wp-content\/uploads\/2025\/04\/Camping-Cookware-Set-Wholesale-1.webp\" alt=\"Camping Kochgeschirr Set Gro\u00dfhandel (1)\" class=\"wp-image-4893\" srcset=\"https:\/\/www.chancescook.com\/wp-content\/uploads\/2025\/04\/Camping-Cookware-Set-Wholesale-1.webp 1000w, https:\/\/www.chancescook.com\/wp-content\/uploads\/2025\/04\/Camping-Cookware-Set-Wholesale-1-300x300.webp 300w, https:\/\/www.chancescook.com\/wp-content\/uploads\/2025\/04\/Camping-Cookware-Set-Wholesale-1-150x150.webp 150w, https:\/\/www.chancescook.com\/wp-content\/uploads\/2025\/04\/Camping-Cookware-Set-Wholesale-1-768x768.webp 768w, https:\/\/www.chancescook.com\/wp-content\/uploads\/2025\/04\/Camping-Cookware-Set-Wholesale-1-12x12.webp 12w, https:\/\/www.chancescook.com\/wp-content\/uploads\/2025\/04\/Camping-Cookware-Set-Wholesale-1-285x285.webp 285w, https:\/\/www.chancescook.com\/wp-content\/uploads\/2025\/04\/Camping-Cookware-Set-Wholesale-1-270x270.webp 270w, https:\/\/www.chancescook.com\/wp-content\/uploads\/2025\/04\/Camping-Cookware-Set-Wholesale-1-540x540.webp 540w, https:\/\/www.chancescook.com\/wp-content\/uploads\/2025\/04\/Camping-Cookware-Set-Wholesale-1-660x660.webp 660w\" sizes=\"(max-width: 1000px) 100vw, 1000px\" \/><figcaption class=\"wp-element-caption\">Kundenspezifischer Campingtopf<\/figcaption><\/figure>\n<\/div>\n\n\n\n<div class=\"wp-block-column is-layout-flow wp-block-column-is-layout-flow\" style=\"flex-basis:50%\">\n<figure class=\"wp-block-image size-full\"><img decoding=\"async\" width=\"600\" height=\"600\" src=\"https:\/\/www.chancescook.com\/wp-content\/uploads\/2025\/07\/Wholesale-Camping-Pot-Stainless-Steel.webp\" alt=\"Gro\u00dfhandel Camping Topf aus Edelstahl\" class=\"wp-image-5144\" srcset=\"https:\/\/www.chancescook.com\/wp-content\/uploads\/2025\/07\/Wholesale-Camping-Pot-Stainless-Steel.webp 600w, https:\/\/www.chancescook.com\/wp-content\/uploads\/2025\/07\/Wholesale-Camping-Pot-Stainless-Steel-300x300.webp 300w, https:\/\/www.chancescook.com\/wp-content\/uploads\/2025\/07\/Wholesale-Camping-Pot-Stainless-Steel-150x150.webp 150w, https:\/\/www.chancescook.com\/wp-content\/uploads\/2025\/07\/Wholesale-Camping-Pot-Stainless-Steel-12x12.webp 12w, https:\/\/www.chancescook.com\/wp-content\/uploads\/2025\/07\/Wholesale-Camping-Pot-Stainless-Steel-285x285.webp 285w, https:\/\/www.chancescook.com\/wp-content\/uploads\/2025\/07\/Wholesale-Camping-Pot-Stainless-Steel-270x270.webp 270w, https:\/\/www.chancescook.com\/wp-content\/uploads\/2025\/07\/Wholesale-Camping-Pot-Stainless-Steel-540x540.webp 540w\" sizes=\"(max-width: 600px) 100vw, 600px\" \/><figcaption class=\"wp-element-caption\">Gro\u00dfhandel Camping T\u00f6pfe und Pfannen<\/figcaption><\/figure>\n<\/div>\n<\/div>","protected":false},"excerpt":{"rendered":"<p>Als professioneller Hersteller von Edelstahl-Camping-Kochgeschirr bieten wir hochwertige Gro\u00dfhandels-Camping-T\u00f6pfe, die hitzebest\u00e4ndig, leicht zu reinigen und einfach zu tragen sind und sich f\u00fcr alle Arten von Outdoor-Aktivit\u00e4ten eignen. Kontaktieren Sie uns jetzt f\u00fcr Proben und Fabrik Angebote!<\/p>\n<h3>Camping Pot Eigenschaften und Vorteile<\/h3>\n<ol>\n<li><strong>304 Edelstahl Material<\/strong>: Hergestellt aus lebensmittelechtem Edelstahl 304, ist es korrosionsbest\u00e4ndig, rostbest\u00e4ndig, langlebig und anpassungsf\u00e4hig an eine Vielzahl von komplexen Umgebungen im Freien. Es ist die bevorzugte Gro\u00dfhandel Camping Topf Produkt von vielen K\u00e4ufern.<\/li>\n<li><strong>Leichtes und tragbares Design<\/strong>: Das ganze Set ist leicht und mit einer tragbaren Aufbewahrungstasche ausgestattet. Es ist geeignet f\u00fcr Wandern, Bergsteigen und Camping. Es ist eines der meistverkauften Modelle eines Herstellers von Campingkochgeschirr aus Edelstahl.<\/li>\n<li><strong>Gesunde und sichere Materialien<\/strong>: Es werden lebensmittelechte Materialien verwendet, die frei von BPA und sch\u00e4dlichen Inhaltsstoffen sind, um die Lebensmittelsicherheit zu gew\u00e4hrleisten.<\/li>\n<li><strong>Pflegeleichtes Design<\/strong>: Die Oberfl\u00e4che des Topfk\u00f6rpers und des Topfes ist glatt und hinterl\u00e4sst nicht so leicht Essensreste. Er kann mit der Hand und in der Sp\u00fclmaschine gereinigt werden und spart so Zeit bei der Reinigung nach dem Kochen im Freien.<\/li>\n<li><strong>Hohe Temperaturbest\u00e4ndigkeit und nicht leicht zu verformen<\/strong>: Es ist sehr hitzebest\u00e4ndig und beh\u00e4lt auch bei hohen Temperaturen eine stabile Struktur, was die Lebensdauer verl\u00e4ngert.<\/li>\n<li><strong>Multi-Szenario-Anwendung<\/strong>: Ob es sich um ein Picknick, Camping, oder Familie Standby, ist es sehr geeignet, vor allem f\u00fcr die Suche nach kosteng\u00fcnstigen Gro\u00dfhandel Camping Topf Gro\u00dfh\u00e4ndler und Customizer.<\/li>\n<\/ol>","protected":false},"featured_media":5145,"comment_status":"closed","ping_status":"closed","template":"","meta":{"_acf_changed":false},"product_brand":[],"product_cat":[54],"product_tag":[],"class_list":{"0":"post-5143","1":"product","2":"type-product","3":"status-publish","4":"has-post-thumbnail","6":"product_cat-camping-cookware-wholesale","8":"first","9":"instock","10":"shipping-taxable","11":"product-type-simple"},"acf":[],"_links":{"self":[{"href":"https:\/\/www.chancescook.com\/de\/wp-json\/wp\/v2\/product\/5143","targetHints":{"allow":["GET"]}}],"collection":[{"href":"https:\/\/www.chancescook.com\/de\/wp-json\/wp\/v2\/product"}],"about":[{"href":"https:\/\/www.chancescook.com\/de\/wp-json\/wp\/v2\/types\/product"}],"replies":[{"embeddable":true,"href":"https:\/\/www.chancescook.com\/de\/wp-json\/wp\/v2\/comments?post=5143"}],"wp:featuredmedia":[{"embeddable":true,"href":"https:\/\/www.chancescook.com\/de\/wp-json\/wp\/v2\/media\/5145"}],"wp:attachment":[{"href":"https:\/\/www.chancescook.com\/de\/wp-json\/wp\/v2\/media?parent=5143"}],"wp:term":[{"taxonomy":"product_brand","embeddable":true,"href":"https:\/\/www.chancescook.com\/de\/wp-json\/wp\/v2\/product_brand?post=5143"},{"taxonomy":"product_cat","embeddable":true,"href":"https:\/\/www.chancescook.com\/de\/wp-json\/wp\/v2\/product_cat?post=5143"},{"taxonomy":"product_tag","embeddable":true,"href":"https:\/\/www.chancescook.com\/de\/wp-json\/wp\/v2\/product_tag?post=5143"}],"curies":[{"name":"wp","href":"https:\/\/api.w.org\/{rel}","templated":true}]}}